{"id":17485,"date":"2020-09-13T17:40:46","date_gmt":"2020-09-13T16:40:46","guid":{"rendered":"https:\/\/neocatechumenaleiter.org\/paroles-de-papes\/st-jean-paul-ii\/homelie-de-la-vigile-de-pentecote-au-terme-de-la-mission-dans-la-ville-a-rome-22-mai-1999\/"},"modified":"2020-09-13T17:40:46","modified_gmt":"2020-09-13T16:40:46","slug":"homelie-de-la-vigile-de-pentecote-au-terme-de-la-mission-dans-la-ville-a-rome-22-mai-1999","status":"publish","type":"page","link":"https:\/\/neocatechumenaleiter.org\/fr\/paroles-de-papes\/st-jean-paul-ii\/homelie-de-la-vigile-de-pentecote-au-terme-de-la-mission-dans-la-ville-a-rome-22-mai-1999\/","title":{"rendered":"Hom\u00e9lie de la Vigile de Pentec\u00f4te au terme de la \u00ab\u00a0mission dans la ville\u00a0\u00bb \u00e0 Rome 22 mai 1999"},"content":{"rendered":"\n<h1 class=\"has-text-align-center wp-block-heading\">Hom\u00e9lie de la Vigile de Pentec\u00f4te au terme de la \u00ab\u00a0mission dans la ville\u00a0\u00bb \u00e0 Rome 22 mai 1999<\/h1>\n\n<div style=\"height:20px\" aria-hidden=\"true\" class=\"wp-block-spacer\"><\/div>\n\n<h4 class=\"has-text-align-center wp-block-heading\">Saint Jean-Paul II<\/h4>\n\n<div style=\"height:20px\" aria-hidden=\"true\" class=\"wp-block-spacer\"><\/div>\n\n<p><strong>Place Saint-Pierre, 22 mai 1999 *<\/strong><\/p>\n\n<p><em>\u00ab Rendons gr\u00e2ce \u00e0 Dieu pour cet \u00e9v\u00e9nement extraordinaire, qui a \u00e9t\u00e9 un acte d\u2019amour pour la Ville et pour chacun de ses habitants. La Mission dans la Ville a en effet favoris\u00e9 au sein des communaut\u00e9s chr\u00e9tiennes, un itin\u00e9raire d\u2019intense spiritualit\u00e9 nourri par la pri\u00e8re et par l\u2019\u00e9coute de la Parole de Dieu \u00bb. Avec ces paroles prononc\u00e9es dans l\u2019hom\u00e9lie de la C\u00e9l\u00e9bration Eucharistique de la Veill\u00e9e de Pentec\u00f4te samedi 22 mai apr\u00e8s-midi, Jean Paul II a r\u00e9sum\u00e9 le chemin accompli par l\u2019\u00c9glise de Rome du 8 d\u00e9cembre 1995 jusqu\u2019\u00e0 la solennit\u00e9 de la Pentec\u00f4te 1999. <\/em><br \/><br \/><em>Voici le texte de l\u2019hom\u00e9lie de Jean Paul II : <\/em><\/p>\n\n<p>1. \u00ab Ouvre la porte au Christ ton Sauveur \u00bb : cette invitation, qui a retenti haut et fort au cours  trois ann\u00e9es de pr\u00e9paration au Grand Jubil\u00e9, a caract\u00e9ris\u00e9 notre Mission dans la Ville. <br \/><br \/>&#013;\nNous rendons gr\u00e2ce \u00e0 Dieu pour cet extraordinaire \u00e9v\u00e9nement, qui a \u00e9t\u00e9 un acte d\u2019amour pour la Ville et pour chacun de ses habitants. En effet, la Mission dans la Ville a favoris\u00e9 au sein des communaut\u00e9s chr\u00e9tiennes un itin\u00e9raire d\u2019intense spiritualit\u00e9, nourri par la pri\u00e8re et par l\u2019\u00e9coute de la Parole de Dieu. <br \/><br \/>&#013;\nEn outre, elle a permis d\u2019accro\u00eetre la communion eccl\u00e9siale, que le Synode romain avait indiqu\u00e9e comme condition indispensable \u00e0 la nouvelle \u00e9vang\u00e9lisation. <br \/><br \/>&#013;\nLa communaut\u00e9 dioc\u00e9saine tout enti\u00e8re, dans ses divers minist\u00e8res, vocations et charismes, a \u0153uvr\u00e9 \u00e0 l\u2019unisson pour offrir sa contribution de pri\u00e8re, d\u2019annonce, de t\u00e9moignage et de service. Nous avons fait ensemble l\u2019exp\u00e9rience d\u2019\u00eatre \u00ab le peuple de Dieu en mission \u00bb. <br \/><br \/>&#013;\nJe sens de mon devoir de remercier ceux qui ont pris part, de diverses fa\u00e7ons, \u00e0 cette importante initiative pastorale. Tout d\u2019abord vous, Monsieur le Cardinal-Vicaire, qui avez guid\u00e9 avec z\u00e8le la mission, en \u00e9troite collaboration avec les \u00c9v\u00eaques Auxiliaires, que je salue cordialement. Je voudrais ici rappeler les autres pr\u00e9lats qui ont offert une pr\u00e9cieuse coop\u00e9ration et, parmi eux, le regrett\u00e9 Monseigneur Clemente Riva.  <br \/><br \/>&#013;\nJe pense \u00e0 vous avec gratitude, chers missionnaires, pr\u00eatres, religieux, religieuses et surtout la\u00efcs, qui avez b\u00e9n\u00e9fici\u00e9 les premiers de la gr\u00e2ce de la Mission. Le g\u00e9n\u00e9reux engagement avec lequel vous vous \u00eates pr\u00e9par\u00e9s et avez apport\u00e9 l\u2019\u00c9vangile dans les maisons et dans les divers milieux urbains, a ouvert de nouvelles voies d\u2019\u00e9vang\u00e9lisation et de pr\u00e9sence chr\u00e9tienne dans le tissu quotidien de la vie de notre peuple. L\u2019Esprit Saint vous a guid\u00e9s pas \u00e0 pas, il vous a inspir\u00e9 les paroles justes pour annoncer le Christ et vous a soutenus dans les in\u00e9vitables moments de difficult\u00e9.   &#013;\nNous rendons gr\u00e2ce au Seigneur pour ce qu\u2019Il a accompli, en montrant en toute circonstance les signes de sa mis\u00e9ricorde et de son amour. Le grand Jubil\u00e9, d\u00e9sormais imminent, nous invite \u00e0 poursuivre cet effort missionnaire avec le m\u00eame \u00e9lan, pour consolider et multiplier les r\u00e9sultats obtenus par la Mission. Nous pourrons, de cette fa\u00e7on, montrer aux nombreux p\u00e8lerins qui viendront \u00e0 Rome l\u2019ann\u00e9e prochaine, le visage de notre \u00c9glise accueillante et ouverte, renouvel\u00e9e dans la foi et riche d\u2019\u0153uvres de charit\u00e9. &#013;\n<\/p>\n\n<p>2. Pour que cela soit possible, il est n\u00e9cessaire que l\u2019\u0153uvre missionnaire, si bien commenc\u00e9e, soit consolid\u00e9e et d\u00e9velopp\u00e9e. Il y a lieu de continuer \u00e0 soutenir les personnes et les familles qui ont d\u00e9j\u00e0 \u00e9t\u00e9 contact\u00e9es chez elles et sur leur lieu de travail, ainsi que rejoindre ceux qui, pour diff\u00e9rentes raisons, n\u2019ont pas \u00e9t\u00e9 contact\u00e9s au cours de ces ann\u00e9es.  <br \/><br \/>&#013;\nLa visite annuelle aux familles et les centres d\u2019\u00e9coute de l\u2019\u00c9vangile, qui doivent \u00eatre \u00e9tendus de fa\u00e7on ramifi\u00e9e, doivent donc \u00eatre l\u2019\u00e2me de la pastorale des paroisses, gr\u00e2ce \u00e0 la collaboration des associations eccl\u00e9siales, des mouvements et des groupes. Que la c\u00e9l\u00e9bration de la Parole de Dieu rythme le chemin de foi des communaut\u00e9s paroissiales, en particulier lors des temps forts de l\u2019ann\u00e9e liturgique. Que le signe de la charit\u00e9 envers les pauvres et les personnes qui souffrent accompagne l\u2019annonce du Seigneur, en montrant sa pr\u00e9sence vivante, \u00e0 travers le t\u00e9moignage quotidien de l\u2019amour fraternel. <br \/><br \/>&#013;\nIl faut consolider la communion entre les chr\u00e9tiens qui \u0153uvrent dans les milieux de travail et d\u2019\u00e9tude, dans les centres de sant\u00e9 et lieux de divertissements, o\u00f9 ont \u00e9t\u00e9 mises en \u0153uvre des propositions concr\u00e8tes de l\u2019\u00c9vangile. Le germe de la nouveaut\u00e9 \u00e9vang\u00e9lique, sem\u00e9 par la Mission, doit cro\u00eetre et fructifier partout, m\u00eame l\u00e0 o\u00f9 il n\u2019a pas \u00e9t\u00e9 possible de promouvoir des initiatives missionnaires appropri\u00e9es. Dans ce but, notre t\u00e9moignage devient plus urgent. En effet, aucune r\u00e9alit\u00e9 n\u2019est imp\u00e9n\u00e9trable \u00e0 l\u2019\u00c9vangile ; au contraire, le Christ ressuscit\u00e9 y est d\u00e9j\u00e0 myst\u00e9rieusement pr\u00e9sent, \u00e0 travers son Saint Esprit. &#013;\n<\/p>\n\n<p>3. Un entreprise apostolique aussi vaste requiert une \u0153uvre de formation et de cat\u00e9ch\u00e8se adress\u00e9e \u00e0 tout le peuple de Dieu, afin qu\u2019il prenne une plus vive conscience de sa vocation missionnaire et soit pr\u00e9par\u00e9 \u00e0 rendre raison  de sa foi dans le Christ, toujours et partout.  <br \/><br \/>&#013;\nC\u2019est la t\u00e2che des paroisses, des communaut\u00e9s religieuses, des associations, des mouvements et des groupes d\u2019avoir soin de cette formation, en mettant en place des itin\u00e9raires de foi, de pri\u00e8re et d\u2019exp\u00e9rience chr\u00e9tienne riches de contenu th\u00e9ologique, spirituel et culturel. <br \/><br \/>&#013;\nChers pr\u00eatres, c\u2019est \u00e0 vous les premiers qu\u2019est confi\u00e9e cette t\u00e2che : soyez des guides sages et des ma\u00eetres de la foi attentifs dans vos communaut\u00e9s.  <br \/><br \/>&#013;\nChers religieux et religieuses, vous qui avez tant contribu\u00e9 \u00e0 la Mission, devez continuer \u00e0 la soutenir avec votre pri\u00e8re, avec la saintet\u00e9 de vie et par les charismes qui vous sont propres, dans les multiples domaines apostoliques dans lesquels vous \u00eates engag\u00e9s. <br \/><br \/>&#013;\nChers la\u00efcs, vous \u00eates appel\u00e9s \u00e0 donner vie \u00e0 un grand mouvement missionnaire permanent dans la Ville et dans chacun de ses milieux. Au sein des familles, ainsi que dans le vaste et complexe monde du travail et de la culture, \u00e0 l\u2019\u00e9cole et \u00e0 l\u2019universit\u00e9, dans les \u00e9tablissements de sant\u00e9, dans les mass-m\u00e9dias et dans les loisirs faites en sorte que votre contribution ne manque jamais, afin que l\u2019annonce de l\u2019\u00c9vangile soit susceptible d\u2019influencer toute la soci\u00e9t\u00e9. &#013;\nEt comment oublier la contribution \u00e0 la Mission dans la Ville que les malades ont offerte et sont appel\u00e9s \u00e0 renouveler par l\u2019offrande de leur propre souffrance, et les religieuses de cl\u00f4ture par leur pri\u00e8re constante ? <br \/><br \/>&#013;\nJ\u2019adresse \u00e0 tous et \u00e0 chacun ma reconnaissance pour cette aide spirituelle tr\u00e8s importante.&#013;\n<\/p>\n\n<p>4. En consid\u00e9rant ces trois ann\u00e9es de la Mission dans la Ville, on se rend facilement compte que la Parole de Dieu a largement \u00e9t\u00e9 sem\u00e9e.  Pour que cette semence divine ne soit pas perdue, mais s\u2019enracine solidement et porte des fruits dans la vie et dans la pastorale quotidienne, il faudra favoriser une r\u00e9flexion sp\u00e9cifique qui, en interpellant toutes les composantes eccl\u00e9siales, d\u00e9bouche sur un Congr\u00e8s sp\u00e9cial. Je pense \u00e0 une grande rencontre, qui servira \u00e0 tracer, sur les bases de l\u2019exp\u00e9rience de la Mission dans la Ville, les lignes directrices d\u2019un engagement permanent d\u2019\u00e9vang\u00e9lisation et de mission. <br \/><br \/>&#013;\n\u00catre une \u00c9glise en mission : voil\u00e0 le grand d\u00e9fi des ann\u00e9es \u00e0 venir pour Rome et pour le monde entier. Je vous remets cette consignes, chers pr\u00eatres, religieux et religieuses, la\u00efcs et, de fa\u00e7on particuli\u00e8re, \u00e0 vous mouvements et communaut\u00e9s nouvelles, en rappelant la rencontre d\u2019il y a un an lors de la veill\u00e9e de Pentec\u00f4te, sur cette m\u00eame place. Il est n\u00e9cessaire de s\u2019ouvrir avec docilit\u00e9 \u00e0 l\u2019action de l\u2019Esprit, en accueillant avec gratitude et ob\u00e9issance les dons qu\u2019Il ne cesse de distribuer au b\u00e9n\u00e9fice de toute l\u2019\u00c9glise. Ce soir Christ le r\u00e9p\u00e8te \u00e0 chacun de vous : \u00ab Allez dans le monde entier, proclamez l\u2019\u00c9vangile \u00e0 toute la cr\u00e9ation \u00bb (Mc 16, 15).  <br \/><br \/>&#013;\nBien-aim\u00e9s, l\u2019\u00c9vangile que le Christ nous a confi\u00e9 est l\u2019\u00c9vangile de la paix ! Comment le garder uniquement pour nous, surtout en ce moment o\u00f9 les abus de pouvoir et la guerre s\u00e8ment la destruction et la mort dans la proche r\u00e9gion des Balkans ? L\u2019Esprit nous pousse \u00e0 \u00eatre annonciateurs et artisans de paix dans la justice et dans la r\u00e9conciliation. Dans cette perspective, je voudrais que, lors de la prochaine f\u00eate du Corpus Domini, s\u2019\u00e9l\u00e8ve de l\u2019\u00c9glise de Rome une invocation commune pour la paix. C\u2019est pourquoi je vous invite tous &#8211; clerg\u00e9, religieux et fid\u00e8les &#8211;  \u00e0 vous joindre \u00e0 moi dans la soir\u00e9e du jeudi 3 juin \u00e0 Saint-Jean-de-Latran pour participer \u00e0 la Messe et \u00e0 la procession du Corpus Domini, o\u00f9 nous implorerons ensemble le don de la paix dans les Balkans. Que le jour du Tr\u00e8s Saint Corps et Tr\u00e8s Saint Sang du Christ soit caract\u00e9ris\u00e9 cette ann\u00e9e par une intense pri\u00e8re pour la paix. &#013;\n<\/p>\n\n<p>5. <em>Viens Esprit Saint, remplis le c\u0153ur de tes fid\u00e8les et allume en eux le feu de ton amour.<\/em>&#013;\n<br \/><br \/>&#013;\nViens, Esprit Saint ! L\u2019invocation, qui retentit dans la Liturgie de cette veill\u00e9e de Pentec\u00f4te, nous remplit de joie et d\u2019esp\u00e9rance. Esprit Saint, artisan et \u00e2me de la Mission, suscite dans l\u2019\u00c9glise de Rome de nombreux missionnaires parmi les jeunes, les adultes et les familles et communique \u00e0 chacun le feu inextinguible de ton amour. <br \/><br \/>&#013;\nEsprit, \u00ab lumi\u00e8re des c\u0153urs \u00bb, indique les voies nouvelles pour la Mission dans la Ville et la mission universelle au cours du troisi\u00e8me mill\u00e9naire qui va commencer. <br \/><br \/>&#013;\n\u00ab Parfait Consolateur \u00bb, soutiens celui qui a perdu confiance, confirme l\u2019enthousiasme de celui qui a ressenti la joie de l\u2019\u00e9vang\u00e9lisation, renforce en chaque fid\u00e8le le d\u00e9sir et le courage d\u2019\u00eatre chaque jour un missionnaire de l\u2019\u00c9vangile dans son milieu de vie et de travail. <br \/><br \/>&#013;\n\u00ab H\u00f4te tr\u00e8s doux de l\u2019\u00e2me \u00bb, ouvre le c\u0153ur de chaque personne, famille, communaut\u00e9 religieuse et paroissiale, pour que soient accueillis avec g\u00e9n\u00e9rosit\u00e9 les p\u00e8lerins pauvres, qui participeront aux \u00e9v\u00e9nements du Jubil\u00e9. Ce sera, en effet, l\u2019un des fruits les plus beaux et les plus f\u00e9conds de la Mission dans la Ville : l\u2019application concr\u00e8te  mise en \u0153uvre concr\u00e8te de cette charit\u00e9 romaine, fruit de la foi, qui a toujours accompagn\u00e9 la c\u00e9l\u00e9bration des Ann\u00e9es Saintes. <br \/><br \/>&#013;\nTr\u00e8s Sainte Vierge Marie, Toi qui depuis la Pentec\u00f4te veille avec l\u2019\u00c9glise en invoquant l\u2019Esprit Saint, reste avec nous au centre de notre c\u00e9nacle particulier. \u00c0 Toi, que nous v\u00e9n\u00e9rons comme Notre Dame du Divin Amour, nous confions les fruits de la Mission dans la Ville, pour que par ton intercession, le Dioc\u00e8se de Rome rende au monde le t\u00e9moignage convaincu du Christ notre Sauveur.&#013;\n<\/p>\n\n<p><em>(*) Cf. \u00abL\u2019Osservatore Romano\u00bb, 24-25 mai 1999.<\/em><\/p>\n","protected":false},"excerpt":{"rendered":"<p>Hom\u00e9lie de la Vigile de Pentec\u00f4te au terme de la \u00ab\u00a0mission dans la ville\u00a0\u00bb \u00e0 Rome 22 mai 1999 Saint Jean-Paul II Place Saint-Pierre, 22 mai 1999 * \u00ab Rendons gr\u00e2ce \u00e0 Dieu pour cet \u00e9v\u00e9nement extraordinaire, qui a \u00e9t\u00e9 un acte d\u2019amour pour la Ville et pour chacun de ses habitants. La Mission dans la Ville a en effet favoris\u00e9 au sein des communaut\u00e9s chr\u00e9tiennes, un itin\u00e9raire d\u2019intense spiritualit\u00e9<\/p>\n<div class=\"read-more\"><a class=\"btn read-more-btn\" href=\"https:\/\/neocatechumenaleiter.org\/fr\/paroles-de-papes\/st-jean-paul-ii\/homelie-de-la-vigile-de-pentecote-au-terme-de-la-mission-dans-la-ville-a-rome-22-mai-1999\/\">En savoir plus<\/a><\/div>\n","protected":false},"author":2,"featured_media":0,"parent":5064,"menu_order":91,"comment_status":"closed","ping_status":"closed","template":"","meta":{"footnotes":""},"class_list":["post-17485","page","type-page","status-publish","hentry"],"_links":{"self":[{"href":"https:\/\/neocatechumenaleiter.org\/fr\/wp-json\/wp\/v2\/pages\/17485","targetHints":{"allow":["GET"]}}],"collection":[{"href":"https:\/\/neocatechumenaleiter.org\/fr\/wp-json\/wp\/v2\/pages"}],"about":[{"href":"https:\/\/neocatechumenaleiter.org\/fr\/wp-json\/wp\/v2\/types\/page"}],"author":[{"embeddable":true,"href":"https:\/\/neocatechumenaleiter.org\/fr\/wp-json\/wp\/v2\/users\/2"}],"replies":[{"embeddable":true,"href":"https:\/\/neocatechumenaleiter.org\/fr\/wp-json\/wp\/v2\/comments?post=17485"}],"version-history":[{"count":1,"href":"https:\/\/neocatechumenaleiter.org\/fr\/wp-json\/wp\/v2\/pages\/17485\/revisions"}],"predecessor-version":[{"id":17486,"href":"https:\/\/neocatechumenaleiter.org\/fr\/wp-json\/wp\/v2\/pages\/17485\/revisions\/17486"}],"up":[{"embeddable":true,"href":"https:\/\/neocatechumenaleiter.org\/fr\/wp-json\/wp\/v2\/pages\/5064"}],"wp:attachment":[{"href":"https:\/\/neocatechumenaleiter.org\/fr\/wp-json\/wp\/v2\/media?parent=17485"}],"curies":[{"name":"wp","href":"https:\/\/api.w.org\/{rel}","templated":true}]}}