{"id":17487,"date":"2020-09-13T17:58:42","date_gmt":"2020-09-13T16:58:42","guid":{"rendered":"https:\/\/neocatechumenaleiter.org\/paroles-de-papes\/st-jean-paul-ii\/visite-a-la-paroisse-saints-fabiano-et-venanzio-14-janvier-1990\/"},"modified":"2020-09-13T17:58:42","modified_gmt":"2020-09-13T16:58:42","slug":"visite-a-la-paroisse-saints-fabiano-et-venanzio-14-janvier-1990","status":"publish","type":"page","link":"https:\/\/neocatechumenaleiter.org\/fr\/paroles-de-papes\/st-jean-paul-ii\/visite-a-la-paroisse-saints-fabiano-et-venanzio-14-janvier-1990\/","title":{"rendered":"Visite \u00e0 la paroisse Saints Fabiano et Venanzio 14 janvier 1990"},"content":{"rendered":"\n<h1 class=\"has-text-align-center wp-block-heading\">Visite \u00e0 la paroisse Saints Fabiano et Venanzio 14 janvier 1990<\/h1>\n\n<div style=\"height:20px\" aria-hidden=\"true\" class=\"wp-block-spacer\"><\/div>\n\n<h4 class=\"has-text-align-center wp-block-heading\">Saint Jean-Paul II<\/h4>\n\n<div style=\"height:20px\" aria-hidden=\"true\" class=\"wp-block-spacer\"><\/div>\n\n<div class=\"wp-block-image\"><figure class=\"alignleft size-medium\"><img loading=\"lazy\" decoding=\"async\" width=\"300\" height=\"253\" src=\"https:\/\/neocatechumenaleiter.org\/wp-content\/uploads\/2020\/03\/Camino_Neocatecumenal_Juan_Pablo_II_visita_parroquia_Santos_Fabian_Venancio_1990-300x253.jpg\" alt=\"\" class=\"wp-image-2267\" srcset=\"https:\/\/neocatechumenaleiter.org\/wp-content\/uploads\/2020\/03\/Camino_Neocatecumenal_Juan_Pablo_II_visita_parroquia_Santos_Fabian_Venancio_1990-300x253.jpg 300w, https:\/\/neocatechumenaleiter.org\/wp-content\/uploads\/2020\/03\/Camino_Neocatecumenal_Juan_Pablo_II_visita_parroquia_Santos_Fabian_Venancio_1990.jpg 661w\" sizes=\"auto, (max-width: 300px) 100vw, 300px\" \/><\/figure><\/div>\n\n<p><strong>Rome, 14 janvier 1990 *<\/strong><\/p>\n\n<p>\u00ab LE MONDE S\u2019OUVRE, CHERCHE UNE DIMENSION HUMAINE ET PLUS CHR\u00c9TIENNE <br \/> ET ATTEND CETTE R\u00c9PONSE DE V\u00c9RIT\u00c9 QUI EST LE CHRIST \u00bb<\/p>\n\n<p><em>La rencontre du Saint P\u00e8re avec les nombreux repr\u00e9sentants des Communaut\u00e9s N\u00e9ocat\u00e9chum\u00e9nales de la paroisse a \u00e9t\u00e9 tr\u00e8s joyeuse. Joyeuse surtout gr\u00e2ce \u00e0 la pr\u00e9sence de nombreux enfants qui, comme toujours, souligne l\u2019importance de la dimension de la \u00ab famille \u00bb pour la communaut\u00e9 qui suit le Chemin N\u00e9ocat\u00e9chum\u00e9nal.  <\/em><\/p>\n\n<p><em>Apr\u00e8s quelques mots de pr\u00e9sentation exprim\u00e9s par Giuseppe, un des cat\u00e9chistes de la communaut\u00e9, le Saint P\u00e8re a prononc\u00e9 le discours suivant : <\/em><\/p>\n\n<p>Je souhaite que l\u2019ann\u00e9e 1990 soit une ann\u00e9e nouvelle pour votre chemin. L\u2019ann\u00e9e pr\u00e9c\u00e9dente, 1989, nous a assur\u00e9ment laiss\u00e9 beaucoup de choses surprenantes, surtout en Europe. De nombreux milieux, de nombreux pays se sont ouverts, mais tout cela est seulement un d\u00e9fi. Ce monde qui s\u2019ouvre, qui peut-\u00eatre rompt avec une tradition moins humaine et moins chr\u00e9tienne, recherchant la tradition chr\u00e9tienne et plus humaine, attend ; ces populations attendent la Parole de la V\u00e9rit\u00e9, la Parole de l\u2019\u00c9vangile, la Parole de la communion avec le Christ. En m\u00eame temps nous sommes ici en occident.<\/p>\n\n<div class=\"wp-block-image\"><figure class=\"alignright size-medium\"><img loading=\"lazy\" decoding=\"async\" width=\"300\" height=\"239\" src=\"https:\/\/neocatechumenaleiter.org\/wp-content\/uploads\/2020\/03\/Camino_Neocatecumenal_Juan_Pablo_II_visita_parroquia_Santos_Fabian_Venancio_1990_2-300x239.jpg\" alt=\"\" class=\"wp-image-2274\" srcset=\"https:\/\/neocatechumenaleiter.org\/wp-content\/uploads\/2020\/03\/Camino_Neocatecumenal_Juan_Pablo_II_visita_parroquia_Santos_Fabian_Venancio_1990_2-300x239.jpg 300w, https:\/\/neocatechumenaleiter.org\/wp-content\/uploads\/2020\/03\/Camino_Neocatecumenal_Juan_Pablo_II_visita_parroquia_Santos_Fabian_Venancio_1990_2.jpg 704w\" sizes=\"auto, (max-width: 300px) 100vw, 300px\" \/><\/figure><\/div>\n\n<p>Hier j\u2019ai parl\u00e9 aux Ambassadeurs accr\u00e9dit\u00e9s pr\u00e8s le Saint Si\u00e8ge et j\u2019ai dit que ce moment est aussi un d\u00e9fi pour les Pays de l\u2019Europe occidentale, parce qu\u2019ils doivent eux aussi r\u00e9pondre aux vraies valeurs, rechercher les racines chr\u00e9tiennes de leur identit\u00e9 et aller vers le Christ. Ainsi, vous, bien-aim\u00e9s, vous avez aussi devant vous beaucoup de d\u00e9fis \u00e0 relever. <\/p>\n\n<p>Je souhaite que cette nouvelle ann\u00e9e soit une ann\u00e9e nouvelle pour votre chemin, fructueuse avec la gr\u00e2ce du Seigneur, avec la lumi\u00e8re de l\u2019Esprit Saint et avec la pr\u00e9sence de la Vierge Marie. <\/p>\n\n<p><em>(*) Cf. \u00abL\u2018Osservatore Romano\u00bb, 19 janvier 1990.<\/em><\/p>\n","protected":false},"excerpt":{"rendered":"<p>Visite \u00e0 la paroisse Saints Fabiano et Venanzio 14 janvier 1990 Saint Jean-Paul II Rome, 14 janvier 1990 * \u00ab LE MONDE S\u2019OUVRE, CHERCHE UNE DIMENSION HUMAINE ET PLUS CHR\u00c9TIENNE ET ATTEND CETTE R\u00c9PONSE DE V\u00c9RIT\u00c9 QUI EST LE CHRIST \u00bb La rencontre du Saint P\u00e8re avec les nombreux repr\u00e9sentants des Communaut\u00e9s N\u00e9ocat\u00e9chum\u00e9nales de la paroisse a \u00e9t\u00e9 tr\u00e8s joyeuse. Joyeuse surtout gr\u00e2ce \u00e0 la pr\u00e9sence de nombreux enfants qui,<\/p>\n<div class=\"read-more\"><a class=\"btn read-more-btn\" href=\"https:\/\/neocatechumenaleiter.org\/fr\/paroles-de-papes\/st-jean-paul-ii\/visite-a-la-paroisse-saints-fabiano-et-venanzio-14-janvier-1990\/\">En savoir plus<\/a><\/div>\n","protected":false},"author":2,"featured_media":0,"parent":5064,"menu_order":60,"comment_status":"closed","ping_status":"closed","template":"","meta":{"footnotes":""},"class_list":["post-17487","page","type-page","status-publish","hentry"],"_links":{"self":[{"href":"https:\/\/neocatechumenaleiter.org\/fr\/wp-json\/wp\/v2\/pages\/17487","targetHints":{"allow":["GET"]}}],"collection":[{"href":"https:\/\/neocatechumenaleiter.org\/fr\/wp-json\/wp\/v2\/pages"}],"about":[{"href":"https:\/\/neocatechumenaleiter.org\/fr\/wp-json\/wp\/v2\/types\/page"}],"author":[{"embeddable":true,"href":"https:\/\/neocatechumenaleiter.org\/fr\/wp-json\/wp\/v2\/users\/2"}],"replies":[{"embeddable":true,"href":"https:\/\/neocatechumenaleiter.org\/fr\/wp-json\/wp\/v2\/comments?post=17487"}],"version-history":[{"count":1,"href":"https:\/\/neocatechumenaleiter.org\/fr\/wp-json\/wp\/v2\/pages\/17487\/revisions"}],"predecessor-version":[{"id":17488,"href":"https:\/\/neocatechumenaleiter.org\/fr\/wp-json\/wp\/v2\/pages\/17487\/revisions\/17488"}],"up":[{"embeddable":true,"href":"https:\/\/neocatechumenaleiter.org\/fr\/wp-json\/wp\/v2\/pages\/5064"}],"wp:attachment":[{"href":"https:\/\/neocatechumenaleiter.org\/fr\/wp-json\/wp\/v2\/media?parent=17487"}],"curies":[{"name":"wp","href":"https:\/\/api.w.org\/{rel}","templated":true}]}}