{"id":17567,"date":"2020-09-15T15:29:34","date_gmt":"2020-09-15T14:29:34","guid":{"rendered":"https:\/\/neocatechumenaleiter.org\/paroles-de-papes\/st-jean-paul-ii\/regina-coeli-du-dimanche-de-pentecote-en-conclusion-de-la-mission-dans-la-ville-a-rome-23-mai-1999\/"},"modified":"2020-09-15T15:29:34","modified_gmt":"2020-09-15T14:29:34","slug":"regina-coeli-du-dimanche-de-pentecote-en-conclusion-de-la-mission-dans-la-ville-a-rome-23-mai-1999","status":"publish","type":"page","link":"https:\/\/neocatechumenaleiter.org\/fr\/paroles-de-papes\/st-jean-paul-ii\/regina-coeli-du-dimanche-de-pentecote-en-conclusion-de-la-mission-dans-la-ville-a-rome-23-mai-1999\/","title":{"rendered":"\u00ab\u00a0Regina Coeli\u00a0\u00bb du dimanche de Pentec\u00f4te en conclusion de la mission dans la ville \u00e0 Rome 23 mai 1999"},"content":{"rendered":"\n<h1 class=\"has-text-align-center wp-block-heading\">\u00ab\u00a0Regina Coeli\u00a0\u00bb du dimanche de Pentec\u00f4te en conclusion de la mission dans la ville \u00e0 Rome 23 mai 1999<\/h1>\n\n<div style=\"height:20px\" aria-hidden=\"true\" class=\"wp-block-spacer\"><\/div>\n\n<h4 class=\"has-text-align-center wp-block-heading\">Saint Jean-Paul II<\/h4>\n\n<div style=\"height:20px\" aria-hidden=\"true\" class=\"wp-block-spacer\"><\/div>\n\n<p><strong>Saint Pierre, 23 mai 1999 *<\/strong><\/p>\n\n<p><em>\u00ab Invoquons ensemble l\u2019Esprit Saint afin qu\u2019il rende f\u00e9conde la Mission dans la Ville de Rome et comble de fruits les attentes de toute l\u2019\u00c9glise \u00bb. Lors du \u00ab Regina Coeli \u00bb de la solennit\u00e9 de Pentec\u00f4te, dimanche 23 mai, Jean Paul II a rappel\u00e9 la Veill\u00e9e Solennelle du samedi apr\u00e8s midi en conclusion de la Mission dans la Ville et la grande rencontre de l\u2019an dernier avec les Mouvements eccl\u00e9siaux et les Communaut\u00e9s nouvelles. <\/em><br \/><br \/><em>Voici les paroles du Pape : <\/em><\/p>\n\n<p>Tr\u00e8s Chers Fr\u00e8res et S\u0153urs ! <br \/><br \/>&#013;\n1. La solennit\u00e9 de la Pentec\u00f4te nous fait revivre l\u2019extraordinaire exp\u00e9rience que v\u00e9curent les Ap\u00f4tres cinquante jours apr\u00e8s la r\u00e9surrection du Christ. Lors de la Pentec\u00f4te, le temps de la P\u00e2ques s\u2019accomplit et cet accomplissement consiste pr\u00e9cis\u00e9ment dans le don de l\u2019Esprit Saint, selon la promesse de J\u00e9sus.  <br \/><br \/>&#013;\nNous contemplons aujourd\u2019hui la transformation des disciples du Seigneur, de fid\u00e8les encore craintifs en t\u00e9moins intr\u00e9pides, qui annoncent avec courage \u00e0 tous les peuples la Bonne Nouvelle. Recueillis ensemble en pri\u00e8re au C\u00e9nacle, avec Marie, ils sont envoy\u00e9s par l\u2019Esprit de v\u00e9rit\u00e9 pour faire du monde entier un c\u00e9nacle d\u2019amour et d\u2019unit\u00e9. Les deux dimensions &#8211; pri\u00e8re et apostolat, communion et mission &#8211; sont indispensables pour la vie de l\u2019\u00c9glise de chaque \u00e9poque et en tous lieux. &#013;\n<\/p>\n\n<p>2. Nous nous sommes pr\u00e9par\u00e9s hier soir \u00e0 cette grande f\u00eate, ici sur la Place Saint-Pierre, lors d\u2019une veill\u00e9e solennelle qui a conclu la Mission dans la Ville de Rome. <br \/><br \/>&#013;\nQuelle extraordinaire exp\u00e9rience spirituelle ! Elle a rem\u00e9mor\u00e9 la grande rencontre de l\u2019ann\u00e9e derni\u00e8re avec les mouvements eccl\u00e9siaux et les communaut\u00e9s nouvelles qui constituent un don v\u00e9ritable de l\u2019Esprit \u00e0 l\u2019\u00c9glise de la fin du Mill\u00e9naire et l\u2019un des signes nouveaux issus du Concile Vatican II. La rencontre de l\u2019an dernier a produit des fruits pr\u00e9cieux. En effet, se sont multipli\u00e9es les initiatives visant \u00e0 alimenter dans les mouvements et les communaut\u00e9s le sens de la communion, en vue de faire cro\u00eetre la collaboration entre eux ainsi qu\u2019au sein des \u00c9glises locales et des paroisses. <br \/><br \/>&#013;\nNous rendons gr\u00e2ce au Seigneur pour ce printemps prometteur de l\u2019\u00c9glise, riche d\u2019esp\u00e9rance. Je suis certain que le prochain congr\u00e8s organis\u00e9 par le Conseil Pontifical pour les La\u00efcs sur le th\u00e8me : \u00ab Les mouvements eccl\u00e9siaux et les communaut\u00e9s nouvelles dans la sollicitude pastorale des \u00c9v\u00eaques \u00bb, contribuera \u00e0 en favoriser des d\u00e9veloppements ult\u00e9rieurs. &#013;\n<br \/><br \/>&#013;\nLe monde s\u00e9cularis\u00e9 interpelle chaque chr\u00e9tien \u00e0 revigorer son propre \u00e9lan missionnaire, en le basant sur une exp\u00e9rience faite de pri\u00e8re, d\u2019unit\u00e9 et d\u2019annonce. &#013;\n<\/p>\n\n<p>3. Invoquons ensemble l\u2019Esprit Saint, afin qu\u2019il rende f\u00e9conde la Mission dans la Ville de Rome et comble de fruits les attentes de toute l\u2019\u00c9glise. <br \/><br \/>&#013;\nL\u2019engagement missionnaire ne poss\u00e8de pas d\u2019\u00e9ch\u00e9ance et concerne chaque membre de la communaut\u00e9 chr\u00e9tienne. Aujourd\u2019hui, comme \u00e0 ses d\u00e9buts, l\u2019\u00c9glise sait que, pour affronter les d\u00e9fis de la Nouvelle \u00c9vang\u00e9lisation, elle a besoin de s\u2019arr\u00eater en pri\u00e8re avec Marie, la M\u00e8re de J\u00e9sus et notre M\u00e8re. Nous demandons \u00e0 la Sainte Vierge de prier avec nous et pour nous le P\u00e8re c\u00e9leste, afin qu\u2019il r\u00e9pande sur tous les croyants l\u2019Esprit Saint et renouvelle les prodiges de la Pentec\u00f4te. &#013;\n<\/p>\n\n<p><em>(*) Cf. \u00abL\u2019Osservatore Romano\u00bb, 24-25 mai 1999.<\/em><\/p>\n","protected":false},"excerpt":{"rendered":"<p>\u00ab\u00a0Regina Coeli\u00a0\u00bb du dimanche de Pentec\u00f4te en conclusion de la mission dans la ville \u00e0 Rome 23 mai 1999 Saint Jean-Paul II Saint Pierre, 23 mai 1999 * \u00ab Invoquons ensemble l\u2019Esprit Saint afin qu\u2019il rende f\u00e9conde la Mission dans la Ville de Rome et comble de fruits les attentes de toute l\u2019\u00c9glise \u00bb. Lors du \u00ab Regina Coeli \u00bb de la solennit\u00e9 de Pentec\u00f4te, dimanche 23 mai, Jean Paul<\/p>\n<div class=\"read-more\"><a class=\"btn read-more-btn\" href=\"https:\/\/neocatechumenaleiter.org\/fr\/paroles-de-papes\/st-jean-paul-ii\/regina-coeli-du-dimanche-de-pentecote-en-conclusion-de-la-mission-dans-la-ville-a-rome-23-mai-1999\/\">En savoir plus<\/a><\/div>\n","protected":false},"author":2,"featured_media":0,"parent":5064,"menu_order":92,"comment_status":"closed","ping_status":"closed","template":"","meta":{"footnotes":""},"class_list":["post-17567","page","type-page","status-publish","hentry"],"_links":{"self":[{"href":"https:\/\/neocatechumenaleiter.org\/fr\/wp-json\/wp\/v2\/pages\/17567","targetHints":{"allow":["GET"]}}],"collection":[{"href":"https:\/\/neocatechumenaleiter.org\/fr\/wp-json\/wp\/v2\/pages"}],"about":[{"href":"https:\/\/neocatechumenaleiter.org\/fr\/wp-json\/wp\/v2\/types\/page"}],"author":[{"embeddable":true,"href":"https:\/\/neocatechumenaleiter.org\/fr\/wp-json\/wp\/v2\/users\/2"}],"replies":[{"embeddable":true,"href":"https:\/\/neocatechumenaleiter.org\/fr\/wp-json\/wp\/v2\/comments?post=17567"}],"version-history":[{"count":1,"href":"https:\/\/neocatechumenaleiter.org\/fr\/wp-json\/wp\/v2\/pages\/17567\/revisions"}],"predecessor-version":[{"id":17568,"href":"https:\/\/neocatechumenaleiter.org\/fr\/wp-json\/wp\/v2\/pages\/17567\/revisions\/17568"}],"up":[{"embeddable":true,"href":"https:\/\/neocatechumenaleiter.org\/fr\/wp-json\/wp\/v2\/pages\/5064"}],"wp:attachment":[{"href":"https:\/\/neocatechumenaleiter.org\/fr\/wp-json\/wp\/v2\/media?parent=17567"}],"curies":[{"name":"wp","href":"https:\/\/api.w.org\/{rel}","templated":true}]}}