{"id":17571,"date":"2020-03-02T19:43:56","date_gmt":"2020-03-02T18:43:56","guid":{"rendered":"https:\/\/neocatechumenaleiter.org\/paroles-de-papes\/st-jean-paul-ii\/audience-privee-aux-catechistes-itinerants-des-communautes-neocatechumenales-7-janvier-1982\/"},"modified":"2021-08-10T11:01:22","modified_gmt":"2021-08-10T10:01:22","slug":"audience-privee-aux-catechistes-itinerants-des-communautes-neocatechumenales-7-janvier-1982","status":"publish","type":"page","link":"https:\/\/neocatechumenaleiter.org\/fr\/paroles-de-papes\/st-jean-paul-ii\/audience-privee-aux-catechistes-itinerants-des-communautes-neocatechumenales-7-janvier-1982\/","title":{"rendered":"Audience priv\u00e9e aux cat\u00e9chistes itin\u00e9rants des Communaut\u00e9s N\u00e9ocat\u00e9chum\u00e9nales 7 janvier 1982"},"content":{"rendered":"\n<h1 class=\"has-text-align-center wp-block-heading\">Audience priv\u00e9e aux cat\u00e9chistes itin\u00e9rants des Communaut\u00e9s N\u00e9ocat\u00e9chum\u00e9nales 7 janvier 1982<\/h1>\n\n<div style=\"height:20px\" aria-hidden=\"true\" class=\"wp-block-spacer\"><\/div>\n\n<h4 class=\"has-text-align-center wp-block-heading\">Saint Jean-Paul II<\/h4>\n\n<div style=\"height:20px\" aria-hidden=\"true\" class=\"wp-block-spacer\"><\/div>\n\n<p><strong>Rome, 7 janvier 1982 *<\/strong><\/p>\n\n<p><em>Le Saint-P\u00e8re a re\u00e7u en audience plus de trois cents cat\u00e9chistes itin\u00e9rants des Communaut\u00e9s N\u00e9ocat\u00e9chum\u00e9nales venus de soixante-dix nations. &#13;\n<br\/><br\/>&#13;\nApr\u00e8s un chant de bienvenue, Kiko a adress\u00e9 au Pape les paroles suivantes :<\/em>&#13;\n<\/p>\n\n<p>Tr\u00e8s cher Saint-P\u00e8re, sont ici pr\u00e9sents trois cents cat\u00e9chistes des Communaut\u00e9s N\u00e9ocat\u00e9chum\u00e9nales qui ont fond\u00e9 le Chemin N\u00e9ocat\u00e9chum\u00e9nal dans soixante-dix nations. Ils forment des petites <em>\u00e9quipes<\/em> d\u2019\u00e9vang\u00e9lisation compos\u00e9es d\u2019un pr\u00eatre et de deux la\u00efcs, comme une petite communaut\u00e9, image de la Sainte Famille de Nazareth, qui aident dans la paroisse \u00e0 promouvoir le renouvellement du Concile Vatican II. <br\/><br\/>&#13;\nP\u00e8re, je voudrais pr\u00e9senter tr\u00e8s bri\u00e8vement les pr\u00eatres itin\u00e9rants qui sont venus de toutes les nations, de l\u2019Australie, de l\u2019Afrique, etc. Veuillez vous lever les pr\u00eatres pour que le Saint P\u00e8re vous voie. (Les pr\u00eatres se l\u00e8vent). <br\/><br\/>&#13;\nLes couples, les familles qui ont vendu tous leurs biens et partent avec leurs enfants pour annoncer l\u2019\u00c9vangile, pour aider dans les missions du monde entier. Levez-vous les familles et les enfants. (Les familles et leurs enfants se mettent debout). <br\/><br\/>&#13;\nSont pr\u00e9sentes aussi les femmes c\u00e9libataires qui ont offert leur vie pour l\u2019annonce de l\u2019\u00c9vangile. (Levez-vous les femmes c\u00e9libataires).<br\/><br\/>&#13;\nEnfin les gar\u00e7ons, les jeunes qui ont offert eux aussi leur vie pour annoncer l\u2019\u00c9vangile : derni\u00e8rement cinq d\u2019entre eux ont d\u00e9cid\u00e9 d\u2019entrer au S\u00e9minaire. <br\/><br\/>&#13;\nNous avons aussi vu, P\u00e8re, que dans les endroits o\u00f9 le Chemin N\u00e9ocat\u00e9chum\u00e9nal va de l\u2019avant depuis plus de dix ans, des vocations commencent d\u00e9j\u00e0 \u00e0 surgir. Nous sommes tr\u00e8s contents. Cette ann\u00e9e en Italie 57 jeunes, et en Espagne 42 jeunes se sont lev\u00e9s pour entrer au S\u00e9minaire.&#13;\n<\/p>\n\n<p>Nous nous sommes r\u00e9unis durant une vingtaine de jours pr\u00e8s du Sanctuaire de Lorette, r\u00e9fl\u00e9chissant sur ce que Dieu est en train de faire dans les diverses nations o\u00f9 nous sommes en train de poursuivre notre minist\u00e8re d\u2019\u00e9vang\u00e9lisation. Nous sommes all\u00e9s nous mettre aux pieds de la Vierge Marie pour Lui confier notre mission et pour Lui demander, dans la petite maison de Lorette &#8211;  notre mission \u00e9tant de fonder dans la paroisse des petites communaut\u00e9s comme la Sainte Famille de Nazareth qui vivent en humilit\u00e9, simplicit\u00e9 et louange &#8211; qu\u2019Elle nous aide \u00e0 la mener \u00e0 bien. <br\/><br\/>&#13;\nNotre plus grand d\u00e9sir &#8211; nous l\u2019avons demand\u00e9 \u00e0 la Vierge comme un secret- a toujours \u00e9t\u00e9 de pouvoir un jour amener ces fr\u00e8res ici, l\u00e0 o\u00f9 se trouve Pierre, la \u00ab pierre \u00bb sur laquelle le Christ a voulu fonder son \u00c9glise.  <br\/><br\/>&#13;\n\u00c9tant donn\u00e9 que ces fr\u00e8res, qui sont mont\u00e9s sur la <em>Merkab\u00e0<\/em> de Dieu de l\u2019\u00e9vang\u00e9lisation, doivent parler avec de nombreux \u00c9v\u00eaques dans tant de nations, nous voudrions montrer notre adh\u00e9sion la plus profonde en faisant avec Vous une sorte de <em>geste d\u2019adh\u00e9sion<\/em>. &#13;\nJe leur ai demand\u00e9 auparavant : \u00ab Reconnaissez vous que l\u2019\u00c9v\u00eaque de Rome, Pierre, est la pierre sur laquelle Christ a \u00e9difi\u00e9 son \u00c9glise ? \u00bb, et tous ont r\u00e9pondu qu\u2019ils le reconnaissent.<\/p>\n\n<p>Ensuite je leur ai demand\u00e9 : \u00ab Promettez-vous ob\u00e9issance et fid\u00e9lit\u00e9 \u00e0 Pierre et \u00e0 tous les \u00e9v\u00eaques de l\u2019\u00c9glise qui sont en communion avec Lui ? \u00bb et ils l\u2019ont promis. J\u2019ai demand\u00e9 ensuite si ils sont dispos\u00e9s \u00e0 offrir leur vie pour servir l\u2019\u00c9glise en aidant \u00e0 porter de l\u2019avant le renouvellement du Concile Vatican II \u00e0 travers ce Chemin N\u00e9ocat\u00e9chum\u00e9nal, qui veut renouveler le Bapt\u00eame chez les chr\u00e9tiens. Et tous ont dit que oui. &#13;\nPour cela, P\u00e8re, je voudrais en leur nom \u00e0 tous \u2013 si vous me le permettez \u2013 m\u2019agenouiller devant Vous, et tous ces fr\u00e8res avec moi, comme un petit geste d\u2019adh\u00e9sion compl\u00e8te \u00e0 Pierre. Parce que P\u00e8re, je leur ai dit une chose : \u00e0 travers mon exp\u00e9rience dans tant de nations et les souffrances que j\u2019ai eues, j\u2019ai compris que Dieu ob\u00e9it \u00e0 ses \u00e9v\u00eaques, Dieu lui-m\u00eame leur ob\u00e9it. Cela m\u2019a tant impressionn\u00e9 que j\u2019ai pens\u00e9 : Si Dieu lui m\u00eame leur ob\u00e9it, comment je ne leur ob\u00e9irais pas moi et nous tous ? &#13;\n<\/p>\n\n<p>Alors, P\u00e8re, je voudrais me mettre \u00e0 genoux devant Vous\u2026<\/p>\n\n<p><em>Kiko s\u2019approche du tr\u00f4ne du Pape et se met \u00e0 genoux, tandis que tous les itin\u00e9rants s\u2019agenouillent ; le Pape lui offre sa main pour qu\u2019il la lui embrasse et le relevant lui pose l\u2019autre main sur l\u2019\u00e9paule ; ensuite il invite tous \u00e0 se relever. &#13;\n<br\/><br\/>&#13;\nNous rapportons ici le discours du Pape : &#13;\n<\/em><\/p>\n\n<div class=\"wp-block-image\"><figure class=\"alignleft size-medium\"><img loading=\"lazy\" decoding=\"async\" width=\"300\" height=\"242\" src=\"https:\/\/neocatechumenaleiter.org\/wp-content\/uploads\/2020\/03\/Camino_Neocatecumenal_Juan_Pablo_II_audiencia_catequistas_itinerantes_1982-300x242.jpg\" alt=\"\" class=\"wp-image-1634\" srcset=\"https:\/\/neocatechumenaleiter.org\/wp-content\/uploads\/2020\/03\/Camino_Neocatecumenal_Juan_Pablo_II_audiencia_catequistas_itinerantes_1982-300x242.jpg 300w, https:\/\/neocatechumenaleiter.org\/wp-content\/uploads\/2020\/03\/Camino_Neocatecumenal_Juan_Pablo_II_audiencia_catequistas_itinerantes_1982.jpg 695w\" sizes=\"auto, (max-width: 300px) 100vw, 300px\" \/><\/figure><\/div>\n\n<p>Bien-aim\u00e9s !<br\/><br\/>&#13;\n1. Je suis sinc\u00e8rement heureux de pouvoir vous rencontrer aujourd&rsquo;hui, cat\u00e9chistes itin\u00e9rants provenant de nombreuses Communaut\u00e9s N\u00e9ocat\u00e9chum\u00e9nales et je d\u00e9sire vous exprimer ma complaisance avec une parole d\u2019encouragement pour votre engagement cat\u00e9ch\u00e9tique, si pr\u00e9cieux pour la communaut\u00e9 eccl\u00e9siale. <br\/><br\/>&#13;\nVous entendez vivre en pl\u00e9nitude <strong>l\u2019annonce fondamentale de la foi<\/strong>, la bonne nouvelle c\u2019est-\u00e0-dire que J\u00e9sus Christ de Nazareth est le Fils \u00e9ternel de Dieu, incarn\u00e9 et ressuscit\u00e9 pour notre salut ; vous voulez accueillir en profondeur le lien indissociable qui existe entre l\u2019adh\u00e9sion \u00e0 cette annonce de vie et de r\u00e9surrection et la <strong>conversion int\u00e9rieure permanente<\/strong>, qui comporte un changement de mentalit\u00e9, d\u2019attitudes, de comportements d\u2019\u00e9go\u00efsme, de fermeture, d\u2019autosuffisance, de sorte d\u2019acqu\u00e9rir une nouvelle perspective et une nouvelle vision \u2013 celle fond\u00e9e pr\u00e9cis\u00e9ment sur le message de J\u00e9sus Christ \u2013 qui exige une humble ouverture \u00e0 l\u2019\u00e9gard de Dieu et de tous les fr\u00e8res. <br\/><br\/>&#13;\nSur ce <strong>chemin de foi<\/strong>, qui pr\u00e9sente certainement de rudes \u00e9tapes et d\u2019in\u00e9vitables difficult\u00e9s, il y a le soutien, le r\u00e9confort, l\u2019illumination et l\u2019orientation de la <strong>Parole de Dieu<\/strong>, l\u2019\u00c9criture Sainte qui doit \u00eatre approfondie, lue, m\u00e9dit\u00e9e, \u00e9tudi\u00e9e, avec la conscience qu\u2019il ne s\u2019agit pas d\u2019un simple livre, mais que c\u2019est Dieu lui-m\u00eame qui parle, agit, interpelle, implique, invite \u00e0 une \u00e9coute attentive, conduisant \u00e0 l\u2019adh\u00e9sion totale \u00e0 Sa Volont\u00e9. Et la Parole de Dieu, qu\u2019elle soit de l\u2019Ancien ou du Nouveau Testament, vous fait rencontrer Celui, dont l\u2019\u00e9criture est remplie, c\u2019est \u00e0 dire J\u00e9sus Christ, qui \u00ab s\u2019est uni d\u2019une certaine mani\u00e8re \u00e0 chaque homme \u00bb avec son incarnation (cf. <em>Gaudium et Spes<\/em>, 22). &#13;\n<\/p>\n\n<div class=\"wp-block-image\"><figure class=\"alignright size-medium\"><img loading=\"lazy\" decoding=\"async\" width=\"300\" height=\"242\" src=\"https:\/\/neocatechumenaleiter.org\/wp-content\/uploads\/2020\/03\/Camino_Neocatecumenal_Juan_Pablo_II_audiencia_catequistas_itinerantes_19822-300x242.jpg\" alt=\"\" class=\"wp-image-1641\" srcset=\"https:\/\/neocatechumenaleiter.org\/wp-content\/uploads\/2020\/03\/Camino_Neocatecumenal_Juan_Pablo_II_audiencia_catequistas_itinerantes_19822-300x242.jpg 300w, https:\/\/neocatechumenaleiter.org\/wp-content\/uploads\/2020\/03\/Camino_Neocatecumenal_Juan_Pablo_II_audiencia_catequistas_itinerantes_19822.jpg 694w\" sizes=\"auto, (max-width: 300px) 100vw, 300px\" \/><\/figure><\/div>\n\n<p>2. Dans vos r\u00e9flexions communautaires vous avez voulu m\u00e9diter sur la valeur fondamentale du <strong>sacrement du Bapt\u00eame <\/strong>dans l\u2019itin\u00e9raire spirituel chr\u00e9tien, et vous d\u00e9sirez revivre, dans votre cheminement de chr\u00e9tien, la complexe et riche exp\u00e9rience, que l\u2019\u00c9glise des premiers si\u00e8cles faisait re-parcourir \u00e0 ses nouveaux enfants.  Sans tomber dans un arch\u00e9ologisme facile, vous \u00eates conscients que r\u00e9aliser la dimension baptismale signifie, par dessus tout, chercher \u00e0 recueillir \u00e0 sa source <strong>l\u2019identit\u00e9 authentique de l\u2019\u00eatre chr\u00e9tien <\/strong>; c\u2019est-\u00e0-dire vivre la profonde mutation qui est advenue dans notre r\u00e9alit\u00e9 humaine avec l\u2019irruption de la gr\u00e2ce divine &#8211; \u00eatre devenus temples vivants de la Tr\u00e8s Sainte Trinit\u00e9, sarments de la vigne, qui est le Christ, membres du Corps Mystique, du Christ total, c\u2019est-\u00e0-dire de l\u2019\u00c9glise. \u00c9crivant ainsi sur les merveilleux effets surnaturels du Bapt\u00eame, Saint Fulbert de Chartres, \u00e9v\u00eaque, s\u2019exprimait ainsi : \u00ab Nous savons avec certitude que, p\u00e9cheurs d\u00e8s la premi\u00e8re naissance, nous sommes \u00e9mond\u00e9s dans la seconde ; esclaves dans la premi\u00e8re, nous sommes libres pour la seconde ; terrestres dans la premi\u00e8re, nous sommes c\u00e9lestes par la seconde ; charnels par la faute dans la premi\u00e8re naissance, nous devenons spirituels par la gr\u00e2ce dans la seconde ; pour celle-ci enfants de la col\u00e8re, pour celle-l\u00e0 enfants de la gr\u00e2ce. Celui qui, par cons\u00e9quent, offense la dignit\u00e9 du Bapt\u00eame, qu\u2019il sache qu\u2019il offense Dieu m\u00eame\u2026 C\u2019est donc une gr\u00e2ce de la doctrine du salut que de conna\u00eetre la profondeur du myst\u00e8re du Bapt\u00eame \u00bb (<em>Ep<\/em>. 5 : PL 141, 198 s.).&#13;\n<br\/><br\/>&#13;\nR\u00e9aliser la dimension baptismale signifie s\u2019unir intimement au Christ dans <strong>l\u2019Eucharistie<\/strong>, source et sommet  de la vie chr\u00e9tienne et de toute l\u2019\u00e9vang\u00e9lisation (cf. <em>Lumen Gentium<\/em>, 11 ; <em>Presbyterorum Ordinis<\/em>, 5). Cela signifie aimer g\u00e9n\u00e9reusement, concr\u00e8tement, activement tous les hommes, sp\u00e9cialement ceux qui sont spirituellement ou mat\u00e9riellement pauvres et n\u00e9cessiteux ; cela signifie restructurer toute sa propre <strong>vie morale <\/strong>en coh\u00e9rence et en conformit\u00e9 avec les <strong>promesses baptismales<\/strong>. <br\/><br\/>&#13;\n\u00ab Ce chemin, chemin de la foi, chemin du Bapt\u00eame red\u00e9couvert, &#8211; je le disais \u00e0 vos amis de la paroisse des Saints Martyrs Canadiens de Rome &#8211; doit \u00eatre un chemin de l\u2019homme nouveau ; celui-ci voit quelle est la v\u00e9ritable proportion, ou mieux, la disproportion de son entit\u00e9 cr\u00e9\u00e9e, de sa \u2018cr\u00e9aturalit\u00e9\u2019 par rapport au Cr\u00e9ateur, \u00e0 Son infinie majest\u00e9, au Dieu r\u00e9dempteur, au Dieu saint et sanctifiant, et cherche \u00e0 se r\u00e9aliser dans cette perspective \u00bb (<em>Insegnamenti de Jean-Paul II<\/em>, III\/2 [1980], p. 1044).&#13;\n<\/p>\n\n<p>3. Dans ce temps liturgique de No\u00ebl, les \u00c9vangiles de Matthieu et de Luc nous pr\u00e9sentent quelques personnes dont le comportement \u00e0 l\u2019\u00e9gard de J\u00e9sus nouveau-n\u00e9 a \u00e9t\u00e9 particuli\u00e8rement exemplaire pour nous : les myst\u00e9rieux Mages, avec la richesse de leur culture, attentifs et sensibles aux signes de la Transcendance ; les pauvres bergers, veillant sur le troupeau, pr\u00eats et ob\u00e9issants aux avertissements des Anges ; Joseph, l\u2019homme juste, qui dans le sommeil extatique est dans l\u2019\u00e9coute permanente de la volont\u00e9 de l\u2019\u00c9ternel ; et surtout Marie, la Vierge M\u00e8re, qui s\u2019en remet compl\u00e8tement \u00e0 Dieu, prononce le \u00ab fiat \u00bb et con\u00e7oit dans son sein le Fils du Tr\u00e8s Haut pour le pr\u00e9senter et le donner aux hommes. <br\/><br\/>&#13;\n\u00c0 elle de mani\u00e8re particuli\u00e8re, fr\u00e8res et s\u0153urs bien-aim\u00e9s, je vous confie, ainsi que votre g\u00e9n\u00e9reux engagement, pour qu\u2019en parfaite et unanime adh\u00e9sion \u00e0 l\u2019\u00c9glise et toujours sous la direction pastorale des \u00c9v\u00eaques, vous donniez une contribution personnelle \u00e0 l\u2019\u0153uvre fondamentale de la cat\u00e9ch\u00e8se, faisant en sorte de ne pas transmettre votre doctrine ou celle d\u2019un autre ma\u00eetre, mais, \u00ab l\u2019enseignement de J\u00e9sus Christ, la v\u00e9rit\u00e9 qu\u2019il communique ; plus exactement, la v\u00e9rit\u00e9 que Lui est \u00bb (Exhortation Apostolique <em>Catechesi Tradendae<\/em>, 6). &#13;\n<\/p>\n\n<p>Avec ces v\u0153ux et comme signe de mon affection, de vous donne de tout c\u0153ur la b\u00e9n\u00e9diction apostolique.  <\/p>\n\n<p><em>(*) Cf. \u00abL&rsquo;Osservatore Romano\u00bb, 7-8 janvier 1982, avec  des ajouts de l&rsquo;enregistrement de la rencontre.<\/em><\/p>\n","protected":false},"excerpt":{"rendered":"<p>Audience priv\u00e9e aux cat\u00e9chistes itin\u00e9rants des Communaut\u00e9s N\u00e9ocat\u00e9chum\u00e9nales 7 janvier 1982 Saint Jean-Paul II Rome, 7 janvier 1982 * Le Saint-P\u00e8re a re\u00e7u en audience plus de trois cents cat\u00e9chistes itin\u00e9rants des Communaut\u00e9s N\u00e9ocat\u00e9chum\u00e9nales venus de soixante-dix nations. &#13; &#13; Apr\u00e8s un chant de bienvenue, Kiko a adress\u00e9 au Pape les paroles suivantes :&#13; Tr\u00e8s cher Saint-P\u00e8re, sont ici pr\u00e9sents trois cents cat\u00e9chistes des Communaut\u00e9s N\u00e9ocat\u00e9chum\u00e9nales qui ont fond\u00e9 le<\/p>\n<div class=\"read-more\"><a class=\"btn read-more-btn\" href=\"https:\/\/neocatechumenaleiter.org\/fr\/paroles-de-papes\/st-jean-paul-ii\/audience-privee-aux-catechistes-itinerants-des-communautes-neocatechumenales-7-janvier-1982\/\">En savoir plus<\/a><\/div>\n","protected":false},"author":2,"featured_media":0,"parent":5064,"menu_order":12,"comment_status":"closed","ping_status":"closed","template":"","meta":{"footnotes":""},"class_list":["post-17571","page","type-page","status-publish","hentry"],"_links":{"self":[{"href":"https:\/\/neocatechumenaleiter.org\/fr\/wp-json\/wp\/v2\/pages\/17571","targetHints":{"allow":["GET"]}}],"collection":[{"href":"https:\/\/neocatechumenaleiter.org\/fr\/wp-json\/wp\/v2\/pages"}],"about":[{"href":"https:\/\/neocatechumenaleiter.org\/fr\/wp-json\/wp\/v2\/types\/page"}],"author":[{"embeddable":true,"href":"https:\/\/neocatechumenaleiter.org\/fr\/wp-json\/wp\/v2\/users\/2"}],"replies":[{"embeddable":true,"href":"https:\/\/neocatechumenaleiter.org\/fr\/wp-json\/wp\/v2\/comments?post=17571"}],"version-history":[{"count":2,"href":"https:\/\/neocatechumenaleiter.org\/fr\/wp-json\/wp\/v2\/pages\/17571\/revisions"}],"predecessor-version":[{"id":24046,"href":"https:\/\/neocatechumenaleiter.org\/fr\/wp-json\/wp\/v2\/pages\/17571\/revisions\/24046"}],"up":[{"embeddable":true,"href":"https:\/\/neocatechumenaleiter.org\/fr\/wp-json\/wp\/v2\/pages\/5064"}],"wp:attachment":[{"href":"https:\/\/neocatechumenaleiter.org\/fr\/wp-json\/wp\/v2\/media?parent=17571"}],"curies":[{"name":"wp","href":"https:\/\/api.w.org\/{rel}","templated":true}]}}