{"id":17573,"date":"2020-03-02T03:25:54","date_gmt":"2020-03-02T02:25:54","guid":{"rendered":"https:\/\/neocatechumenaleiter.org\/paroles-de-papes\/st-jean-paul-ii\/visite-a-la-paroisse-notre-dame-de-coromoto-15-mars-1981\/"},"modified":"2021-08-10T11:01:06","modified_gmt":"2021-08-10T10:01:06","slug":"visite-a-la-paroisse-notre-dame-de-coromoto-15-mars-1981","status":"publish","type":"page","link":"https:\/\/neocatechumenaleiter.org\/fr\/paroles-de-papes\/st-jean-paul-ii\/visite-a-la-paroisse-notre-dame-de-coromoto-15-mars-1981\/","title":{"rendered":"Visite \u00e0 la paroisse Notre Dame de Coromoto 15 mars 1981"},"content":{"rendered":"\n<h1 class=\"has-text-align-center wp-block-heading\">Visite \u00e0 la paroisse Notre Dame de Coromoto 15 mars 1981<\/h1>\n\n<div style=\"height:20px\" aria-hidden=\"true\" class=\"wp-block-spacer\"><\/div>\n\n<h4 class=\"has-text-align-center wp-block-heading\">Saint Jean-Paul II<\/h4>\n\n<div style=\"height:20px\" aria-hidden=\"true\" class=\"wp-block-spacer\"><\/div>\n\n<p><strong>Rome, 15 mars 1981 *<\/strong><\/p>\n\n<p><em>Jean-Paul II a rejoint l\u2019\u00e9glise o\u00f9 le cur\u00e9 lui a pr\u00e9sent\u00e9 les Communaut\u00e9s N\u00e9ocat\u00e9chum\u00e9nales qui depuis quelques ann\u00e9es se sont ins\u00e9r\u00e9es dans la vie de la paroisse. <\/em><\/p>\n\n<div class=\"wp-block-image\"><figure class=\"alignleft size-large\"><img loading=\"lazy\" decoding=\"async\" width=\"694\" height=\"558\" src=\"https:\/\/neocatechumenaleiter.org\/wp-content\/uploads\/2020\/03\/Camino_Neocatecumenal_Juan_Pablo_II_visita_parroquia_Coromoto_1981.jpg\" alt=\"\" class=\"wp-image-1516\" srcset=\"https:\/\/neocatechumenaleiter.org\/wp-content\/uploads\/2020\/03\/Camino_Neocatecumenal_Juan_Pablo_II_visita_parroquia_Coromoto_1981.jpg 694w, https:\/\/neocatechumenaleiter.org\/wp-content\/uploads\/2020\/03\/Camino_Neocatecumenal_Juan_Pablo_II_visita_parroquia_Coromoto_1981-300x241.jpg 300w\" sizes=\"auto, (max-width: 694px) 100vw, 694px\" \/><\/figure><\/div>\n\n<p>Voici le groupe des fr\u00e8res du Chemin N\u00e9ocat\u00e9chum\u00e9nal, <em>a dit Mgr Gulizia<\/em>, et avec eux l\u2019\u00e9quipe des cat\u00e9chistes provenant de la paroisse des Martyrs Canadiens qui commenc\u00e8rent les cat\u00e9ch\u00e8ses dans notre paroisse pour ce Chemin N\u00e9ocat\u00e9chum\u00e9nal en janvier 1970. Onze ann\u00e9es se sont \u00e9coul\u00e9es, Saint-P\u00e8re, et nous pouvons dire qu\u2019apr\u00e8s diff\u00e9rentes p\u00e9rip\u00e9ties, souffrances et joies, ce Chemin se concr\u00e9tise, poursuivant sa maturation sur le chemin de la foi, au service aussi des n\u00e9cessit\u00e9s de la paroisse. Sont ici pr\u00e9sents les pr\u00eatres itin\u00e9rants et aussi un groupe important de cat\u00e9chistes qui pr\u00e9parent les jeunes \u00e0 la Confirmation, parce que cette t\u00e2che,  avec celle de la pr\u00e9paration au Bapt\u00eame et de la cat\u00e9ch\u00e8se pour les fianc\u00e9s est confi\u00e9e \u00e0 ces fr\u00e8res. Saint-P\u00e8re, voici ce qu\u2019est la r\u00e9alit\u00e9 de notre communaut\u00e9 paroissiale, un des signes de communion eccl\u00e9siale pour la construction du Royaume de Dieu dans notre paroisse. <\/p>\n\n<p><em>Le Saint-P\u00e8re avait d\u00e9j\u00e0 eu l\u2019occasion de conna\u00eetre les Communaut\u00e9s N\u00e9ocat\u00e9chum\u00e9nales lors de ses visites pastorales. Giampiero Donnini, cat\u00e9chiste dans la paroisse de Notre Dame de Coromoto a exprim\u00e9, au nom de toutes les personnes pr\u00e9sentes, la joie et la reconnaissance de pouvoir une nouvelle fois rencontrer le Pape : <\/em><\/p>\n\n<p>C\u2019est une tr\u00e8s grande joie pour nous de vous voir ici, surtout apr\u00e8s l\u2019hom\u00e9lie que vous avez prononc\u00e9e aujourd\u2019hui. Vous avez termin\u00e9 avec une question : o\u00f9 sont les collaborateurs de l\u2019\u00c9v\u00eaque pour l\u2019\u00e9vang\u00e9lisation ?  Nous voici, nous sommes ici pour vous dire que nous sommes pr\u00eats \u00e0 r\u00e9pondre \u00e0 votre appel ! Nous voudrions, particuli\u00e8rement, vous pr\u00e9senter la premi\u00e8re communaut\u00e9 :  d\u2019ici peu ces fr\u00e8res commenceront \u00e0 se rendre deux par deux dans les maisons pour annoncer avec simplicit\u00e9 et humilit\u00e9 le Royaume de Dieu, J\u00e9sus Christ, \u00e0 tous les habitants du quartier. <\/p>\n\n<p>Il est fondamental d\u2019annoncer \u00e0 l\u2019homme d\u2019aujourd\u2019hui la bonne nouvelle de l\u2019\u00c9vangile, l\u2019amour de Dieu qui se manifeste dans la Croix de J\u00e9sus Christ, montrant celui qui aime les p\u00e9cheurs. Le monde d\u2019aujourd\u2019hui ne croit plus que c\u2019est Dieu qui prend l\u2019initiative comme avec Abraham. L\u2019homme d\u2019aujourd\u2019hui n\u2019y croit plus, il pense que c\u2019est lui qui fait le premier pas. Ainsi, a repris le cat\u00e9chiste pour conclure,  il est n\u00e9cessaire de r\u00e9-annoncer au monde l\u2019amour de Dieu. C\u2019est fondamental de l\u2019annoncer, autrement tout l\u2019\u00c9vangile est perdant si on renonce \u00e0 annoncer l\u2019amour aux p\u00e9cheurs. Mais comment peut-on annoncer cela ? Comment peut-on \u00eatre t\u00e9moins si on n\u2019est pas envoy\u00e9s, comment peut-on \u00eatre envoy\u00e9s si on ne fait pas d\u2019abord l\u2019exp\u00e9rience de J\u00e9sus Christ ? Alors il est important \u00e0 l\u2019int\u00e9rieur de la paroisse d\u2019ouvrir un chemin o\u00f9 chacun puisse \u00eatre engendr\u00e9 progressivement \u00e0 la foi et que cette foi finalement puisse devenir missionnaire, un t\u00e9moignage face au monde. <br\/><br\/><em>Apr\u00e8s Giampiero, deux autres cat\u00e9chistes ont racont\u00e9 au Pape leur exp\u00e9rience d\u2019apostolat envers les familles, \u00e9voquant les difficult\u00e9s qui entravent l\u2019annonce du message chr\u00e9tien sous cette nouvelle forme, mais manifestant aussi l\u2019enthousiasme qui les anime.<\/em><\/p>\n\n<p><em>Le Saint P\u00e8re leur r\u00e9pondit :<\/em><\/p>\n\n<p>Vos t\u00e9moignages sont toujours tr\u00e8s int\u00e9ressants parce qu\u2019ils proviennent d\u2019une exp\u00e9rience v\u00e9cue, v\u00e9cue int\u00e9rieurement, personnellement, d\u2019une exp\u00e9rience purement religieuse, \u00e9vang\u00e9lique. Je veux b\u00e9nir vos groupes et votre Chemin N\u00e9ocat\u00e9chum\u00e9nal qui est votre chemin, mais aussi un chemin vers les autres. En vous b\u00e9nissant tous ici pr\u00e9sents, je veux b\u00e9nir \u00e9galement tous ceux aux portes desquels vous irez chercher accueil ; l\u2019accueil de votre parole, de votre mission cat\u00e9ch\u00e9tique. Je vous b\u00e9nis de tout c\u0153ur et vous souhaite de grandir dans cette foi, dans cette exp\u00e9rience v\u00e9cue de votre Bapt\u00eame. Nous devons, comme dit aussi Saint Pierre, nous comporter un peu comme des nouveau-n\u00e9s, comme des enfants, et nous devons nous comporter comme tels durant toute la vie parce que le Bapt\u00eame d\u00e9termine toute notre vie avec un don, un don incompr\u00e9hensible ; le don de la filiation divine, le don d\u2019\u00eatre semblables au Fils de Dieu, enfants de Dieu, enfants dans le Fils. \u00c7a c\u2019est la bonne nouvelle, l\u2019\u00c9vangile. <strong>Vivre cela et le faire vivre aux autres c\u2019est annoncer l\u2019\u00c9vangile.<\/strong> <\/p>\n\n<p><em>(*) Cf. \u00abL\u2019Osservatore Romano\u00bb, 16-17 mars 1981.<\/em><\/p>\n","protected":false},"excerpt":{"rendered":"<p>Visite \u00e0 la paroisse Notre Dame de Coromoto 15 mars 1981 Saint Jean-Paul II Rome, 15 mars 1981 * Jean-Paul II a rejoint l\u2019\u00e9glise o\u00f9 le cur\u00e9 lui a pr\u00e9sent\u00e9 les Communaut\u00e9s N\u00e9ocat\u00e9chum\u00e9nales qui depuis quelques ann\u00e9es se sont ins\u00e9r\u00e9es dans la vie de la paroisse. Voici le groupe des fr\u00e8res du Chemin N\u00e9ocat\u00e9chum\u00e9nal, a dit Mgr Gulizia, et avec eux l\u2019\u00e9quipe des cat\u00e9chistes provenant de la paroisse des Martyrs<\/p>\n<div class=\"read-more\"><a class=\"btn read-more-btn\" href=\"https:\/\/neocatechumenaleiter.org\/fr\/paroles-de-papes\/st-jean-paul-ii\/visite-a-la-paroisse-notre-dame-de-coromoto-15-mars-1981\/\">En savoir plus<\/a><\/div>\n","protected":false},"author":2,"featured_media":0,"parent":5064,"menu_order":8,"comment_status":"closed","ping_status":"closed","template":"","meta":{"footnotes":""},"class_list":["post-17573","page","type-page","status-publish","hentry"],"_links":{"self":[{"href":"https:\/\/neocatechumenaleiter.org\/fr\/wp-json\/wp\/v2\/pages\/17573","targetHints":{"allow":["GET"]}}],"collection":[{"href":"https:\/\/neocatechumenaleiter.org\/fr\/wp-json\/wp\/v2\/pages"}],"about":[{"href":"https:\/\/neocatechumenaleiter.org\/fr\/wp-json\/wp\/v2\/types\/page"}],"author":[{"embeddable":true,"href":"https:\/\/neocatechumenaleiter.org\/fr\/wp-json\/wp\/v2\/users\/2"}],"replies":[{"embeddable":true,"href":"https:\/\/neocatechumenaleiter.org\/fr\/wp-json\/wp\/v2\/comments?post=17573"}],"version-history":[{"count":2,"href":"https:\/\/neocatechumenaleiter.org\/fr\/wp-json\/wp\/v2\/pages\/17573\/revisions"}],"predecessor-version":[{"id":24018,"href":"https:\/\/neocatechumenaleiter.org\/fr\/wp-json\/wp\/v2\/pages\/17573\/revisions\/24018"}],"up":[{"embeddable":true,"href":"https:\/\/neocatechumenaleiter.org\/fr\/wp-json\/wp\/v2\/pages\/5064"}],"wp:attachment":[{"href":"https:\/\/neocatechumenaleiter.org\/fr\/wp-json\/wp\/v2\/media?parent=17573"}],"curies":[{"name":"wp","href":"https:\/\/api.w.org\/{rel}","templated":true}]}}