{"id":17575,"date":"2020-09-15T16:20:59","date_gmt":"2020-09-15T15:20:59","guid":{"rendered":"https:\/\/neocatechumenaleiter.org\/paroles-de-papes\/st-jean-paul-ii\/visite-a-la-paroisse-saint-antoine-a-piazza-asti-6-mai-1979\/"},"modified":"2020-09-15T16:20:59","modified_gmt":"2020-09-15T15:20:59","slug":"visite-a-la-paroisse-saint-antoine-a-piazza-asti-6-mai-1979","status":"publish","type":"page","link":"https:\/\/neocatechumenaleiter.org\/fr\/paroles-de-papes\/st-jean-paul-ii\/visite-a-la-paroisse-saint-antoine-a-piazza-asti-6-mai-1979\/","title":{"rendered":"Visite \u00e0 la paroisse Saint Antoine \u00e0 Piazza Asti 6 mai 1979"},"content":{"rendered":"\n<h1 class=\"has-text-align-center wp-block-heading\">Visite \u00e0 la paroisse Saint Antoine \u00e0 Piazza Asti 6 mai 1979<\/h1>\n\n<div style=\"height:20px\" aria-hidden=\"true\" class=\"wp-block-spacer\"><\/div>\n\n<h4 class=\"has-text-align-center wp-block-heading\">Saint Jean-Paul II<\/h4>\n\n<div style=\"height:20px\" aria-hidden=\"true\" class=\"wp-block-spacer\"><\/div>\n\n<p><strong>Rome, 6 mai 1979 *<\/strong><\/p>\n\n<p><em>Le dimanche 6 mai 1979, lors de la journ\u00e9e consacr\u00e9e aux vocations, le Pape a visit\u00e9 la paroisse Saint Antoine sur la Place Asti (au Tuscolano) o\u00f9, apr\u00e8s avoir c\u00e9l\u00e9br\u00e9 la Sainte Messe \u00e0 17h30, il s\u2019est entretenu s\u00e9par\u00e9ment avec les divers groupes de la paroisse et avec les deux Communaut\u00e9s N\u00e9ocat\u00e9chum\u00e9nales qui sont en chemin respectivement depuis deux ans et demi et depuis six mois. Leurs cat\u00e9chistes, provenant de la seconde Communaut\u00e9 de Sainte Fran\u00e7oise Cabrini de Rome \u00e9taient pr\u00e9sents. &#013;\n<br \/><br \/>&#013;\nLe Pape, accompagn\u00e9 du Cardinal Poletti et de l\u2019\u00c9v\u00eaque du secteur, Mgr Salimei, a \u00e9t\u00e9 accueilli avec le chant \u00ab J\u00e9rusalem, J\u00e9rusalem, J\u00e9rusalem reconstruite \u00bb (du Cantique de Tobie) ; tandis que les fr\u00e8res chantaient, Jean-Paul II, lors d\u2019un rapide tour de salutation, a adress\u00e9 une parole \u00e0 chacun, s\u2019attardant \u00e0 la fin pour chanter l\u2019All\u00e9luia avec les chanteurs. &#013;\n<br \/><br \/>&#013;\n\u00c0 la fin du chant, le cur\u00e9 a pr\u00e9sent\u00e9 au Pape le Chemin en disant : <\/em>&#013;\n<\/p>\n\n<p>Tr\u00e8s Saint P\u00e8re, voici ces deux Communaut\u00e9s qui sont appel\u00e9es N\u00e9ocat\u00e9chum\u00e9nales et avec ce nom ils veulent signifier le chemin de conversion qu\u2019ils ont entrepris pour la red\u00e9couverte de la Foi qu\u2019ils ont re\u00e7ue dans le Bapt\u00eame : Mais une Foi qui est rest\u00e9e, peut-\u00eatre, au niveau de l\u2019embryon de sorte qu\u2019\u00e0 travers ce Chemin de Foi, avec l\u2019\u00e9coute de la Parole de Dieu, cette Foi doit s\u2019incuber et donc devenir grande, adulte. C\u2019est le moyen, nous pouvons dire, pour appeler les plus lointains, ceux qui sont p\u00e9cheurs, qui n\u2019ont jamais entendu parler de conversion, et ensuite \u2013 on le comprend &#8211;  arriver \u00e0 ce t\u00e9moignage qui est l\u2019amour envers Dieu et envers le prochain. Voil\u00e0, ce sera tout. <\/p>\n\n<p><em>Le Pape a aussit\u00f4t dit:<\/em><\/p>\n\n<p>Et tout ceci vous l\u2019expliquez avec votre Communaut\u00e9, avec votre communion fraternelle et avec votre joie, aussi avec votre chant, certainement avec la pri\u00e8re : parce que quand on d\u00e9couvre la vraie r\u00e9alit\u00e9 du Bapt\u00eame, de la Gr\u00e2ce de Dieu, de notre filiation divine, quand on d\u00e9couvre tout ceci alors on entre dans la joie profonde et puis aussi dans la joie communicable ; \u00e7a signifie que l\u2019on cherche \u00e0 communiquer cette d\u00e9couverte et cette joie aux autres. Je pense en effet que ce qu\u2019\u00e9tait l\u2019Esprit des groupes de Cat\u00e9chum\u00e8nes dans l\u2019\u00c9glise Primitive est aussi l\u2019Esprit des groupes N\u00e9ocat\u00e9chum\u00e9naux dans l\u2019\u00c9glise contemporaine. Je vous souhaite de continuer et aussi de prier de temps en temps pour le Pape. <\/p>\n\n<p>Je vous souhaite de continuer et aussi de prier de temps en temps pour le Pape.<\/p>\n\n<p><em>(*) Cf. \u00abL\u2019Osservatore Romano\u00bb, 7-8 mai 1979.<\/em><\/p>\n","protected":false},"excerpt":{"rendered":"<p>Visite \u00e0 la paroisse Saint Antoine \u00e0 Piazza Asti 6 mai 1979 Saint Jean-Paul II Rome, 6 mai 1979 * Le dimanche 6 mai 1979, lors de la journ\u00e9e consacr\u00e9e aux vocations, le Pape a visit\u00e9 la paroisse Saint Antoine sur la Place Asti (au Tuscolano) o\u00f9, apr\u00e8s avoir c\u00e9l\u00e9br\u00e9 la Sainte Messe \u00e0 17h30, il s\u2019est entretenu s\u00e9par\u00e9ment avec les divers groupes de la paroisse et avec les deux<\/p>\n<div class=\"read-more\"><a class=\"btn read-more-btn\" href=\"https:\/\/neocatechumenaleiter.org\/fr\/paroles-de-papes\/st-jean-paul-ii\/visite-a-la-paroisse-saint-antoine-a-piazza-asti-6-mai-1979\/\">En savoir plus<\/a><\/div>\n","protected":false},"author":2,"featured_media":0,"parent":5064,"menu_order":1,"comment_status":"closed","ping_status":"closed","template":"","meta":{"footnotes":""},"class_list":["post-17575","page","type-page","status-publish","hentry"],"_links":{"self":[{"href":"https:\/\/neocatechumenaleiter.org\/fr\/wp-json\/wp\/v2\/pages\/17575","targetHints":{"allow":["GET"]}}],"collection":[{"href":"https:\/\/neocatechumenaleiter.org\/fr\/wp-json\/wp\/v2\/pages"}],"about":[{"href":"https:\/\/neocatechumenaleiter.org\/fr\/wp-json\/wp\/v2\/types\/page"}],"author":[{"embeddable":true,"href":"https:\/\/neocatechumenaleiter.org\/fr\/wp-json\/wp\/v2\/users\/2"}],"replies":[{"embeddable":true,"href":"https:\/\/neocatechumenaleiter.org\/fr\/wp-json\/wp\/v2\/comments?post=17575"}],"version-history":[{"count":1,"href":"https:\/\/neocatechumenaleiter.org\/fr\/wp-json\/wp\/v2\/pages\/17575\/revisions"}],"predecessor-version":[{"id":17576,"href":"https:\/\/neocatechumenaleiter.org\/fr\/wp-json\/wp\/v2\/pages\/17575\/revisions\/17576"}],"up":[{"embeddable":true,"href":"https:\/\/neocatechumenaleiter.org\/fr\/wp-json\/wp\/v2\/pages\/5064"}],"wp:attachment":[{"href":"https:\/\/neocatechumenaleiter.org\/fr\/wp-json\/wp\/v2\/media?parent=17575"}],"curies":[{"name":"wp","href":"https:\/\/api.w.org\/{rel}","templated":true}]}}