{"id":17577,"date":"2020-09-15T16:33:45","date_gmt":"2020-09-15T15:33:45","guid":{"rendered":"https:\/\/neocatechumenaleiter.org\/paroles-de-papes\/st-jean-paul-ii\/audience-aux-neocatechumenes-madrilenes-23-mars-1984\/"},"modified":"2020-11-30T10:21:03","modified_gmt":"2020-11-30T09:21:03","slug":"audience-aux-neocatechumenes-madrilenes-23-mars-1984","status":"publish","type":"page","link":"https:\/\/neocatechumenaleiter.org\/fr\/paroles-de-papes\/st-jean-paul-ii\/audience-aux-neocatechumenes-madrilenes-23-mars-1984\/","title":{"rendered":"Audience aux N\u00e9ocat\u00e9chum\u00e8nes Madril\u00e8nes 23 mars 1984"},"content":{"rendered":"\n<h1 class=\"has-text-align-center wp-block-heading\">Audience aux N\u00e9ocat\u00e9chum\u00e8nes Madril\u00e8nes 23 mars 1984<\/h1>\n\n<div style=\"height:20px\" aria-hidden=\"true\" class=\"wp-block-spacer\"><\/div>\n\n<h4 class=\"has-text-align-center wp-block-heading\">Saint Jean-Paul II<\/h4>\n\n<div style=\"height:20px\" aria-hidden=\"true\" class=\"wp-block-spacer\"><\/div>\n\n<p><strong>Cit\u00e9 du Vatican &#8211; Salle du Consistoire, 23 mars 1984 *<\/strong><\/p>\n\n<p><em>Le Pape a re\u00e7u ce matin en audience des membres des Communaut\u00e9s N\u00e9ocat\u00e9chum\u00e9nales de quatre paroisses de Madrid. Pronon\u00e7ant un bref discours de salutations et apr\u00e8s avoir remerci\u00e9 les N\u00e9ocat\u00e9chum\u00e8nes espagnols pour leur visite \u00ab signe d\u2019adh\u00e9sion au successeur de Pierre, comme garantie de fid\u00e9lit\u00e9 eccl\u00e9siale \u00bb, le Pape les a exhort\u00e9s \u00e0 enraciner leur vie dans la foi re\u00e7ue des Ap\u00f4tres et enseign\u00e9e par les P\u00e8res de l\u2019\u00c9glise, afin qu\u2019elle soit \u00ab la lumi\u00e8re qui illumine chaque pas de votre chemin vers le P\u00e8re \u00bb.  &#013;\n<br \/><br \/>&#013;\nVoici le discours prononc\u00e9 par le Saint P\u00e8re : <\/em>&#013;\n<\/p>\n\n<p>Chers fr\u00e8res et s\u0153urs, <br \/><br \/>&#013;\nJe suis heureux de pouvoir recevoir ce matin votre important groupe, compos\u00e9 de membres des Communaut\u00e9s N\u00e9ocat\u00e9chum\u00e9nales des paroisses madril\u00e8nes de Saint Joseph, Saint S\u00e9bastien, de la Vierge de la Paloma et de Saint Roch.<br \/><br \/> &#013;\nEn vous adressant mes cordiales salutations, je d\u00e9sire l\u2019\u00e9tendre aussi aux membres des autres communaut\u00e9s de vos paroisses et de mani\u00e8re particuli\u00e8re \u00e0 vos cur\u00e9s ici pr\u00e9sents, qui vous ont tant aid\u00e9s dans votre rencontre vitale avec le Christ. <br \/><br \/>&#013;\nJe vous remercie pour cette visite qui veut \u00eatre, pr\u00e8s de la tombe du premier ap\u00f4tre, un acte d\u2019adh\u00e9sion au successeur de Pierre, comme garantie de la fid\u00e9lit\u00e9 eccl\u00e9siale et qui s\u2019ins\u00e8re dans l\u2019itin\u00e9raire de foi que vous \u00eates en train de parcourir. <br \/><br \/>&#013;\nJe sais que, ces derniers temps, vous avez consacr\u00e9 une attention toute sp\u00e9ciale \u00e0 l\u2019\u00e9tude des articles du Credo, pour votre propre formation et pour pouvoir aider les autres chr\u00e9tiens et les familles. <br \/><br \/>&#013;\nPour ma part, je vous encourage \u00e0 enraciner solidement votre vie dans la foi re\u00e7ue des ap\u00f4tres et enseign\u00e9e par les P\u00e8res de l\u2019\u00c9glise, et qui doit \u00eatre la lumi\u00e8re qui illumine chaque pas de votre chemin vers le P\u00e8re. &#013;\n<\/p>\n\n<div class=\"wp-block-image\"><figure class=\"alignright size-large\"><img loading=\"lazy\" decoding=\"async\" width=\"702\" height=\"558\" src=\"https:\/\/neocatechumenaleiter.org\/wp-content\/uploads\/2020\/03\/Camino_Neocatecumenal_Juan_Pablo_II_audiencia_catecumenos_Madrid_1984.jpg\" alt=\"\" class=\"wp-image-1806\" srcset=\"https:\/\/neocatechumenaleiter.org\/wp-content\/uploads\/2020\/03\/Camino_Neocatecumenal_Juan_Pablo_II_audiencia_catecumenos_Madrid_1984.jpg 702w, https:\/\/neocatechumenaleiter.org\/wp-content\/uploads\/2020\/03\/Camino_Neocatecumenal_Juan_Pablo_II_audiencia_catecumenos_Madrid_1984-300x238.jpg 300w\" sizes=\"auto, (max-width: 702px) 100vw, 702px\" \/><\/figure><\/div>\n\n<p>Je me r\u00e9jouis aussi de savoir que dans ce programme de p\u00e8lerinage \u00e0 Rome, vous avez pr\u00e9vu la visite d\u2019un sanctuaire marial comme celui de Lorette, pour placer votre existence sous la protection maternelle de la Vierge Marie, la M\u00e8re du Christ et de l\u2019\u00c9glise. <br \/><br \/>&#013;\nElle, en \u00e9tant la M\u00e8re du Christ de notre foi, fut la premi\u00e8re et la meilleure imitatrice de son Fils. Elle est un sentier lumineux qui conduit au centre du myst\u00e8re de J\u00e9sus Christ (cf. Paul VI, <em>Marialis Cultus<\/em>, 25). Elle, par son exemple, nous enseigne \u00e0 nous engager dans l\u2019\u00c9glise, pour que se forme sans cesse, dans les hommes du monde d\u2019aujourd\u2019hui, l\u2019image de son Fils. Elle qui avec sa vie et son sacrifice a collabor\u00e9 avec amour \u00e0 l\u2019\u0153uvre de J\u00e9sus (cf. <em>Lumen Gentium<\/em>, 60ss), d\u00e9sire continuer \u00e0 nous enseigner la valeur de chaque homme et les motifs profonds pour l\u2019aimer, sans distinction et sans r\u00e9serve. C\u2019est pourquoi, accueillez Marie comme v\u00e9ritable m\u00e8re, comme ma\u00eetresse, comme guide et exemple dans toute votre vie. Parce que loin d\u2019offusquer la n\u00e9cessaire orientation christologique de votre vie, elle la facilitera. <br \/><br \/>&#013;\nAvec ces v\u0153ux, je vous encourage sur votre chemin, pour que toujours unis \u00e0 vos \u00e9v\u00eaques et pr\u00eatres, et en communion fraternelle avec les autres mouvements de spiritualit\u00e9 et d\u2019apostolat d\u00fbment reconnus, vous offriez votre g\u00e9n\u00e9reuse contribution \u00e0 l\u2019\u00c9glise de notre \u00e9poque. <br \/><br \/>&#013;\nCeci je le demande pour vous au Seigneur, vous donnant ma B\u00e9n\u00e9diction apostolique. &#013;\n<\/p>\n\n<p><em>(*) Cf. \u00abL\u2019Osservatore Romano\u00bb, 24 mars 1984.<\/em><\/p>\n","protected":false},"excerpt":{"rendered":"<p>Audience aux N\u00e9ocat\u00e9chum\u00e8nes Madril\u00e8nes 23 mars 1984 Saint Jean-Paul II Cit\u00e9 du Vatican &#8211; Salle du Consistoire, 23 mars 1984 * Le Pape a re\u00e7u ce matin en audience des membres des Communaut\u00e9s N\u00e9ocat\u00e9chum\u00e9nales de quatre paroisses de Madrid. Pronon\u00e7ant un bref discours de salutations et apr\u00e8s avoir remerci\u00e9 les N\u00e9ocat\u00e9chum\u00e8nes espagnols pour leur visite \u00ab signe d\u2019adh\u00e9sion au successeur de Pierre, comme garantie de fid\u00e9lit\u00e9 eccl\u00e9siale \u00bb, le Pape<\/p>\n<div class=\"read-more\"><a class=\"btn read-more-btn\" href=\"https:\/\/neocatechumenaleiter.org\/fr\/paroles-de-papes\/st-jean-paul-ii\/audience-aux-neocatechumenes-madrilenes-23-mars-1984\/\">En savoir plus<\/a><\/div>\n","protected":false},"author":2,"featured_media":0,"parent":5064,"menu_order":26,"comment_status":"closed","ping_status":"closed","template":"","meta":{"footnotes":""},"class_list":["post-17577","page","type-page","status-publish","hentry"],"_links":{"self":[{"href":"https:\/\/neocatechumenaleiter.org\/fr\/wp-json\/wp\/v2\/pages\/17577","targetHints":{"allow":["GET"]}}],"collection":[{"href":"https:\/\/neocatechumenaleiter.org\/fr\/wp-json\/wp\/v2\/pages"}],"about":[{"href":"https:\/\/neocatechumenaleiter.org\/fr\/wp-json\/wp\/v2\/types\/page"}],"author":[{"embeddable":true,"href":"https:\/\/neocatechumenaleiter.org\/fr\/wp-json\/wp\/v2\/users\/2"}],"replies":[{"embeddable":true,"href":"https:\/\/neocatechumenaleiter.org\/fr\/wp-json\/wp\/v2\/comments?post=17577"}],"version-history":[{"count":3,"href":"https:\/\/neocatechumenaleiter.org\/fr\/wp-json\/wp\/v2\/pages\/17577\/revisions"}],"predecessor-version":[{"id":19866,"href":"https:\/\/neocatechumenaleiter.org\/fr\/wp-json\/wp\/v2\/pages\/17577\/revisions\/19866"}],"up":[{"embeddable":true,"href":"https:\/\/neocatechumenaleiter.org\/fr\/wp-json\/wp\/v2\/pages\/5064"}],"wp:attachment":[{"href":"https:\/\/neocatechumenaleiter.org\/fr\/wp-json\/wp\/v2\/media?parent=17577"}],"curies":[{"name":"wp","href":"https:\/\/api.w.org\/{rel}","templated":true}]}}