{"id":17579,"date":"2020-09-15T17:04:05","date_gmt":"2020-09-15T16:04:05","guid":{"rendered":"https:\/\/neocatechumenaleiter.org\/paroles-de-papes\/st-jean-paul-ii\/audience-privee-aux-communautes-neocatechumenales-despagne-et-divree-7-decembre-1986\/"},"modified":"2020-09-15T17:04:05","modified_gmt":"2020-09-15T16:04:05","slug":"audience-privee-aux-communautes-neocatechumenales-despagne-et-divree-7-decembre-1986","status":"publish","type":"page","link":"https:\/\/neocatechumenaleiter.org\/fr\/paroles-de-papes\/st-jean-paul-ii\/audience-privee-aux-communautes-neocatechumenales-despagne-et-divree-7-decembre-1986\/","title":{"rendered":"Audience priv\u00e9e aux Communaut\u00e9s N\u00e9ocat\u00e9chum\u00e9nales d&rsquo;Espagne et d&rsquo;Ivr\u00e9e 7 d\u00e9cembre 1986"},"content":{"rendered":"\n<h1 class=\"has-text-align-center wp-block-heading\">Audience priv\u00e9e aux Communaut\u00e9s N\u00e9ocat\u00e9chum\u00e9nales d&rsquo;Espagne et d&rsquo;Ivr\u00e9e 7 d\u00e9cembre 1986<\/h1>\n\n<div style=\"height:20px\" aria-hidden=\"true\" class=\"wp-block-spacer\"><\/div>\n\n<h4 class=\"has-text-align-center wp-block-heading\">Saint Jean-Paul II<\/h4>\n\n<div style=\"height:20px\" aria-hidden=\"true\" class=\"wp-block-spacer\"><\/div>\n\n<p><strong>Cit\u00e9 du Vatican &#8211; Salle Cl\u00e9mentine, 7 d\u00e9cembre 1986 *<\/strong><\/p>\n\n<p><em>Le Pape a re\u00e7u ce matin en audience priv\u00e9e les membres des Communaut\u00e9s N\u00e9ocat\u00e9chum\u00e9nales de cinq Paroisses de l\u2019Espagne et une de Ivr\u00e9e (Pi\u00e9mont), en p\u00e8lerinage sur la Tombe de Saint Pierre et \u00e0 la Sainte Maison de Lorette.<br \/><br \/>&#013;\nVoici le discours prononc\u00e9 par le Saint P\u00e8re :<\/em>&#013;\n<\/p>\n\n<p>Cette rencontre avec vous est un motif de grande joie, fr\u00e8res et s\u0153urs des Communaut\u00e9s N\u00e9ocat\u00e9chum\u00e9nales. Vous \u00eates venus confesser votre foi chr\u00e9tienne, proclamer la foi, et avec votre visite \u00e0 Rome, vous faites profession de catholicit\u00e9, d\u2019universalit\u00e9 face au Successeur de Pierre dans cette \u00e9tape importante de votre Chemin N\u00e9ocat\u00e9chum\u00e9nal : votre p\u00e8lerinage au centre de la chr\u00e9tient\u00e9 au XXe si\u00e8cle marque votre volont\u00e9 d\u2019union et de fid\u00e9lit\u00e9 \u00e0 l\u2019\u00c9glise du Christ.<br \/><br \/>&#013;\nDans votre itin\u00e9raire, ne pouvait manquer une visite \u00e0 la Tr\u00e8s Sainte M\u00e8re ; c\u2019est pourquoi vous mettrez aux pieds de la Tr\u00e8s Sainte Vierge vos attentes et vos d\u00e9sirs apostoliques, de sorte que par son intercession, Son Divin Fils rende vraiment f\u00e9cond votre t\u00e9moignage de pri\u00e8re, de sacrifice, de charit\u00e9, de service aux fr\u00e8res. <br \/><br \/>&#013;\nJe d\u00e9sire vous encourager dans votre cheminement, pour que vous soyez porteurs du message de l\u2019esp\u00e9rance annon\u00e7ant la Bonne Nouvelle du Royaume. Je vous r\u00e9p\u00e8te l\u2019exhortation de Saint Pierre : \u00ab Soyez toujours pr\u00eats \u00e0 rendre t\u00e9moignage de votre esp\u00e9rance \u00e0 tous ceux qui vous le demandent. \u00bb <br \/><br \/>&#013;\nQue cette p\u00e9riode liturgique que nous sommes en train de vivre soit celle d\u2019une grande attente de la venue du R\u00e9dempteur, Celui qui est le porteur de la paix que le monde ne peut donner. <br \/><br \/>&#013;\nDans mes pri\u00e8res je vous confie \u00e0 Marie, mod\u00e8le d\u2019esp\u00e9rance, afin que votre g\u00e9n\u00e9reux service \u00e9vang\u00e9lique, en pleine communion avec les Pasteurs de l\u2019\u00c9glise, produise de grands fruits de vie chr\u00e9tienne. <br \/><br \/>&#013;\nJe vous b\u00e9nis tous de tout c\u0153ur : grands-parents et enfants, fr\u00e8res et s\u0153urs, vous tous. <br \/><br \/>&#013;\nAu nom du P\u00e8re, et du Fils et du Saint Esprit.&#013;\n<\/p>\n\n<p><em>(*) Cf. \u00abL\u2019Osservatore Romano\u00bb, 9-10 d\u00e9cembre 1986.<\/em><\/p>\n\n<figure class=\"wp-block-gallery aligncenter columns-2 is-cropped wp-block-gallery-1 is-layout-flex wp-block-gallery-is-layout-flex\"><ul class=\"blocks-gallery-grid\"><li class=\"blocks-gallery-item\"><figure><img loading=\"lazy\" decoding=\"async\" width=\"690\" height=\"560\" src=\"https:\/\/neocatechumenaleiter.org\/wp-content\/uploads\/2020\/03\/Camino_Neocatecumenal_Juan_Pablo_II_visita_parroquia_San_Felice_1986.jpg\" alt=\"Saint Jean-Paul II Audience priv&#xE9;e aux Communaut&#xE9;s N&#xE9;ocat&#xE9;chum&#xE9;nales d'Espagne et d'Ivr&#xE9;e\" data-id=\"1947\" data-full-url=\"https:\/\/neocatechumenaleiter.org\/wp-content\/uploads\/2020\/03\/Camino_Neocatecumenal_Juan_Pablo_II_visita_parroquia_San_Felice_1986.jpg\" data-link=\"https:\/\/neocatechumenaleiter.org\/palabras-de-los-papas\/s-juan-pablo-ii\/visita-a-la-parroquia-de-san-felice-da-cantalice-4-5-1986\/camino_neocatecumenal_juan_pablo_ii_visita_parroquia_san_felice_1986\/\" class=\"wp-image-1949\" srcset=\"https:\/\/neocatechumenaleiter.org\/wp-content\/uploads\/2020\/03\/Camino_Neocatecumenal_Juan_Pablo_II_visita_parroquia_San_Felice_1986.jpg 690w, https:\/\/neocatechumenaleiter.org\/wp-content\/uploads\/2020\/03\/Camino_Neocatecumenal_Juan_Pablo_II_visita_parroquia_San_Felice_1986-300x243.jpg 300w\" sizes=\"auto, (max-width: 690px) 100vw, 690px\" \/><figcaption class=\"blocks-gallery-item__caption\">Les initiateurs du Chemin saluent le Saint P\u00e8re Jean-Paul II<\/figcaption><\/figure><\/li><li class=\"blocks-gallery-item\"><figure><img loading=\"lazy\" decoding=\"async\" width=\"689\" height=\"560\" src=\"https:\/\/neocatechumenaleiter.org\/wp-content\/uploads\/2020\/03\/Camino_Neocatecumenal_Juan_Pablo_II_visita_parroquia_San_Felice_19862.jpg\" alt=\"Saint Jean-Paul II Audience priv&#xE9;e aux Communaut&#xE9;s N&#xE9;ocat&#xE9;chum&#xE9;nales d'Espagne et d'Ivr&#xE9;e\" data-id=\"1954\" data-full-url=\"https:\/\/neocatechumenaleiter.org\/wp-content\/uploads\/2020\/03\/Camino_Neocatecumenal_Juan_Pablo_II_visita_parroquia_San_Felice_19862.jpg\" data-link=\"https:\/\/neocatechumenaleiter.org\/palabras-de-los-papas\/s-juan-pablo-ii\/visita-a-la-parroquia-de-san-felice-da-cantalice-4-5-1986\/camino_neocatecumenal_juan_pablo_ii_visita_parroquia_san_felice_19862\/\" class=\"wp-image-1956\" srcset=\"https:\/\/neocatechumenaleiter.org\/wp-content\/uploads\/2020\/03\/Camino_Neocatecumenal_Juan_Pablo_II_visita_parroquia_San_Felice_19862.jpg 689w, https:\/\/neocatechumenaleiter.org\/wp-content\/uploads\/2020\/03\/Camino_Neocatecumenal_Juan_Pablo_II_visita_parroquia_San_Felice_19862-300x244.jpg 300w\" sizes=\"auto, (max-width: 689px) 100vw, 689px\" \/><figcaption class=\"blocks-gallery-item__caption\">Les communaut\u00e9s de l\u2019Espagne et de la ville d\u2019Ivr\u00e9e proclament leur profession de foi face au Pape. <\/figcaption><\/figure><\/li><\/ul><\/figure>","protected":false},"excerpt":{"rendered":"<p>Audience priv\u00e9e aux Communaut\u00e9s N\u00e9ocat\u00e9chum\u00e9nales d&rsquo;Espagne et d&rsquo;Ivr\u00e9e 7 d\u00e9cembre 1986 Saint Jean-Paul II Cit\u00e9 du Vatican &#8211; Salle Cl\u00e9mentine, 7 d\u00e9cembre 1986 * Le Pape a re\u00e7u ce matin en audience priv\u00e9e les membres des Communaut\u00e9s N\u00e9ocat\u00e9chum\u00e9nales de cinq Paroisses de l\u2019Espagne et une de Ivr\u00e9e (Pi\u00e9mont), en p\u00e8lerinage sur la Tombe de Saint Pierre et \u00e0 la Sainte Maison de Lorette. &#013; Voici le discours prononc\u00e9 par le<\/p>\n<div class=\"read-more\"><a class=\"btn read-more-btn\" href=\"https:\/\/neocatechumenaleiter.org\/fr\/paroles-de-papes\/st-jean-paul-ii\/audience-privee-aux-communautes-neocatechumenales-despagne-et-divree-7-decembre-1986\/\">En savoir plus<\/a><\/div>\n","protected":false},"author":2,"featured_media":0,"parent":5064,"menu_order":38,"comment_status":"closed","ping_status":"closed","template":"","meta":{"footnotes":""},"class_list":["post-17579","page","type-page","status-publish","hentry"],"_links":{"self":[{"href":"https:\/\/neocatechumenaleiter.org\/fr\/wp-json\/wp\/v2\/pages\/17579","targetHints":{"allow":["GET"]}}],"collection":[{"href":"https:\/\/neocatechumenaleiter.org\/fr\/wp-json\/wp\/v2\/pages"}],"about":[{"href":"https:\/\/neocatechumenaleiter.org\/fr\/wp-json\/wp\/v2\/types\/page"}],"author":[{"embeddable":true,"href":"https:\/\/neocatechumenaleiter.org\/fr\/wp-json\/wp\/v2\/users\/2"}],"replies":[{"embeddable":true,"href":"https:\/\/neocatechumenaleiter.org\/fr\/wp-json\/wp\/v2\/comments?post=17579"}],"version-history":[{"count":1,"href":"https:\/\/neocatechumenaleiter.org\/fr\/wp-json\/wp\/v2\/pages\/17579\/revisions"}],"predecessor-version":[{"id":17580,"href":"https:\/\/neocatechumenaleiter.org\/fr\/wp-json\/wp\/v2\/pages\/17579\/revisions\/17580"}],"up":[{"embeddable":true,"href":"https:\/\/neocatechumenaleiter.org\/fr\/wp-json\/wp\/v2\/pages\/5064"}],"wp:attachment":[{"href":"https:\/\/neocatechumenaleiter.org\/fr\/wp-json\/wp\/v2\/media?parent=17579"}],"curies":[{"name":"wp","href":"https:\/\/api.w.org\/{rel}","templated":true}]}}