{"id":17581,"date":"2020-03-04T02:10:43","date_gmt":"2020-03-04T01:10:43","guid":{"rendered":"https:\/\/neocatechumenaleiter.org\/paroles-de-papes\/st-jean-paul-ii\/audience-eveques-du-moyen-orient-pendant-une-convivence-20-avril-1996\/"},"modified":"2021-08-10T11:03:58","modified_gmt":"2021-08-10T10:03:58","slug":"audience-eveques-du-moyen-orient-pendant-une-convivence-20-avril-1996","status":"publish","type":"page","link":"https:\/\/neocatechumenaleiter.org\/fr\/paroles-de-papes\/st-jean-paul-ii\/audience-eveques-du-moyen-orient-pendant-une-convivence-20-avril-1996\/","title":{"rendered":"Audience \u00e9v\u00eaques du moyen-orient pendant une convivence 20 avril 1996"},"content":{"rendered":"\n<h1 class=\"has-text-align-center wp-block-heading\">Audience \u00e9v\u00eaques du moyen-orient pendant une convivence 20 avril 1996<\/h1>\n\n<div style=\"height:20px\" aria-hidden=\"true\" class=\"wp-block-spacer\"><\/div>\n\n<h4 class=\"has-text-align-center wp-block-heading\">Saint Jean-Paul II<\/h4>\n\n<div style=\"height:20px\" aria-hidden=\"true\" class=\"wp-block-spacer\"><\/div>\n\n<p><strong>Cit\u00e9 du Vatican &#8211; Salle Cl\u00e9mentine, 20 avril 1996 <\/strong><\/p>\n\n<p><em>Jean-Paul II a re\u00e7u ce matin au Vatican une quarantaine d\u2019\u00c9v\u00eaques du Moyen-Orient, provenant de six \u00c9glises de rites diff\u00e9rents. <br\/><br\/>&#13;\nLes pr\u00e9lats se sont rassembl\u00e9s ces jours-ci \u00e0 Sabaudia, dans la province de Latina, pour participer \u00e0 une retraite organis\u00e9e par les initiateurs du Chemin N\u00e9ocat\u00e9chum\u00e9nal, Kiko Arg\u00fcello, Carmen Hern\u00e1ndez et le p\u00e8re Mario Pezzi.  <br\/><br\/>&#13;\nLe Pape a insist\u00e9 sur l\u2019unit\u00e9 du peuple chr\u00e9tien \u00ab autour des pasteurs des dioc\u00e8ses et en dialogue fraternel entre tous les croyants \u00bb, avec \u00ab une solidarit\u00e9 toujours plus grande, m\u00eame mat\u00e9rielle \u00bb. Dans le monde actuel, o\u00f9 \u00ab de nombreuses personnes et de nombreux peuples sont touch\u00e9s par les difficult\u00e9s \u00e9conomiques et souffrent de pauvret\u00e9 et de malnutrition, l\u2019\u00c9glise peut ainsi contribuer \u00e0 une meilleure r\u00e9partition des richesses naturelles et des biens de consommation \u00bb.  <\/em>&#13;\n<\/p>\n\n<p><em>Parmi les personnes pr\u00e9sentes \u00e0 l\u2019audience du Pape et \u00e0 la rencontre de Sabaudia : Sa B\u00e9atitude St\u00e9phanos II, patriarche des Coptes d\u2019Alexandrie d\u2019\u00c9gypte, 36 \u00e9v\u00eaques de la r\u00e9gion, de nombreux pr\u00eatres repr\u00e9sentant les 11 nations moyen-orientales et les initiateurs du Chemin N\u00e9ocat\u00e9chum\u00e9nal. Au terme de l\u2019audience, au micro de Roberto Piermarini, le Patriarche St\u00e9phanos II a expliqu\u00e9 l\u2019apport que peut donner cette exp\u00e9rience eccl\u00e9siale aux \u00c9glises orientales : \u00ab Il faut dire que cette exp\u00e9rience nous renforce dans la foi de notre Bapt\u00eame et, avec ce Chemin N\u00e9ocat\u00e9chum\u00e9nal, avec cette vie communautaire on cherche \u00e0 pouvoir vivre r\u00e9ellement pas seulement en tant qu\u2019individus mais aussi comme collectivit\u00e9. Et donc, m\u00eame du point de vue liturgique \u00ab latin \u00bb, occidental, nous pouvons conserver nos liturgies, nos rites orientaux et conserver cet esprit de recherche, de conversion et de fermet\u00e9 de notre foi catholique \u00bb. <br\/><br\/>&#13;\nMais cette exp\u00e9rience eccl\u00e9siale, n\u00e9e en Espagne au d\u00e9but des ann\u00e9es 60 et qui compte d\u00e9sormais 13000 communaut\u00e9s pr\u00e9sentes dans presque 100 nations des cinq continents, comment peut-elle donner un \u00e9lan \u00e0 la Nouvelle \u00c9vang\u00e9lisation au Moyen-Orient au seuil du Troisi\u00e8me Mill\u00e9naire ? &#13;\n<br\/><br\/>&#13;\nKiko Arg\u00fcello, initiateur du Chemin N\u00e9ocat\u00e9chum\u00e9nal, a r\u00e9pondu ainsi : <\/em>&#13;\n<\/p>\n\n<p>Elle peut conduire \u00e0 un chemin de renaissance, de red\u00e9couverte du Bapt\u00eame, pour renforcer les chr\u00e9tiens de ces r\u00e9gions qui se trouvent dans de tr\u00e8s grandes difficult\u00e9s, \u00e0 cause de la s\u00e9cularisation ou de l\u2019immigration\u2026 Nous avons d\u00e9j\u00e0 vu dans de nombreuses paroisses qu\u2019il \u00e9tait important d\u2019\u00ab insuffler \u00bb le Bapt\u00eame pour que la foi commence \u00e0 grandir, et, les rapports communautaires et le t\u00e9moignage dans le milieu du travail s\u2019en sont trouv\u00e9s renforc\u00e9s. Beaucoup de paroisses ont commenc\u00e9 \u00e0 refleurir et les cur\u00e9s sont tr\u00e8s contents. Je pense que la vitalit\u00e9 du Concile a voulu pr\u00e9parer l\u2019\u00c9glise aux d\u00e9fis du Troisi\u00e8me Mill\u00e9naire, en lui donnant des charismes, le souffle puissant de l\u2019Esprit pour pouvoir annoncer \u00e0 tous le Christ, vainqueur de la mort, et pour pouvoir r\u00e9ellement r\u00e9pondre aux d\u00e9fis du troisi\u00e8me mill\u00e9naire qui sont au fond la nouvelle anthropologie d\u2019un monde s\u00e9cularis\u00e9 et ath\u00e9e qui nie la R\u00e9v\u00e9lation. Un monde qui ne reconna\u00eet pas la paternit\u00e9 divine. Le Christ est venu nous montrer le P\u00e8re et nous sommes Enfants de Dieu : il nous indique ainsi une anthropologie impressionnante qui sauve la famille. Face \u00e0 une culture qui est en train de corrompre les principes de la famille, le Chemin \u00e0 travers les petites communaut\u00e9s sauve la famille. Et de ces familles qui s\u2019ouvrent \u00e0 la vie, qui sont r\u00e9g\u00e9n\u00e9r\u00e9es, sont en train de na\u00eetre des milliers de vocations pour aider l\u2019\u00c9glise. <\/p>\n\n<div class=\"wp-block-image\"><figure class=\"alignleft size-medium\"><img loading=\"lazy\" decoding=\"async\" width=\"300\" height=\"244\" src=\"https:\/\/neocatechumenaleiter.org\/wp-content\/uploads\/2020\/03\/Camino_Neocatecumenal_Juan_Pablo_II_audiencia_obispos_medio_oriente_1996-300x244.jpg\" alt=\"\" class=\"wp-image-2610\" srcset=\"https:\/\/neocatechumenaleiter.org\/wp-content\/uploads\/2020\/03\/Camino_Neocatecumenal_Juan_Pablo_II_audiencia_obispos_medio_oriente_1996-300x244.jpg 300w, https:\/\/neocatechumenaleiter.org\/wp-content\/uploads\/2020\/03\/Camino_Neocatecumenal_Juan_Pablo_II_audiencia_obispos_medio_oriente_1996.jpg 690w\" sizes=\"auto, (max-width: 300px) 100vw, 300px\" \/><\/figure><\/div>\n\n<p><em>Durant la rencontre qui s\u2019est tenue Salle Cl\u00e9mentine, le Saint P\u00e8re a prononc\u00e9 le discours suivant : <\/em>&#13;\n<br\/><br\/>&#13;\nVotre B\u00e9atitude, &#13;\nV\u00e9n\u00e9r\u00e9s Fr\u00e8res dans l\u2019\u00e9piscopat et dans le sacerdoce, &#13;\ntr\u00e8s chers Fr\u00e8res et S\u0153urs ! &#13;\n<br\/><br\/>&#13;\n1. Je vous accueille avec joie dans la maison du Successeur de Pierre, \u00e0 l\u2019occasion de la r\u00e9union sp\u00e9ciale \u00e0 laquelle vous participez. Je souhaite la bienvenue \u00e0 chacun de vous, Pasteurs et fid\u00e8les provenant des \u00c9glises catholiques du Moyen-Orient : la paix du Seigneur ressuscit\u00e9 soit avec vous et avec vos Communaut\u00e9s eccl\u00e9siales ! <br\/><br\/>&#13;\nEn ce moment, apr\u00e8s avoir c\u00e9l\u00e9br\u00e9 la Passion et la R\u00e9surrection du Seigneur, la sainte liturgie nous fait relire les <em>Actes des Ap\u00f4tres <\/em>qui pr\u00e9sentent la naissance et le premier d\u00e9veloppement de l\u2019\u00c9glise, \u00e0 partir de la premi\u00e8re communaut\u00e9, r\u00e9unie en pri\u00e8re avec Marie (cf. Ac 1, 13-14). <strong>Par l\u2019\u0153uvre de l\u2019Esprit Saint, \u00ab chaque jour, le Seigneur adjoignait \u00e0 la communaut\u00e9 ceux qui seraient sauv\u00e9s \u00bb (Ac 2, 47). Illustrant la vie des disciples, le livre des Actes insiste sur le fait qu\u2019ils se montraient \u00ab  assidus \u00e0 l\u2019enseignement des Ap\u00f4tres, fid\u00e8les \u00e0 l\u2019union fraternelle, \u00e0 la fraction du pain et aux pri\u00e8res \u00bb<\/strong> (Ac 2,42) et il ajoute que ceux-ci jouissaient de l\u2019estime de tout le peuple (cf. Ac 2, 47 ; 4, 33).  <br\/><br\/>&#13;\nAujourd\u2019hui aussi l\u2019\u00c9glise est appel\u00e9e \u00e0 vivre cet id\u00e9al des premiers chr\u00e9tiens pour former ensemble une authentique communaut\u00e9 de fr\u00e8res, \u00e0 la suite du Christ. <strong>C\u2019est important que brille l\u2019unit\u00e9 du peuple chr\u00e9tien<\/strong> ; unit\u00e9 qui se r\u00e9alise autour des pasteurs des dioc\u00e8ses et en dialogue fraternel entre tous les croyants. L\u2019unit\u00e9 de la foi dans le partage des dons r\u00e9ciproques enrichit spirituellement l\u2019\u00c9glise et la pousse \u00e0 une solidarit\u00e9, m\u00eame mat\u00e9rielle, toujours plus grande. <br\/><br\/>&#13;\nDans le monde actuel, dans lequel beaucoup de personnes et beaucoup de peuples sont touch\u00e9s par des difficult\u00e9s \u00e9conomiques et souffrent de pauvret\u00e9 et de malnutrition, l\u2019\u00c9glise peut contribuer \u00e0 une meilleure r\u00e9partition des richesses naturelles et des biens de consommation. Le t\u00e9moignage de la foi passe \u00e0 travers les expressions quotidiennes de l\u2019amour que sont le partage et la solidarit\u00e9 entre les hommes, particuli\u00e8rement \u00ab avec les pauvres qui sont les pr\u00e9f\u00e9r\u00e9s de Dieu, \u2026 notre P\u00e8re commun. Et nous sommes tous fr\u00e8res d\u2019une unique famille \u00bb (Gr\u00e9goire de Nysse, <em>L\u2019amour des pauvres<\/em>). &#13;\n<\/p>\n\n<p>2. Le t\u00e9moignage de l\u2019unit\u00e9 et de la charit\u00e9 est indispensable \u00e0 l\u2019\u00c9glise pour la nouvelle \u00e9vang\u00e9lisation. Face aux d\u00e9fis de la s\u00e9cularisation, aux fermetures envers la vie de la part de nombreux secteurs de l\u2019opinion publique, il est urgent que les chr\u00e9tiens offrent un t\u00e9moignage cr\u00e9dible de leur foi, incarnant l\u2019\u00c9vangile dans leur existence. Des croyants m\u00fbrs et form\u00e9s peuvent ainsi offrir \u00e0 ceux qui sont \u00e0 la recherche de la v\u00e9rit\u00e9, les r\u00e9ponses ad\u00e9quates \u00e0 leurs interrogations. Ceci implique que chaque Communaut\u00e9 eccl\u00e9siale soit ouverte \u00e0 l\u2019accueil et au dialogue, respectant les diversit\u00e9s culturelles et annon\u00e7ant \u00e0 tous l\u2019unique \u00c9vangile du Salut. <br\/><br\/>&#13;\nPuisse, tr\u00e8s chers Fr\u00e8res et S\u0153urs, une adh\u00e9sion toujours plus profonde au Christ ressuscit\u00e9 vous aider \u00e0 savoir discerner les signes des temps et \u00e0 cheminer unis selon cet esprit synodal qui caract\u00e9rise la structure de vos Communaut\u00e9s eccl\u00e9siales. La mission des chr\u00e9tiens au Moyen-Orient est grande mais en m\u00eame temps elle est complexe et d\u00e9licate. Pour cela, il convient de cultiver un respect mutuel et de nourrir une attention constante particuli\u00e8rement s\u2019agissant du domaine \u0153cum\u00e9nique et du dialogue avec les grandes religions monoth\u00e9istes. &#13;\n<\/p>\n\n<div class=\"wp-block-image\"><figure class=\"alignright size-large\"><img loading=\"lazy\" decoding=\"async\" width=\"768\" height=\"519\" src=\"https:\/\/neocatechumenaleiter.org\/wp-content\/uploads\/2020\/03\/Camino_Neocatecumenal_Juan_Pablo_II_audiencia_obispos_medio_oriente_1996_2.jpg\" alt=\"\" class=\"wp-image-2619\" srcset=\"https:\/\/neocatechumenaleiter.org\/wp-content\/uploads\/2020\/03\/Camino_Neocatecumenal_Juan_Pablo_II_audiencia_obispos_medio_oriente_1996_2.jpg 768w, https:\/\/neocatechumenaleiter.org\/wp-content\/uploads\/2020\/03\/Camino_Neocatecumenal_Juan_Pablo_II_audiencia_obispos_medio_oriente_1996_2-300x203.jpg 300w\" sizes=\"auto, (max-width: 768px) 100vw, 768px\" \/><\/figure><\/div>\n\n<p>3. \u00c0 ce propos, il me pla\u00eet d\u2019\u00e9voquer mon r\u00e9cent voyage en Tunisie o\u00f9 j\u2019ai visit\u00e9 la communaut\u00e9 catholique qui vit dans ce pays, confirmant les enfants de l\u2019\u00c9glise dans leur adh\u00e9sion \u00e0 l\u2019\u00c9vangile. Je les ai m\u00eame exhort\u00e9s \u00e0 d\u00e9fendre et faire progresser les valeurs spirituelles, morales, et socio-culturelles par le dialogue et la collaboration avec ceux qui suivent les autres religions, afin de d\u00e9velopper la vie fraternelle et la solidarit\u00e9 entre les habitants d\u2019une m\u00eame nation et entre tous les peuples (cf. <em>Nostra aetate<\/em>, 2).  Ceci ne pourra qu\u2019intensifier les relations d\u00e9j\u00e0 existantes d\u2019amiti\u00e9 et d\u2019estime r\u00e9ciproque. Dans cet esprit je vous encourage \u00e0 poursuivre votre mission, ayant soin de favoriser l\u2019\u00e9dification d\u2019une soci\u00e9t\u00e9 ouverte \u00e0 l\u2019entente et \u00e0 la solidarit\u00e9 entre toutes ses composantes. <br\/><br\/>&#13;\nTandis que j\u2019invoque sur vos Communaut\u00e9s la protection maternelle de la Tr\u00e8s Sainte Vierge Marie et des saints Patrons, je vous donne avec grande affection la b\u00e9n\u00e9diction apostolique, \u00e0 vous et \u00e0 tous ceux qui vous aident dans votre service eccl\u00e9sial. &#13;\n<br\/><br\/><em>(*) Cf. \u00ab Journal de Radio Vatican \u00bb, 20 avril 1996 et \u00ab L\u2019Osservatore Romano \u00bb, 22 avril 1996.<\/em>&#13;\n<\/p>\n","protected":false},"excerpt":{"rendered":"<p>Audience \u00e9v\u00eaques du moyen-orient pendant une convivence 20 avril 1996 Saint Jean-Paul II Cit\u00e9 du Vatican &#8211; Salle Cl\u00e9mentine, 20 avril 1996 Jean-Paul II a re\u00e7u ce matin au Vatican une quarantaine d\u2019\u00c9v\u00eaques du Moyen-Orient, provenant de six \u00c9glises de rites diff\u00e9rents. &#13; Les pr\u00e9lats se sont rassembl\u00e9s ces jours-ci \u00e0 Sabaudia, dans la province de Latina, pour participer \u00e0 une retraite organis\u00e9e par les initiateurs du Chemin N\u00e9ocat\u00e9chum\u00e9nal, Kiko<\/p>\n<div class=\"read-more\"><a class=\"btn read-more-btn\" href=\"https:\/\/neocatechumenaleiter.org\/fr\/paroles-de-papes\/st-jean-paul-ii\/audience-eveques-du-moyen-orient-pendant-une-convivence-20-avril-1996\/\">En savoir plus<\/a><\/div>\n","protected":false},"author":2,"featured_media":0,"parent":5064,"menu_order":83,"comment_status":"closed","ping_status":"closed","template":"","meta":{"footnotes":""},"class_list":["post-17581","page","type-page","status-publish","hentry"],"_links":{"self":[{"href":"https:\/\/neocatechumenaleiter.org\/fr\/wp-json\/wp\/v2\/pages\/17581","targetHints":{"allow":["GET"]}}],"collection":[{"href":"https:\/\/neocatechumenaleiter.org\/fr\/wp-json\/wp\/v2\/pages"}],"about":[{"href":"https:\/\/neocatechumenaleiter.org\/fr\/wp-json\/wp\/v2\/types\/page"}],"author":[{"embeddable":true,"href":"https:\/\/neocatechumenaleiter.org\/fr\/wp-json\/wp\/v2\/users\/2"}],"replies":[{"embeddable":true,"href":"https:\/\/neocatechumenaleiter.org\/fr\/wp-json\/wp\/v2\/comments?post=17581"}],"version-history":[{"count":6,"href":"https:\/\/neocatechumenaleiter.org\/fr\/wp-json\/wp\/v2\/pages\/17581\/revisions"}],"predecessor-version":[{"id":24268,"href":"https:\/\/neocatechumenaleiter.org\/fr\/wp-json\/wp\/v2\/pages\/17581\/revisions\/24268"}],"up":[{"embeddable":true,"href":"https:\/\/neocatechumenaleiter.org\/fr\/wp-json\/wp\/v2\/pages\/5064"}],"wp:attachment":[{"href":"https:\/\/neocatechumenaleiter.org\/fr\/wp-json\/wp\/v2\/media?parent=17581"}],"curies":[{"name":"wp","href":"https:\/\/api.w.org\/{rel}","templated":true}]}}