{"id":17583,"date":"2020-09-15T18:37:45","date_gmt":"2020-09-15T17:37:45","guid":{"rendered":"https:\/\/neocatechumenaleiter.org\/paroles-de-papes\/st-jean-paul-ii\/visite-a-la-paroisse-sainte-francoise-cabrini-4-decembre-1983\/"},"modified":"2020-09-15T18:38:45","modified_gmt":"2020-09-15T17:38:45","slug":"visite-a-la-paroisse-sainte-francoise-cabrini-4-decembre-1983","status":"publish","type":"page","link":"https:\/\/neocatechumenaleiter.org\/fr\/paroles-de-papes\/st-jean-paul-ii\/visite-a-la-paroisse-sainte-francoise-cabrini-4-decembre-1983\/","title":{"rendered":"Visite \u00e0 la paroisse Sainte Fran\u00e7oise Cabrini 4 d\u00e9cembre 1983"},"content":{"rendered":"\n<h1 class=\"has-text-align-center wp-block-heading\">Visite \u00e0 la paroisse Sainte Fran\u00e7oise Cabrini 4 d\u00e9cembre 1983 <\/h1>\n\n<div style=\"height:20px\" aria-hidden=\"true\" class=\"wp-block-spacer\"><\/div>\n\n<h4 class=\"has-text-align-center wp-block-heading\">Saint Jean-Paul II<\/h4>\n\n<div style=\"height:20px\" aria-hidden=\"true\" class=\"wp-block-spacer\"><\/div>\n\n<p><strong>Rome, 4 d\u00e9cembre 1983 *<\/strong><\/p>\n\n<p><em>\u00c0 l\u2019int\u00e9rieur de l\u2019\u00e9glise, 700 adultes et enfants, assis par terre&#8230; par groupes de cinquante, avec les enfants au milieu, chaque \u00ab communaut\u00e9 \u00bb avec son propre Pr\u00eatre, chantent accompagn\u00e9s d\u2019instruments de musique\u2026 Ils attendent la rencontre avec le Vicaire du Christ.  <br \/><br \/>&#013;\n\u00ab Renouvellement des promesses baptismales avec le Saint P\u00e8re \u00bb indiquait une grande banderole \u00e9lev\u00e9e \u00e0 l\u2019int\u00e9rieur de l\u2019\u00e9glise peu avant la rencontre des Communaut\u00e9s N\u00e9ocat\u00e9chum\u00e9nales avec le Saint P\u00e8re, en synth\u00e9tisant le sens, la signification ; ensuite sch\u00e9matis\u00e9es, les \u00e9tapes du \u00ab Chemin \u00bb : K\u00e9rygme (l\u2019annonce), pr\u00e9-cat\u00e9chum\u00e9nat, passage au cat\u00e9chum\u00e9nat, cat\u00e9chum\u00e9nat, etc. Dans l\u2019attente du Saint P\u00e8re, beaucoup de chants, beaucoup de joie. La raison ? \u00ab Notre exp\u00e9rience c\u2019est une semence jet\u00e9e sur une terre aride qui avait tellement besoin d\u2019eau \u2013 explique l\u2019un d\u2019entre eux -. C\u2019est un t\u00e9moignage cat\u00e9chum\u00e9nal, fond\u00e9 sur l\u2019exp\u00e9rience personnelle de celui qui annonce. Et de toute fa\u00e7on ici nous ne sommes pas un groupe, nous entendons repr\u00e9senter la paroisse en chemin \u00bb. &#013;\n<br \/><br \/>&#013;\nLe Pape entre, accueilli par une ovation. Il passe dans les premiers rangs, caresse quelques enfants qui lui sont pr\u00e9sent\u00e9s par les parents. Puis il prend la parole : &#013;\n<\/em><\/p>\n\n<p>Je vous rencontre bien volontiers, vous, et vos familles, vos enfants. Nous sommes tous enfants de Dieu, <strong>nous devenons enfants de Dieu par le Bapt\u00eame<\/strong>, grand Sacrement et, je dirais, \u00e9norme sacrement ! Il n\u2019y para\u00eet pas parce que c\u2019est un Sacrement tr\u00e8s doux qui s\u2019op\u00e8re avec de l\u2019eau, de l\u2019huile, avec le Saint Chr\u00eame (ce matin j\u2019ai baptis\u00e9 une petite fille).  Et puis ce Sacrement, le Bapt\u00eame, qui est si doux et que nous sommes habitu\u00e9s \u00e0 conf\u00e9rer aux petits nouveau-n\u00e9s, ce Sacrement a une profondeur \u00e9norme, merveilleuse, parce qu\u2019<strong>il nous fait plonger dans la mort r\u00e9demptrice du Christ<\/strong>, nous immerger dans cette mort <strong>pour nous faire rena\u00eetre avec le Christ et ainsi participer \u00e0 son \u0153uvre<\/strong>. C\u2019est l\u2019unique voie pour \u00eatre enfants de Dieu, l\u2019unique voie sacramentelle pour \u00eatre enfants, participer \u00e0 la vie que le Christ nous a apport\u00e9e, la manifestant avec Sa R\u00e9surrection. <br \/><br \/>&#013;\nCe que je vous dis touche la sp\u00e9cificit\u00e9 de votre mouvement qui s\u2019appelle n\u00e9ocat\u00e9chum\u00e9nal. Le Cat\u00e9chum\u00e9nat \u00e9tait une institution tr\u00e8s ancienne de l\u2019\u00c9glise. Combien de cat\u00e9chum\u00e8nes sont pass\u00e9s par cette Rome antique des C\u00e9sars, par cette Rome romaine, pa\u00efenne ! Et combien se sont pr\u00e9par\u00e9s avec le Cat\u00e9chum\u00e9nat et le Bapt\u00eame \u00e9tant adultes ! Mais aujourd\u2019hui le Bapt\u00eame, le Sacrement m\u00eame du Bapt\u00eame, est devenu le Sacrement des petits enfants, des nouveau-n\u00e9s et cette route cat\u00e9chum\u00e9nale est report\u00e9e apr\u00e8s le Bapt\u00eame : <strong>le Cat\u00e9chum\u00e9nat devient ainsi toute la vie<\/strong> ; oui, toute la vie nous sommes des cat\u00e9chum\u00e8nes !&#013;\n<\/p>\n\n<p>Le <strong>Cat\u00e9chum\u00e9nat institutionnel<\/strong>, celui des premiers chr\u00e9tiens, fait d\u00e9faut, mais comme \u00e7a le Cat\u00e9chum\u00e9nat est devenu le devoir de notre vie chr\u00e9tienne, de notre vie de foi. Voil\u00e0, votre mouvement, dont je salue aussi l\u2019inspirateur (je le connais bien !), votre mouvement <strong>est centr\u00e9 sur ce processus de devenir enfants de Dieu, devenir chr\u00e9tiens.<\/strong> C\u2019est tr\u00e8s important !<br \/><br \/>&#013;\nBeaucoup de gens pensent : \u00ab Mais nous sommes chr\u00e9tiens \u00bb ; ils disent : \u00ab nous sommes chr\u00e9tiens \u00bb sans savoir, parce qu\u2019il ne suffit pas d\u2019\u00eatre chr\u00e9tien, il est n\u00e9cessaire de devenir chr\u00e9tien, devenir chaque jour chr\u00e9tien, chaque jour d\u00e9couvrir ce que signifie <em>christianus, Christus adscriptus<\/em>. Dans la ville d\u2019Antioche, les disciples de J\u00e9sus ont commenc\u00e9 \u00e0 \u00eatre appel\u00e9 \u00ab chr\u00e9tiens \u00bb pour la premi\u00e8re fois, les disciples chr\u00e9tiens. Ceci doit se d\u00e9couvrir, <strong>se d\u00e9couvrir chaque jour<\/strong>, se d\u00e9couvrir toujours plus, parce que le myst\u00e8re du Bapt\u00eame est si profond, c\u2019est un myst\u00e8re divin et en m\u00eame temps humain, la r\u00e9alit\u00e9 divine touche l\u2019\u00eatre humain, l\u2019\u00eatre humain m\u00eame, l\u2019\u00eatre humain devient fils adoptif de Dieu\u2026 C\u2019est tout !&#013;\n<\/p>\n\n<p>Vous, concr\u00e8tement, vous r\u00e9fl\u00e9chissez beaucoup, vous m\u00e9ditez beaucoup sur ces v\u00e9rit\u00e9s, sur ces r\u00e9alit\u00e9s. Je dois constater ici, dans la paroisse de Ste Fran\u00e7oise Cabrini, que votre mouvement constitue un levain, levain qui doit fermenter la masse et le monde des chr\u00e9tiens en g\u00e9n\u00e9ral : tous n\u2019en sont pas conscients, tous ne le font pas. Vous \u00eates ici un levain, vous devez fermenter cette communaut\u00e9, ce sont pr\u00e8s de vingt mille personnes, la fermenter avec une nouvelle conscience de la dignit\u00e9 humaine impliqu\u00e9e dans la r\u00e9alit\u00e9 de la filiation divine. <br \/><br \/>&#013;\nVous faites bien, tr\u00e8s bien ! Chantez, chantez ! Parce que le chant montre toujours la joie, cette d\u00e9couverte de la r\u00e9alit\u00e9 divine et humaine. Le Bapt\u00eame porte en lui une grande joie qui doit s\u2019exprimer avec les chants. J\u2019ai constat\u00e9 durant la visite que la paroisse chante avec beaucoup d\u2019\u00e9nergie, avec enthousiasme ! On doit chanter.<\/p>\n\n<p>On doit chanter parce que ce chant porte ensuite un contenu spirituel, le contenu int\u00e9rieur de notre \u00e2me ; d\u2019ailleurs nous ne pouvons pas trouver suffisamment de moyens pour exprimer \u00e7a, ce contenu, ce myst\u00e8re, cette r\u00e9alit\u00e9 qui est fruit de notre Bapt\u00eame. <br \/><br \/>&#013;\nChers tous, merci pour votre pr\u00e9sence, pour votre animation de la vie de cette paroisse. Je vous b\u00e9nis de tout c\u0153ur, vos familles, les divers groupes &#8211; parce que j\u2019ai entendu que vous \u00e9tiez plusieurs groupes : douze communaut\u00e9s comme les douze ap\u00f4tres -. Vos pr\u00eatres sont parmi vous ; je connais d\u00e9j\u00e0 vos itin\u00e9rants ; Je vous b\u00e9nis de tout c\u0153ur. &#013;\n<\/p>\n\n<p><em>Le cur\u00e9, le P\u00e8re Michelangelo, \u00e9voque les itin\u00e9rants, sp\u00e9cialement ceux de l\u2019Am\u00e9rique Centrale:<\/em><\/p>\n\n<div class=\"wp-block-image\"><figure class=\"aligncenter size-large\"><img loading=\"lazy\" decoding=\"async\" width=\"768\" height=\"193\" src=\"https:\/\/neocatechumenaleiter.org\/wp-content\/uploads\/2020\/03\/Camino_Neocatecumenal_Juan_Pablo_II_visita_parroquia_francesca_cabrini_1983.jpg\" alt=\"\" class=\"wp-image-1775\" srcset=\"https:\/\/neocatechumenaleiter.org\/wp-content\/uploads\/2020\/03\/Camino_Neocatecumenal_Juan_Pablo_II_visita_parroquia_francesca_cabrini_1983.jpg 768w, https:\/\/neocatechumenaleiter.org\/wp-content\/uploads\/2020\/03\/Camino_Neocatecumenal_Juan_Pablo_II_visita_parroquia_francesca_cabrini_1983-300x75.jpg 300w\" sizes=\"auto, (max-width: 768px) 100vw, 768px\" \/><\/figure><\/div>\n\n<p>Je b\u00e9nis ceux qui sont partis pour l\u2019Am\u00e9rique Centrale o\u00f9 je suis all\u00e9 moi aussi il y a peu de temps, pas tant comme itin\u00e9rant, mais plut\u00f4t \u00ab volant \u00bb. Voil\u00e0, nous vous donnons la b\u00e9n\u00e9diction, avec le Cardinal et les \u00c9v\u00eaques.  <\/p>\n\n<p><em>(*) Cf. \u00abL\u2019Osservatore Romano\u00bb, 5-6 d\u00e9cembre 1983, avec des ajouts tir\u00e9s de l&rsquo;enregistrement.<\/em><\/p>\n","protected":false},"excerpt":{"rendered":"<p>Visite \u00e0 la paroisse Sainte Fran\u00e7oise Cabrini 4 d\u00e9cembre 1983 Saint Jean-Paul II Rome, 4 d\u00e9cembre 1983 * \u00c0 l\u2019int\u00e9rieur de l\u2019\u00e9glise, 700 adultes et enfants, assis par terre&#8230; par groupes de cinquante, avec les enfants au milieu, chaque \u00ab communaut\u00e9 \u00bb avec son propre Pr\u00eatre, chantent accompagn\u00e9s d\u2019instruments de musique\u2026 Ils attendent la rencontre avec le Vicaire du Christ. &#013; \u00ab Renouvellement des promesses baptismales avec le Saint P\u00e8re<\/p>\n<div class=\"read-more\"><a class=\"btn read-more-btn\" href=\"https:\/\/neocatechumenaleiter.org\/fr\/paroles-de-papes\/st-jean-paul-ii\/visite-a-la-paroisse-sainte-francoise-cabrini-4-decembre-1983\/\">En savoir plus<\/a><\/div>\n","protected":false},"author":2,"featured_media":0,"parent":5064,"menu_order":23,"comment_status":"closed","ping_status":"closed","template":"","meta":{"footnotes":""},"class_list":["post-17583","page","type-page","status-publish","hentry"],"_links":{"self":[{"href":"https:\/\/neocatechumenaleiter.org\/fr\/wp-json\/wp\/v2\/pages\/17583","targetHints":{"allow":["GET"]}}],"collection":[{"href":"https:\/\/neocatechumenaleiter.org\/fr\/wp-json\/wp\/v2\/pages"}],"about":[{"href":"https:\/\/neocatechumenaleiter.org\/fr\/wp-json\/wp\/v2\/types\/page"}],"author":[{"embeddable":true,"href":"https:\/\/neocatechumenaleiter.org\/fr\/wp-json\/wp\/v2\/users\/2"}],"replies":[{"embeddable":true,"href":"https:\/\/neocatechumenaleiter.org\/fr\/wp-json\/wp\/v2\/comments?post=17583"}],"version-history":[{"count":5,"href":"https:\/\/neocatechumenaleiter.org\/fr\/wp-json\/wp\/v2\/pages\/17583\/revisions"}],"predecessor-version":[{"id":17588,"href":"https:\/\/neocatechumenaleiter.org\/fr\/wp-json\/wp\/v2\/pages\/17583\/revisions\/17588"}],"up":[{"embeddable":true,"href":"https:\/\/neocatechumenaleiter.org\/fr\/wp-json\/wp\/v2\/pages\/5064"}],"wp:attachment":[{"href":"https:\/\/neocatechumenaleiter.org\/fr\/wp-json\/wp\/v2\/media?parent=17583"}],"curies":[{"name":"wp","href":"https:\/\/api.w.org\/{rel}","templated":true}]}}