{"id":17589,"date":"2020-09-15T18:53:36","date_gmt":"2020-09-15T17:53:36","guid":{"rendered":"https:\/\/neocatechumenaleiter.org\/paroles-de-papes\/st-jean-paul-ii\/inauguration-de-la-bibliotheque-de-la-domus-galilaeae-31-mars-2005\/"},"modified":"2020-11-30T16:49:54","modified_gmt":"2020-11-30T15:49:54","slug":"inauguration-de-la-bibliotheque-de-la-domus-galilaeae-31-mars-2005","status":"publish","type":"page","link":"https:\/\/neocatechumenaleiter.org\/fr\/paroles-de-papes\/st-jean-paul-ii\/inauguration-de-la-bibliotheque-de-la-domus-galilaeae-31-mars-2005\/","title":{"rendered":"Inauguration de la Biblioth\u00e8que de la Domus Galilaeae 31 mars 2005"},"content":{"rendered":"\n<h1 class=\"has-text-align-center wp-block-heading\">Inauguration de la Biblioth\u00e8que de la Domus Galilaeae 31 mars 2005<\/h1>\n\n<div style=\"height:20px\" aria-hidden=\"true\" class=\"wp-block-spacer\"><\/div>\n\n<h4 class=\"has-text-align-center wp-block-heading\">Saint Jean-Paul II<\/h4>\n\n<div style=\"height:20px\" aria-hidden=\"true\" class=\"wp-block-spacer\"><\/div>\n\n<p><strong>Korazim, 31 mars 2005<\/strong><\/p>\n\n<p><em>La Biblioth\u00e8que a \u00e9t\u00e9 inaugur\u00e9e le 31 mars 2005 en pr\u00e9sence de plus de cinquante \u00c9v\u00eaques, provenant de diverses parties du monde. Parmi eux : onze Cardinaux, le Patriarche Sa B\u00e9atitude Michel Sabbah, trois Patriarches de l\u2019\u00c9glise Orientale, le Nonce Apostolique Monseigneur Pietro Sambi, le Gardien de la Terre Sainte, de nombreux Rabbins, les repr\u00e9sentants des Congr\u00e9gations et des Universit\u00e9s, les recteurs de 56 S\u00e9minaires \u00ab Redemptoris Mater \u00bb, des itin\u00e9rants du Chemin N\u00e9ocat\u00e9chum\u00e9nal. Leur pr\u00e9sence venait souligner le r\u00f4le important de la Domus Galilaeae comme \u00ab pont \u00bb, entre le Juda\u00efsme et le Christianisme, terme que le Saint P\u00e8re a attribu\u00e9 \u00e0 cette \u00ab domus \u00bb dans une lettre envoy\u00e9e pour l\u2019occasion.&#013;\n<br \/><br \/>&#013;\n\u00c0 l\u2019entr\u00e9e de la Biblioth\u00e8que se trouve une grande demi-sph\u00e8re en verre, avec un ciel \u00e9toil\u00e9 qui surplombe la vo\u00fbte. \u00c0 l\u2019int\u00e9rieur se trouve un Rouleau de la Torah compl\u00e8te, \u00e9crite il y a trois cents ans. <\/em><\/p>\n\n<p><em>La Torah se trouve au centre de la biblioth\u00e8que qui fait partie du complexe de la Domus Galilaeae. Kiko Arg\u00fcello, qui est l\u2019auteur du projet Domus Galilaeae et de la Biblioth\u00e8que, a prononc\u00e9 quelques mots pour expliquer son cadre architectural.  La sph\u00e8re est symbole de l\u2019Univers et exprime l\u2019id\u00e9e centrale de la tradition h\u00e9bra\u00efque et chr\u00e9tienne qui se trouve dans le livre des Proverbes 8, 30 : \u00ab Quand (Dieu) tra\u00e7a les fondements de la terre, alors moi (la Sagesse), j\u2019\u00e9tais \u00e0 ses c\u00f4t\u00e9s comme le ma\u00eetre d\u2019\u0153uvre \u00bb. <br \/><br \/>&#013;\nLa biblioth\u00e8que sera sp\u00e9cialis\u00e9e sur le Sermon de la Montagne de mani\u00e8re \u00e0 offrir aux \u00c9v\u00eaques, aux presbytres et aux s\u00e9minaristes la possibilit\u00e9 d\u2019approfondir l\u2019\u00e9tude et la m\u00e9ditation de ce texte. &#013;\n<br \/><br \/>&#013;\nNous rapportons, page suivante, la lettre que Jean-Paul II a voulu envoyer pour cette occasion. Cela a \u00e9t\u00e9 l\u2019un des derniers actes officiels de son pontificat.  <\/em>&#013;\n<\/p>\n\n<p>Tr\u00e8s Chers Fr\u00e8res et S\u0153urs, <br \/><br \/>&#013;\n1. J\u2019ai appris avec joie que le 31 mars sera inaugur\u00e9e la biblioth\u00e8que de la \u00ab Domus Galilaeae \u00bb, qui s\u2019\u00e9l\u00e8ve non loin du Mont des B\u00e9atitudes.  <br \/><br \/>&#013;\nAu terme de la convivence, \u00e0 laquelle prennent part de nombreux Cardinaux, \u00c9v\u00eaques et pr\u00eatres provenant de diverses parties du monde, ainsi que les recteurs des s\u00e9minaires appartenant au Chemin N\u00e9ocat\u00e9chum\u00e9nal, se d\u00e9roulera cet \u00e9v\u00e9nement significatif. Je m\u2019unis moi aussi bien volontiers en pens\u00e9e \u00e0 celui-ci, en adressant mes plus cordiales salutations aux organisateurs et \u00e0 toutes les personnes pr\u00e9sentes. Je salue en particulier les Ordinaires Catholiques de la Terre Sainte avec \u00e0 leur t\u00eate le Patriarche Latin, les Autorit\u00e9s religieuses et politiques du monde juif qui participent \u00e0 la manifestation, les repr\u00e9sentants des congr\u00e9gations religieuses et des communaut\u00e9s paroissiales de la r\u00e9gion. &#013;\n<\/p>\n\n<p>La \u00ab Domus Galilaeae \u00bb, s\u2019enrichit d\u2019une nouvelle structure importante, la Biblioth\u00e8que qui, justement en son centre, abrite le Libre de la Torah afin de symboliser \u00e9galement sur le plan architectural, la centralit\u00e9 de la Parole de Dieu.  <br \/><br \/>&#013;\nPuisse cette maison, r\u00e9alis\u00e9e par les responsables du Chemin N\u00e9ocat\u00e9chum\u00e9nal, favoriser par des initiatives appropri\u00e9es une formation religieuse approfondie et un dialogue fructueux entre Juda\u00efsme et \u00c9glise Catholique. &#013;\n<\/p>\n\n<div class=\"wp-block-image\"><figure class=\"alignright size-medium\"><img loading=\"lazy\" decoding=\"async\" width=\"184\" height=\"300\" src=\"https:\/\/neocatechumenaleiter.org\/wp-content\/uploads\/2020\/03\/Camino_Neocatecumenal_Juan_Pablo_II_inauguracion_biblioteca_domus_galilaeae_2005_2-184x300.jpg\" alt=\"\" class=\"wp-image-2883\" srcset=\"https:\/\/neocatechumenaleiter.org\/wp-content\/uploads\/2020\/03\/Camino_Neocatecumenal_Juan_Pablo_II_inauguracion_biblioteca_domus_galilaeae_2005_2-184x300.jpg 184w, https:\/\/neocatechumenaleiter.org\/wp-content\/uploads\/2020\/03\/Camino_Neocatecumenal_Juan_Pablo_II_inauguracion_biblioteca_domus_galilaeae_2005_2.jpg 396w\" sizes=\"auto, (max-width: 184px) 100vw, 184px\" \/><\/figure><\/div>\n\n<p>2. \u00ab Ta parole est lampe pour mes pas \u00bb (Ps 18,29). Ainsi chante le Psalmiste et ainsi seront invit\u00e9s \u00e0 prier tous ceux qui b\u00e9n\u00e9ficieront des multiples services qu\u2019offrira la Biblioth\u00e8que inaugur\u00e9e maintenant. L\u2019univers a \u00e9t\u00e9 con\u00e7u selon un merveilleux projet inspir\u00e9 par la sagesse de Dieu. L\u2019\u00c9vangile de Jean commence en affirmant que \u00ab au commencement \u00e9tait le Verbe et le Verbe \u00e9tait avec Dieu et le Verbe \u00e9tait Dieu \u00bb (Jn 1,1). Le Verbe, Sagesse \u00e9ternelle de Dieu, s\u2019est fait chair, il a plant\u00e9 sa tente parmi nous et avec sa mort et sa r\u00e9surrection il nous a rachet\u00e9s. Contemplons avec joie, en ces saints jours de P\u00e2ques, ce myst\u00e8re fondamental de notre foi. Le Christ, Premier n\u00e9 de toute la cr\u00e9ation, sommet de la Torah, est ressuscit\u00e9 et maintenant il vit et marche avec nous, continuant \u00e0 nous illuminer avec sa parole de salut.<\/p>\n\n<p>Combien sont profonds ses enseignements ! Combien est toujours actuel le Sermon sur la Montagne inscrit dans l\u2019univers ! La beaut\u00e9 du Christ qui trouve son couronnement dans les B\u00e9atitudes, la beaut\u00e9 du Christ qui resplendit dans l\u2019\u00c9glise, son corps mystique, se manifestent de mani\u00e8re sublime dans l\u2019amour qui unit entre eux les croyants : voil\u00e0 le message que la structure architecturale de l\u2019\u00e9difice de la \u00ab Domus Galilaeae \u00bb entend communiquer \u00e0 ses h\u00f4tes et aux p\u00e8lerins. Je souhaite de tout c\u0153ur que tous ceux qui auront la possibilit\u00e9 d\u2019y r\u00e9sider ou de la visiter puissent grandir dans la connaissance et dans l\u2019amour du Christ, Sagesse dans laquelle se trouve le Principe de tout.<\/p>\n\n<p>3. Tr\u00e8s chers Fr\u00e8res et S\u0153urs ! Tandis que je m\u2019unis \u00e0 vous par la pens\u00e9e, je revis dans l\u2019\u00e2me les moments inoubliables de la visite que le Seigneur m\u2019a donn\u00e9e de faire en Terre Sainte, au cours du Grand Jubil\u00e9 de l\u2019An 2000 : nous en c\u00e9l\u00e9brons l\u2019anniversaire en ce moment m\u00eame. \u00c0 Korazin, sur le Mont des B\u00e9atitudes, non loin de la \u00ab Domus Galilaeae \u00bb, j\u2019eus l\u2019occasion de rencontrer les jeunes et de c\u00e9l\u00e9brer pour eux la Sainte Messe. Je voulus leur indiquer comme r\u00e8gle de vie les Dix Commandements et les B\u00e9atitudes, et je les invitai \u00e0 une fid\u00e9lit\u00e9 totale au Christ. Cette m\u00eame invitation je l\u2019adresse \u00e0 vous tous en ce lieu o\u00f9 continuent de retentir les paroles immortelles du R\u00e9dempteur. Traduisez-les dans votre existence quotidienne en \u0153uvres concr\u00e8tes et en toute circonstance soyez d\u2019humbles et courageux t\u00e9moins de l\u2019\u00c9vangile.   <\/p>\n\n<p>Que la Vierge Marie, \u00c9toile de l\u2019\u00e9vang\u00e9lisation soit pour vous mod\u00e8le et guide. <br \/><br \/>&#013;\nJe vous assure de mon souvenir particulier dans la pri\u00e8re, tandis que je vous b\u00e9nis avec affection ainsi que toutes les personnes qui vous sont ch\u00e8res. &#013;\n<\/p>\n\n<p>Du Vatican. 24 mars 2005, Jeudi Saint <\/p>\n\n<p><strong><em>Joannes Paulus PP II<\/em><\/strong><\/p>\n\n<figure class=\"wp-block-gallery columns-2 is-cropped wp-block-gallery-1 is-layout-flex wp-block-gallery-is-layout-flex\"><ul class=\"blocks-gallery-grid\"><li class=\"blocks-gallery-item\"><figure><img loading=\"lazy\" decoding=\"async\" width=\"768\" height=\"512\" src=\"https:\/\/neocatechumenaleiter.org\/wp-content\/uploads\/2020\/03\/Camino_Neocatecumenal_Juan_Pablo_II_inauguracion_biblioteca_domus_galilaeae_2005.jpg\" alt=\"\" data-id=\"2895\" data-full-url=\"https:\/\/neocatechumenaleiter.org\/wp-content\/uploads\/2020\/03\/Camino_Neocatecumenal_Juan_Pablo_II_inauguracion_biblioteca_domus_galilaeae_2005.jpg\" data-link=\"https:\/\/neocatechumenaleiter.org\/?attachment_id=2895\" class=\"wp-image-2897\" srcset=\"https:\/\/neocatechumenaleiter.org\/wp-content\/uploads\/2020\/03\/Camino_Neocatecumenal_Juan_Pablo_II_inauguracion_biblioteca_domus_galilaeae_2005.jpg 768w, https:\/\/neocatechumenaleiter.org\/wp-content\/uploads\/2020\/03\/Camino_Neocatecumenal_Juan_Pablo_II_inauguracion_biblioteca_domus_galilaeae_2005-300x200.jpg 300w\" sizes=\"auto, (max-width: 768px) 100vw, 768px\" \/><\/figure><\/li><li class=\"blocks-gallery-item\"><figure><img loading=\"lazy\" decoding=\"async\" width=\"768\" height=\"512\" src=\"https:\/\/neocatechumenaleiter.org\/wp-content\/uploads\/2020\/03\/Camino_Neocatecumenal_Juan_Pablo_II_inauguracion_biblioteca_domus_galilaeae_2005_3.jpg\" alt=\"\" data-id=\"2888\" data-full-url=\"https:\/\/neocatechumenaleiter.org\/wp-content\/uploads\/2020\/03\/Camino_Neocatecumenal_Juan_Pablo_II_inauguracion_biblioteca_domus_galilaeae_2005_3.jpg\" data-link=\"https:\/\/neocatechumenaleiter.org\/?attachment_id=2888\" class=\"wp-image-2890\" srcset=\"https:\/\/neocatechumenaleiter.org\/wp-content\/uploads\/2020\/03\/Camino_Neocatecumenal_Juan_Pablo_II_inauguracion_biblioteca_domus_galilaeae_2005_3.jpg 768w, https:\/\/neocatechumenaleiter.org\/wp-content\/uploads\/2020\/03\/Camino_Neocatecumenal_Juan_Pablo_II_inauguracion_biblioteca_domus_galilaeae_2005_3-300x200.jpg 300w\" sizes=\"auto, (max-width: 768px) 100vw, 768px\" \/><\/figure><\/li><\/ul><\/figure>","protected":false},"excerpt":{"rendered":"<p>Inauguration de la Biblioth\u00e8que de la Domus Galilaeae 31 mars 2005 Saint Jean-Paul II Korazim, 31 mars 2005 La Biblioth\u00e8que a \u00e9t\u00e9 inaugur\u00e9e le 31 mars 2005 en pr\u00e9sence de plus de cinquante \u00c9v\u00eaques, provenant de diverses parties du monde. Parmi eux : onze Cardinaux, le Patriarche Sa B\u00e9atitude Michel Sabbah, trois Patriarches de l\u2019\u00c9glise Orientale, le Nonce Apostolique Monseigneur Pietro Sambi, le Gardien de la Terre Sainte, de nombreux<\/p>\n<div class=\"read-more\"><a class=\"btn read-more-btn\" href=\"https:\/\/neocatechumenaleiter.org\/fr\/paroles-de-papes\/st-jean-paul-ii\/inauguration-de-la-bibliotheque-de-la-domus-galilaeae-31-mars-2005\/\">En savoir plus<\/a><\/div>\n","protected":false},"author":2,"featured_media":0,"parent":5064,"menu_order":101,"comment_status":"closed","ping_status":"closed","template":"","meta":{"footnotes":""},"class_list":["post-17589","page","type-page","status-publish","hentry"],"_links":{"self":[{"href":"https:\/\/neocatechumenaleiter.org\/fr\/wp-json\/wp\/v2\/pages\/17589","targetHints":{"allow":["GET"]}}],"collection":[{"href":"https:\/\/neocatechumenaleiter.org\/fr\/wp-json\/wp\/v2\/pages"}],"about":[{"href":"https:\/\/neocatechumenaleiter.org\/fr\/wp-json\/wp\/v2\/types\/page"}],"author":[{"embeddable":true,"href":"https:\/\/neocatechumenaleiter.org\/fr\/wp-json\/wp\/v2\/users\/2"}],"replies":[{"embeddable":true,"href":"https:\/\/neocatechumenaleiter.org\/fr\/wp-json\/wp\/v2\/comments?post=17589"}],"version-history":[{"count":3,"href":"https:\/\/neocatechumenaleiter.org\/fr\/wp-json\/wp\/v2\/pages\/17589\/revisions"}],"predecessor-version":[{"id":19898,"href":"https:\/\/neocatechumenaleiter.org\/fr\/wp-json\/wp\/v2\/pages\/17589\/revisions\/19898"}],"up":[{"embeddable":true,"href":"https:\/\/neocatechumenaleiter.org\/fr\/wp-json\/wp\/v2\/pages\/5064"}],"wp:attachment":[{"href":"https:\/\/neocatechumenaleiter.org\/fr\/wp-json\/wp\/v2\/media?parent=17589"}],"curies":[{"name":"wp","href":"https:\/\/api.w.org\/{rel}","templated":true}]}}