{"id":17591,"date":"2020-09-15T20:45:33","date_gmt":"2020-09-15T19:45:33","guid":{"rendered":"https:\/\/neocatechumenaleiter.org\/paroles-de-papes\/st-jean-paul-ii\/salut-du-pape-jean-paul-ii-aux-jeunes-des-communautes-neocatechumenales-ditalie-24-fevrier-2002\/"},"modified":"2020-09-15T20:45:33","modified_gmt":"2020-09-15T19:45:33","slug":"salut-du-pape-jean-paul-ii-aux-jeunes-des-communautes-neocatechumenales-ditalie-24-fevrier-2002","status":"publish","type":"page","link":"https:\/\/neocatechumenaleiter.org\/fr\/paroles-de-papes\/st-jean-paul-ii\/salut-du-pape-jean-paul-ii-aux-jeunes-des-communautes-neocatechumenales-ditalie-24-fevrier-2002\/","title":{"rendered":"Salut du Pape Jean-Paul II aux jeunes des Communaut\u00e9s N\u00e9ocat\u00e9chum\u00e9nales d&rsquo;Italie 24 f\u00e9vrier 2002"},"content":{"rendered":"\n<h1 class=\"has-text-align-center wp-block-heading\">Salut du Pape Jean-Paul II aux jeunes des Communaut\u00e9s N\u00e9ocat\u00e9chum\u00e9nales d&rsquo;Italie 24 f\u00e9vrier 2002<\/h1>\n\n<div style=\"height:20px\" aria-hidden=\"true\" class=\"wp-block-spacer\"><\/div>\n\n<h4 class=\"has-text-align-center wp-block-heading\">Saint Jean-Paul II<\/h4>\n\n<div style=\"height:20px\" aria-hidden=\"true\" class=\"wp-block-spacer\"><\/div>\n\n<p><strong>Place Saint Pierre, 24 f\u00e9vrier 2002 <\/strong><\/p>\n\n<p><em>\u00ab Nous nous reverrons \u00e0 Toronto \u00bb. Avec ces paroles, prononc\u00e9es au terme de la pri\u00e8re mariale, Jean-Paul II a renouvel\u00e9 l\u2019invitation faite aux jeunes g\u00e9n\u00e9rations \u00e0 participer \u00e0 la XVIIe Journ\u00e9e Mondiale de la Jeunesse qui se d\u00e9roulera au Canada. L\u2019invitation a \u00e9t\u00e9 adress\u00e9e \u00e0 des milliers de jeunes appartenant aux Communaut\u00e9s N\u00e9ocat\u00e9chum\u00e9nales des paroisses et dioc\u00e8ses de toute l\u2019Italie pr\u00e9sents sur la Place Saint Pierre lors de l\u2019\u00ab Angelus \u00bb de Dimanche 24. <br \/><br \/>&#013;\nVoici les paroles du Pape : &#013;\n<\/em><\/p>\n\n<p>Je salue avec une affection particuli\u00e8re les jeunes, tr\u00e8s nombreux, appartenant aux Communaut\u00e9s N\u00e9ocat\u00e9chum\u00e9nales des paroisses et dioc\u00e8ses de toute l\u2019Italie. Tr\u00e8s chers jeunes, vous \u00eates \u00ab en chemin \u00bb vers la Journ\u00e9e Mondiale de la Jeunesse qui aura lieu \u00e0 Toronto au mois de juillet prochain. Vous \u00eates jeunes en chemin avec le Christ. Je vous remercie parce que, avec votre pr\u00e9sence, vous m\u2019offrez l\u2019occasion de renouveler l\u2019invitation \u00e0 vos contemporains italiens et ceux des autres pays du monde, \u00e0 se pr\u00e9parer avec soin \u00e0 ce rendez-vous important. Sachez rendre en toute circonstance, avec humilit\u00e9 et respect, raison de l\u2019esp\u00e9rance qui est en vous. Merci pour votre visite et nous nous reverrons \u00e0 Toronto ! &#013;\n<br \/><br \/><em>(*) Cf. \u00ab L\u2019Osservatore Romano \u00bb, 25-26 f\u00e9vrier 2002.<\/em>&#013;\n<\/p>\n","protected":false},"excerpt":{"rendered":"<p>Salut du Pape Jean-Paul II aux jeunes des Communaut\u00e9s N\u00e9ocat\u00e9chum\u00e9nales d&rsquo;Italie 24 f\u00e9vrier 2002 Saint Jean-Paul II Place Saint Pierre, 24 f\u00e9vrier 2002 \u00ab Nous nous reverrons \u00e0 Toronto \u00bb. Avec ces paroles, prononc\u00e9es au terme de la pri\u00e8re mariale, Jean-Paul II a renouvel\u00e9 l\u2019invitation faite aux jeunes g\u00e9n\u00e9rations \u00e0 participer \u00e0 la XVIIe Journ\u00e9e Mondiale de la Jeunesse qui se d\u00e9roulera au Canada. L\u2019invitation a \u00e9t\u00e9 adress\u00e9e \u00e0 des<\/p>\n<div class=\"read-more\"><a class=\"btn read-more-btn\" href=\"https:\/\/neocatechumenaleiter.org\/fr\/paroles-de-papes\/st-jean-paul-ii\/salut-du-pape-jean-paul-ii-aux-jeunes-des-communautes-neocatechumenales-ditalie-24-fevrier-2002\/\">En savoir plus<\/a><\/div>\n","protected":false},"author":2,"featured_media":0,"parent":5064,"menu_order":98,"comment_status":"closed","ping_status":"closed","template":"","meta":{"footnotes":""},"class_list":["post-17591","page","type-page","status-publish","hentry"],"_links":{"self":[{"href":"https:\/\/neocatechumenaleiter.org\/fr\/wp-json\/wp\/v2\/pages\/17591","targetHints":{"allow":["GET"]}}],"collection":[{"href":"https:\/\/neocatechumenaleiter.org\/fr\/wp-json\/wp\/v2\/pages"}],"about":[{"href":"https:\/\/neocatechumenaleiter.org\/fr\/wp-json\/wp\/v2\/types\/page"}],"author":[{"embeddable":true,"href":"https:\/\/neocatechumenaleiter.org\/fr\/wp-json\/wp\/v2\/users\/2"}],"replies":[{"embeddable":true,"href":"https:\/\/neocatechumenaleiter.org\/fr\/wp-json\/wp\/v2\/comments?post=17591"}],"version-history":[{"count":1,"href":"https:\/\/neocatechumenaleiter.org\/fr\/wp-json\/wp\/v2\/pages\/17591\/revisions"}],"predecessor-version":[{"id":17592,"href":"https:\/\/neocatechumenaleiter.org\/fr\/wp-json\/wp\/v2\/pages\/17591\/revisions\/17592"}],"up":[{"embeddable":true,"href":"https:\/\/neocatechumenaleiter.org\/fr\/wp-json\/wp\/v2\/pages\/5064"}],"wp:attachment":[{"href":"https:\/\/neocatechumenaleiter.org\/fr\/wp-json\/wp\/v2\/media?parent=17591"}],"curies":[{"name":"wp","href":"https:\/\/api.w.org\/{rel}","templated":true}]}}