{"id":17597,"date":"2020-09-16T10:16:06","date_gmt":"2020-09-16T09:16:06","guid":{"rendered":"https:\/\/neocatechumenaleiter.org\/paroles-de-papes\/st-jean-paul-ii\/visite-a-la-paroisse-saint-benoit-joseph-labre-31-octobre-1999\/"},"modified":"2020-09-16T10:16:59","modified_gmt":"2020-09-16T09:16:59","slug":"visite-a-la-paroisse-saint-benoit-joseph-labre-31-octobre-1999","status":"publish","type":"page","link":"https:\/\/neocatechumenaleiter.org\/fr\/paroles-de-papes\/st-jean-paul-ii\/visite-a-la-paroisse-saint-benoit-joseph-labre-31-octobre-1999\/","title":{"rendered":"Visite \u00e0 la paroisse Saint Beno\u00eet Joseph Labre 31 octobre 1999"},"content":{"rendered":"\n<h1 class=\"has-text-align-center wp-block-heading\">Visite \u00e0 la paroisse Saint Beno\u00eet Joseph Labre 31 octobre 1999<\/h1>\n\n<div style=\"height:20px\" aria-hidden=\"true\" class=\"wp-block-spacer\"><\/div>\n\n<h4 class=\"has-text-align-center wp-block-heading\">Saint Jean-Paul II<\/h4>\n\n<div style=\"height:20px\" aria-hidden=\"true\" class=\"wp-block-spacer\"><\/div>\n\n<p><strong>Rome, 21 octobre 1999 *<\/strong><\/p>\n\n<p><em>Au terme de la Sainte Messe, la rencontre avec les jeunes, les membres du conseil pastoral et les repr\u00e9sentants des diverses r\u00e9alit\u00e9s paroissiales s\u2019est tenue dans une salle du complexe paroissial.  &#013;\nAu nom des participants, Vittorio, 29 ans, a adress\u00e9 au Pape ces paroles de Salutations : &#013;\n<\/em><\/p>\n\n<p>Saint P\u00e8re, nous vous avons accueilli avec les paroles qu\u2019\u00c9lisabeth a adress\u00e9es \u00e0 la Vierge Marie : \u00ab Comment se peut il que la M\u00e8re du Seigneur vienne \u00e0 moi ? \u00bb Ce chant exprime notre gratitude envers Vous pour cette visite \u00e0 notre communaut\u00e9 paroissiale. Sont ici pr\u00e9sents : une Communaut\u00e9 N\u00e9ocat\u00e9chum\u00e9nale, les animateurs de l\u2019oratoire, les cat\u00e9chistes, les membres du Conseil \u00e9conomique paroissial et les jeunes qui se pr\u00e9parent \u00e0 la Journ\u00e9e Mondiale de la Jeunesse. Saint P\u00e8re, en ces peu d\u2019ann\u00e9es de vie de notre paroisse nous avons vu que nous ne sommes pas bien dou\u00e9s, nous sommes faibles et p\u00e9cheurs et bien des fois nous avons du mal \u00e0 \u00eatre lumi\u00e8re dans notre quartier, mais nous avons exp\u00e9riment\u00e9 que seulement en J\u00e9sus-Christ, mort et ressuscit\u00e9 pour notre salut, il y a la vie ; pour cela nous vous demandons Tr\u00e8s Saint P\u00e8re, comme successeur de Pierre de nous confirmer dans la foi. Merci, nous sommes reconnaissants et plein de joie pour votre pr\u00e9sence parmi nous. <\/p>\n\n<p><em>Puis le Saint P\u00e8re, s\u2019adressant aux participants a prononc\u00e9 ces paroles : <\/em><\/p>\n\n<p>Que vous soyez du Chemin N\u00e9ocat\u00e9chum\u00e9nal cela s\u2019entend tout de suite. Il suffit d\u2019\u00e9couter les chants. Ce sont vos chants sp\u00e9cifiques. Que ensuite, vous soyez jeunes, \u00e7a aussi \u00e7a se voit. Vous vous pr\u00e9parez \u00e0 l\u2019An 2000, \u00e0 la Journ\u00e9e Mondiale de la Jeunesse, \u00e0 Rome : c\u2019est une bonne chose. Moi aussi, de toute fa\u00e7on, je m\u2019y pr\u00e9pare, bien que je sois toujours moins jeune. Et les jeunes me suivent toujours bien volontiers. &#013;\nAlors je vous remercie pour l\u2019occasion de cette visite et je vous souhaite une bonne continuation \u00e0 tous : \u00e0 la communaut\u00e9 paroissiale, au conseil pastoral, aux jeunes et aux N\u00e9ocat\u00e9chum\u00e8nes. &#013;\nLe Jubil\u00e9 se passera bien. L\u2019An 2000 est d\u00e9j\u00e0 proche. La Porte Sainte doit s\u2019ouvrir dans moins de deux mois, le 24 d\u00e9cembre. Souvenons nous encore de nos d\u00e9funts, en ces jours particuliers durant lesquels toute l\u2019\u00c9glise les comm\u00e9more. &#013;\nMerci encore une fois. Ayez toujours beaucoup de courage ! Votre cur\u00e9 aussi est n\u00e9ocat\u00e9chum\u00e9nal, \u00e7a se voit tout de suite. Qui porte la barbe est imm\u00e9diatement suspect. Le vicaire aussi a une barbe. Alors essayons d\u2019admirer les n\u00e9ocat\u00e9chum\u00e8nes, m\u00eame si on n\u2019a pas de barbe. &#013;\n<\/p>\n\n<p>Lou\u00e9 soit J\u00e9sus Christ ! <br \/><br \/><em>  (*) Cf. \u00ab L\u2019Osservatore Romano \u00bb, 2-3 novembre 1999 <\/em><\/p>\n","protected":false},"excerpt":{"rendered":"<p>Visite \u00e0 la paroisse Saint Beno\u00eet Joseph Labre 31 octobre 1999 Saint Jean-Paul II Rome, 21 octobre 1999 * Au terme de la Sainte Messe, la rencontre avec les jeunes, les membres du conseil pastoral et les repr\u00e9sentants des diverses r\u00e9alit\u00e9s paroissiales s\u2019est tenue dans une salle du complexe paroissial. &#013; Au nom des participants, Vittorio, 29 ans, a adress\u00e9 au Pape ces paroles de Salutations : &#013; Saint P\u00e8re,<\/p>\n<div class=\"read-more\"><a class=\"btn read-more-btn\" href=\"https:\/\/neocatechumenaleiter.org\/fr\/paroles-de-papes\/st-jean-paul-ii\/visite-a-la-paroisse-saint-benoit-joseph-labre-31-octobre-1999\/\">En savoir plus<\/a><\/div>\n","protected":false},"author":2,"featured_media":0,"parent":5064,"menu_order":93,"comment_status":"closed","ping_status":"closed","template":"","meta":{"footnotes":""},"class_list":["post-17597","page","type-page","status-publish","hentry"],"_links":{"self":[{"href":"https:\/\/neocatechumenaleiter.org\/fr\/wp-json\/wp\/v2\/pages\/17597","targetHints":{"allow":["GET"]}}],"collection":[{"href":"https:\/\/neocatechumenaleiter.org\/fr\/wp-json\/wp\/v2\/pages"}],"about":[{"href":"https:\/\/neocatechumenaleiter.org\/fr\/wp-json\/wp\/v2\/types\/page"}],"author":[{"embeddable":true,"href":"https:\/\/neocatechumenaleiter.org\/fr\/wp-json\/wp\/v2\/users\/2"}],"replies":[{"embeddable":true,"href":"https:\/\/neocatechumenaleiter.org\/fr\/wp-json\/wp\/v2\/comments?post=17597"}],"version-history":[{"count":5,"href":"https:\/\/neocatechumenaleiter.org\/fr\/wp-json\/wp\/v2\/pages\/17597\/revisions"}],"predecessor-version":[{"id":17602,"href":"https:\/\/neocatechumenaleiter.org\/fr\/wp-json\/wp\/v2\/pages\/17597\/revisions\/17602"}],"up":[{"embeddable":true,"href":"https:\/\/neocatechumenaleiter.org\/fr\/wp-json\/wp\/v2\/pages\/5064"}],"wp:attachment":[{"href":"https:\/\/neocatechumenaleiter.org\/fr\/wp-json\/wp\/v2\/media?parent=17597"}],"curies":[{"name":"wp","href":"https:\/\/api.w.org\/{rel}","templated":true}]}}