{"id":17603,"date":"2020-09-16T10:29:21","date_gmt":"2020-09-16T09:29:21","guid":{"rendered":"https:\/\/neocatechumenaleiter.org\/paroles-de-papes\/st-jean-paul-ii\/convivence-a-new-york-de-253-eveques-de-lamerique-sur-le-theme-seule-une-nouvelle-esthetique-sauvera-leglise-1er-avril-1997\/"},"modified":"2020-09-16T10:31:27","modified_gmt":"2020-09-16T09:31:27","slug":"convivence-a-new-york-de-253-eveques-de-lamerique-sur-le-theme-seule-une-nouvelle-esthetique-sauvera-leglise-1er-avril-1997","status":"publish","type":"page","link":"https:\/\/neocatechumenaleiter.org\/fr\/paroles-de-papes\/st-jean-paul-ii\/convivence-a-new-york-de-253-eveques-de-lamerique-sur-le-theme-seule-une-nouvelle-esthetique-sauvera-leglise-1er-avril-1997\/","title":{"rendered":"Convivence \u00e0 New York de 253 \u00e9v\u00eaques de l&rsquo;Am\u00e9rique sur le th\u00e8me : \u00ab\u00a0Seule une nouvelle esth\u00e9tique sauvera l&rsquo;\u00c9glise.\u00a0\u00bb 1er avril 1997"},"content":{"rendered":"\n<h1 class=\"has-text-align-center wp-block-heading\">Convivence \u00e0 New York de 253 \u00e9v\u00eaques de l&rsquo;Am\u00e9rique sur le th\u00e8me : \u00ab\u00a0Seule une nouvelle esth\u00e9tique sauvera l&rsquo;\u00c9glise.\u00a0\u00bb 1-5 avril 1997<\/h1>\n\n<div style=\"height:20px\" aria-hidden=\"true\" class=\"wp-block-spacer\"><\/div>\n\n<h4 class=\"has-text-align-center wp-block-heading\">Saint Jean-Paul II<\/h4>\n\n<div style=\"height:20px\" aria-hidden=\"true\" class=\"wp-block-spacer\"><\/div>\n\n<div class=\"wp-block-image\"><figure class=\"alignleft size-large\"><img loading=\"lazy\" decoding=\"async\" width=\"400\" height=\"272\" src=\"https:\/\/neocatechumenaleiter.org\/wp-content\/uploads\/2020\/03\/Camino_Neocatecumenal_Juan_Pablo_II_convivencia_obispos_new_york_1997.jpg\" alt=\"\" class=\"wp-image-2700\" srcset=\"https:\/\/neocatechumenaleiter.org\/wp-content\/uploads\/2020\/03\/Camino_Neocatecumenal_Juan_Pablo_II_convivencia_obispos_new_york_1997.jpg 400w, https:\/\/neocatechumenaleiter.org\/wp-content\/uploads\/2020\/03\/Camino_Neocatecumenal_Juan_Pablo_II_convivencia_obispos_new_york_1997-300x204.jpg 300w\" sizes=\"auto, (max-width: 400px) 100vw, 400px\" \/><\/figure><\/div>\n\n<p><strong>New York, 1-5 avril 1997<\/strong><\/p>\n\n<p><em>\u00ab Nouvelle \u00c9vang\u00e9lisation et Troisi\u00e8me Mill\u00e9naire. Seule une nouvelle esth\u00e9tique sauvera l\u2019\u00c9glise \u00bb : C\u2019\u00e9tait le th\u00e8me. La Convivence offrait aux \u00e9v\u00eaques la possibilit\u00e9 de conna\u00eetre le Chemin N\u00e9ocat\u00e9chum\u00e9nal en puisant directement \u00e0 sa source. La r\u00e9flexion sur la n\u00e9cessit\u00e9 d\u2019une nouvelle esth\u00e9tique pour \u00e9vang\u00e9liser le Nouveau Mill\u00e9naire ne pouvait trouver un cadre plus appropri\u00e9 que celui de la \u00ab Grosse Pomme \u00bb, la capitale culturelle du monde contemporain. La \u00ab nouvelle esth\u00e9tique \u00bb introduite par le Chemin N\u00e9ocat\u00e9chum\u00e9nal \u00e0 travers son initiation biblique et liturgique est en train de d\u00e9montrer, dans la r\u00e9alit\u00e9 des faits, qu\u2019elle est capable de faire face \u00e0 l\u2019impact culturel de la m\u00e9gapole qui menace la vie de l\u2019\u00c9glise.   <\/em><\/p>\n\n<p><em>Le t\u00e9l\u00e9gramme du Saint P\u00e8re : <\/em><\/p>\n\n<p>Le Saint P\u00e8re a \u00e9t\u00e9 inform\u00e9 de la rencontre organis\u00e9e par le Chemin n\u00e9ocat\u00e9chum\u00e9nal \u00e0 New York du 1er au 5 avril. Il envoie ses salutations cordiales \u00e0 tous les participants, en particulier \u00e0 ses fr\u00e8res \u00e9v\u00eaques qui ont appuy\u00e9 cette initiative. Ainsi une r\u00e9flexion unie \u00e0 la pri\u00e8re, contribuera aux travaux de la prochaine assembl\u00e9e sp\u00e9ciale du Synode des \u00c9v\u00eaques de l\u2019Am\u00e9rique. <\/p>\n\n<div class=\"wp-block-image\"><figure class=\"alignright size-large\"><img loading=\"lazy\" decoding=\"async\" width=\"338\" height=\"400\" src=\"https:\/\/neocatechumenaleiter.org\/wp-content\/uploads\/2020\/03\/Camino_Neocatecumenal_Juan_Pablo_II_convivencia_obispos_new_york_1997_2.jpg\" alt=\"\" class=\"wp-image-2707\" srcset=\"https:\/\/neocatechumenaleiter.org\/wp-content\/uploads\/2020\/03\/Camino_Neocatecumenal_Juan_Pablo_II_convivencia_obispos_new_york_1997_2.jpg 338w, https:\/\/neocatechumenaleiter.org\/wp-content\/uploads\/2020\/03\/Camino_Neocatecumenal_Juan_Pablo_II_convivencia_obispos_new_york_1997_2-254x300.jpg 254w\" sizes=\"auto, (max-width: 338px) 100vw, 338px\" \/><\/figure><\/div>\n\n<p>Ce Synode a pour th\u00e8me : \u00ab Rencontre avec J\u00e9sus Christ vivant,  un chemin pour la conversion, la communion et la solidarit\u00e9 en Am\u00e9rique \u00bb. &#013;\nIl veut donner une nouvelle impulsion \u00e9vang\u00e9lisatrice aux \u00c9glises d\u2019Am\u00e9rique, alors qu\u2019elles se pr\u00e9parent au Grand Jubil\u00e9 de l\u2019an 2000. Celui-ci appelle \u00e0 renouveler l\u2019\u00e9lan missionnaire non seulement des pasteurs, mais aussi des la\u00efcs, des associations et des mouvements eccl\u00e9siaux.   &#013;\n<\/p>\n\n<p>Durant ces jours, vous allez rep\u00e9rer et analyser les d\u00e9fis majeurs que rencontre l\u2019\u00c9glise des Am\u00e9riques dans son effort pour porter en avant cette importante mission, et trouver des solutions ad\u00e9quates \u00e0 la lumi\u00e8re de l\u2019Esprit Saint. &#013;\nLe Saint P\u00e8re se souviendra dans ses pri\u00e8res de tous les participants \u00e0 cette rencontre. En invoquant les b\u00e9n\u00e9dictions abondantes de Dieu sur vos d\u00e9cisions, le Saint P\u00e8re vous adresse cordialement sa b\u00e9n\u00e9diction apostolique. &#013;\n<\/p>\n\n<p><em>Cardinal Angelo Sodano, Secr\u00e9taire d\u2019\u00c9tat<\/em><\/p>\n","protected":false},"excerpt":{"rendered":"<p>Convivence \u00e0 New York de 253 \u00e9v\u00eaques de l&rsquo;Am\u00e9rique sur le th\u00e8me : \u00ab\u00a0Seule une nouvelle esth\u00e9tique sauvera l&rsquo;\u00c9glise.\u00a0\u00bb 1-5 avril 1997 Saint Jean-Paul II New York, 1-5 avril 1997 \u00ab Nouvelle \u00c9vang\u00e9lisation et Troisi\u00e8me Mill\u00e9naire. Seule une nouvelle esth\u00e9tique sauvera l\u2019\u00c9glise \u00bb : C\u2019\u00e9tait le th\u00e8me. La Convivence offrait aux \u00e9v\u00eaques la possibilit\u00e9 de conna\u00eetre le Chemin N\u00e9ocat\u00e9chum\u00e9nal en puisant directement \u00e0 sa source. La r\u00e9flexion sur la n\u00e9cessit\u00e9<\/p>\n<div class=\"read-more\"><a class=\"btn read-more-btn\" href=\"https:\/\/neocatechumenaleiter.org\/fr\/paroles-de-papes\/st-jean-paul-ii\/convivence-a-new-york-de-253-eveques-de-lamerique-sur-le-theme-seule-une-nouvelle-esthetique-sauvera-leglise-1er-avril-1997\/\">En savoir plus<\/a><\/div>\n","protected":false},"author":2,"featured_media":0,"parent":5064,"menu_order":89,"comment_status":"closed","ping_status":"closed","template":"","meta":{"footnotes":""},"class_list":["post-17603","page","type-page","status-publish","hentry"],"_links":{"self":[{"href":"https:\/\/neocatechumenaleiter.org\/fr\/wp-json\/wp\/v2\/pages\/17603","targetHints":{"allow":["GET"]}}],"collection":[{"href":"https:\/\/neocatechumenaleiter.org\/fr\/wp-json\/wp\/v2\/pages"}],"about":[{"href":"https:\/\/neocatechumenaleiter.org\/fr\/wp-json\/wp\/v2\/types\/page"}],"author":[{"embeddable":true,"href":"https:\/\/neocatechumenaleiter.org\/fr\/wp-json\/wp\/v2\/users\/2"}],"replies":[{"embeddable":true,"href":"https:\/\/neocatechumenaleiter.org\/fr\/wp-json\/wp\/v2\/comments?post=17603"}],"version-history":[{"count":5,"href":"https:\/\/neocatechumenaleiter.org\/fr\/wp-json\/wp\/v2\/pages\/17603\/revisions"}],"predecessor-version":[{"id":17608,"href":"https:\/\/neocatechumenaleiter.org\/fr\/wp-json\/wp\/v2\/pages\/17603\/revisions\/17608"}],"up":[{"embeddable":true,"href":"https:\/\/neocatechumenaleiter.org\/fr\/wp-json\/wp\/v2\/pages\/5064"}],"wp:attachment":[{"href":"https:\/\/neocatechumenaleiter.org\/fr\/wp-json\/wp\/v2\/media?parent=17603"}],"curies":[{"name":"wp","href":"https:\/\/api.w.org\/{rel}","templated":true}]}}