{"id":17609,"date":"2020-03-04T02:19:33","date_gmt":"2020-03-04T01:19:33","guid":{"rendered":"https:\/\/neocatechumenaleiter.org\/paroles-de-papes\/st-jean-paul-ii\/veillee-de-pentecote-place-saint-pierre-a-loccasion-du-grand-jubile-de-lan-2000-25-mai-1996\/"},"modified":"2021-08-10T11:04:14","modified_gmt":"2021-08-10T10:04:14","slug":"veillee-de-pentecote-place-saint-pierre-a-loccasion-du-grand-jubile-de-lan-2000-25-mai-1996","status":"publish","type":"page","link":"https:\/\/neocatechumenaleiter.org\/fr\/paroles-de-papes\/st-jean-paul-ii\/veillee-de-pentecote-place-saint-pierre-a-loccasion-du-grand-jubile-de-lan-2000-25-mai-1996\/","title":{"rendered":"Veill\u00e9e de Pentec\u00f4te place Saint Pierre \u00e0 l&rsquo;occasion du Grand Jubil\u00e9 de l&rsquo;an 2000 25 mai 1996"},"content":{"rendered":"\n<h1 class=\"has-text-align-center wp-block-heading\">Veill\u00e9e de Pentec\u00f4te place Saint Pierre \u00e0 l&rsquo;occasion du Grand Jubil\u00e9 de l&rsquo;an 2000 25 mai 1996<\/h1>\n\n<div style=\"height:20px\" aria-hidden=\"true\" class=\"wp-block-spacer\"><\/div>\n\n<h4 class=\"has-text-align-center wp-block-heading\">Saint Jean-Paul II<\/h4>\n\n<div style=\"height:20px\" aria-hidden=\"true\" class=\"wp-block-spacer\"><\/div>\n\n<p><strong>Place Saint Pierre, 25 mai 1996<\/strong><\/p>\n\n<p><em>Sur le parvis de la Basilique Vaticane, tous les membres de la communaut\u00e9 eccl\u00e9siale dioc\u00e9saine ont pris part \u00e0 la Veill\u00e9e durant laquelle Jean-Paul II a c\u00e9l\u00e9br\u00e9 l\u2019Eucharistie : pr\u00eatres, religieuses et religieux, paroisses, associations, mouvements, communaut\u00e9s nouvelles. Plus de 60.000 fid\u00e8les \u00e9taient pr\u00e9sents tandis qu\u2019environ 1.400 pr\u00eatres conc\u00e9l\u00e9braient (y compris les Cardinaux et \u00c9v\u00eaques pr\u00e9sents dans le Dioc\u00e8se).  &#13;\n<br\/><br\/>&#13;\nNous rapportons le texte de l\u2019hom\u00e9lie de Jean Paul II : &#13;\n<\/em><\/p>\n\n<p>1. <em>Paix \u00e0 vous ! Comme le P\u00e8re m\u2019a envoy\u00e9, moi aussi je vous envoie\u2026 Recevez l\u2019Esprit Saint !<\/em> (Jn 20, 21-22). &#13;\nEn cette vigile de Pentec\u00f4te, l\u2019\u00c9glise qui est \u00e0 Rome se trouve r\u00e9unie comme les Ap\u00f4tres au C\u00e9nacle apr\u00e8s les \u00e9v\u00e9nements du triduum pascal. Ils savaient que le Seigneur \u00e9tait ressuscit\u00e9 et \u00e9tait apparu \u00e0 Simon. Mais J\u00e9sus en personne vint au milieu d\u2019eux et offrit le salut de paix. Il montra ensuite ses mains et son c\u00f4t\u00e9 transperc\u00e9s, avec les signes visibles de la passion. Oui ! <em>C\u2019est bien Lui. C\u2019est le m\u00eame J\u00e9sus, d\u2019abord crucifi\u00e9 et maintenant ressuscit\u00e9. <\/em><br\/><br\/>&#13;\n\u00ab Les disciples furent remplis de joie \u00e0 la vue du Seigneur \u00bb (Jn 20, 20). &#13;\nDepuis le soir du jour de P\u00e2ques, J\u00e9sus avait n\u00e9anmoins anticip\u00e9 l\u2019\u00e9v\u00e9nement de la Pentec\u00f4te : \u00ab Comme le P\u00e8re m\u2019a envoy\u00e9, moi aussi je vous envoie\u2026 Recevez l\u2019Esprit Saint (Jn 20, 21-22) \u00bb &#13;\n<\/p>\n\n<p>2. Chers Fr\u00e8res et S\u0153urs du Dioc\u00e8se de Rome ! <em>Par une veill\u00e9e de pri\u00e8re, qui rappelle celle de P\u00e2ques, nous nous sommes r\u00e9unis ici pour nous pr\u00e9parer<\/em> \u00e0 la solennit\u00e9 de la descente de l\u2019Esprit Saint. <br\/><br\/>&#13;\nLa lecture que nous venons d\u2019\u00e9couter, tir\u00e9e des Actes des Ap\u00f4tres, rappelle ce qui se passe \u00e0 J\u00e9rusalem le jour de la Pentec\u00f4te : le coup de vent imp\u00e9tueux, l\u2019apparition des langues de feu, les Ap\u00f4tres qui remplis de l\u2019Esprit Saint, <em>commencent \u00e0 annoncer l\u2019\u00c9vangile en  langues qui leur sont inconnues<\/em>. L\u2019Eglise na\u00eet. <br\/><br\/>  &#13;\nDes personnes appartenant \u00e0 diff\u00e9rentes nations, et qui utilisent des langues diff\u00e9rentes, entendent parler les Ap\u00f4tres qui \u00e9taient Galil\u00e9ens (cf. Ac 1, 11) dans leurs propres langues : \u00ab Nous les entendons publier dans notre langue les merveilles de Dieu ! \u00bb (Ac 2,11)&#13;\n<em>C\u2019est le d\u00e9but solennel de la mission<\/em> des Ap\u00f4tres, mission re\u00e7ue cinquante jours auparavant par le Ressuscit\u00e9, qui leur avait ordonn\u00e9 : \u00ab Je vous envoie\u2026 Recevez l\u2019Esprit Saint \u00bb (Jn 20, 21-22). &#13;\n<\/p>\n\n<p>3. \u00ab <em>Emitte Spiritum tuum et creabuntur<\/em> : tu envoies ton souffle, ils sont cr\u00e9\u00e9s \u00bb (cf. Ps 103, 30).&#13;\nEn disant : \u00ab Recevez l\u2019Esprit Saint \u00bb, le Christ r\u00e9v\u00e8le la puissance cr\u00e9atrice de l\u2019Esprit de Dieu qui, r\u00e9pandu sur chaque homme (cf. Jl 3, 1), <em>r\u00e9tablit cette unit\u00e9 du genre humain bris\u00e9e \u00e0 cause du p\u00e9ch\u00e9, pr\u00e8s de la tour de Babel. <\/em>&#13;\nBabel est devenue le symbole de la d\u00e9sagr\u00e9gation et du d\u00e9sespoir (cf. Gn 11, 1-9). La Pentec\u00f4te constitue au contraire le plein accomplissement de l\u2019unit\u00e9 qui, par la puissance de l\u2019Esprit de v\u00e9rit\u00e9, est reconstruite \u00e0 partir justement de la multiplicit\u00e9 de l\u2019existence et des exp\u00e9riences humaines. <br\/><br\/><em>Le Christ est mis \u00e0 la t\u00eate du peuple<\/em> de la Nouvelle Alliance : Il est le grand Proph\u00e8te attendu. Autour de Lui doivent se r\u00e9unir \u00ab les fils et les filles \u00bb du nouvel Isra\u00ebl (cf. <em>Lumen Gentium <\/em>N\u00b09), lesquels anim\u00e9s par l\u2019Esprit qui donne la vie (cf. Ez 37, 14), prennent part personnellement \u00e0 la mission salvifique du Christ, Pr\u00eatre, Proph\u00e8te et Roi, en suivant ses traces, au fil des si\u00e8cles et des mill\u00e9naires. &#13;\n<\/p>\n\n<p>4. <em>Le deuxi\u00e8me mill\u00e9naire chr\u00e9tien arrive d\u00e9sormais \u00e0 son terme.&#13;\n<\/em>&#13;\nConscients du \u00ab tertio millennio adveniente \u00bb, du troisi\u00e8me mill\u00e9naire qui est en train de s\u2019approcher, nous sommes r\u00e9unis dans ce C\u00e9nacle de l\u2019\u00c9glise particulier \u00e9tabli ce soir pr\u00e8s de la tombe de Saint Pierre. Les pour ainsi dire deux mill\u00e9naires pass\u00e9s nous regardent, t\u00e9moins de ce lieu marqu\u00e9 par les tombes de Martyrs et de Confesseurs de la foi. Nous sommes ici pr\u00e8s des reliques des Ap\u00f4tres, colonnes de l\u2019\u00c9glise qui est \u00e0 Rome. <br\/><br\/>&#13;\nEt il se reproduit parmi nous, maintenant, ce qui s\u2019est pass\u00e9 le soir de P\u00e2que. Le Christ, au moyen de l\u2019Eucharistie, franchit l\u2019espace et le temps et se fait pr\u00e9sent parmi nous, comme il fit alors avec les Ap\u00f4tres r\u00e9unis dans le C\u00e9nacle. Il nous adresse les m\u00eames paroles : \u00ab Paix \u00e0 vous ! Comme le P\u00e8re m\u2019a envoy\u00e9, moi aussi <em>je vous envoie. Recevez l\u2019Esprit Saint<\/em>. \u00bb &#13;\n<\/p>\n\n<p>5. <em>Recevez l\u2019Esprit Saint !<\/em>&#13;\n &#13;\nNous sommes r\u00e9unis pour invoquer ensemble le don de l\u2019Esprit Saint pour toute la Communaut\u00e9 eccl\u00e9siale de Rome, appel\u00e9e \u00e0 accomplir une mission de grande importance dans la ville. Avec cette initiative apostolique, l\u2019\u00c9glise qui est \u00e0 Rome entend ouvrir tout grand les bras \u00e0 chaque personne et famille de la Ville et p\u00e9n\u00e9trer comme un levain dans chaque milieu social, de travail, de souffrance, d\u2019art et de culture, en annon\u00e7ant et t\u00e9moignant aux proches et aux lointains le Seigneur ressuscit\u00e9.  <br\/><br\/>&#13;\nChers Fr\u00e8res et S\u0153urs, vous vivez dans cette m\u00e9tropole, qui malheureusement n\u2019\u00e9chappe pas aux tentations du s\u00e9cularisme, et se trouve comme subtilement menac\u00e9e par la fatigue, par l\u2019indiff\u00e9rence, par la torpeur spirituelle et par ce relativisme dans lequel tout se dilue et se confond. Voil\u00e0 pourquoi la grande mission dans la ville que nous inaugurons solennellement  en cette Vigile, est adress\u00e9e en premier lieu aux croyants.  &#13;\nCelle-ci est avant tout une supplication \u00e0 l\u2019Esprit Saint pour qu\u2019il renforce notre foi, renouvelle notre ferveur, enflamme notre charit\u00e9. <br\/><br\/>&#13;\nQue notre c\u0153ur ne se laisse pas troubler par des craintes et des perplexit\u00e9s. Au contraire, en comptant sur la gr\u00e2ce qui vient de Dieu et non pas sur les forces humaines, nous portons, comme t\u00e9moins de la v\u00e9rit\u00e9 et de l\u2019amour du Christ, l\u2019\u00c9vangile de l\u2019Esp\u00e9rance \u00e0 chaque habitant de Rome. Ainsi nous pourrons \u00e9galement influer sur la culture, sur les modes de vie, sur les attentes et les projets de la communaut\u00e9 urbaine tout enti\u00e8re. &#13;\n<\/p>\n\n<p>6. \u00c9glise qui es \u00e0 Rome, le Seigneur t\u2019a aim\u00e9e avec un amour inconditionnel. Pour cela tu es riche d\u2019\u00e9nergies spirituelles et missionnaires et de bien d\u2019autres encore, que l\u2019Esprit, justement \u00e0 travers \u00e0 la mission, suscitera en toi. <br\/><br\/>&#13;\nJe m\u2019adresse d\u2019abord \u00e0 vous, chers fr\u00e8res dans le sacerdoce, consacr\u00e9s pour \u00eatre les premiers t\u00e9moins de l\u2019\u00c9vangile et les ap\u00f4tres de la v\u00e9rit\u00e9 et de l\u2019unit\u00e9 : soyez les premiers inlassables artisans de la mission, soyez saints pour pouvoir \u00eatre de dociles instruments \u00e0 travers lesquels Dieu op\u00e8re la sanctification de son peuple. C\u2019est des paroisses que doit partir cette mission, et vous \u00eates les responsables et les animateurs qualifi\u00e9s des communaut\u00e9s paroissiales. <br\/><br\/>&#13;\nEt vous, chers religieux et religieuses, appel\u00e9s \u00e0 \u00eatre le signe proph\u00e9tique de la pr\u00e9sence de Dieu, donnez vous avec \u00e9lan \u00e0 cette \u00c9glise en mission, par la pri\u00e8re et les activit\u00e9s apostoliques. Vous trouverez justement dans le fait de vous donner le go\u00fbt de votre vocation. <br\/><br\/>&#13;\nJe pense \u00e0 vous, chers fr\u00e8res et s\u0153urs qui \u0153uvrez patiemment dans les paroisses et formez le solide tissu de l\u2019activit\u00e9 pastorale quotidienne, de la cat\u00e9ch\u00e8se et du service de la charit\u00e9. \u00c0 travers la mission, vous pourrez trouver une nouvelle vigueur spirituelle pour transmettre l\u2019\u00c9vangile du Christ dans vos familles et dans les milieux dans lesquels vous travaillez. Vous, chers membres des nombreux mouvements, organismes et associations eccl\u00e9siales, assurez \u00e0 la mission dans la ville votre totale et fid\u00e8le collaboration en concertation \u00e9troite avec les Pasteurs, les paroisses et toute la r\u00e9alit\u00e9 dioc\u00e9saine.  &#13;\n<\/p>\n\n<p>Vous, chers jeunes, mettez vos jeunes \u00e9nergies au service de cette grande entreprise spirituelle, surmontant toute crainte \u00e9ventuelle ou respect humain. Proclamez avec franchise et courage votre foi en J\u00e9sus-Christ parmi vos contemporains et amis. Et vous \u00e9galement, chers malades et personnes qui souffrent, et vous qui vous sentez marginalis\u00e9s, la mission dans la ville attend votre participation en un certain sens d\u00e9terminante pour son succ\u00e8s. En accueillant votre condition et en l\u2019offrant au P\u00e8re c\u00e9leste et au Christ, vous pouvez devenir une voie providentielle et myst\u00e9rieuse de salut pour Rome. <\/p>\n\n<p>La mission vous appartient, chers membres de la Curie Romaine et mes collaborateurs au service de l\u2019\u00c9glise universelle, appel\u00e9s \u00e0 donner votre aide qualifi\u00e9e \u00e0 la vie de la Communaut\u00e9 chr\u00e9tienne qui est \u00e0 Rome, et \u00e0 la pr\u00e9paration du Grand Jubil\u00e9 de l\u2019An 2000. Votre aide sera plus que jamais importante pour la bonne r\u00e9ussite de cette vaste d\u00e9marche \u00e9vang\u00e9lisatrice. <br\/><br\/>&#13;\nLa mission est faite aussi pour vous, chers fr\u00e8res et s\u0153urs venus \u00e0 Rome des diff\u00e9rentes parties du monde. D\u00e9sormais vous faites partie int\u00e9grante de notre Communaut\u00e9 dioc\u00e9saine. Merci d\u2019\u00eatre ici avec nous, ce soir, pour prier.  &#13;\nPuisse la mission dans la ville, apr\u00e8s le Synode dioc\u00e9sain, marquer un pas de plus en avant sur le chemin de la croissance spirituelle et de la communion entre tous les chr\u00e9tiens qui vivent dans notre Ville. &#13;\n<\/p>\n\n<p>7. Notre regard ce soir, ne peut pas ne pas s\u2019\u00e9largir aux attentes de l\u2019\u00c9glise universelle, en chemin vers le grand Jubil\u00e9 de l\u2019An 2000. L\u2019\u00c9glise cherche \u00e0 prendre plus vivement conscience de la pr\u00e9sence de l\u2019Esprit qui agit en elle, pour le bien de sa communion et mission, au moyen des dons sacramentels, hi\u00e9rarchiques et charismatiques.  <br\/><br\/>&#13;\nL\u2019un des dons que l\u2019Esprit Saint fait \u00e0 notre temps est certainement la floraison des <em>mouvements eccl\u00e9siaux <\/em>que je ne cesse de recommander, depuis le d\u00e9but de mon Pontificat, comme motif d\u2019esp\u00e9rance pour l\u2019\u00c9glise et pour les hommes. Ils \u00ab sont un signe de la libert\u00e9 de formes, o\u00f9 se r\u00e9alise l\u2019unique \u00c9glise, et repr\u00e9sentent une nouveaut\u00e9 s\u00fbre, qui attend encore d\u2019\u00eatre ad\u00e9quatement comprise dans toute son efficacit\u00e9 positive pour le Royaume de Dieu \u00e0 l\u2019\u0153uvre dans l\u2019aujourd\u2019hui de l\u2019histoire \u00bb (<em>Enseignements<\/em>, VII\/2 [1984], p. 696). Dans le cadre des c\u00e9l\u00e9brations du Grand Jubil\u00e9, surtout celle de l\u2019ann\u00e9e 1998, d\u00e9di\u00e9e de fa\u00e7on particuli\u00e8re \u00e0 l\u2019Esprit Saint et \u00e0 sa pr\u00e9sence sanctificatrice \u00e0 l\u2019int\u00e9rieur de la Communaut\u00e9 des disciples du Christ (Cf. <em>Tertio millennio adveniente<\/em>, N\u00b044), je compte sur le <em>t\u00e9moignage commun et sur la collaboration des mouvements<\/em>. Je forme le v\u0153u que ceux-ci, en communion avec les Pasteurs et en liaison avec les initiatives dioc\u00e9saines, apportent dans le c\u0153ur de l\u2019\u00c9glise leur richesse charismatique et, par cons\u00e9quent, \u00e9ducative et missionnaire, comme une exp\u00e9rience pr\u00e9cieuse et une proposition de vie chr\u00e9tienne. &#13;\n<\/p>\n\n<p>8. \u00ab <em>Paix \u00e0 vous ! Comme le P\u00e8re m\u2019a envoy\u00e9, moi aussi je vous envoie\u2026 Recevez l\u2019Esprit Saint. <\/em>\u00bb<br\/><br\/>&#13;\nLe Christ, est pr\u00e9sent, \u00e9galement dans le signe de l\u2019Evang\u00e9liaire que je confie ce soir au Cardinal Vicaire pour qu\u2019il soit solennellement expos\u00e9 dans la Basilique Saint Jean de Latran ; Il est pr\u00e9sent et soutient le chemin de la grande mission dans la ville qui conduira la Communaut\u00e9 eccl\u00e9siale de Rome au seuil du troisi\u00e8me mill\u00e9naire. <br\/><br\/>&#13;\n\u00ab Moi aussi je vous envoie\u2026 \u00bb&#13;\nSeigneur, comme cela s\u2019est produit aux d\u00e9buts de la mission de l\u2019\u00c9glise, toi aujourd\u2019hui, tu nous envoies pour une nouvelle mission \u00e9vang\u00e9lisatrice. Tu nous confies la t\u00e2che de porter la Bonne Nouvelle dans les rues, sur les places de cette ville ; tu veux que ton \u00c9glise soit p\u00e8lerine d\u2019esp\u00e9rance et de paix sur les chemins du monde. &#13;\nSoutiens notre chemin avec la force de ton Esprit ; rends-nous ap\u00f4tres courageux de l\u2019\u00c9vangile et constructeurs d\u2019une nouvelle humanit\u00e9. Marie, Salus Popoli Romani, toi qui accompagneras avec ta sainte ic\u00f4ne le p\u00e8lerinage de cette nuit, guide nos pas ; obtiens-nous la pl\u00e9nitude des dons de l\u2019Esprit-Saint. &#13;\n<\/p>\n\n<p>\u00ab <em>Emitte Spiritum tuum et creabuntur<\/em> \u00bb. Amen! <br\/><br\/><em>(*) Cf. \u00abL\u2019Osservatore Romano\u00bb, 27-28 mai 1996.<\/em><\/p>\n","protected":false},"excerpt":{"rendered":"<p>Veill\u00e9e de Pentec\u00f4te place Saint Pierre \u00e0 l&rsquo;occasion du Grand Jubil\u00e9 de l&rsquo;an 2000 25 mai 1996 Saint Jean-Paul II Place Saint Pierre, 25 mai 1996 Sur le parvis de la Basilique Vaticane, tous les membres de la communaut\u00e9 eccl\u00e9siale dioc\u00e9saine ont pris part \u00e0 la Veill\u00e9e durant laquelle Jean-Paul II a c\u00e9l\u00e9br\u00e9 l\u2019Eucharistie : pr\u00eatres, religieuses et religieux, paroisses, associations, mouvements, communaut\u00e9s nouvelles. Plus de 60.000 fid\u00e8les \u00e9taient pr\u00e9sents<\/p>\n<div class=\"read-more\"><a class=\"btn read-more-btn\" href=\"https:\/\/neocatechumenaleiter.org\/fr\/paroles-de-papes\/st-jean-paul-ii\/veillee-de-pentecote-place-saint-pierre-a-loccasion-du-grand-jubile-de-lan-2000-25-mai-1996\/\">En savoir plus<\/a><\/div>\n","protected":false},"author":2,"featured_media":0,"parent":5064,"menu_order":86,"comment_status":"closed","ping_status":"closed","template":"","meta":{"footnotes":""},"class_list":["post-17609","page","type-page","status-publish","hentry"],"_links":{"self":[{"href":"https:\/\/neocatechumenaleiter.org\/fr\/wp-json\/wp\/v2\/pages\/17609","targetHints":{"allow":["GET"]}}],"collection":[{"href":"https:\/\/neocatechumenaleiter.org\/fr\/wp-json\/wp\/v2\/pages"}],"about":[{"href":"https:\/\/neocatechumenaleiter.org\/fr\/wp-json\/wp\/v2\/types\/page"}],"author":[{"embeddable":true,"href":"https:\/\/neocatechumenaleiter.org\/fr\/wp-json\/wp\/v2\/users\/2"}],"replies":[{"embeddable":true,"href":"https:\/\/neocatechumenaleiter.org\/fr\/wp-json\/wp\/v2\/comments?post=17609"}],"version-history":[{"count":2,"href":"https:\/\/neocatechumenaleiter.org\/fr\/wp-json\/wp\/v2\/pages\/17609\/revisions"}],"predecessor-version":[{"id":24295,"href":"https:\/\/neocatechumenaleiter.org\/fr\/wp-json\/wp\/v2\/pages\/17609\/revisions\/24295"}],"up":[{"embeddable":true,"href":"https:\/\/neocatechumenaleiter.org\/fr\/wp-json\/wp\/v2\/pages\/5064"}],"wp:attachment":[{"href":"https:\/\/neocatechumenaleiter.org\/fr\/wp-json\/wp\/v2\/media?parent=17609"}],"curies":[{"name":"wp","href":"https:\/\/api.w.org\/{rel}","templated":true}]}}