{"id":17613,"date":"2020-03-04T02:16:49","date_gmt":"2020-03-04T01:16:49","guid":{"rendered":"https:\/\/neocatechumenaleiter.org\/paroles-de-papes\/st-jean-paul-ii\/ordination-sacerdotale-a-saint-pierre-de-38-presbytres-28-avril-1996\/"},"modified":"2021-08-10T11:04:09","modified_gmt":"2021-08-10T10:04:09","slug":"ordination-sacerdotale-a-saint-pierre-de-38-presbytres-28-avril-1996","status":"publish","type":"page","link":"https:\/\/neocatechumenaleiter.org\/fr\/paroles-de-papes\/st-jean-paul-ii\/ordination-sacerdotale-a-saint-pierre-de-38-presbytres-28-avril-1996\/","title":{"rendered":"Ordination sacerdotale \u00e0 Saint-Pierre de 38 presbytres 28 avril 1996"},"content":{"rendered":"\n<h1 class=\"has-text-align-center wp-block-heading\">Ordination sacerdotale \u00e0 Saint-Pierre de 38 presbytres 28 avril 1996<\/h1>\n\n<div style=\"height:20px\" aria-hidden=\"true\" class=\"wp-block-spacer\"><\/div>\n\n<h4 class=\"has-text-align-center wp-block-heading\">Saint Jean-Paul II<\/h4>\n\n<div style=\"height:20px\" aria-hidden=\"true\" class=\"wp-block-spacer\"><\/div>\n\n<div class=\"wp-block-image\"><figure class=\"alignleft size-medium\"><img loading=\"lazy\" decoding=\"async\" width=\"300\" height=\"212\" src=\"https:\/\/neocatechumenaleiter.org\/wp-content\/uploads\/2020\/03\/Camino_Neocatecumenal_Juan_Pablo_II_ordenacion_sacerdotal_1996_2-300x212.jpg\" alt=\"\" class=\"wp-image-2644\" srcset=\"https:\/\/neocatechumenaleiter.org\/wp-content\/uploads\/2020\/03\/Camino_Neocatecumenal_Juan_Pablo_II_ordenacion_sacerdotal_1996_2-300x212.jpg 300w, https:\/\/neocatechumenaleiter.org\/wp-content\/uploads\/2020\/03\/Camino_Neocatecumenal_Juan_Pablo_II_ordenacion_sacerdotal_1996_2.jpg 681w\" sizes=\"auto, (max-width: 300px) 100vw, 300px\" \/><\/figure><\/div>\n\n<p><strong>Saint Pierre, 28 avril 1996<\/strong><\/p>\n\n<p><em>Le Saint P\u00e8re a ordonn\u00e9 38 nouveaux pr\u00eatres, parmi lesquels 18 issus du s\u00e9minaire \u00ab Redemptoris Mater \u00bb. Nous reportons ci-dessous l\u2019hom\u00e9lie du Saint P\u00e8re : <\/em><\/p>\n\n<p>1. \u00ab Je suis le bon pasteur \u00bb (Jn 10, 11). Tr\u00e8s chers diacres, dans peu de temps vous serez ordonn\u00e9s Pr\u00eatres et vous serez intimement conform\u00e9s au Christ Bon Pasteur, dont la figure domine ce quatri\u00e8me dimanche de P\u00e2ques, Journ\u00e9e mondiale de la pri\u00e8re pour les vocations.  <br\/><br\/>&#13;\nJe vous accueille avec grande affection, avec les communaut\u00e9s des quatre S\u00e9minaires de Rome dans lesquels vous avez accompli votre itin\u00e9raire de formation : le S\u00e9minaire Majeur Romain, le Coll\u00e8ge Capranica, le S\u00e9minaire <em>Redemptoris Mater <\/em>et celui des oblats du Divin Amour. Je vous accueille avec vos familles dans lesquelles se trouvent les racines de votre appel au sacerdoce. Avant d\u2019\u00eatre form\u00e9s dans le sein maternel, vous \u00e9tiez d\u00e9j\u00e0 objet d\u2019un plan sp\u00e9cial de Dieu (cf. Jr 1,5).<br\/><br\/> &#13;\nJe vous accueille avec les amis des paroisses, des associations et des mouvements aupr\u00e8s desquels vous avez fait une exp\u00e9rience pastorale. En cette ann\u00e9e, dans laquelle je c\u00e9l\u00e8bre le 50\u00e8me anniversaire de mon Ordination sacerdotale, je suis heureux d\u2019imposer les mains \u00e0 38 jeunes que le dioc\u00e8se de Rome offre \u00e0 Dieu pour qu\u2019ils se consacrent au service de son peuple.  &#13;\n<\/p>\n\n<p>2. \u00ab Je suis le bon Pasteur \u00bb. Attardons-nous quelques instants pour m\u00e9diter ensemble sur les paroles de l\u2019\u00c9vangile de Jean. Celles-ci r\u00e9sonnent en effet aujourd\u2019hui de mani\u00e8re particuli\u00e8re pour vous qui, avec ce sacrement, \u00eates admis \u00e0 une participation sp\u00e9ciale au myst\u00e8re du Christ Pr\u00eatre et Bon Pasteur. <br\/><br\/>&#13;\n \u00ab Le bon pasteur donne sa vie pour ses brebis \u00bb (Jn 10, 11). Ainsi, dans le langage johannique, J\u00e9sus synth\u00e9tise sa propre mission. Nous retrouvons la m\u00eame logique dans les paroles de la premi\u00e8re Lettre de l\u2019ap\u00f4tre Pierre : &#13;\n<br\/><br\/>&#13;\n\u00ab lui qui, sur le bois,&#13;\n a port\u00e9 lui-m\u00eame nos fautes dans son corps, &#13;\nafin que, morts \u00e0 nos fautes, &#13;\nnous vivions pour la justice ; &#13;\nlui dont la meurtrissure vous a gu\u00e9ris \u00bb (1 P 2, 24)&#13;\n\u00ab \u2026le Christ a souffert pour vous, &#13;\nvous laissant un mod\u00e8le, &#13;\nafin que vous suiviez ses traces \u00bb (1 P 2, 21) &#13;\n<br\/><br\/>&#13;\nChers diacres, en ce jour de votre Ordination sacerdotale, vous \u00eates appel\u00e9s \u00e0 accueillir et \u00e0 embrasser de mani\u00e8re tr\u00e8s personnelle et inconditionnelle ce \u00ab Mod\u00e8le \u00bb. Vous \u00eates appel\u00e9s \u00e0 l\u2019aimer. \u00c0 chacun de vous, en cons\u00e9quence, je dis : <strong>adh\u00e8re de tout ton \u00eatre \u00e0 Celui qui a port\u00e9 sur le bois de la croix tes p\u00e9ch\u00e9s et ceux de l\u2019humanit\u00e9 tout enti\u00e8re ; aime son exemple et suis ses traces !<\/strong>&#13;\n<\/p>\n\n<div class=\"wp-block-image\"><figure class=\"alignright size-medium\"><img loading=\"lazy\" decoding=\"async\" width=\"300\" height=\"250\" src=\"https:\/\/neocatechumenaleiter.org\/wp-content\/uploads\/2020\/03\/Camino_Neocatecumenal_Juan_Pablo_II_ordenacion_sacerdotal_1996-300x250.jpg\" alt=\"\" class=\"wp-image-2651\" srcset=\"https:\/\/neocatechumenaleiter.org\/wp-content\/uploads\/2020\/03\/Camino_Neocatecumenal_Juan_Pablo_II_ordenacion_sacerdotal_1996-300x250.jpg 300w, https:\/\/neocatechumenaleiter.org\/wp-content\/uploads\/2020\/03\/Camino_Neocatecumenal_Juan_Pablo_II_ordenacion_sacerdotal_1996.jpg 672w\" sizes=\"auto, (max-width: 300px) 100vw, 300px\" \/><\/figure><\/div>\n\n<p>3. \u00ab Je suis le bon pasteur, je connais mes brebis et mes brebis me connaissent \u00bb (Jn 10, 34). <br\/><br\/>&#13;\nCette \u00ab connaissance \u00bb, vous le savez bien pour l\u2019avoir \u00e9tudi\u00e9e et surtout pour l\u2019avoir exp\u00e9riment\u00e9e personnellement, est une connaissance singuli\u00e8re. Elle na\u00eet d\u2019une <strong>sollicitude salvifique<\/strong>. C\u2019est une connaissance non seulement de l\u2019esprit mais aussi du c\u0153ur ; connaissance de qui aime et, r\u00e9ciproquement, de qui est aim\u00e9 ; de qui est fid\u00e8le et de qui confiant, se confie. <br\/><br\/>&#13;\nDans l\u2019admirable Psaume 22, Psaume responsorial de la c\u00e9l\u00e9bration liturgique d\u2019aujourd\u2019hui, cette connaissance d\u2019amour trouve une expression sublime dans les termes d\u2019une confession de louange de l\u2019\u00e2me en pri\u00e8re, qui jouit de paix et s\u00e9curit\u00e9 sans bornes gr\u00e2ce \u00e0 la pr\u00e9sence pr\u00e9venante de Dieu : &#13;\n<\/p>\n\n<p>\u00ab Le Seigneur est mon berger ; rien ne me manque. Sur des pr\u00e9s d\u2019herbe fra\u00eeche le Seigneur me fait reposer, vers les eaux tranquilles il me m\u00e8ne. Il refait mes forces, il me m\u00e8ne par le juste chemin, pour l\u2019amour de son nom\u2026 Devant moi tu pr\u00e9pares une table\u2026 tu r\u00e9pands de l\u2019huile sur ma t\u00eate \u00bb (cf. Ps 22, 1-3.5). <\/p>\n\n<p><strong>La confiance et le sentiment de s\u00e9curit\u00e9<\/strong>, garantis par Dieu Bon Pasteur, <strong>ne disparaissent pas \u00e0 l\u2019heure de l\u2019\u00e9preuve<\/strong> et des exp\u00e9riences les plus difficiles : &#13;\n\u00ab Si je marche dans une vall\u00e9e de t\u00e9n\u00e8bres, je ne crains aucun mal, parce que tu es avec moi \u00bb (Ps 22, 4). <br\/><br\/>&#13;\nEn ce jour de votre Ordination sacerdotale, chers diacres, que chacun de vous ravive au fond de son c\u0153ur la confiance : une confiance tr\u00e8s solide et imperturbable qui fleurit dans l\u2019\u00e2me, seulement en invoquant ce Nom : \u00ab Bon Pasteur \u00bb. Ravivez-la d\u00e8s \u00e0 pr\u00e9sent, dans la perspective des \u00e9preuves et des difficult\u00e9s que la vie et le minist\u00e8re sacerdotal comportent. Le Christ sera toujours un <strong>Berger z\u00e9l\u00e9 <\/strong>en particulier \u00e0 l\u2019\u00e9gard de ceux qu\u2019Il appelle \u00e0 participer de sa m\u00eame sollicitude pastorale par le sacerdoce minist\u00e9riel.  &#13;\n<\/p>\n\n<p>4. Il est la porte des brebis (cf. Jn 10, 7). <br\/><br\/>&#13;\n\u00c0 chaque instant, pour le meilleur et pour le pire, le pr\u00eatre sait que son \u00e2me et celles qui sont confi\u00e9es \u00e0 ses soins forment l\u2019objet d\u2019une sollicitude singuli\u00e8re du Bon Pasteur. Voil\u00e0 pourquoi il affronte avec confiance sa mission. Il sait que le passage \u00e0 la vie \u00e9ternelle par la porte vivante, unique et universelle qui est le Christ notre P\u00e2que, est ouvert pour tous. <br\/><br\/>&#13;\nAujourd\u2019hui, chers diacres, vous entrez dans une relation intime avec le Christ Pasteur des \u00e2mes. Chacun de vous, configur\u00e9 \u00e0 Lui, deviendra coresponsable du passage des \u00e2mes de la mort \u00e0 la vie, de la vie selon la chair \u00e0 la vie selon l\u2019Esprit. Et il est possible de mener \u00e0 bien cette t\u00e2che essentiellement avec la pri\u00e8re et avec l\u2019offrande de sa vie par J\u00e9sus-Christ, avec J\u00e9sus-Christ et en J\u00e9sus-Christ.  &#13;\n<\/p>\n\n<p>D\u00e8s \u00e0 pr\u00e9sent donc, je vous exhorte \u00e0 <strong>Lui confier<\/strong>, \u00e0 Lui Pasteur et Porte des brebis, tous ceux que la divine Providence voudra appeler et introduire par Lui, au moyen de votre service pastoral. <br\/><br\/>&#13;\nQuelle responsabilit\u00e9 ! Qu\u2019est-ce qui peut permettre au pr\u00eatre d\u2019affronter une telle t\u00e2che ? Uniquement la certitude que J\u00e9sus-Christ est le Pasteur de toutes les \u00e2mes et qu\u2019il est proche de chaque pr\u00eatre pour le soutenir dans son minist\u00e8re. <br\/><br\/>&#13;\nEt <strong>pr\u00e8s du pr\u00eatre se trouve \u00e9galement la Tr\u00e8s Sainte Vierge Marie<\/strong>, M\u00e8re du Bon Pasteur et de notre sacerdoce. \u00c0 Elle, chers diacres, je confie chacun de vous et votre minist\u00e8re. &#13;\n<\/p>\n\n<p>Que le Seigneur qui pr\u00e9pare une table devant vous, parfume votre t\u00eate avec une huile de joie et fasse en sorte que votre calice soit toujours d\u00e9bordant de son amour (cf. Ps 22, 5). Amen ! &#13;\n<br\/><br\/><em>(*) Cf. \u00ab L\u2019Osservatore Romano \u00bb, 29-30 avril 1996<\/em><\/p>\n","protected":false},"excerpt":{"rendered":"<p>Ordination sacerdotale \u00e0 Saint-Pierre de 38 presbytres 28 avril 1996 Saint Jean-Paul II Saint Pierre, 28 avril 1996 Le Saint P\u00e8re a ordonn\u00e9 38 nouveaux pr\u00eatres, parmi lesquels 18 issus du s\u00e9minaire \u00ab Redemptoris Mater \u00bb. Nous reportons ci-dessous l\u2019hom\u00e9lie du Saint P\u00e8re : 1. \u00ab Je suis le bon pasteur \u00bb (Jn 10, 11). Tr\u00e8s chers diacres, dans peu de temps vous serez ordonn\u00e9s Pr\u00eatres et vous serez intimement<\/p>\n<div class=\"read-more\"><a class=\"btn read-more-btn\" href=\"https:\/\/neocatechumenaleiter.org\/fr\/paroles-de-papes\/st-jean-paul-ii\/ordination-sacerdotale-a-saint-pierre-de-38-presbytres-28-avril-1996\/\">En savoir plus<\/a><\/div>\n","protected":false},"author":2,"featured_media":0,"parent":5064,"menu_order":85,"comment_status":"closed","ping_status":"closed","template":"","meta":{"footnotes":""},"class_list":["post-17613","page","type-page","status-publish","hentry"],"_links":{"self":[{"href":"https:\/\/neocatechumenaleiter.org\/fr\/wp-json\/wp\/v2\/pages\/17613","targetHints":{"allow":["GET"]}}],"collection":[{"href":"https:\/\/neocatechumenaleiter.org\/fr\/wp-json\/wp\/v2\/pages"}],"about":[{"href":"https:\/\/neocatechumenaleiter.org\/fr\/wp-json\/wp\/v2\/types\/page"}],"author":[{"embeddable":true,"href":"https:\/\/neocatechumenaleiter.org\/fr\/wp-json\/wp\/v2\/users\/2"}],"replies":[{"embeddable":true,"href":"https:\/\/neocatechumenaleiter.org\/fr\/wp-json\/wp\/v2\/comments?post=17613"}],"version-history":[{"count":6,"href":"https:\/\/neocatechumenaleiter.org\/fr\/wp-json\/wp\/v2\/pages\/17613\/revisions"}],"predecessor-version":[{"id":24286,"href":"https:\/\/neocatechumenaleiter.org\/fr\/wp-json\/wp\/v2\/pages\/17613\/revisions\/24286"}],"up":[{"embeddable":true,"href":"https:\/\/neocatechumenaleiter.org\/fr\/wp-json\/wp\/v2\/pages\/5064"}],"wp:attachment":[{"href":"https:\/\/neocatechumenaleiter.org\/fr\/wp-json\/wp\/v2\/media?parent=17613"}],"curies":[{"name":"wp","href":"https:\/\/api.w.org\/{rel}","templated":true}]}}