{"id":17620,"date":"2020-03-04T02:13:42","date_gmt":"2020-03-04T01:13:42","guid":{"rendered":"https:\/\/neocatechumenaleiter.org\/paroles-de-papes\/st-jean-paul-ii\/audience-a-un-groupe-de-neocatechumenes-provenant-de-lallemagne-26-avril-1996\/"},"modified":"2021-08-10T11:04:03","modified_gmt":"2021-08-10T10:04:03","slug":"audience-a-un-groupe-de-neocatechumenes-provenant-de-lallemagne-26-avril-1996","status":"publish","type":"page","link":"https:\/\/neocatechumenaleiter.org\/fr\/paroles-de-papes\/st-jean-paul-ii\/audience-a-un-groupe-de-neocatechumenes-provenant-de-lallemagne-26-avril-1996\/","title":{"rendered":"Audience \u00e0 un groupe de n\u00e9ocat\u00e9chum\u00e8nes provenant de l&rsquo;Allemagne 26 avril 1996"},"content":{"rendered":"\n<h1 class=\"has-text-align-center wp-block-heading\">Audience \u00e0 un groupe de n\u00e9ocat\u00e9chum\u00e8nes provenant de l&rsquo;Allemagne 26 avril 1996<\/h1>\n\n<div style=\"height:20px\" aria-hidden=\"true\" class=\"wp-block-spacer\"><\/div>\n\n<h4 class=\"has-text-align-center wp-block-heading\">Saint Jean-Paul II <\/h4>\n\n<div style=\"height:20px\" aria-hidden=\"true\" class=\"wp-block-spacer\"><\/div>\n\n<div class=\"wp-block-image\"><figure class=\"alignright size-medium\"><img loading=\"lazy\" decoding=\"async\" width=\"300\" height=\"250\" src=\"https:\/\/neocatechumenaleiter.org\/wp-content\/uploads\/2020\/03\/Camino_Neocatecumenal_Juan_Pablo_II_audiencia_hermanos_camino_alemania_1996-300x250.jpg\" alt=\"\" class=\"wp-image-2627\" srcset=\"https:\/\/neocatechumenaleiter.org\/wp-content\/uploads\/2020\/03\/Camino_Neocatecumenal_Juan_Pablo_II_audiencia_hermanos_camino_alemania_1996-300x250.jpg 300w, https:\/\/neocatechumenaleiter.org\/wp-content\/uploads\/2020\/03\/Camino_Neocatecumenal_Juan_Pablo_II_audiencia_hermanos_camino_alemania_1996.jpg 680w\" sizes=\"auto, (max-width: 300px) 100vw, 300px\" \/><\/figure><\/div>\n\n<p><strong>Cit\u00e9 du Vatican \u2013 Salle Cl\u00e9mentine, 26 avril 1996<\/strong><\/p>\n\n<p><em>Jean-Paul II a re\u00e7u en audience dans la matin\u00e9e du vendredi 26 avril un groupe de N\u00e9ocat\u00e9chum\u00e8nes provenant d\u2019Allemagne. Pendant la rencontre qui s\u2019est d\u00e9roul\u00e9e dans la Salle Cl\u00e9mentine, le Saint P\u00e8re a prononc\u00e9 les paroles suivantes : <\/em><\/p>\n\n<p>Chers Fr\u00e8res et S\u0153urs, <\/p>\n\n<p>Je vous souhaite la bienvenue \u00e0 l\u2019occasion de votre visite sur la tombe des Ap\u00f4tres pendant ce temps pascal. Un des \u00e9v\u00e9nements les plus impressionnants de l\u2019\u00c9vangile est le r\u00e9cit de la rencontre du Ressuscit\u00e9 avec les disciples d\u2019Emma\u00fcs. Voici ce que l\u2019\u00e9v\u00e8nement d\u2019Emma\u00fcs veut nous dire : sur le chemin se trouvent des hommes qui cherchent, et qui sont reconnaissants pour chaque communaut\u00e9 en chemin, des hommes qui cherchent et qui sont dispos\u00e9s \u00e0 \u00e9couter et \u00e0 apprendre. <\/p>\n\n<p>Nous, nous sommes des \u00e9ternels p\u00e8lerins, toujours en chemin ; nous ne pouvons pas abandonner la route. Sur la route qui va de J\u00e9rusalem \u00e0 Emma\u00fcs, cette parole du Christ qui fonde l\u2019\u00c9glise, se fait r\u00e9alit\u00e9 : \u00ab Que deux ou trois soient r\u00e9unis en mon nom, je suis l\u00e0 au milieu d\u2019eux \u00bb (Mt 18, 20).<\/p>\n\n<p>Notre Dieu est un Dieu qui se fait proche et non pas un Dieu qui reste loin. Pour cela en tant que vrais chr\u00e9tiens, nous sommes des hommes qui marchent avec Dieu tout pr\u00e8s de nous et la ligne d\u2019arriv\u00e9e de notre p\u00e8lerinage terrestre est Dieu.<\/p>\n\n<p>Quand J\u00e9sus vit sa mort sur la croix s\u2019approcher, il dit \u00e0 ses amis qu\u2019il allait vers le P\u00e8re (cf. Jn 14, 28). C\u2019est uniquement \u00e0 partir de cet objectif que notre chemin re\u00e7oit sa v\u00e9ritable orientation int\u00e9rieure et sa signification profonde.  \u00ab Faire la volont\u00e9 de Dieu \u00bb a \u00e9t\u00e9 pour J\u00e9sus l\u2019unique principe d\u2019action et cela lui a donn\u00e9 une fermet\u00e9 et une stabilit\u00e9 in\u00e9branlables. <\/p>\n\n<div class=\"wp-block-image\"><figure class=\"alignleft size-medium\"><img loading=\"lazy\" decoding=\"async\" width=\"250\" height=\"300\" src=\"https:\/\/neocatechumenaleiter.org\/wp-content\/uploads\/2020\/03\/Camino_Neocatecumenal_Juan_Pablo_II_audiencia_hermanos_camino_alemania_1996_2-250x300.jpg\" alt=\"\" class=\"wp-image-2634\" srcset=\"https:\/\/neocatechumenaleiter.org\/wp-content\/uploads\/2020\/03\/Camino_Neocatecumenal_Juan_Pablo_II_audiencia_hermanos_camino_alemania_1996_2-250x300.jpg 250w, https:\/\/neocatechumenaleiter.org\/wp-content\/uploads\/2020\/03\/Camino_Neocatecumenal_Juan_Pablo_II_audiencia_hermanos_camino_alemania_1996_2.jpg 568w\" sizes=\"auto, (max-width: 250px) 100vw, 250px\" \/><\/figure><\/div>\n\n<p>Agir selon la volont\u00e9 de Dieu signifie, pour les la\u00efcs dans l\u2019\u00c9glise, un engagement multiple dans une soci\u00e9t\u00e9 en transformation qui se montre indiff\u00e9rente \u00e0 l\u2019\u00c9glise. Pr\u00e9occupez-vous de suivre J\u00e9sus et de le voir pr\u00e9sent en ces fr\u00e8res et s\u0153urs que vous rencontrez sur la route de votre vie, ou bien allez les chercher dans les lieux de souffrance, d\u2019abandon, aux marges de la soci\u00e9t\u00e9. Portez-leur la chaleur de votre solidarit\u00e9 humaine et faites-leur sentir la consolation surnaturelle de la foi en J\u00e9sus Christ. <\/p>\n\n<p>Par l\u2019intercession de la M\u00e8re Divine, que votre pri\u00e8re \u00e0 notre Dieu et Seigneur vous donne la capacit\u00e9 d\u2019apporter une contribution concr\u00e8te au renouveau spirituel de notre monde, parfois si \u00e9teint par manque d\u2019id\u00e9aux. <\/p>\n\n<p>Pour votre mission je demande \u00e0 Dieu, pour vous, protection et assistance, et je vous donne volontiers la b\u00e9n\u00e9diction apostolique. &#13;\n<br\/><br\/><em>&#13;\n(*) Cf. \u00ab L\u2019Osservatore Romano \u00bb, 27 avril 1996 <\/em>&#13;\n<\/p>\n","protected":false},"excerpt":{"rendered":"<p>Audience \u00e0 un groupe de n\u00e9ocat\u00e9chum\u00e8nes provenant de l&rsquo;Allemagne 26 avril 1996 Saint Jean-Paul II Cit\u00e9 du Vatican \u2013 Salle Cl\u00e9mentine, 26 avril 1996 Jean-Paul II a re\u00e7u en audience dans la matin\u00e9e du vendredi 26 avril un groupe de N\u00e9ocat\u00e9chum\u00e8nes provenant d\u2019Allemagne. Pendant la rencontre qui s\u2019est d\u00e9roul\u00e9e dans la Salle Cl\u00e9mentine, le Saint P\u00e8re a prononc\u00e9 les paroles suivantes : Chers Fr\u00e8res et S\u0153urs, Je vous souhaite la<\/p>\n<div class=\"read-more\"><a class=\"btn read-more-btn\" href=\"https:\/\/neocatechumenaleiter.org\/fr\/paroles-de-papes\/st-jean-paul-ii\/audience-a-un-groupe-de-neocatechumenes-provenant-de-lallemagne-26-avril-1996\/\">En savoir plus<\/a><\/div>\n","protected":false},"author":2,"featured_media":0,"parent":5064,"menu_order":84,"comment_status":"closed","ping_status":"closed","template":"","meta":{"footnotes":""},"class_list":["post-17620","page","type-page","status-publish","hentry"],"_links":{"self":[{"href":"https:\/\/neocatechumenaleiter.org\/fr\/wp-json\/wp\/v2\/pages\/17620","targetHints":{"allow":["GET"]}}],"collection":[{"href":"https:\/\/neocatechumenaleiter.org\/fr\/wp-json\/wp\/v2\/pages"}],"about":[{"href":"https:\/\/neocatechumenaleiter.org\/fr\/wp-json\/wp\/v2\/types\/page"}],"author":[{"embeddable":true,"href":"https:\/\/neocatechumenaleiter.org\/fr\/wp-json\/wp\/v2\/users\/2"}],"replies":[{"embeddable":true,"href":"https:\/\/neocatechumenaleiter.org\/fr\/wp-json\/wp\/v2\/comments?post=17620"}],"version-history":[{"count":4,"href":"https:\/\/neocatechumenaleiter.org\/fr\/wp-json\/wp\/v2\/pages\/17620\/revisions"}],"predecessor-version":[{"id":24275,"href":"https:\/\/neocatechumenaleiter.org\/fr\/wp-json\/wp\/v2\/pages\/17620\/revisions\/24275"}],"up":[{"embeddable":true,"href":"https:\/\/neocatechumenaleiter.org\/fr\/wp-json\/wp\/v2\/pages\/5064"}],"wp:attachment":[{"href":"https:\/\/neocatechumenaleiter.org\/fr\/wp-json\/wp\/v2\/media?parent=17620"}],"curies":[{"name":"wp","href":"https:\/\/api.w.org\/{rel}","templated":true}]}}