{"id":17626,"date":"2020-03-04T01:57:30","date_gmt":"2020-03-04T00:57:30","guid":{"rendered":"https:\/\/neocatechumenaleiter.org\/paroles-de-papes\/st-jean-paul-ii\/ordination-sacerdotale-22-mai-1994\/"},"modified":"2021-08-10T11:03:47","modified_gmt":"2021-08-10T10:03:47","slug":"ordination-sacerdotale-22-mai-1994","status":"publish","type":"page","link":"https:\/\/neocatechumenaleiter.org\/fr\/paroles-de-papes\/st-jean-paul-ii\/ordination-sacerdotale-22-mai-1994\/","title":{"rendered":"Ordination sacerdotale 22 mai 1994"},"content":{"rendered":"\n<h1 class=\"has-text-align-center wp-block-heading\">Ordination sacerdotale 22 mai 1994<\/h1>\n\n<div style=\"height:20px\" aria-hidden=\"true\" class=\"wp-block-spacer\"><\/div>\n\n<h4 class=\"has-text-align-center wp-block-heading\">Saint Jean-Paul II <\/h4>\n\n<div style=\"height:20px\" aria-hidden=\"true\" class=\"wp-block-spacer\"><\/div>\n\n<p><strong>Saint Pierre, 22 mai 1994<\/strong><\/p>\n\n<p><em>Dimanche de Pentec\u00f4te \u00e0 Saint Pierre, dimanche d\u2019ordinations sacerdotales. &#13;\nTrente-neuf diacres (dont treize form\u00e9s au S\u00e9minaire \u00ab Redemptoris Mater \u00bb) en aube blanche et \u00e9tole rouge, align\u00e9s dans le vaste presbyterium au pied de l\u2019autel de la Confession, ont \u00e9t\u00e9 ordonn\u00e9s pr\u00eatres par le Cardinal Vicaire Camillo Ruini. <br\/><br\/>&#13;\nComme chaque ann\u00e9e, Jean Paul II devait conf\u00e9rer le sacrement du Saint Ordre aux jeunes diacres. Mais, cette ann\u00e9e, le s\u00e9jour du Saint P\u00e8re \u00e0 l\u2019h\u00f4pital Gemelli ne lui a pas permis de pr\u00e9sider le rite. &#13;\n<\/em><\/p>\n\n<p><em>Au d\u00e9but de l\u2019hom\u00e9lie, le Cardinal Ruini a adress\u00e9 ce message de reconnaissance \u00e0 Jean Paul II : <\/em><\/p>\n\n<div class=\"wp-block-image\"><figure class=\"alignleft size-large\"><img loading=\"lazy\" decoding=\"async\" width=\"688\" height=\"498\" src=\"https:\/\/neocatechumenaleiter.org\/wp-content\/uploads\/2020\/03\/Camino_Neocatecumenal_Juan_Pablo_II_ordenacion_sacerdotal_1994.jpg\" alt=\"\" class=\"wp-image-2585\" srcset=\"https:\/\/neocatechumenaleiter.org\/wp-content\/uploads\/2020\/03\/Camino_Neocatecumenal_Juan_Pablo_II_ordenacion_sacerdotal_1994.jpg 688w, https:\/\/neocatechumenaleiter.org\/wp-content\/uploads\/2020\/03\/Camino_Neocatecumenal_Juan_Pablo_II_ordenacion_sacerdotal_1994-300x217.jpg 300w\" sizes=\"auto, (max-width: 688px) 100vw, 688px\" \/><\/figure><\/div>\n\n<p>Aujourd\u2019hui vous auriez du \u00eatre ordonn\u00e9s par ses mains, &#8211; a dit le Cardinal Ruini \u2013 le Seigneur en a dispos\u00e9 autrement, mais vous savez que \u00e0 travers l\u2019offrande de ce temps de souffrance, le Pape vous est encore plus proche, il est encore plus intens\u00e9ment le P\u00e8re de votre sacerdoce. Remercions-le de tout notre c\u0153ur et \u00e9coutons ses paroles.  <\/p>\n\n<p><em>Trente-neuf nouveaux pr\u00eatres dans la solennit\u00e9 de la Pentec\u00f4te : un grand don de l\u2019Esprit pour l\u2019\u00c9glise de Rome. Trente-huit de ces jeunes \u00ab c\u0153urs g\u00e9n\u00e9reux \u00bb sont incardin\u00e9s pour l\u2019\u00c9glise romaine. Vingt-et-un du S\u00e9minaire Romain Majeur ; treize du Coll\u00e8ge dioc\u00e9sain Redemptoris Mater ; trois de l\u2019Almo Collegio Capranica. <\/em><br\/><br\/><em>&#13;\n(*) Cf. \u00ab L\u2019Osservatore Romano \u00bb, 23-24 mai 1994&#13;\n<\/em><\/p>\n","protected":false},"excerpt":{"rendered":"<p>Ordination sacerdotale 22 mai 1994 Saint Jean-Paul II Saint Pierre, 22 mai 1994 Dimanche de Pentec\u00f4te \u00e0 Saint Pierre, dimanche d\u2019ordinations sacerdotales. &#13; Trente-neuf diacres (dont treize form\u00e9s au S\u00e9minaire \u00ab Redemptoris Mater \u00bb) en aube blanche et \u00e9tole rouge, align\u00e9s dans le vaste presbyterium au pied de l\u2019autel de la Confession, ont \u00e9t\u00e9 ordonn\u00e9s pr\u00eatres par le Cardinal Vicaire Camillo Ruini. &#13; Comme chaque ann\u00e9e, Jean Paul II devait<\/p>\n<div class=\"read-more\"><a class=\"btn read-more-btn\" href=\"https:\/\/neocatechumenaleiter.org\/fr\/paroles-de-papes\/st-jean-paul-ii\/ordination-sacerdotale-22-mai-1994\/\">En savoir plus<\/a><\/div>\n","protected":false},"author":2,"featured_media":0,"parent":5064,"menu_order":81,"comment_status":"closed","ping_status":"closed","template":"","meta":{"footnotes":""},"class_list":["post-17626","page","type-page","status-publish","hentry"],"_links":{"self":[{"href":"https:\/\/neocatechumenaleiter.org\/fr\/wp-json\/wp\/v2\/pages\/17626","targetHints":{"allow":["GET"]}}],"collection":[{"href":"https:\/\/neocatechumenaleiter.org\/fr\/wp-json\/wp\/v2\/pages"}],"about":[{"href":"https:\/\/neocatechumenaleiter.org\/fr\/wp-json\/wp\/v2\/types\/page"}],"author":[{"embeddable":true,"href":"https:\/\/neocatechumenaleiter.org\/fr\/wp-json\/wp\/v2\/users\/2"}],"replies":[{"embeddable":true,"href":"https:\/\/neocatechumenaleiter.org\/fr\/wp-json\/wp\/v2\/comments?post=17626"}],"version-history":[{"count":2,"href":"https:\/\/neocatechumenaleiter.org\/fr\/wp-json\/wp\/v2\/pages\/17626\/revisions"}],"predecessor-version":[{"id":24249,"href":"https:\/\/neocatechumenaleiter.org\/fr\/wp-json\/wp\/v2\/pages\/17626\/revisions\/24249"}],"up":[{"embeddable":true,"href":"https:\/\/neocatechumenaleiter.org\/fr\/wp-json\/wp\/v2\/pages\/5064"}],"wp:attachment":[{"href":"https:\/\/neocatechumenaleiter.org\/fr\/wp-json\/wp\/v2\/media?parent=17626"}],"curies":[{"name":"wp","href":"https:\/\/api.w.org\/{rel}","templated":true}]}}