{"id":17628,"date":"2020-03-04T01:55:08","date_gmt":"2020-03-04T00:55:08","guid":{"rendered":"https:\/\/neocatechumenaleiter.org\/paroles-de-papes\/st-jean-paul-ii\/visite-a-la-paroisse-saint-francois-de-sales-13-mars-1994\/"},"modified":"2021-08-10T11:03:42","modified_gmt":"2021-08-10T10:03:42","slug":"visite-a-la-paroisse-saint-francois-de-sales-13-mars-1994","status":"publish","type":"page","link":"https:\/\/neocatechumenaleiter.org\/fr\/paroles-de-papes\/st-jean-paul-ii\/visite-a-la-paroisse-saint-francois-de-sales-13-mars-1994\/","title":{"rendered":"Visite \u00e0 la paroisse Saint Fran\u00e7ois de Sales 13 mars 1994"},"content":{"rendered":"\n<h1 class=\"has-text-align-center wp-block-heading\">Visite \u00e0 la paroisse Saint Fran\u00e7ois de Sales 13 mars 1994<\/h1>\n\n<div style=\"height:20px\" aria-hidden=\"true\" class=\"wp-block-spacer\"><\/div>\n\n<h4 class=\"has-text-align-center wp-block-heading\">Saint Jean-Paul II<\/h4>\n\n<div style=\"height:20px\" aria-hidden=\"true\" class=\"wp-block-spacer\"><\/div>\n\n<p><strong>Rome, 13 mars 1994<\/strong><\/p>\n\n<p><em>Le Saint P\u00e8re s\u2019adressant aux enfants a dit : <\/em><\/p>\n\n<div class=\"wp-block-image\"><figure class=\"alignright size-large\"><img loading=\"lazy\" decoding=\"async\" width=\"684\" height=\"563\" src=\"https:\/\/neocatechumenaleiter.org\/wp-content\/uploads\/2020\/03\/Camino_Neocatecumenal_Juan_Pablo_II_visita_parroquia_San_Francisco_Sales_1994.jpg\" alt=\"\" class=\"wp-image-2575\" srcset=\"https:\/\/neocatechumenaleiter.org\/wp-content\/uploads\/2020\/03\/Camino_Neocatecumenal_Juan_Pablo_II_visita_parroquia_San_Francisco_Sales_1994.jpg 684w, https:\/\/neocatechumenaleiter.org\/wp-content\/uploads\/2020\/03\/Camino_Neocatecumenal_Juan_Pablo_II_visita_parroquia_San_Francisco_Sales_1994-300x247.jpg 300w\" sizes=\"auto, (max-width: 684px) 100vw, 684px\" \/><\/figure><\/div>\n\n<p>Aujourd\u2019hui je vous ai entendu chanter la joie. C\u2019est le Car\u00eame, mais vous chantez la joie. C\u2019est juste que vous chantiez la joie parce que ce IVe Dimanche de Car\u00eame s\u2019appelle traditionnellement <em>Laetare<\/em>. <em>Laetare<\/em> signifie \u00ab se r\u00e9jouir \u00bb. Pourquoi les chr\u00e9tiens se r\u00e9jouissaient-ils en ce Dimanche ? Ils se r\u00e9jouissaient de leur Bapt\u00eame. <strong>Et particuli\u00e8rement les cat\u00e9chum\u00e8nes qui se pr\u00e9paraient au Bapt\u00eame se r\u00e9jouissaient et ils recevaient ce jour-l\u00e0 d\u00e9j\u00e0 le symbole de la foi.<\/strong> Alors ils \u00e9taient admis \u00e0 la foi. La principale cat\u00e9ch\u00e8se \u00e9tait celle-l\u00e0. <\/p>\n\n<p>Savez-vous qui est le cat\u00e9chum\u00e8ne ? C\u2019est celui qui se pr\u00e9pare au Bapt\u00eame. Il y a ensuite les n\u00e9ocat\u00e9chum\u00e8nes, ou les n\u00e9ocat\u00e9chum\u00e9naux, dans cette paroisse.  C\u2019\u00e9tait si important dans l\u2019\u00c9glise primitive, et \u00e7a l\u2019est toujours dans l\u2019\u00c9glise, la pr\u00e9paration au Bapt\u00eame. Le Bapt\u00eame est un grand myst\u00e8re, une grande r\u00e9alit\u00e9 chr\u00e9tienne. C\u2019est le d\u00e9but de la vie en Christ. Et les cat\u00e9chum\u00e8nes se pr\u00e9paraient et se pr\u00e9parent \u00e0 bien commencer la vie en Christ. Aujourd\u2019hui pour les petits \u00e0 peine n\u00e9s il manque le vrai cat\u00e9chum\u00e9nat et pour cela il faut un n\u00e9ocat\u00e9chum\u00e9nat, un cat\u00e9chum\u00e9nat post\u00e9rieur qui compl\u00e8te ce qui manque au petit nouveau-n\u00e9 baptis\u00e9. Ainsi s\u2019explique la grande importance du Mouvement N\u00e9ocat\u00e9chum\u00e9nal.  <\/p>\n\n<p>Je dois dire que tout ce temps du Car\u00eame que nous vivons maintenant nous rappelle, chaque ann\u00e9e, ce \u00ab chemin cat\u00e9chum\u00e9nal \u00bb : comment ils se pr\u00e9paraient \u00e0 recevoir le symbole et ensuite, apr\u00e8s quelques semaines, \u00e0 recevoir J\u00e9sus Ressuscit\u00e9. Le Bapt\u00eame signifie la vie nouvelle en J\u00e9sus, cette nouvelle vie manifest\u00e9e, r\u00e9v\u00e9l\u00e9e par sa R\u00e9surrection apr\u00e8s la mort. &#13;\n<br\/><br\/><em>(*) Cf. \u00abL\u2019Osservatore Romano\u00bb, 14-15 mars 1994.<\/em><\/p>\n","protected":false},"excerpt":{"rendered":"<p>Visite \u00e0 la paroisse Saint Fran\u00e7ois de Sales 13 mars 1994 Saint Jean-Paul II Rome, 13 mars 1994 Le Saint P\u00e8re s\u2019adressant aux enfants a dit : Aujourd\u2019hui je vous ai entendu chanter la joie. C\u2019est le Car\u00eame, mais vous chantez la joie. C\u2019est juste que vous chantiez la joie parce que ce IVe Dimanche de Car\u00eame s\u2019appelle traditionnellement Laetare. Laetare signifie \u00ab se r\u00e9jouir \u00bb. Pourquoi les chr\u00e9tiens se<\/p>\n<div class=\"read-more\"><a class=\"btn read-more-btn\" href=\"https:\/\/neocatechumenaleiter.org\/fr\/paroles-de-papes\/st-jean-paul-ii\/visite-a-la-paroisse-saint-francois-de-sales-13-mars-1994\/\">En savoir plus<\/a><\/div>\n","protected":false},"author":2,"featured_media":0,"parent":5064,"menu_order":80,"comment_status":"closed","ping_status":"closed","template":"","meta":{"footnotes":""},"class_list":["post-17628","page","type-page","status-publish","hentry"],"_links":{"self":[{"href":"https:\/\/neocatechumenaleiter.org\/fr\/wp-json\/wp\/v2\/pages\/17628","targetHints":{"allow":["GET"]}}],"collection":[{"href":"https:\/\/neocatechumenaleiter.org\/fr\/wp-json\/wp\/v2\/pages"}],"about":[{"href":"https:\/\/neocatechumenaleiter.org\/fr\/wp-json\/wp\/v2\/types\/page"}],"author":[{"embeddable":true,"href":"https:\/\/neocatechumenaleiter.org\/fr\/wp-json\/wp\/v2\/users\/2"}],"replies":[{"embeddable":true,"href":"https:\/\/neocatechumenaleiter.org\/fr\/wp-json\/wp\/v2\/comments?post=17628"}],"version-history":[{"count":2,"href":"https:\/\/neocatechumenaleiter.org\/fr\/wp-json\/wp\/v2\/pages\/17628\/revisions"}],"predecessor-version":[{"id":24235,"href":"https:\/\/neocatechumenaleiter.org\/fr\/wp-json\/wp\/v2\/pages\/17628\/revisions\/24235"}],"up":[{"embeddable":true,"href":"https:\/\/neocatechumenaleiter.org\/fr\/wp-json\/wp\/v2\/pages\/5064"}],"wp:attachment":[{"href":"https:\/\/neocatechumenaleiter.org\/fr\/wp-json\/wp\/v2\/media?parent=17628"}],"curies":[{"name":"wp","href":"https:\/\/api.w.org\/{rel}","templated":true}]}}