{"id":17630,"date":"2020-03-04T00:49:05","date_gmt":"2020-03-03T23:49:05","guid":{"rendered":"https:\/\/neocatechumenaleiter.org\/paroles-de-papes\/st-jean-paul-ii\/salut-du-pape-jean-paul-ii-aux-jeunes-du-chemin-neocatechumenal-du-balcon-de-leveche-de-macerata-20-juin-1993\/"},"modified":"2021-08-10T11:03:18","modified_gmt":"2021-08-10T10:03:18","slug":"salut-du-pape-jean-paul-ii-aux-jeunes-du-chemin-neocatechumenal-du-balcon-de-leveche-de-macerata-20-juin-1993","status":"publish","type":"page","link":"https:\/\/neocatechumenaleiter.org\/fr\/paroles-de-papes\/st-jean-paul-ii\/salut-du-pape-jean-paul-ii-aux-jeunes-du-chemin-neocatechumenal-du-balcon-de-leveche-de-macerata-20-juin-1993\/","title":{"rendered":"Salut du Pape Jean-Paul II aux jeunes du Chemin N\u00e9ocat\u00e9chum\u00e9nal du balcon de l&rsquo;\u00e9v\u00each\u00e9 de Macerata 20 juin 1993"},"content":{"rendered":"\n<h1 class=\"has-text-align-center wp-block-heading\">Salut du Pape Jean-Paul II aux jeunes du Chemin N\u00e9ocat\u00e9chum\u00e9nal du balcon de l&rsquo;\u00e9v\u00each\u00e9 de Macerata 20 juin 1993<\/h1>\n\n<div style=\"height:20px\" aria-hidden=\"true\" class=\"wp-block-spacer\"><\/div>\n\n<h4 class=\"has-text-align-center wp-block-heading\">Saint Jean-Paul II<\/h4>\n\n<div style=\"height:20px\" aria-hidden=\"true\" class=\"wp-block-spacer\"><\/div>\n\n<p><strong>Macerata, 20 juin 1993 *<\/strong><\/p>\n\n<p><em>Dans la matin\u00e9e du dimanche 20 juin, avant de partir pour Foligno, Jean-Paul II a voulu adresser un salut affectueux du balcon de l\u2019\u00c9v\u00each\u00e9 de Macerata aux jeunes n\u00e9ocat\u00e9chum\u00e9naux qui, rassembl\u00e9s sur la place, chantaient pour remercier le Pape de sa visite.  <br\/><br\/>&#13;\n\u00c0 travers eux, le Saint P\u00e8re a salu\u00e9 aussi tous les gens de Macerata qui l\u2019ont accueilli avec grande joie :&#13;\n<\/em><\/p>\n\n<div class=\"wp-block-image\"><figure class=\"alignleft size-large\"><img loading=\"lazy\" decoding=\"async\" width=\"495\" height=\"304\" src=\"https:\/\/neocatechumenaleiter.org\/wp-content\/uploads\/2020\/03\/Camino_Neocatecumenal_Juan_Pablo_II_saludo_jovenes_1993.jpg\" alt=\"\" class=\"wp-image-2507\" srcset=\"https:\/\/neocatechumenaleiter.org\/wp-content\/uploads\/2020\/03\/Camino_Neocatecumenal_Juan_Pablo_II_saludo_jovenes_1993.jpg 495w, https:\/\/neocatechumenaleiter.org\/wp-content\/uploads\/2020\/03\/Camino_Neocatecumenal_Juan_Pablo_II_saludo_jovenes_1993-300x184.jpg 300w\" sizes=\"auto, (max-width: 495px) 100vw, 495px\" \/><\/figure><\/div>\n\n<p>Pensez un peu \u00e0 ces p\u00e8lerins qui ont march\u00e9 toute la nuit et qui sont maintenant arriv\u00e9s \u00e0 Lorette \u2013 <em>a dit le Saint P\u00e8re aux jeunes <\/em>-. Votre chemin est avec les guitares, avec les chants, mais vous le faites tr\u00e8s bien, tr\u00e8s bien. J\u2019ai pu vous \u00e9couter quelques fois : vous chantez bien comme chant, mais vous chantez bien aussi comme texte, comme contenu, et c\u2019est pour cela que vous chantez bien.  <\/p>\n\n<p>Il faut envoyer un t\u00e9l\u00e9gramme \u00e0 Lorette pour dire que ici d\u2019autres p\u00e8lerins chantent toute la nuit, marchent ensemble \u2013 <em>a poursuivi le Pape <\/em>-. En cette occasion je peux aussi saluer tous les citoyens de Macerata parce que je dois partir pour Foligno. Je me recommande \u00e0 vos pri\u00e8res et \u00e0 vos chants. Je me recommande \u00e0 tous les habitants de Macerata, particuli\u00e8rement \u00e0 ceux qui ont aussi des guitares parce que nous savons bien que qui chante prie deux fois : \u00ab qui cantat bis orat \u00bb. &#13;\n<br\/><br\/><em>&#13;\n(*) Cf. \u00abL\u2019Osservatore Romano\u00bb, 21-22 juin 1993&#13;\n<\/em><\/p>\n","protected":false},"excerpt":{"rendered":"<p>Salut du Pape Jean-Paul II aux jeunes du Chemin N\u00e9ocat\u00e9chum\u00e9nal du balcon de l&rsquo;\u00e9v\u00each\u00e9 de Macerata 20 juin 1993 Saint Jean-Paul II Macerata, 20 juin 1993 * Dans la matin\u00e9e du dimanche 20 juin, avant de partir pour Foligno, Jean-Paul II a voulu adresser un salut affectueux du balcon de l\u2019\u00c9v\u00each\u00e9 de Macerata aux jeunes n\u00e9ocat\u00e9chum\u00e9naux qui, rassembl\u00e9s sur la place, chantaient pour remercier le Pape de sa visite. &#13;<\/p>\n<div class=\"read-more\"><a class=\"btn read-more-btn\" href=\"https:\/\/neocatechumenaleiter.org\/fr\/paroles-de-papes\/st-jean-paul-ii\/salut-du-pape-jean-paul-ii-aux-jeunes-du-chemin-neocatechumenal-du-balcon-de-leveche-de-macerata-20-juin-1993\/\">En savoir plus<\/a><\/div>\n","protected":false},"author":2,"featured_media":0,"parent":5064,"menu_order":76,"comment_status":"closed","ping_status":"closed","template":"","meta":{"footnotes":""},"class_list":["post-17630","page","type-page","status-publish","hentry"],"_links":{"self":[{"href":"https:\/\/neocatechumenaleiter.org\/fr\/wp-json\/wp\/v2\/pages\/17630","targetHints":{"allow":["GET"]}}],"collection":[{"href":"https:\/\/neocatechumenaleiter.org\/fr\/wp-json\/wp\/v2\/pages"}],"about":[{"href":"https:\/\/neocatechumenaleiter.org\/fr\/wp-json\/wp\/v2\/types\/page"}],"author":[{"embeddable":true,"href":"https:\/\/neocatechumenaleiter.org\/fr\/wp-json\/wp\/v2\/users\/2"}],"replies":[{"embeddable":true,"href":"https:\/\/neocatechumenaleiter.org\/fr\/wp-json\/wp\/v2\/comments?post=17630"}],"version-history":[{"count":6,"href":"https:\/\/neocatechumenaleiter.org\/fr\/wp-json\/wp\/v2\/pages\/17630\/revisions"}],"predecessor-version":[{"id":24189,"href":"https:\/\/neocatechumenaleiter.org\/fr\/wp-json\/wp\/v2\/pages\/17630\/revisions\/24189"}],"up":[{"embeddable":true,"href":"https:\/\/neocatechumenaleiter.org\/fr\/wp-json\/wp\/v2\/pages\/5064"}],"wp:attachment":[{"href":"https:\/\/neocatechumenaleiter.org\/fr\/wp-json\/wp\/v2\/media?parent=17630"}],"curies":[{"name":"wp","href":"https:\/\/api.w.org\/{rel}","templated":true}]}}