{"id":17636,"date":"2020-03-04T00:46:49","date_gmt":"2020-03-03T23:46:49","guid":{"rendered":"https:\/\/neocatechumenaleiter.org\/paroles-de-papes\/st-jean-paul-ii\/visite-pastorale-a-macerata-foligno-et-au-gran-sasso-19-juin-1993\/"},"modified":"2021-08-10T11:03:13","modified_gmt":"2021-08-10T10:03:13","slug":"visite-pastorale-a-macerata-foligno-et-au-gran-sasso-19-juin-1993","status":"publish","type":"page","link":"https:\/\/neocatechumenaleiter.org\/fr\/paroles-de-papes\/st-jean-paul-ii\/visite-pastorale-a-macerata-foligno-et-au-gran-sasso-19-juin-1993\/","title":{"rendered":"Visite pastorale \u00e0 Macerata, Foligno et au Gran Sasso 19 juin 1993"},"content":{"rendered":"\n<h1 class=\"has-text-align-center wp-block-heading\">Visite pastorale \u00e0 Macerata, Foligno et au Gran Sasso 19 juin 1993<\/h1>\n\n<div style=\"height:20px\" aria-hidden=\"true\" class=\"wp-block-spacer\"><\/div>\n\n<h4 class=\"has-text-align-center wp-block-heading\">Saint Jean-Paul II<\/h4>\n\n<div style=\"height:20px\" aria-hidden=\"true\" class=\"wp-block-spacer\"><\/div>\n\n<p><strong>Samedi 19 et dimanche 20 juin 1993<\/strong><\/p>\n\n<p><em> Voici ce que rapporte Mgr Francesco Tarcisio Carboni, \u00c9v\u00eaque de Macerata : <\/em><\/p>\n\n<p>Le 13 septembre 1992, Jean Paul II m\u2019\u00e9crivait : \u00ab Parce que la Chine est si ch\u00e8re \u00e0 mon c\u0153ur et \u00ab la sollicitude pour cette \u00c9glise est devenue la particuli\u00e8re et constante pr\u00e9occupation de mon Pontificat \u00bb (Lettre aux \u00c9v\u00eaques du monde du 6 janvier 1982 \u2013 <em>L\u2019Osservatore Romano <\/em>du 24\/01\/1982), je forme le tr\u00e8s vif souhait que la figure de cet homme de Dieu par les m\u00e9rites acquis durant ses 57 ann\u00e9es de vie, dont plus de 28 pass\u00e9es dans cette vaste r\u00e9gion, soit toujours mieux connue et appr\u00e9ci\u00e9e \u00bb (<em>L\u2019Osservatore Romano<\/em>, 27 octobre 1992, p. 2). <\/p>\n\n<p>Maintenant le moment est venu de s\u2019arr\u00eater avec le Saint P\u00e8re, devant la maison o\u00f9 naquit Matteo Ricci et de parcourir ces rues de Macerata o\u00f9 l\u2019Ap\u00f4tre de la Chine connut le premier germe de sa vocation. <br\/><br\/>&#13;\nMatteo Ricci naquit en effet \u00e0 Macerata le 6 octobre 1552. Le 15 ao\u00fbt 1571 il entrait au noviciat de la Compagnie de J\u00e9sus, le 18 mai 1577 il quittait Rome pour les Missions d\u2019Orient, le 26 juillet 1580 il fut ordonn\u00e9 Pr\u00eatre \u00e0 Cocin (Inde). Le 10 septembre 1583 marque la date de son arriv\u00e9e en Chine. Il mourut \u00e0 P\u00e9kin le 11 septembre 1610. &#13;\n<\/p>\n\n<p>\u00ab Aujourd\u2019hui &#8211; \u00e9crivait le Pape en 1982 \u2013, la figure du p\u00e8re Ricci est vivante aupr\u00e8s du peuple chinois sous le nom de \u00ab Li Ma-tou \u00bb. Il constitue un h\u00e9ritage commun de l\u2019\u00c9glise et de la Chine et se pr\u00e9sente comme un point de r\u00e9f\u00e9rence solide et embl\u00e9matique pour un dialogue constructif tourn\u00e9 vers l\u2019avenir \u00bb (<em>L\u2019Osservatore Romano<\/em>, 27 octobre 1982). <\/p>\n\n<p>Seulement 11 ann\u00e9es se sont \u00e9coul\u00e9es et la venue du Saint P\u00e8re \u00e0 Macerata confirme et donne un nouvel \u00e9lan \u00e0 ce rapport fraternel \u00ab \u00c9glise &#8211; Chine \u00bb qui  &#8211; il y a plus d\u2019une raison pour le croire \u2013 passe ind\u00e9niablement aussi par Macerata : &#13;\n\u2022\tDepuis deux ans s\u2019est ouvert \u00e0 Macerata un S\u00e9minaire Dioc\u00e9sain Missionnaire <em>Redemptoris Mater<\/em>, avec le but sp\u00e9cifique de former des pr\u00eatres disponibles \u00e0 donner leur vie comme le P\u00e8re Matteo Ricci, pour l\u2019\u00e9vang\u00e9lisation de la Chine : d\u00e9j\u00e0 18 s\u00e9minaristes fr\u00e9quentent les Cours de Philosophie et Th\u00e9ologie.&#13;\n<\/p>\n\n<p>\u2022\tDurant l\u2019ann\u00e9e scolaire 1993-94 le nombre de candidats pourra atteindre 30 \u00e9l\u00e8ves ; ils se formeront dans l\u2019ambiance du s\u00e9minaire, dans l\u2019attente d\u2019une structure capable d\u2019en accueillir une centaine d\u2019ici quelques ann\u00e9es. &#13;\n\u2022\tLe Saint P\u00e8re b\u00e9nira en la Cath\u00e9drale, la Premi\u00e8re Pierre du nouveau \u00ab S\u00e9minaire pour la Chine \u00bb qui sera \u00e9rig\u00e9 ici dans la ville de Matteo Ricci, consid\u00e9r\u00e9 \u00e0 juste titre \u00ab Pont entre l\u2019Occident et l\u2019Orient \u00bb. &#13;\n\u2022\tL\u2019Universit\u00e0 degli Studi locale a entretemps ouvert un cours de langue chinoise, fr\u00e9quent\u00e9 par nos s\u00e9minaristes et par d\u2019autres \u00e9l\u00e8ves int\u00e9ress\u00e9s par le mandarin. &#13;\n<\/p>\n\n<p>Autant de lumi\u00e8res \u00e9vocatrices de cette expression du Saint P\u00e8re : \u00ab C\u2019est vers l\u2019avenir que nous devons regarder \u00bb (<em>Insegnamenti di Giovanni Paolo II<\/em>, IV, 1, 1981, p. 384)&#13;\n&#13;\n<br\/><br\/>&#13;\n\u00ab Je nourris l\u2019espoir de g\u00e9n\u00e9reux avantages, pas seulement pour l\u2019action missionnaire de l\u2019\u00c9glise &#8211; <em>\u00e9crit le Pape <\/em>&#8211; mais pour le bien-aim\u00e9 peuple chinois que le Si\u00e8ge Apostolique regarde avec une particuli\u00e8re sympathie et affection, pour toute l\u2019admirable r\u00e9alit\u00e9 de traditions et culture, de profonde humanit\u00e9 et de riche spiritualit\u00e9 qui forme l\u2019h\u00e9ritage historique et actuel de la grande nation chinoise \u00bb (Cf. <em>L\u2019Osservatore Romano <\/em>24 janvier 1982). &#13;\n<\/p>\n\n<p><em>La pr\u00e9sence du Pape parmi les 18 s\u00e9minaristes destin\u00e9s \u00e0 la Chine donnera vigueur \u00e0 ces esp\u00e9rances, renforcera les liens et renouvellera l\u2019efficacit\u00e9 des encouragements. &#13;\n&#13;\n<br\/><br\/>&#13;\n(*) Suppl\u00e9ment  de \u00ab L\u2019Osservatore Romano \u00bb N\u00b0139 \u2013 samedi 19 juin 1993. <\/em>&#13;\n<\/p>\n\n<div class=\"wp-block-image\"><figure class=\"aligncenter size-large\"><img loading=\"lazy\" decoding=\"async\" width=\"569\" height=\"693\" src=\"https:\/\/neocatechumenaleiter.org\/wp-content\/uploads\/2020\/03\/Camino_Neocatecumenal_Juan_Pablo_II_visita_pastoral_Macerata_1993.jpg\" alt=\"\" class=\"wp-image-2497\" srcset=\"https:\/\/neocatechumenaleiter.org\/wp-content\/uploads\/2020\/03\/Camino_Neocatecumenal_Juan_Pablo_II_visita_pastoral_Macerata_1993.jpg 569w, https:\/\/neocatechumenaleiter.org\/wp-content\/uploads\/2020\/03\/Camino_Neocatecumenal_Juan_Pablo_II_visita_pastoral_Macerata_1993-246x300.jpg 246w\" sizes=\"auto, (max-width: 569px) 100vw, 569px\" \/><\/figure><\/div>\n","protected":false},"excerpt":{"rendered":"<p>Visite pastorale \u00e0 Macerata, Foligno et au Gran Sasso 19 juin 1993 Saint Jean-Paul II Samedi 19 et dimanche 20 juin 1993 Voici ce que rapporte Mgr Francesco Tarcisio Carboni, \u00c9v\u00eaque de Macerata : Le 13 septembre 1992, Jean Paul II m\u2019\u00e9crivait : \u00ab Parce que la Chine est si ch\u00e8re \u00e0 mon c\u0153ur et \u00ab la sollicitude pour cette \u00c9glise est devenue la particuli\u00e8re et constante pr\u00e9occupation de mon<\/p>\n<div class=\"read-more\"><a class=\"btn read-more-btn\" href=\"https:\/\/neocatechumenaleiter.org\/fr\/paroles-de-papes\/st-jean-paul-ii\/visite-pastorale-a-macerata-foligno-et-au-gran-sasso-19-juin-1993\/\">En savoir plus<\/a><\/div>\n","protected":false},"author":2,"featured_media":0,"parent":5064,"menu_order":75,"comment_status":"closed","ping_status":"closed","template":"","meta":{"footnotes":""},"class_list":["post-17636","page","type-page","status-publish","hentry"],"_links":{"self":[{"href":"https:\/\/neocatechumenaleiter.org\/fr\/wp-json\/wp\/v2\/pages\/17636","targetHints":{"allow":["GET"]}}],"collection":[{"href":"https:\/\/neocatechumenaleiter.org\/fr\/wp-json\/wp\/v2\/pages"}],"about":[{"href":"https:\/\/neocatechumenaleiter.org\/fr\/wp-json\/wp\/v2\/types\/page"}],"author":[{"embeddable":true,"href":"https:\/\/neocatechumenaleiter.org\/fr\/wp-json\/wp\/v2\/users\/2"}],"replies":[{"embeddable":true,"href":"https:\/\/neocatechumenaleiter.org\/fr\/wp-json\/wp\/v2\/comments?post=17636"}],"version-history":[{"count":2,"href":"https:\/\/neocatechumenaleiter.org\/fr\/wp-json\/wp\/v2\/pages\/17636\/revisions"}],"predecessor-version":[{"id":24178,"href":"https:\/\/neocatechumenaleiter.org\/fr\/wp-json\/wp\/v2\/pages\/17636\/revisions\/24178"}],"up":[{"embeddable":true,"href":"https:\/\/neocatechumenaleiter.org\/fr\/wp-json\/wp\/v2\/pages\/5064"}],"wp:attachment":[{"href":"https:\/\/neocatechumenaleiter.org\/fr\/wp-json\/wp\/v2\/media?parent=17636"}],"curies":[{"name":"wp","href":"https:\/\/api.w.org\/{rel}","templated":true}]}}