{"id":17638,"date":"2020-03-04T00:43:23","date_gmt":"2020-03-03T23:43:23","guid":{"rendered":"https:\/\/neocatechumenaleiter.org\/paroles-de-papes\/st-jean-paul-ii\/ordination-sacerdotale-conferee-par-jean-paul-ii-a-29-diacres-du-diocese-de-rome-2-mai-1993\/"},"modified":"2021-08-10T11:03:08","modified_gmt":"2021-08-10T10:03:08","slug":"ordination-sacerdotale-conferee-par-jean-paul-ii-a-29-diacres-du-diocese-de-rome-2-mai-1993","status":"publish","type":"page","link":"https:\/\/neocatechumenaleiter.org\/fr\/paroles-de-papes\/st-jean-paul-ii\/ordination-sacerdotale-conferee-par-jean-paul-ii-a-29-diacres-du-diocese-de-rome-2-mai-1993\/","title":{"rendered":"Ordination sacerdotale conf\u00e9r\u00e9e par Jean-Paul II \u00e0 29 diacres du dioc\u00e8se de Rome 2 mai 1993"},"content":{"rendered":"\n<h1 class=\"has-text-align-center wp-block-heading\">Ordination sacerdotale conf\u00e9r\u00e9e par Jean-Paul II \u00e0 29 diacres du dioc\u00e8se de Rome 2 mai 1993<\/h1>\n\n<div style=\"height:20px\" aria-hidden=\"true\" class=\"wp-block-spacer\"><\/div>\n\n<h4 class=\"has-text-align-center wp-block-heading\">Saint Jean-Paul II<\/h4>\n\n<div style=\"height:20px\" aria-hidden=\"true\" class=\"wp-block-spacer\"><\/div>\n\n<div class=\"wp-block-image\"><figure class=\"alignleft size-medium\"><img loading=\"lazy\" decoding=\"async\" width=\"300\" height=\"245\" src=\"https:\/\/neocatechumenaleiter.org\/wp-content\/uploads\/2020\/03\/Camino_Neocatecumenal_Juan_Pablo_II_ordenacion_sacerdotal_1993-300x245.jpg\" alt=\"\" class=\"wp-image-2470\" srcset=\"https:\/\/neocatechumenaleiter.org\/wp-content\/uploads\/2020\/03\/Camino_Neocatecumenal_Juan_Pablo_II_ordenacion_sacerdotal_1993-300x245.jpg 300w, https:\/\/neocatechumenaleiter.org\/wp-content\/uploads\/2020\/03\/Camino_Neocatecumenal_Juan_Pablo_II_ordenacion_sacerdotal_1993.jpg 696w\" sizes=\"auto, (max-width: 300px) 100vw, 300px\" \/><\/figure><\/div>\n\n<p><strong>Saint Pierre, 2 mai 1993<\/strong><\/p>\n\n<p><em>Dimanche 2 mai, XXXe Journ\u00e9e Mondiale de la Pri\u00e8re pour les Vocations, Jean-Paul II a conf\u00e9r\u00e9 l\u2019ordination presbyt\u00e9rale \u00e0 29 diacres du dioc\u00e8se de Rome dont 16 form\u00e9s dans le s\u00e9minaire \u00ab Redemptoris Mater \u00bb de Rome. Le rite solennel s\u2019est d\u00e9roul\u00e9 dans la Basilique Saint Pierre en pr\u00e9sence d\u2019une grande assembl\u00e9e compos\u00e9e des familles et amis des nouveaux pr\u00eatres. <br\/><br\/>&#13;\nLe Recteur du \u00ab Redemptoris Mater \u00bb, l\u2019\u00c9v\u00eaque Mgr Giulio Salimei, a suivi la c\u00e9l\u00e9bration sur un fauteuil roulant, avec les autres Pr\u00e9lats, parmi lesquels Mgr Paul Josef Cordes, Vice Pr\u00e9sident du Conseil Pontifical pour les La\u00efcs et charg\u00e9 de suivre l\u2019apostolat des Communaut\u00e9s N\u00e9ocat\u00e9chum\u00e9nales. Kiko Arg\u00fcello, initiateur du Chemin N\u00e9ocat\u00e9chum\u00e9nal et promoteur des Centres de Formation Presbyt\u00e9rale \u00ab Redemptoris Mater \u00bb qui se pr\u00e9sentent comme des S\u00e9minaires dioc\u00e9sains internationaux missionnaires (actuellement il y en a environ 20 en activit\u00e9, en Am\u00e9rique, Europe, Asie et Oc\u00e9anie et d\u2019autres sont en train de se mettre en place) et Carmen Hern\u00e1ndez, sa compagne d\u2019aventure spirituelle \u00e9taient \u00e9galement pr\u00e9sents.  &#13;\n<br\/><br\/>&#13;\nAvant de conf\u00e9rer aux candidats le sacrement de l\u2019Ordre, le Pape leur a adress\u00e9 l\u2019hom\u00e9lie suivante : &#13;\n<\/em><\/p>\n\n<p>1. \u00ab Je suis la porte des brebis \u00bb (Jn 10,7).<br\/><br\/>&#13;\nLa liturgie pascale du Bon Pasteur s\u2019exprime avec deux images, qui se compl\u00e8tent mutuellement. Tout d\u2019abord celle du Pasteur. Le Christ dit de lui-m\u00eame : \u00ab Je suis le bon pasteur \u00bb (Jn 10,11). Le Psaume responsorial tout comme l\u2019extrait de la premi\u00e8re Lettre de Saint Pierre d\u00e9veloppent pr\u00e9cis\u00e9ment cette image liturgique : <strong>le Bon Pasteur m\u00e8ne son troupeau vers des p\u00e2turages, il se d\u00e9pense pour que les brebis aient nourriture et boisson au bon moment, il les prot\u00e8ge dans les endroits dangereux,  il les d\u00e9fend face \u00e0 l\u2019ennemi.<\/strong> <br\/><br\/>&#13;\n &#13;\nLe bon Pasteur est \u00e9galement particuli\u00e8rement dispos\u00e9 \u00e0 offrir sa vie pour ses brebis. C\u2019est bien sur cette pens\u00e9e que s\u2019arr\u00eate la premi\u00e8re Lettre de Pierre. Elle parle des souffrances du Christ, qui \u00ab sur le bois, a port\u00e9 lui-m\u00eame nos fautes dans son corps, afin que, morts \u00e0 nos fautes, nous vivions pour la justice ; lui dont la meurtrissure vous a gu\u00e9ris \u00bb (1 P 2, 24-25). &#13;\n<\/p>\n\n<div class=\"wp-block-image\"><figure class=\"alignright size-large\"><img loading=\"lazy\" decoding=\"async\" width=\"498\" height=\"321\" src=\"https:\/\/neocatechumenaleiter.org\/wp-content\/uploads\/2020\/03\/Camino_Neocatecumenal_Juan_Pablo_II_ordenacion_sacerdotal_1993_2.jpg\" alt=\"\" class=\"wp-image-2479\" srcset=\"https:\/\/neocatechumenaleiter.org\/wp-content\/uploads\/2020\/03\/Camino_Neocatecumenal_Juan_Pablo_II_ordenacion_sacerdotal_1993_2.jpg 498w, https:\/\/neocatechumenaleiter.org\/wp-content\/uploads\/2020\/03\/Camino_Neocatecumenal_Juan_Pablo_II_ordenacion_sacerdotal_1993_2-300x193.jpg 300w\" sizes=\"auto, (max-width: 498px) 100vw, 498px\" \/><\/figure><\/div>\n\n<p>2. Et ici-m\u00eame entre la seconde image de la pens\u00e9e liturgique : celle du Christ \u00ab porte des brebis \u00bb. Le Bon Pasteur non seulement conduit son troupeau, l\u2019invitant \u00e0 suivre ses traces (cf. Jn 10, 4). Il l\u2019introduit aussi par la porte. <strong>Il y a<\/strong> donc <strong>un lieu qui sert de refuge au troupeau<\/strong>. C\u2019est une sorte d\u2019abri <strong>o\u00f9 les brebis demeurent et se reposent apr\u00e8s les fatigues du chemin<\/strong>. Le bon Pasteur non seulement les introduit dans ce refuge. Lui-m\u00eame est la porte. Le Christ dit : \u00ab Je suis la porte des brebis\u2026 si quelqu\u2019un entre par moi, il sera sauv\u00e9 \u00bb (Jn 10, 9). \u00ab Sauv\u00e9 \u00bb, c\u2019est-\u00e0-dire il aura la vie et l\u2019aura en abondance (cf. Jn 10,10). &#13;\nLe Christ, Bon Pasteur, est devenu la porte du salut de l\u2019humanit\u00e9 parce que \u00ab il a port\u00e9 nos p\u00e9ch\u00e9s&#8230; sur le bois de la croix \u00bb (1 P 2,24).&#13;\n<\/p>\n\n<p>3. Ceux qui \u00e9coutaient l\u2019ap\u00f4tre Pierre le jour de la Pentec\u00f4te s\u2019interrogeaient surtout sur la Porte par laquelle passer pour arriver au salut. La demande \u00e9tait : \u00ab Que devons nous faire, fr\u00e8res ? \u00bb (Ac 2,37). Et la r\u00e9ponse de Pierre : \u00ab Repentez-vous et que chacun de vous se fasse baptiser au nom de J\u00e9sus Christ pour la r\u00e9mission de ses p\u00e9ch\u00e9s \u00bb (Ac 2,38) <br\/><br\/>&#13;\nC\u2019est donc clair : <strong>entrer par la porte qui est le Christ signifie : se convertir<\/strong>. Se convertir, \u00e0 son tour, signifie : <strong>recevoir le Bapt\u00eame<\/strong>. Le Bapt\u00eame est la porte de l\u2019\u00c9glise. Par cette porte, l\u2019homme est introduit dans le salut acquis avec le Sang du Christ. Le Christ a institu\u00e9 le Bapt\u00eame. Lui-m\u00eame &#8211; Crucifi\u00e9 et Ressuscit\u00e9 &#8211; est la porte du salut des hommes par le moyen du Bapt\u00eame. Dans le Bapt\u00eame nous recevons le don de l\u2019Esprit Saint. <br\/><br\/>&#13;\nLorsque les hommes, sans que ce soit leur faute, ignorent ce chemin de salut et cette Porte, ils re\u00e7oivent eux aussi l\u2019Esprit Saint, m\u00eame l\u00e0 le Christ est pour eux la Porte. Sous le ciel, en effet, il n\u2019y a personne d\u2019autre en qui se trouve le salut (cf. Ac 4,12). <strong>Le Christ est l\u2019unique m\u00e9diateur entre Dieu et les hommes.<\/strong> &#13;\n<\/p>\n\n<div class=\"wp-block-image\"><figure class=\"alignright size-large\"><img loading=\"lazy\" decoding=\"async\" width=\"400\" height=\"328\" src=\"https:\/\/neocatechumenaleiter.org\/wp-content\/uploads\/2020\/03\/Camino_Neocatecumenal_Juan_Pablo_II_ordenacion_sacerdotal_1993_3.jpg\" alt=\"\" class=\"wp-image-2486\" srcset=\"https:\/\/neocatechumenaleiter.org\/wp-content\/uploads\/2020\/03\/Camino_Neocatecumenal_Juan_Pablo_II_ordenacion_sacerdotal_1993_3.jpg 400w, https:\/\/neocatechumenaleiter.org\/wp-content\/uploads\/2020\/03\/Camino_Neocatecumenal_Juan_Pablo_II_ordenacion_sacerdotal_1993_3-300x246.jpg 300w\" sizes=\"auto, (max-width: 400px) 100vw, 400px\" \/><\/figure><\/div>\n\n<p>4. Aujourd\u2019hui, les diacres de l\u2019\u00c9glise qui est \u00e0 Rome re\u00e7oivent l\u2019ordination sacerdotale dans la Basilique Saint Pierre. Dans cette Rome, dans laquelle se trouve Pierre au tout d\u00e9but de la longue s\u00e9rie de pasteurs et d\u2019\u00e9v\u00eaques, ap\u00f4tre du Christ, son t\u00e9moin jusqu\u2019\u00e0 l\u2019effusion de son sang. C\u2019est lui qui, en premier, a converti les \u00ab brebis errantes \u00bb du monde antique au Christ \u00ab Pasteur et Gardien des \u00e2mes \u00bb (cf 1 P 2, 25). <br\/><br\/>&#13;\nVous \u00eates ordonn\u00e9s, tr\u00e8s chers fils, dans l\u2019ann\u00e9e o\u00f9 se conclut le Synode dioc\u00e9sain de Rome : vous \u00eates appel\u00e9s \u00e0 vous faire interpr\u00e8tes et fid\u00e8les serviteurs de l\u2019enseignement et de l\u2019esprit de communion et de mission de ce Synode. <br\/><br\/>&#13;\nDans cet \u00e9loquent contexte synodal, que le don de l\u2019Esprit Saint qui vous configure au Christ Bon Pasteur, vous donne la force d\u2019\u00eatre au milieu de vos fr\u00e8res des annonciateurs et des t\u00e9moins cr\u00e9dibles de l\u2019\u00c9vangile, parole de v\u00e9rit\u00e9 et de vie : cette ville de Rome vous attend, elle veut recevoir le Christ \u00e0 travers votre minist\u00e8re ; et le vaste monde qui est myst\u00e9rieusement li\u00e9 \u00e0 cette ville vous attend. <br\/><br\/>&#13;\nLe S\u00e9minaire Pontifical de Rome, le S\u00e9minaire \u00ab Redemptoris Mater \u00bb et le Centre de formation presbyt\u00e9rale pr\u00e8s le Sanctuaire de Notre-Dame du Divin Amour, o\u00f9 vous avez re\u00e7u votre formation, se r\u00e9jouissent aujourd\u2019hui et avec vous rendent gr\u00e2ce \u00e0 Dieu, r\u00e9unis dans cette Basilique avec ceux qui, par des liens de sang, d\u2019amiti\u00e9 et d\u2019appartenance eccl\u00e9siale, ont parcouru pr\u00e8s de vous le chemin qui vous a conduits au presbyt\u00e9rat. <br\/><br\/>&#13;\nLa gr\u00e2ce de ce jour r\u00e9sonne aussi sur vos S\u00e9minaires, sur vos familles, sur vos amis et sur toute l\u2019\u00c9glise de Dieu qui est \u00e0 Rome. &#13;\n<\/p>\n\n<p>5. Chers nouveaux Pr\u00eatres ! Que l\u2019imposition des mains et la pri\u00e8re de Celui qui, \u00e0 Rome, est l\u2019indigne successeur de Pierre, vous transmettent la gr\u00e2ce et le caract\u00e8re sacramentel du sacerdoce minist\u00e9riel. Chaque \u00c9v\u00eaque accomplit son minist\u00e8re comme vicarius Christi. L\u2019\u00c9v\u00eaque de Rome, dans l\u2019Histoire \u00e9tait aussi appel\u00e9 vicarius Petri. &#13;\nEn recevant l\u2019ordination, m\u00e9ditez profond\u00e9ment sur le myst\u00e8re du Pasteur qui est Porte des brebis, pour que vous deveniez toujours plus dignes du tr\u00e9sor qui vous est confi\u00e9. Que Celui qui a commenc\u00e9 en vous cette \u0153uvre bonne, la m\u00e8ne aussi \u00e0 son accomplissement. Amen !<em><br\/><br\/> &#13;\n(*) Cf. \u00abL\u2019Osservatore Romano\u00bb, 2-3 mai 1993.<\/em><\/p>\n","protected":false},"excerpt":{"rendered":"<p>Ordination sacerdotale conf\u00e9r\u00e9e par Jean-Paul II \u00e0 29 diacres du dioc\u00e8se de Rome 2 mai 1993 Saint Jean-Paul II Saint Pierre, 2 mai 1993 Dimanche 2 mai, XXXe Journ\u00e9e Mondiale de la Pri\u00e8re pour les Vocations, Jean-Paul II a conf\u00e9r\u00e9 l\u2019ordination presbyt\u00e9rale \u00e0 29 diacres du dioc\u00e8se de Rome dont 16 form\u00e9s dans le s\u00e9minaire \u00ab Redemptoris Mater \u00bb de Rome. Le rite solennel s\u2019est d\u00e9roul\u00e9 dans la Basilique Saint<\/p>\n<div class=\"read-more\"><a class=\"btn read-more-btn\" href=\"https:\/\/neocatechumenaleiter.org\/fr\/paroles-de-papes\/st-jean-paul-ii\/ordination-sacerdotale-conferee-par-jean-paul-ii-a-29-diacres-du-diocese-de-rome-2-mai-1993\/\">En savoir plus<\/a><\/div>\n","protected":false},"author":2,"featured_media":0,"parent":5064,"menu_order":74,"comment_status":"closed","ping_status":"closed","template":"","meta":{"footnotes":""},"class_list":["post-17638","page","type-page","status-publish","hentry"],"_links":{"self":[{"href":"https:\/\/neocatechumenaleiter.org\/fr\/wp-json\/wp\/v2\/pages\/17638","targetHints":{"allow":["GET"]}}],"collection":[{"href":"https:\/\/neocatechumenaleiter.org\/fr\/wp-json\/wp\/v2\/pages"}],"about":[{"href":"https:\/\/neocatechumenaleiter.org\/fr\/wp-json\/wp\/v2\/types\/page"}],"author":[{"embeddable":true,"href":"https:\/\/neocatechumenaleiter.org\/fr\/wp-json\/wp\/v2\/users\/2"}],"replies":[{"embeddable":true,"href":"https:\/\/neocatechumenaleiter.org\/fr\/wp-json\/wp\/v2\/comments?post=17638"}],"version-history":[{"count":2,"href":"https:\/\/neocatechumenaleiter.org\/fr\/wp-json\/wp\/v2\/pages\/17638\/revisions"}],"predecessor-version":[{"id":24168,"href":"https:\/\/neocatechumenaleiter.org\/fr\/wp-json\/wp\/v2\/pages\/17638\/revisions\/24168"}],"up":[{"embeddable":true,"href":"https:\/\/neocatechumenaleiter.org\/fr\/wp-json\/wp\/v2\/pages\/5064"}],"wp:attachment":[{"href":"https:\/\/neocatechumenaleiter.org\/fr\/wp-json\/wp\/v2\/media?parent=17638"}],"curies":[{"name":"wp","href":"https:\/\/api.w.org\/{rel}","templated":true}]}}