{"id":17640,"date":"2020-03-04T00:20:33","date_gmt":"2020-03-03T23:20:33","guid":{"rendered":"https:\/\/neocatechumenaleiter.org\/paroles-de-papes\/st-jean-paul-ii\/convivence-des-eveques-damerique-latine-21-avril-1992\/"},"modified":"2021-08-10T11:02:41","modified_gmt":"2021-08-10T10:02:41","slug":"convivence-des-eveques-damerique-latine-21-avril-1992","status":"publish","type":"page","link":"https:\/\/neocatechumenaleiter.org\/fr\/paroles-de-papes\/st-jean-paul-ii\/convivence-des-eveques-damerique-latine-21-avril-1992\/","title":{"rendered":"Convivence des \u00e9v\u00eaques d&rsquo;Am\u00e9rique latine 21 avril 1992"},"content":{"rendered":"\n<h1 class=\"has-text-align-center wp-block-heading\">Convivence des \u00e9v\u00eaques d&rsquo;Am\u00e9rique latine 21 avril 1992<\/h1>\n\n<div style=\"height:20px\" aria-hidden=\"true\" class=\"wp-block-spacer\"><\/div>\n\n<h4 class=\"has-text-align-center wp-block-heading\">Saint Jean-Paul II<\/h4>\n\n<div style=\"height:20px\" aria-hidden=\"true\" class=\"wp-block-spacer\"><\/div>\n\n<p><strong>Saint Domingue, 21-25 avril 1992, en pr\u00e9sence de 153 \u00e9v\u00eaques<\/strong><\/p>\n\n<p><em>T\u00e9l\u00e9gramme du Cardinal Angelo Sodano, Secr\u00e9taire d\u2019\u00c9tat de Sa Saintet\u00e9 Jean-Paul II, \u00e0 Monseigneur Paul Cordes : <\/em><\/p>\n\n<p>Le Saint P\u00e8re, inform\u00e9 de la rencontre du Chemin N\u00e9ocat\u00e9chum\u00e9nal \u00e0 Saint Domingue en pr\u00e9paration des c\u00e9l\u00e9brations du V\u00e8me centenaire de l\u2019arriv\u00e9e du message du salut au nouveau monde, envoie ses plus cordiales salutations aux organisateurs et \u00e0 tous les participants, avec sa parole d\u2019encouragement pour que cette f\u00eate anniversaire soit une occasion propice pour donner un nouvel \u00e9lan au dynamisme apostolique dans l\u2019\u0153uvre de la nouvelle \u00e9vang\u00e9lisation. En m\u00eame temps, s\u2019unissant spirituellement \u00e0 tous, en particulier aux fr\u00e8res \u00c9v\u00eaques pr\u00e9sents, il \u00e9l\u00e8ve son action de gr\u00e2ces \u00e0 Dieu pour les dons abondants avec lesquels Il a b\u00e9ni les \u00e9glises bien-aim\u00e9es de l\u2019Am\u00e9rique Latine, et les exhorte \u00e0 continuer \u00e0 annoncer J\u00e9sus Christ, hier, aujourd\u2019hui et toujours pour une nouvelle \u00e9vang\u00e9lisation, une promotion humaine et une culture chr\u00e9tienne, rendant toujours le t\u00e9moignage d\u2019une intense communion eccl\u00e9siale et de la fid\u00e9lit\u00e9 \u00e0 l\u2019action de l\u2019Esprit.<\/p>\n\n<p>Par ailleurs, sa Saintet\u00e9 invite tous les membres des Communaut\u00e9s N\u00e9ocat\u00e9chum\u00e9nales \u00e0 un ferme engagement dans la vie apostolique, qui soit accompagn\u00e9 d\u2019une formation chr\u00e9tienne accrue, et d\u2019une participation toujours plus active dans la vie liturgique et caritative de l\u2019\u00c9glise, coop\u00e9rant ainsi \u00e0 l\u2019\u0153uvre salvatrice du Christ pour que sa parole de vie illumine et transforme les individus, les familles, et la soci\u00e9t\u00e9.  <br\/><br\/>&#13;\nAvec ces v\u0153ux, et sous le regard mis\u00e9ricordieux de la Tr\u00e8s Sainte Vierge, le Souverain Pontife \u00e9l\u00e8ve de ferventes pri\u00e8res pour que le Seigneur rende tr\u00e8s f\u00e9conds les travaux de cette rencontre eccl\u00e9siale, tandis que comme signe de bienveillance et garantie de la constante assistance divine, il adresse de tout c\u0153ur sa b\u00e9n\u00e9diction apostolique. &#13;\n<\/p>\n\n<p><em>Cardinal Angelo Sodano, Secr\u00e9taire d\u2019\u00c9tat <br\/><br\/><\/em><\/p>\n","protected":false},"excerpt":{"rendered":"<p>Convivence des \u00e9v\u00eaques d&rsquo;Am\u00e9rique latine 21 avril 1992 Saint Jean-Paul II Saint Domingue, 21-25 avril 1992, en pr\u00e9sence de 153 \u00e9v\u00eaques T\u00e9l\u00e9gramme du Cardinal Angelo Sodano, Secr\u00e9taire d\u2019\u00c9tat de Sa Saintet\u00e9 Jean-Paul II, \u00e0 Monseigneur Paul Cordes : Le Saint P\u00e8re, inform\u00e9 de la rencontre du Chemin N\u00e9ocat\u00e9chum\u00e9nal \u00e0 Saint Domingue en pr\u00e9paration des c\u00e9l\u00e9brations du V\u00e8me centenaire de l\u2019arriv\u00e9e du message du salut au nouveau monde, envoie ses plus<\/p>\n<div class=\"read-more\"><a class=\"btn read-more-btn\" href=\"https:\/\/neocatechumenaleiter.org\/fr\/paroles-de-papes\/st-jean-paul-ii\/convivence-des-eveques-damerique-latine-21-avril-1992\/\">En savoir plus<\/a><\/div>\n","protected":false},"author":2,"featured_media":0,"parent":5064,"menu_order":69,"comment_status":"closed","ping_status":"closed","template":"","meta":{"footnotes":""},"class_list":["post-17640","page","type-page","status-publish","hentry"],"_links":{"self":[{"href":"https:\/\/neocatechumenaleiter.org\/fr\/wp-json\/wp\/v2\/pages\/17640","targetHints":{"allow":["GET"]}}],"collection":[{"href":"https:\/\/neocatechumenaleiter.org\/fr\/wp-json\/wp\/v2\/pages"}],"about":[{"href":"https:\/\/neocatechumenaleiter.org\/fr\/wp-json\/wp\/v2\/types\/page"}],"author":[{"embeddable":true,"href":"https:\/\/neocatechumenaleiter.org\/fr\/wp-json\/wp\/v2\/users\/2"}],"replies":[{"embeddable":true,"href":"https:\/\/neocatechumenaleiter.org\/fr\/wp-json\/wp\/v2\/comments?post=17640"}],"version-history":[{"count":2,"href":"https:\/\/neocatechumenaleiter.org\/fr\/wp-json\/wp\/v2\/pages\/17640\/revisions"}],"predecessor-version":[{"id":24114,"href":"https:\/\/neocatechumenaleiter.org\/fr\/wp-json\/wp\/v2\/pages\/17640\/revisions\/24114"}],"up":[{"embeddable":true,"href":"https:\/\/neocatechumenaleiter.org\/fr\/wp-json\/wp\/v2\/pages\/5064"}],"wp:attachment":[{"href":"https:\/\/neocatechumenaleiter.org\/fr\/wp-json\/wp\/v2\/media?parent=17640"}],"curies":[{"name":"wp","href":"https:\/\/api.w.org\/{rel}","templated":true}]}}