{"id":17642,"date":"2020-03-03T23:56:44","date_gmt":"2020-03-03T22:56:44","guid":{"rendered":"https:\/\/neocatechumenaleiter.org\/paroles-de-papes\/st-jean-paul-ii\/salut-du-saint-pere-jean-paul-ii-aux-cures-aux-itinerants-et-aux-responsables-des-communautes-neocatechumenales-reunis-a-rome-4-decembre-1991\/"},"modified":"2021-08-10T11:02:26","modified_gmt":"2021-08-10T10:02:26","slug":"salut-du-saint-pere-jean-paul-ii-aux-cures-aux-itinerants-et-aux-responsables-des-communautes-neocatechumenales-reunis-a-rome-4-decembre-1991","status":"publish","type":"page","link":"https:\/\/neocatechumenaleiter.org\/fr\/paroles-de-papes\/st-jean-paul-ii\/salut-du-saint-pere-jean-paul-ii-aux-cures-aux-itinerants-et-aux-responsables-des-communautes-neocatechumenales-reunis-a-rome-4-decembre-1991\/","title":{"rendered":"Salut du Saint P\u00e8re Jean-Paul II aux cur\u00e9s, aux itin\u00e9rants et aux responsables des Communaut\u00e9s N\u00e9ocat\u00e9chum\u00e9nales, r\u00e9unis \u00e0 Rome 4 d\u00e9cembre 1991"},"content":{"rendered":"\n<h1 class=\"has-text-align-center wp-block-heading\">Salut du Saint P\u00e8re Jean-Paul II aux cur\u00e9s, aux itin\u00e9rants et aux responsables des Communaut\u00e9s N\u00e9ocat\u00e9chum\u00e9nales, r\u00e9unis \u00e0 Rome 4 d\u00e9cembre 1991<\/h1>\n\n<div style=\"height:20px\" aria-hidden=\"true\" class=\"wp-block-spacer\"><\/div>\n\n<h4 class=\"has-text-align-center wp-block-heading\">Saint Jean-Paul II <\/h4>\n\n<div style=\"height:20px\" aria-hidden=\"true\" class=\"wp-block-spacer\"><\/div>\n\n<p><strong>Cit\u00e9 du Vatican &#8211; Salle Paul VI, 4 d\u00e9cembre 1991<\/strong><\/p>\n\n<p><em>Comme \u00e0 l\u2019accoutum\u00e9e, la s\u00e9rie de salutations adress\u00e9e par le Pape s\u2019est conclue avec les groupes venus de diff\u00e9rents dioc\u00e8ses italiens :<\/em><\/p>\n\n<p>Je suis par ailleurs heureux d\u2019accueillir les nombreux membres du Chemin N\u00e9ocat\u00e9chum\u00e9nal.  <br\/><br\/>&#13;\nParmi eux il y a des pr\u00eatres provenant de plusieurs dioc\u00e8ses europ\u00e9ens, des responsables de communaut\u00e9s, des cat\u00e9chistes itin\u00e9rants dans de nombreuses Nations d\u2019Europe et un grand nombre de familles envoy\u00e9es en mission au cours de ces derni\u00e8res ann\u00e9es. &#13;\n<\/p>\n\n<p>Chers Fr\u00e8res et S\u0153urs, avec votre pr\u00e9sence \u00e0 Rome lors du d\u00e9roulement du Synode sp\u00e9cial pour l\u2019Europe, vous entendez accompagner les travaux synodaux par la r\u00e9flexion et la pri\u00e8re. Au cours de votre convivence qui se termine aujourd\u2019hui, vous avez pu r\u00e9affirmer la n\u00e9cessit\u00e9 d\u2019accueillir sans d\u00e9lai le commandement de J\u00e9sus d\u2019apporter partout son \u00c9vangile. Il s\u2019agit d\u2019un mandat devenu singuli\u00e8rement urgent du fait des  circonstances sociales et culturelles actuelles.<\/p>\n\n<p>Que la Vierge Marie vous aide \u00e0 poursuivre dans le chemin entrepris, toujours fid\u00e8les au Christ et \u00e0 son \u00c9glise. Vous serez ainsi les ap\u00f4tres infatigables et joyeux de la Nouvelle \u00c9vang\u00e9lisation. &#13;\n<br\/><br\/><em>&#13;\n(*) Cf. \u00ab L\u2019Osservatore Romano \u00bb, 5 d\u00e9cembre 1991 <\/em>&#13;\n<\/p>\n\n<figure class=\"wp-block-gallery columns-2 is-cropped wp-block-gallery-1 is-layout-flex wp-block-gallery-is-layout-flex\"><ul class=\"blocks-gallery-grid\"><li class=\"blocks-gallery-item\"><figure><img loading=\"lazy\" decoding=\"async\" width=\"676\" height=\"562\" src=\"https:\/\/neocatechumenaleiter.org\/wp-content\/uploads\/2020\/03\/Camino_Neocatecumenal_Juan_Pablo_II_saludo_parrocos_itinerantes_responsables_1991.jpg\" alt=\"\" data-id=\"2352\" data-link=\"https:\/\/neocatechumenaleiter.org\/?attachment_id=2352\" class=\"wp-image-2354\" srcset=\"https:\/\/neocatechumenaleiter.org\/wp-content\/uploads\/2020\/03\/Camino_Neocatecumenal_Juan_Pablo_II_saludo_parrocos_itinerantes_responsables_1991.jpg 676w, https:\/\/neocatechumenaleiter.org\/wp-content\/uploads\/2020\/03\/Camino_Neocatecumenal_Juan_Pablo_II_saludo_parrocos_itinerantes_responsables_1991-300x249.jpg 300w\" sizes=\"auto, (max-width: 676px) 100vw, 676px\" \/><\/figure><\/li><li class=\"blocks-gallery-item\"><figure><img loading=\"lazy\" decoding=\"async\" width=\"495\" height=\"354\" src=\"https:\/\/neocatechumenaleiter.org\/wp-content\/uploads\/2020\/03\/Camino_Neocatecumenal_Juan_Pablo_II_saludo_parrocos_itinerantes_responsables_1991_2.jpg\" alt=\"\" data-id=\"2359\" data-full-url=\"https:\/\/neocatechumenaleiter.org\/wp-content\/uploads\/2020\/03\/Camino_Neocatecumenal_Juan_Pablo_II_saludo_parrocos_itinerantes_responsables_1991_2.jpg\" data-link=\"https:\/\/neocatechumenaleiter.org\/?attachment_id=2359\" class=\"wp-image-2361\" srcset=\"https:\/\/neocatechumenaleiter.org\/wp-content\/uploads\/2020\/03\/Camino_Neocatecumenal_Juan_Pablo_II_saludo_parrocos_itinerantes_responsables_1991_2.jpg 495w, https:\/\/neocatechumenaleiter.org\/wp-content\/uploads\/2020\/03\/Camino_Neocatecumenal_Juan_Pablo_II_saludo_parrocos_itinerantes_responsables_1991_2-300x215.jpg 300w\" sizes=\"auto, (max-width: 495px) 100vw, 495px\" \/><\/figure><\/li><\/ul><\/figure>","protected":false},"excerpt":{"rendered":"<p>Salut du Saint P\u00e8re Jean-Paul II aux cur\u00e9s, aux itin\u00e9rants et aux responsables des Communaut\u00e9s N\u00e9ocat\u00e9chum\u00e9nales, r\u00e9unis \u00e0 Rome 4 d\u00e9cembre 1991 Saint Jean-Paul II Cit\u00e9 du Vatican &#8211; Salle Paul VI, 4 d\u00e9cembre 1991 Comme \u00e0 l\u2019accoutum\u00e9e, la s\u00e9rie de salutations adress\u00e9e par le Pape s\u2019est conclue avec les groupes venus de diff\u00e9rents dioc\u00e8ses italiens : Je suis par ailleurs heureux d\u2019accueillir les nombreux membres du Chemin N\u00e9ocat\u00e9chum\u00e9nal. &#13;<\/p>\n<div class=\"read-more\"><a class=\"btn read-more-btn\" href=\"https:\/\/neocatechumenaleiter.org\/fr\/paroles-de-papes\/st-jean-paul-ii\/salut-du-saint-pere-jean-paul-ii-aux-cures-aux-itinerants-et-aux-responsables-des-communautes-neocatechumenales-reunis-a-rome-4-decembre-1991\/\">En savoir plus<\/a><\/div>\n","protected":false},"author":2,"featured_media":0,"parent":5064,"menu_order":66,"comment_status":"closed","ping_status":"closed","template":"","meta":{"footnotes":""},"class_list":["post-17642","page","type-page","status-publish","hentry"],"_links":{"self":[{"href":"https:\/\/neocatechumenaleiter.org\/fr\/wp-json\/wp\/v2\/pages\/17642","targetHints":{"allow":["GET"]}}],"collection":[{"href":"https:\/\/neocatechumenaleiter.org\/fr\/wp-json\/wp\/v2\/pages"}],"about":[{"href":"https:\/\/neocatechumenaleiter.org\/fr\/wp-json\/wp\/v2\/types\/page"}],"author":[{"embeddable":true,"href":"https:\/\/neocatechumenaleiter.org\/fr\/wp-json\/wp\/v2\/users\/2"}],"replies":[{"embeddable":true,"href":"https:\/\/neocatechumenaleiter.org\/fr\/wp-json\/wp\/v2\/comments?post=17642"}],"version-history":[{"count":2,"href":"https:\/\/neocatechumenaleiter.org\/fr\/wp-json\/wp\/v2\/pages\/17642\/revisions"}],"predecessor-version":[{"id":24084,"href":"https:\/\/neocatechumenaleiter.org\/fr\/wp-json\/wp\/v2\/pages\/17642\/revisions\/24084"}],"up":[{"embeddable":true,"href":"https:\/\/neocatechumenaleiter.org\/fr\/wp-json\/wp\/v2\/pages\/5064"}],"wp:attachment":[{"href":"https:\/\/neocatechumenaleiter.org\/fr\/wp-json\/wp\/v2\/media?parent=17642"}],"curies":[{"name":"wp","href":"https:\/\/api.w.org\/{rel}","templated":true}]}}