{"id":17644,"date":"2020-09-16T14:29:53","date_gmt":"2020-09-16T13:29:53","guid":{"rendered":"https:\/\/neocatechumenaleiter.org\/paroles-de-papes\/st-jean-paul-ii\/salut-du-saint-pere-jean-paul-ii-aux-seminaristes-du-seminaire-missionnaire-archidiocesain-redemptoris-mater-de-brasilia-15-octobre-1991\/"},"modified":"2020-09-16T14:29:53","modified_gmt":"2020-09-16T13:29:53","slug":"salut-du-saint-pere-jean-paul-ii-aux-seminaristes-du-seminaire-missionnaire-archidiocesain-redemptoris-mater-de-brasilia-15-octobre-1991","status":"publish","type":"page","link":"https:\/\/neocatechumenaleiter.org\/fr\/paroles-de-papes\/st-jean-paul-ii\/salut-du-saint-pere-jean-paul-ii-aux-seminaristes-du-seminaire-missionnaire-archidiocesain-redemptoris-mater-de-brasilia-15-octobre-1991\/","title":{"rendered":"Salut du Saint P\u00e8re Jean-Paul II aux s\u00e9minaristes du s\u00e9minaire missionnaire archidioc\u00e9sain \u00ab\u00a0Redemptoris Mater\u00a0\u00bb de Brasilia 15 octobre 1991"},"content":{"rendered":"\n<h1 class=\"has-text-align-center wp-block-heading\">Salut du Saint P\u00e8re Jean-Paul II aux s\u00e9minaristes du s\u00e9minaire missionnaire archidioc\u00e9sain \u00ab\u00a0Redemptoris Mater\u00a0\u00bb de Brasilia 15 octobre 1991<\/h1>\n\n<div style=\"height:20px\" aria-hidden=\"true\" class=\"wp-block-spacer\"><\/div>\n\n<h4 class=\"has-text-align-center wp-block-heading\">Saint Jean-Paul II <\/h4>\n\n<div style=\"height:20px\" aria-hidden=\"true\" class=\"wp-block-spacer\"><\/div>\n\n<p><strong>Brasilia, 15 octobre 1991 *<\/strong><\/p>\n\n<p>J\u2019adresse mon salut sp\u00e9cial et affectueux aux Sup\u00e9rieurs et aux S\u00e9minaristes du S\u00e9minaire Redemptoris Mater qui est sur le point d\u2019\u00eatre achev\u00e9 non loin d\u2019ici. Je souhaite que, avec la b\u00e9n\u00e9diction de Dieu, ils encouragent toujours par le v\u00e9ritable esprit du Christ la formation authentique des presbytres. \u00c0 tous, de grand c\u0153ur, je donne ma b\u00e9n\u00e9diction apostolique. Amen. &#013;\n<br \/><br \/><em>&#013;\n&#013;\n(*) Cf. \u00ab L\u2019Osservatore Romano \u00bb, 17 octobre 1991&#013;\n<\/em><\/p>\n","protected":false},"excerpt":{"rendered":"<p>Salut du Saint P\u00e8re Jean-Paul II aux s\u00e9minaristes du s\u00e9minaire missionnaire archidioc\u00e9sain \u00ab\u00a0Redemptoris Mater\u00a0\u00bb de Brasilia 15 octobre 1991 Saint Jean-Paul II Brasilia, 15 octobre 1991 * J\u2019adresse mon salut sp\u00e9cial et affectueux aux Sup\u00e9rieurs et aux S\u00e9minaristes du S\u00e9minaire Redemptoris Mater qui est sur le point d\u2019\u00eatre achev\u00e9 non loin d\u2019ici. Je souhaite que, avec la b\u00e9n\u00e9diction de Dieu, ils encouragent toujours par le v\u00e9ritable esprit du Christ la<\/p>\n<div class=\"read-more\"><a class=\"btn read-more-btn\" href=\"https:\/\/neocatechumenaleiter.org\/fr\/paroles-de-papes\/st-jean-paul-ii\/salut-du-saint-pere-jean-paul-ii-aux-seminaristes-du-seminaire-missionnaire-archidiocesain-redemptoris-mater-de-brasilia-15-octobre-1991\/\">En savoir plus<\/a><\/div>\n","protected":false},"author":2,"featured_media":0,"parent":5064,"menu_order":65,"comment_status":"closed","ping_status":"closed","template":"","meta":{"footnotes":""},"class_list":["post-17644","page","type-page","status-publish","hentry"],"_links":{"self":[{"href":"https:\/\/neocatechumenaleiter.org\/fr\/wp-json\/wp\/v2\/pages\/17644","targetHints":{"allow":["GET"]}}],"collection":[{"href":"https:\/\/neocatechumenaleiter.org\/fr\/wp-json\/wp\/v2\/pages"}],"about":[{"href":"https:\/\/neocatechumenaleiter.org\/fr\/wp-json\/wp\/v2\/types\/page"}],"author":[{"embeddable":true,"href":"https:\/\/neocatechumenaleiter.org\/fr\/wp-json\/wp\/v2\/users\/2"}],"replies":[{"embeddable":true,"href":"https:\/\/neocatechumenaleiter.org\/fr\/wp-json\/wp\/v2\/comments?post=17644"}],"version-history":[{"count":1,"href":"https:\/\/neocatechumenaleiter.org\/fr\/wp-json\/wp\/v2\/pages\/17644\/revisions"}],"predecessor-version":[{"id":17645,"href":"https:\/\/neocatechumenaleiter.org\/fr\/wp-json\/wp\/v2\/pages\/17644\/revisions\/17645"}],"up":[{"embeddable":true,"href":"https:\/\/neocatechumenaleiter.org\/fr\/wp-json\/wp\/v2\/pages\/5064"}],"wp:attachment":[{"href":"https:\/\/neocatechumenaleiter.org\/fr\/wp-json\/wp\/v2\/media?parent=17644"}],"curies":[{"name":"wp","href":"https:\/\/api.w.org\/{rel}","templated":true}]}}