{"id":17646,"date":"2020-09-16T14:35:52","date_gmt":"2020-09-16T13:35:52","guid":{"rendered":"https:\/\/neocatechumenaleiter.org\/paroles-de-papes\/st-jean-paul-ii\/lettre-du-saint-pere-jean-paul-ii-aux-pretres-pour-le-jeudi-saint-12-mars-1991\/"},"modified":"2020-09-16T14:35:52","modified_gmt":"2020-09-16T13:35:52","slug":"lettre-du-saint-pere-jean-paul-ii-aux-pretres-pour-le-jeudi-saint-12-mars-1991","status":"publish","type":"page","link":"https:\/\/neocatechumenaleiter.org\/fr\/paroles-de-papes\/st-jean-paul-ii\/lettre-du-saint-pere-jean-paul-ii-aux-pretres-pour-le-jeudi-saint-12-mars-1991\/","title":{"rendered":"Lettre du Saint P\u00e8re Jean-Paul II aux pr\u00eatres pour le Jeudi Saint 12 mars 1991"},"content":{"rendered":"\n<h1 class=\"has-text-align-center wp-block-heading\">Lettre du Saint P\u00e8re Jean-Paul II aux pr\u00eatres pour le Jeudi Saint 12 mars 1991<\/h1>\n\n<div style=\"height:20px\" aria-hidden=\"true\" class=\"wp-block-spacer\"><\/div>\n\n<h4 class=\"has-text-align-center wp-block-heading\">Saint Jean-Paul II <\/h4>\n\n<div style=\"height:20px\" aria-hidden=\"true\" class=\"wp-block-spacer\"><\/div>\n\n<p><strong>Cit\u00e9 du Vatican, 12 mars 1991 *&#013;\n<\/strong><\/p>\n\n<p><em>\u00ab  Pour une distribution plus \u00e9quitable des pr\u00eatres dans l\u2019\u00c9glise : un plan de secours aux r\u00e9gions les plus d\u00e9munies \u00bb\u2026  \u00c0 la fin, une proposition sp\u00e9ciale :  <\/em><\/p>\n\n<p>Le D\u00e9cret <em>Presbiterorum Ordinis <\/em>n\u00b010 consid\u00e8re que, pour r\u00e9soudre la grave p\u00e9nurie de pr\u00eatres dans certaines r\u00e9gions, \u00ab il est opportun d\u2019instituer aussi des S\u00e9minaires internationaux \u00bb. Cette id\u00e9e a \u00e9t\u00e9 mise en \u0153uvre dans les S\u00e9minaires Redemptoris Mater, qui pr\u00e9parent des presbytres dioc\u00e9sains pour la Nouvelle \u00c9vang\u00e9lisation, selon le programme du Chemin N\u00e9ocat\u00e9chum\u00e9nal. La question est de savoir si cette option peut \u00eatre offerte aussi \u00e0 ceux qui n\u2019\u00e9pousent pas ce mouvement. \u00c0 cet effet, les Conf\u00e9rences \u00c9piscopales de quelques Pays, comme l\u2019Italie, l\u2019Espagne, la Pologne, l\u2019Irlande devraient \u00eatre invit\u00e9es \u00e0 \u00e9riger des S\u00e9minaires nationaux (ou internationaux) pour la Nouvelle \u00c9vang\u00e9lisation. <br \/><br \/>&#013;\nAinsi une nouvelle forme de minist\u00e8re  se verrait concr\u00e9tis\u00e9e : le missionnaire dioc\u00e9sain. &#013;\n<br \/><br \/><em>&#013;\n(*) Cf. \u00ab L\u2019Osservatore Romano \u00bb, 22 mars 1991.<\/em>&#013;\n<\/p>\n\n<figure class=\"wp-block-image size-large\"><img loading=\"lazy\" decoding=\"async\" width=\"689\" height=\"559\" src=\"https:\/\/neocatechumenaleiter.org\/wp-content\/uploads\/2020\/03\/Camino_Neocatecumenal_Juan_Pablo_II_carta_sacerdotes_1991..jpg\" alt=\"\" class=\"wp-image-2340\" srcset=\"https:\/\/neocatechumenaleiter.org\/wp-content\/uploads\/2020\/03\/Camino_Neocatecumenal_Juan_Pablo_II_carta_sacerdotes_1991..jpg 689w, https:\/\/neocatechumenaleiter.org\/wp-content\/uploads\/2020\/03\/Camino_Neocatecumenal_Juan_Pablo_II_carta_sacerdotes_1991.-300x243.jpg 300w\" sizes=\"auto, (max-width: 689px) 100vw, 689px\" \/><\/figure>","protected":false},"excerpt":{"rendered":"<p>Lettre du Saint P\u00e8re Jean-Paul II aux pr\u00eatres pour le Jeudi Saint 12 mars 1991 Saint Jean-Paul II Cit\u00e9 du Vatican, 12 mars 1991 *&#013; \u00ab Pour une distribution plus \u00e9quitable des pr\u00eatres dans l\u2019\u00c9glise : un plan de secours aux r\u00e9gions les plus d\u00e9munies \u00bb\u2026 \u00c0 la fin, une proposition sp\u00e9ciale : Le D\u00e9cret Presbiterorum Ordinis n\u00b010 consid\u00e8re que, pour r\u00e9soudre la grave p\u00e9nurie de pr\u00eatres dans certaines r\u00e9gions,<\/p>\n<div class=\"read-more\"><a class=\"btn read-more-btn\" href=\"https:\/\/neocatechumenaleiter.org\/fr\/paroles-de-papes\/st-jean-paul-ii\/lettre-du-saint-pere-jean-paul-ii-aux-pretres-pour-le-jeudi-saint-12-mars-1991\/\">En savoir plus<\/a><\/div>\n","protected":false},"author":2,"featured_media":0,"parent":5064,"menu_order":64,"comment_status":"closed","ping_status":"closed","template":"","meta":{"footnotes":""},"class_list":["post-17646","page","type-page","status-publish","hentry"],"_links":{"self":[{"href":"https:\/\/neocatechumenaleiter.org\/fr\/wp-json\/wp\/v2\/pages\/17646","targetHints":{"allow":["GET"]}}],"collection":[{"href":"https:\/\/neocatechumenaleiter.org\/fr\/wp-json\/wp\/v2\/pages"}],"about":[{"href":"https:\/\/neocatechumenaleiter.org\/fr\/wp-json\/wp\/v2\/types\/page"}],"author":[{"embeddable":true,"href":"https:\/\/neocatechumenaleiter.org\/fr\/wp-json\/wp\/v2\/users\/2"}],"replies":[{"embeddable":true,"href":"https:\/\/neocatechumenaleiter.org\/fr\/wp-json\/wp\/v2\/comments?post=17646"}],"version-history":[{"count":1,"href":"https:\/\/neocatechumenaleiter.org\/fr\/wp-json\/wp\/v2\/pages\/17646\/revisions"}],"predecessor-version":[{"id":17647,"href":"https:\/\/neocatechumenaleiter.org\/fr\/wp-json\/wp\/v2\/pages\/17646\/revisions\/17647"}],"up":[{"embeddable":true,"href":"https:\/\/neocatechumenaleiter.org\/fr\/wp-json\/wp\/v2\/pages\/5064"}],"wp:attachment":[{"href":"https:\/\/neocatechumenaleiter.org\/fr\/wp-json\/wp\/v2\/media?parent=17646"}],"curies":[{"name":"wp","href":"https:\/\/api.w.org\/{rel}","templated":true}]}}