{"id":17648,"date":"2020-09-16T14:41:01","date_gmt":"2020-09-16T13:41:01","guid":{"rendered":"https:\/\/neocatechumenaleiter.org\/paroles-de-papes\/st-jean-paul-ii\/visite-a-la-paroisse-sainte-marie-de-la-fiducia-21-octobre-1990\/"},"modified":"2020-09-16T14:41:02","modified_gmt":"2020-09-16T13:41:02","slug":"visite-a-la-paroisse-sainte-marie-de-la-fiducia-21-octobre-1990","status":"publish","type":"page","link":"https:\/\/neocatechumenaleiter.org\/fr\/paroles-de-papes\/st-jean-paul-ii\/visite-a-la-paroisse-sainte-marie-de-la-fiducia-21-octobre-1990\/","title":{"rendered":"Visite \u00e0 la paroisse Sainte Marie de la Fiducia 21 octobre 1990"},"content":{"rendered":"\n<h1 class=\"has-text-align-center wp-block-heading\">Visite \u00e0 la paroisse Sainte Marie de la Fiducia 21 octobre 1990<\/h1>\n\n<div style=\"height:20px\" aria-hidden=\"true\" class=\"wp-block-spacer\"><\/div>\n\n<h4 class=\"has-text-align-center wp-block-heading\">Saint Jean-Paul II<\/h4>\n\n<div style=\"height:20px\" aria-hidden=\"true\" class=\"wp-block-spacer\"><\/div>\n\n<p><strong>Rome, 21 octobre 1990<\/strong><\/p>\n\n<p><em>Depuis douze ans les Communaut\u00e9s N\u00e9ocat\u00e9chum\u00e9nales sont pr\u00e9sentes et actives dans la paroisse Santa Maria della Fiducia. Actuellement elles sont quatre et collaborent \u00e0 la vie paroissiale en particulier dans les domaines de la cat\u00e9ch\u00e8se et de la liturgie. Le Pape les a rencontr\u00e9es dans le salon paroissial o\u00f9, jeunes et moins jeunes, engag\u00e9s dans le \u00ab Chemin \u00bb, l\u2019ont accueilli avec les notes joyeuses d\u2019un chant marial. <br \/><br \/>&#013;\nC\u2019est Gastone Rocchetti, le premier cat\u00e9chiste arriv\u00e9 \u00e0 Santa Maria della Fiducia, qui a pr\u00e9sent\u00e9 \u00e0 Jean Paul II la r\u00e9alit\u00e9 des quatre communaut\u00e9s.&#013;\n<\/em><\/p>\n\n<p>Tr\u00e8s Saint P\u00e8re, je fais partie de la premi\u00e8re Communaut\u00e9 N\u00e9ocat\u00e9chum\u00e9nale de la paroisse de Sant\u2019Ireneo a Centocelle. Cela fait dix-sept ans que j\u2019ai la joie de cheminer et, il y a douze ans, sur l\u2019invitation du Cur\u00e9, ma femme et moi et quelques fr\u00e8res de ma communaut\u00e9, sommes arriv\u00e9s dans cette paroisse pour annoncer la Bonne Nouvelle.  <br \/><br \/>&#013;\nUne cat\u00e9ch\u00e8se a commenc\u00e9 et une premi\u00e8re communaut\u00e9 s\u2019est form\u00e9e. Aujourd\u2019hui dans la paroisse, il y a quatre communaut\u00e9s. La premi\u00e8re se trouve au moment de la Traditio : cela fait deux ans qu\u2019ils vont de maison en maison porter le K\u00e9rygme annon\u00e7ant la mort et la R\u00e9surrection de Notre Seigneur J\u00e9sus Christ. La seconde communaut\u00e9 a re\u00e7u le Psautier, l\u2019initiation \u00e0 la pri\u00e8re. Les deux autres communaut\u00e9s en sont aux premi\u00e8res \u00e9tapes du Chemin.  &#013;\n<\/p>\n\n<p>Tout ceci est arriv\u00e9, Tr\u00e8s Saint P\u00e8re, dans l\u2019ob\u00e9issance absolue \u00e0 l\u2019\u00c9glise et \u00e0 ses ministres et aux initiateurs du Chemin. Nous sommes profond\u00e9ment heureux, Tr\u00e8s Saint P\u00e8re, parce que vous avez voulu donner une impulsion plus forte au Chemin N\u00e9ocat\u00e9chum\u00e9nal avec la lettre que vous avez envoy\u00e9e \u00e0 Mgr Cordes. Tr\u00e8s Saint P\u00e8re, nous sommes conscients du grand don que Dieu est en train de nous faire pour que chacun de nous ait la possibilit\u00e9 d\u2019exp\u00e9rimenter dans sa propre chair le salut apport\u00e9 par Notre Seigneur J\u00e9sus Christ et go\u00fbter ainsi \u00e0 d\u2019abondantes arrhes de la vie \u00e9ternelle. Tr\u00e8s Saint P\u00e8re, b\u00e9nissez nous. <\/p>\n\n<p><em>Voici les paroles que le Pape a adress\u00e9es aux participants :<\/em> <\/p>\n\n<p>Je voudrais souligner deux choses. La premi\u00e8re est celle-ci : vous aimez tellement chanter des chants \u00e0 Marie, \u00e0 Marie qui, selon les paroles d\u2019\u00c9lisabeth, a cru \u00e0 la Parole du Seigneur. Et \u00e7a, nous pouvons dire, c\u2019est une parole, un texte embl\u00e9matique pour votre mouvement, pour votre Chemin, parce que on ne dit pas mouvement\u2026 Certes, mais quand on marche on est en mouvement aussi\u2026 Alors, moi, partant de cette parole qui est vraiment inspiratrice, qui a inspir\u00e9 aussi toute l\u2019Encyclique Redemptoris Mater, je vous souhaite de cheminer toujours dans la foi et de faire cheminer dans la foi les autres, ceux auxquels vous \u00eates envoy\u00e9s, proches et lointains. Ensuite, je vous offre une seconde observation. Je sais que les N\u00e9ocat\u00e9chum\u00e8nes aiment les enfants. Le Pape aussi aime les enfants, et ainsi nous nous rencontrons toujours. &#013;\n<br \/><br \/><em>&#013;\n (*) Cf. \u00ab L\u2019Osservatore Romano \u00bb, 26 octobre 1990&#013;\n<\/em><\/p>\n","protected":false},"excerpt":{"rendered":"<p>Visite \u00e0 la paroisse Sainte Marie de la Fiducia 21 octobre 1990 Saint Jean-Paul II Rome, 21 octobre 1990 Depuis douze ans les Communaut\u00e9s N\u00e9ocat\u00e9chum\u00e9nales sont pr\u00e9sentes et actives dans la paroisse Santa Maria della Fiducia. Actuellement elles sont quatre et collaborent \u00e0 la vie paroissiale en particulier dans les domaines de la cat\u00e9ch\u00e8se et de la liturgie. Le Pape les a rencontr\u00e9es dans le salon paroissial o\u00f9, jeunes et<\/p>\n<div class=\"read-more\"><a class=\"btn read-more-btn\" href=\"https:\/\/neocatechumenaleiter.org\/fr\/paroles-de-papes\/st-jean-paul-ii\/visite-a-la-paroisse-sainte-marie-de-la-fiducia-21-octobre-1990\/\">En savoir plus<\/a><\/div>\n","protected":false},"author":2,"featured_media":0,"parent":5064,"menu_order":62,"comment_status":"closed","ping_status":"closed","template":"","meta":{"footnotes":""},"class_list":["post-17648","page","type-page","status-publish","hentry"],"_links":{"self":[{"href":"https:\/\/neocatechumenaleiter.org\/fr\/wp-json\/wp\/v2\/pages\/17648","targetHints":{"allow":["GET"]}}],"collection":[{"href":"https:\/\/neocatechumenaleiter.org\/fr\/wp-json\/wp\/v2\/pages"}],"about":[{"href":"https:\/\/neocatechumenaleiter.org\/fr\/wp-json\/wp\/v2\/types\/page"}],"author":[{"embeddable":true,"href":"https:\/\/neocatechumenaleiter.org\/fr\/wp-json\/wp\/v2\/users\/2"}],"replies":[{"embeddable":true,"href":"https:\/\/neocatechumenaleiter.org\/fr\/wp-json\/wp\/v2\/comments?post=17648"}],"version-history":[{"count":1,"href":"https:\/\/neocatechumenaleiter.org\/fr\/wp-json\/wp\/v2\/pages\/17648\/revisions"}],"predecessor-version":[{"id":17649,"href":"https:\/\/neocatechumenaleiter.org\/fr\/wp-json\/wp\/v2\/pages\/17648\/revisions\/17649"}],"up":[{"embeddable":true,"href":"https:\/\/neocatechumenaleiter.org\/fr\/wp-json\/wp\/v2\/pages\/5064"}],"wp:attachment":[{"href":"https:\/\/neocatechumenaleiter.org\/fr\/wp-json\/wp\/v2\/media?parent=17648"}],"curies":[{"name":"wp","href":"https:\/\/api.w.org\/{rel}","templated":true}]}}