{"id":17687,"date":"2020-09-21T12:02:09","date_gmt":"2020-09-21T11:02:09","guid":{"rendered":"https:\/\/neocatechumenaleiter.org\/paroles-de-papes\/st-jean-paul-ii\/visite-a-la-paroisse-saint-cyprien-a-torrevecchia-22-janvier-1989\/"},"modified":"2020-11-30T14:41:38","modified_gmt":"2020-11-30T13:41:38","slug":"visite-a-la-paroisse-saint-cyprien-a-torrevecchia-22-janvier-1989","status":"publish","type":"page","link":"https:\/\/neocatechumenaleiter.org\/fr\/paroles-de-papes\/st-jean-paul-ii\/visite-a-la-paroisse-saint-cyprien-a-torrevecchia-22-janvier-1989\/","title":{"rendered":"Visite \u00e0 la paroisse Saint Cyprien \u00e0 Torrevecchia 22 janvier 1989"},"content":{"rendered":"\n<h1 class=\"has-text-align-center wp-block-heading\">Visite \u00e0 la paroisse Saint Cyprien \u00e0 Torrevecchia 22 janvier 1989<\/h1>\n\n<div style=\"height:20px\" aria-hidden=\"true\" class=\"wp-block-spacer\"><\/div>\n\n<h4 class=\"has-text-align-center wp-block-heading\">Saint Jean-Paul II<\/h4>\n\n<div style=\"height:20px\" aria-hidden=\"true\" class=\"wp-block-spacer\"><\/div>\n\n<p><strong>Rome, 22 janvier 1989 *<\/strong><\/p>\n\n<p><em>Le Chemin N\u00e9ocat\u00e9chum\u00e9nal, d\u00e9marr\u00e9 en 1981 \u00e0 San Cipriano, est actuellement l\u2019exp\u00e9rience religieuse la plus forte de la paroisse. Le Pape a d\u00e9di\u00e9 la derni\u00e8re partie de son intense visite aux membres des cinq communaut\u00e9s, environ cent cinquante fr\u00e8res. \u00ab Apr\u00e8s cette Messe, Saint P\u00e8re, \u2013 <\/em>a annonc\u00e9 Claudio, le cat\u00e9chiste qui a ouvert le Chemin \u00e0 San Cipriano<em> \u2013 commencera ici en paroisse une nouvelle cat\u00e9ch\u00e8se.<\/em><\/p>\n\n<div class=\"wp-block-image\"><figure class=\"alignright size-medium\"><img loading=\"lazy\" decoding=\"async\" width=\"300\" height=\"247\" src=\"https:\/\/neocatechumenaleiter.org\/wp-content\/uploads\/2020\/03\/Camino_Neocatecumenal_Juan_Pablo_II_visita_parroquia_San_Cipriano_1989-300x247.jpg\" alt=\"\" class=\"wp-image-2211\" srcset=\"https:\/\/neocatechumenaleiter.org\/wp-content\/uploads\/2020\/03\/Camino_Neocatecumenal_Juan_Pablo_II_visita_parroquia_San_Cipriano_1989-300x247.jpg 300w, https:\/\/neocatechumenaleiter.org\/wp-content\/uploads\/2020\/03\/Camino_Neocatecumenal_Juan_Pablo_II_visita_parroquia_San_Cipriano_1989.jpg 692w\" sizes=\"auto, (max-width: 300px) 100vw, 300px\" \/><\/figure><\/div>\n\n<p><em>Nous esp\u00e9rons que cette venue de Pierre au milieu de nous am\u00e8ne de nombreuses personnes \u00e0 vouloir conna\u00eetre J\u00e9sus Christ. Comme nous le dit cette affiche P\u00e8re, nous \u00e9tions aveugles, boiteux, lointains. Moi, j\u2019\u00e9tais \u00e9loign\u00e9 de l\u2019\u00c9glise. Nous avons rencontr\u00e9 dans cette \u00c9glise, comme dit la Parole d\u2019aujourd\u2019hui, la libert\u00e9 pour tous les prisonniers de l\u2019angoisse, de la peur, de la mort. Nous \u00e9tions si aveugles que nous ne voyions pas l\u2019amour de Dieu dans notre vie. Nous remercions Pierre qui est venu aujourd\u2019hui nous confirmer dans notre chemin \u00bb.<\/em><\/p>\n\n<p><em>Ensuite le Cur\u00e9, Monseigneur Marcello Pieraccini, a donn\u00e9 un t\u00e9moignage intense et touchant que nous rapportons ici : <\/em><br \/><br \/>&#013;\n&#013;\nJ\u2019ai commenc\u00e9 ce chemin en 1971, quand j\u2019\u00e9tais dans la paroisse de Sant\u2019Eugenio \u2013 a dit le cur\u00e9 Mgr Pieraccini -. C\u2019\u00e9tait un moment de grande crise, parce que je me croyais tr\u00e8s bon pr\u00eatre, tr\u00e8s intelligent, tr\u00e8s performant. Et j\u2019\u00e9tais un orgueilleux, un pr\u00e9somptueux ; maintenant je vois clairement, mais \u00e0 ce moment l\u00e0 j\u2019\u00e9tais comme aveugl\u00e9. Je me suis trouv\u00e9 dans une situation de grande crise, de grande d\u00e9pression.  &#013;\n<\/p>\n\n<p>Et ce Chemin est arriv\u00e9, ce mouvement, cette cat\u00e9ch\u00e8se qui est venue r\u00e9veiller en moi l\u2019abandon en Dieu, la confiance que Dieu m\u2019aime, comme \u00e7a tel que je suis. En d\u00e9pit de mes faiblesses et de mes p\u00e9ch\u00e9s, cet amour m\u2019a ouvert les yeux et m\u2019a fait voir \u00e0 travers des signes l\u2019amour que Dieu a pour moi. Et ceci a commenc\u00e9 \u00e0 changer ma vie et \u00e0 me mettre dans la paix. Ensuite, j\u2019ai d\u00fb laisser cette paroisse-l\u00e0 et venir ici. Cette paroisse-ci est plus grande, j\u2019y suis arriv\u00e9 \u00e9tant plus adulte, et plus \u00e2g\u00e9 ; mais \u00e7a aussi, je le fais jour apr\u00e8s jour avec joie, avec all\u00e9gresse. <br \/><br \/>&#013;\nJe dois dire que dans ce Chemin on d\u00e9couvre vraiment la joie d\u2019\u00eatre avec le Seigneur. J\u2019ai vu aussi une autre chose pendant tout ce temps : combien cette mani\u00e8re d\u2019annoncer l\u2019\u00c9vangile rejoint les personnes \u00e9loign\u00e9es et les approche de Dieu. &#013;\n<\/p>\n\n<p><em>Profond\u00e9ment touch\u00e9 par ces t\u00e9moignages, le Saint P\u00e8re a adress\u00e9 aux communaut\u00e9s les paroles suivantes :  &#013;\n<\/em><br \/><br \/>&#013;\nIl me vient souvent \u00e0 l\u2019esprit cette parole que j\u2019ai aussi introduite comme parole de vie pour l\u2019ann\u00e9e mariale et pour l\u2019Encyclique Redemptoris Mater. Cette parole de Marie, \u00ab Tu es B\u00e9nie parce que tu as cru \u00e0 la parole du Seigneur \u00bb, je la r\u00e9p\u00e8te parce qu\u2019elle est certainement au centre du chemin de foi de la Vierge Marie. Sur cette parole j\u2019ai configur\u00e9 toute l\u2019Encyclique mariale. Ainsi, elle peut servir \u00e0 l\u2019\u00c9glise et peut-\u00eatre aussi aux fr\u00e8res s\u00e9par\u00e9s, parce que Marie nous pr\u00e9c\u00e8de sur le chemin de la foi. Quand je vous rencontre, je vis toujours un moment de surprise, parce que beaucoup d\u2019entre vous disent qu\u2019ils viennent d\u2019une autre rive o\u00f9 on ne croit pas, o\u00f9 on ne vit pas en chr\u00e9tien, voire o\u00f9 on nie Dieu et on cherche un autre programme de vie personnelle et sociale. Et puis ils ont trouv\u00e9 ce Chemin. &#013;\n<\/p>\n\n<div class=\"wp-block-image\"><figure class=\"alignleft size-medium\"><img loading=\"lazy\" decoding=\"async\" width=\"300\" height=\"247\" src=\"https:\/\/neocatechumenaleiter.org\/wp-content\/uploads\/2020\/03\/Camino_Neocatecumenal_Juan_Pablo_II_visita_parroquia_San_Cipriano_1989_2-300x247.jpg\" alt=\"\" class=\"wp-image-2218\" srcset=\"https:\/\/neocatechumenaleiter.org\/wp-content\/uploads\/2020\/03\/Camino_Neocatecumenal_Juan_Pablo_II_visita_parroquia_San_Cipriano_1989_2-300x247.jpg 300w, https:\/\/neocatechumenaleiter.org\/wp-content\/uploads\/2020\/03\/Camino_Neocatecumenal_Juan_Pablo_II_visita_parroquia_San_Cipriano_1989_2.jpg 688w\" sizes=\"auto, (max-width: 300px) 100vw, 300px\" \/><\/figure><\/div>\n\n<p>Ils sont entr\u00e9s sur cette route et ils disent : \u00ab Nous avons trouv\u00e9 la joie, nous avons trouv\u00e9 la paix \u00bb. Bien-aim\u00e9s, vous cheminez principalement \u00e0 l\u2019int\u00e9rieur de cette paroisse. Cheminez <strong>dans le monde contemporain<\/strong>, ce monde d\u2019aujourd\u2019hui, tr\u00e8s riche et opulent, d\u00e9velopp\u00e9 et si s\u00fbr de lui de par ses recherches et ses inventions. Vous cheminez dans ce monde qui en m\u00eame temps a du mal \u00e0 cheminer.  <br \/><br \/>&#013;\nJe pense que le charisme particulier de ce mouvement, de ce Chemin, est pr\u00e9cis\u00e9ment de marcher avec nos contemporains, avec ces hommes riches et pauvres en m\u00eame temps : aller parmi eux et apporter le t\u00e9moignage d\u2019un autre chemin, d\u2019une autre vie, d\u2019une autre perspective. <strong>C\u2019est le chemin de Marie, le chemin de la foi.<\/strong> Vous marchez avec Elle sur le m\u00eame chemin.<\/p>\n\n<p>Pensez toujours que vous marchez ainsi, avec Marie, qui marche avec tous parce que M\u00e8re : avec l\u2019\u00c9glise, avec le christianisme, avec les chr\u00e9tiens qui retrouvent difficilement leur unit\u00e9 avec un monde divis\u00e9 entre Ouest et Est, Nord et Sud, pauvres et riches. Votre charisme est comme celui de Marie : <strong>marcher dans la foi et t\u00e9moigner \u00e0 tous de la foi<\/strong>, le t\u00e9moignage d\u2019une autre alternative, d\u2019une autre auto-r\u00e9alisation. L\u2019homme cherche \u00e0 se r\u00e9aliser et il n\u2019y arrive pas. \u00c0 cet homme on doit t\u00e9moigner de la r\u00e9alisation que Marie trouve en la personne du Christ. <strong>Lui est la v\u00e9ritable autor\u00e9alisation de l\u2019homme<\/strong>. Parce qu\u2019Il dit : \u00ab <strong>Je suis le Chemin, la V\u00e9rit\u00e9, la Vie<\/strong> \u00bb.<\/p>\n\n<p>Je vous souhaite de continuer dans cette paroisse, dans cette vocation, dans ce chemin. <em><br \/><br \/> (*) Cf. \u00ab L\u2018Osservatore Romano \u00bb, 23-24 janvier 1989, et  \u00ab L\u2018Osservatore Romano \u00bb, 27 janvier 1989 <\/em><\/p>\n","protected":false},"excerpt":{"rendered":"<p>Visite \u00e0 la paroisse Saint Cyprien \u00e0 Torrevecchia 22 janvier 1989 Saint Jean-Paul II Rome, 22 janvier 1989 * Le Chemin N\u00e9ocat\u00e9chum\u00e9nal, d\u00e9marr\u00e9 en 1981 \u00e0 San Cipriano, est actuellement l\u2019exp\u00e9rience religieuse la plus forte de la paroisse. Le Pape a d\u00e9di\u00e9 la derni\u00e8re partie de son intense visite aux membres des cinq communaut\u00e9s, environ cent cinquante fr\u00e8res. \u00ab Apr\u00e8s cette Messe, Saint P\u00e8re, \u2013 a annonc\u00e9 Claudio, le cat\u00e9chiste<\/p>\n<div class=\"read-more\"><a class=\"btn read-more-btn\" href=\"https:\/\/neocatechumenaleiter.org\/fr\/paroles-de-papes\/st-jean-paul-ii\/visite-a-la-paroisse-saint-cyprien-a-torrevecchia-22-janvier-1989\/\">En savoir plus<\/a><\/div>\n","protected":false},"author":2,"featured_media":0,"parent":5064,"menu_order":56,"comment_status":"closed","ping_status":"closed","template":"","meta":{"footnotes":""},"class_list":["post-17687","page","type-page","status-publish","hentry"],"_links":{"self":[{"href":"https:\/\/neocatechumenaleiter.org\/fr\/wp-json\/wp\/v2\/pages\/17687","targetHints":{"allow":["GET"]}}],"collection":[{"href":"https:\/\/neocatechumenaleiter.org\/fr\/wp-json\/wp\/v2\/pages"}],"about":[{"href":"https:\/\/neocatechumenaleiter.org\/fr\/wp-json\/wp\/v2\/types\/page"}],"author":[{"embeddable":true,"href":"https:\/\/neocatechumenaleiter.org\/fr\/wp-json\/wp\/v2\/users\/2"}],"replies":[{"embeddable":true,"href":"https:\/\/neocatechumenaleiter.org\/fr\/wp-json\/wp\/v2\/comments?post=17687"}],"version-history":[{"count":9,"href":"https:\/\/neocatechumenaleiter.org\/fr\/wp-json\/wp\/v2\/pages\/17687\/revisions"}],"predecessor-version":[{"id":19886,"href":"https:\/\/neocatechumenaleiter.org\/fr\/wp-json\/wp\/v2\/pages\/17687\/revisions\/19886"}],"up":[{"embeddable":true,"href":"https:\/\/neocatechumenaleiter.org\/fr\/wp-json\/wp\/v2\/pages\/5064"}],"wp:attachment":[{"href":"https:\/\/neocatechumenaleiter.org\/fr\/wp-json\/wp\/v2\/media?parent=17687"}],"curies":[{"name":"wp","href":"https:\/\/api.w.org\/{rel}","templated":true}]}}