{"id":17697,"date":"2020-09-24T16:16:27","date_gmt":"2020-09-24T15:16:27","guid":{"rendered":"https:\/\/neocatechumenaleiter.org\/paroles-de-papes\/st-jean-paul-ii\/audience-privee-pour-lenvoi-de-familles-pour-la-nouvelle-evangelisation-9-juin-1988\/"},"modified":"2020-09-24T16:16:28","modified_gmt":"2020-09-24T15:16:28","slug":"audience-privee-pour-lenvoi-de-familles-pour-la-nouvelle-evangelisation-9-juin-1988","status":"publish","type":"page","link":"https:\/\/neocatechumenaleiter.org\/fr\/paroles-de-papes\/st-jean-paul-ii\/audience-privee-pour-lenvoi-de-familles-pour-la-nouvelle-evangelisation-9-juin-1988\/","title":{"rendered":"Audience priv\u00e9e pour l&rsquo;envoi de familles pour la \u00ab\u00a0Nouvelle Evang\u00e9lisation\u00a0\u00bb 9 juin 1988"},"content":{"rendered":"\n<h1 class=\"has-text-align-center wp-block-heading\">Audience priv\u00e9e pour l&rsquo;envoi de familles pour la \u00ab\u00a0Nouvelle Evang\u00e9lisation\u00a0\u00bb 9 juin 1988<\/h1>\n\n<div style=\"height:20px\" aria-hidden=\"true\" class=\"wp-block-spacer\"><\/div>\n\n<h4 class=\"has-text-align-center wp-block-heading\">Saint Jean-Paul II<\/h4>\n\n<div style=\"height:20px\" aria-hidden=\"true\" class=\"wp-block-spacer\"><\/div>\n\n<p><strong>Cit\u00e9 du Vatican &#8211; Salle Cl\u00e9mentine, 9 juin 1988<\/strong><\/p>\n\n<p><em>Au cours d\u2019une audience priv\u00e9e dans la Salle Cl\u00e9mentine, le Saint P\u00e8re a remis le crucifix \u00e0 douze familles en partance pour l\u2019Am\u00e9rique du Sud pour vivre au milieu des pauvres en t\u00e9moignant de l\u2019\u00c9vangile, dans les \u00ab Pueblos J\u00f3venes \u00bb pr\u00e8s de Lima (P\u00e9rou), parmi les mineurs de Coronel (Chili), et dans les villages lacustres de Guayaquil (\u00c9quateur). <\/em> <\/p>\n\n<div class=\"wp-block-image\"><figure class=\"aligncenter size-large\"><img loading=\"lazy\" decoding=\"async\" width=\"768\" height=\"628\" src=\"https:\/\/neocatechumenaleiter.org\/wp-content\/uploads\/2020\/03\/Camino_Neocatecumenal_Juan_Pablo_II_audiencia_privada_envio_familias_mision_1988.jpg\" alt=\"\" class=\"wp-image-2145\" srcset=\"https:\/\/neocatechumenaleiter.org\/wp-content\/uploads\/2020\/03\/Camino_Neocatecumenal_Juan_Pablo_II_audiencia_privada_envio_familias_mision_1988.jpg 768w, https:\/\/neocatechumenaleiter.org\/wp-content\/uploads\/2020\/03\/Camino_Neocatecumenal_Juan_Pablo_II_audiencia_privada_envio_familias_mision_1988-300x245.jpg 300w\" sizes=\"auto, (max-width: 768px) 100vw, 768px\" \/><\/figure><\/div>\n","protected":false},"excerpt":{"rendered":"<p>Audience priv\u00e9e pour l&rsquo;envoi de familles pour la \u00ab\u00a0Nouvelle Evang\u00e9lisation\u00a0\u00bb 9 juin 1988 Saint Jean-Paul II Cit\u00e9 du Vatican &#8211; Salle Cl\u00e9mentine, 9 juin 1988 Au cours d\u2019une audience priv\u00e9e dans la Salle Cl\u00e9mentine, le Saint P\u00e8re a remis le crucifix \u00e0 douze familles en partance pour l\u2019Am\u00e9rique du Sud pour vivre au milieu des pauvres en t\u00e9moignant de l\u2019\u00c9vangile, dans les \u00ab Pueblos J\u00f3venes \u00bb pr\u00e8s de Lima (P\u00e9rou),<\/p>\n<div class=\"read-more\"><a class=\"btn read-more-btn\" href=\"https:\/\/neocatechumenaleiter.org\/fr\/paroles-de-papes\/st-jean-paul-ii\/audience-privee-pour-lenvoi-de-familles-pour-la-nouvelle-evangelisation-9-juin-1988\/\">En savoir plus<\/a><\/div>\n","protected":false},"author":2,"featured_media":0,"parent":5064,"menu_order":53,"comment_status":"closed","ping_status":"closed","template":"","meta":{"footnotes":""},"class_list":["post-17697","page","type-page","status-publish","hentry"],"_links":{"self":[{"href":"https:\/\/neocatechumenaleiter.org\/fr\/wp-json\/wp\/v2\/pages\/17697","targetHints":{"allow":["GET"]}}],"collection":[{"href":"https:\/\/neocatechumenaleiter.org\/fr\/wp-json\/wp\/v2\/pages"}],"about":[{"href":"https:\/\/neocatechumenaleiter.org\/fr\/wp-json\/wp\/v2\/types\/page"}],"author":[{"embeddable":true,"href":"https:\/\/neocatechumenaleiter.org\/fr\/wp-json\/wp\/v2\/users\/2"}],"replies":[{"embeddable":true,"href":"https:\/\/neocatechumenaleiter.org\/fr\/wp-json\/wp\/v2\/comments?post=17697"}],"version-history":[{"count":1,"href":"https:\/\/neocatechumenaleiter.org\/fr\/wp-json\/wp\/v2\/pages\/17697\/revisions"}],"predecessor-version":[{"id":17698,"href":"https:\/\/neocatechumenaleiter.org\/fr\/wp-json\/wp\/v2\/pages\/17697\/revisions\/17698"}],"up":[{"embeddable":true,"href":"https:\/\/neocatechumenaleiter.org\/fr\/wp-json\/wp\/v2\/pages\/5064"}],"wp:attachment":[{"href":"https:\/\/neocatechumenaleiter.org\/fr\/wp-json\/wp\/v2\/media?parent=17697"}],"curies":[{"name":"wp","href":"https:\/\/api.w.org\/{rel}","templated":true}]}}