{"id":17699,"date":"2020-09-24T17:39:10","date_gmt":"2020-09-24T16:39:10","guid":{"rendered":"https:\/\/neocatechumenaleiter.org\/paroles-de-papes\/st-jean-paul-ii\/salut-du-pape-jean-paul-ii-depuis-le-balcon-de-la-nonciature-apostolique-pendant-la-visite-au-perou-216-mai-1988\/"},"modified":"2020-09-24T17:39:10","modified_gmt":"2020-09-24T16:39:10","slug":"salut-du-pape-jean-paul-ii-depuis-le-balcon-de-la-nonciature-apostolique-pendant-la-visite-au-perou-216-mai-1988","status":"publish","type":"page","link":"https:\/\/neocatechumenaleiter.org\/fr\/paroles-de-papes\/st-jean-paul-ii\/salut-du-pape-jean-paul-ii-depuis-le-balcon-de-la-nonciature-apostolique-pendant-la-visite-au-perou-216-mai-1988\/","title":{"rendered":"Salut du Pape Jean-Paul II depuis le balcon de la Nonciature apostolique pendant la visite au P\u00e9rou 216 mai 1988"},"content":{"rendered":"\n<h1 class=\"has-text-align-center wp-block-heading\">Salut du Pape Jean-Paul II depuis le balcon de la Nonciature apostolique pendant la visite au P\u00e9rou 216 mai 1988<\/h1>\n\n<div style=\"height:20px\" aria-hidden=\"true\" class=\"wp-block-spacer\"><\/div>\n\n<h4 class=\"has-text-align-center wp-block-heading\">Saint Jean-Paul II<\/h4>\n\n<div style=\"height:20px\" aria-hidden=\"true\" class=\"wp-block-spacer\"><\/div>\n\n<p><strong>Lima, 16 mai 1988<\/strong><\/p>\n\n<p><em>Lors de sa visite Apostolique au P\u00e9rou, dans la ville de Lima, le Saint P\u00e8re a adress\u00e9 le salut suivant aux Communaut\u00e9s N\u00e9ocat\u00e9chum\u00e9nales et aux familles qui depuis plus d\u2019un an travaillent dans les \u00ab Pueblos J\u00f3venes \u00bb, parmi les pauvres. <\/em><\/p>\n\n<p><em>Voici notre traduction de l\u2019espagnol : <\/em><br \/><br \/> &#013;\nMes remerciements \u00e0 tous ceux qui sont pr\u00e9sents et \u00e0 tous ceux qui ont contribu\u00e9 \u00e0 l\u2019organisation et \u00e0 la concr\u00e9tisation de ce grand congr\u00e8s Eucharistique Bolivarien, particuli\u00e8rement \u00e0 ceux qui hier ont contribu\u00e9 \u00e0 sa conclusion. &#013;\n<\/p>\n\n<p>Je pense \u00e0 tous, pas seulement \u00e0 ceux ici pr\u00e9sents, mais aussi \u00e0 Lima, \u00e0 toute la nation. <br \/><br \/>&#013;\nJe d\u00e9sire saluer les divers groupes, associations et mouvements, certains d\u2019entre eux tr\u00e8s actifs. Cette activit\u00e9 s\u2019est d\u00e9montr\u00e9e aussi par le biais d\u2019invitations adress\u00e9es au Pape pour qu\u2019il visite leurs si\u00e8ges, mais il \u00e9tait impossible de faire des visites priv\u00e9es, cette visite \u00e9tant une visite g\u00e9n\u00e9rale, pour toute la ville de Lima, toute la capitale, qui compte autour de six \u00e0 sept millions d\u2019habitants. <br \/><br \/>&#013;\nJe reste, cependant, tr\u00e8s reconnaissant pour ces invitations, et particuli\u00e8rement pour les activit\u00e9s apostoliques de ces mouvements, comme par exemple les N\u00e9ocat\u00e9chum\u00e8nes. Ceux-ci m\u00e9ritaient vraiment une visite, ils m\u00e9ritaient sinc\u00e8rement plus ; mais une telle visite n\u2019a pas \u00e9t\u00e9 possible.  &#013;\n<\/p>\n\n<p>Je d\u00e9sire b\u00e9nir tout ce qu\u2019ils font pour promouvoir l\u2019\u00e9vang\u00e9lisation de cette nation, ainsi que pour encourager les vocations. <br \/><br \/>&#013;\nNous savons bien qu\u2019il y a parmi eux aussi quelques itin\u00e9rants ; des familles itin\u00e9rantes qui, si j\u2019en crois le Cardinal Land\u00e1zuri, travaillent tr\u00e8s bien. &#013;\n<br \/><br \/>&#013;\nJe vous remercie donc tous et vous b\u00e9nis de tout c\u0153ur. &#013;\n<\/p>\n","protected":false},"excerpt":{"rendered":"<p>Salut du Pape Jean-Paul II depuis le balcon de la Nonciature apostolique pendant la visite au P\u00e9rou 216 mai 1988 Saint Jean-Paul II Lima, 16 mai 1988 Lors de sa visite Apostolique au P\u00e9rou, dans la ville de Lima, le Saint P\u00e8re a adress\u00e9 le salut suivant aux Communaut\u00e9s N\u00e9ocat\u00e9chum\u00e9nales et aux familles qui depuis plus d\u2019un an travaillent dans les \u00ab Pueblos J\u00f3venes \u00bb, parmi les pauvres. Voici notre<\/p>\n<div class=\"read-more\"><a class=\"btn read-more-btn\" href=\"https:\/\/neocatechumenaleiter.org\/fr\/paroles-de-papes\/st-jean-paul-ii\/salut-du-pape-jean-paul-ii-depuis-le-balcon-de-la-nonciature-apostolique-pendant-la-visite-au-perou-216-mai-1988\/\">En savoir plus<\/a><\/div>\n","protected":false},"author":2,"featured_media":0,"parent":5064,"menu_order":52,"comment_status":"closed","ping_status":"closed","template":"","meta":{"footnotes":""},"class_list":["post-17699","page","type-page","status-publish","hentry"],"_links":{"self":[{"href":"https:\/\/neocatechumenaleiter.org\/fr\/wp-json\/wp\/v2\/pages\/17699","targetHints":{"allow":["GET"]}}],"collection":[{"href":"https:\/\/neocatechumenaleiter.org\/fr\/wp-json\/wp\/v2\/pages"}],"about":[{"href":"https:\/\/neocatechumenaleiter.org\/fr\/wp-json\/wp\/v2\/types\/page"}],"author":[{"embeddable":true,"href":"https:\/\/neocatechumenaleiter.org\/fr\/wp-json\/wp\/v2\/users\/2"}],"replies":[{"embeddable":true,"href":"https:\/\/neocatechumenaleiter.org\/fr\/wp-json\/wp\/v2\/comments?post=17699"}],"version-history":[{"count":1,"href":"https:\/\/neocatechumenaleiter.org\/fr\/wp-json\/wp\/v2\/pages\/17699\/revisions"}],"predecessor-version":[{"id":17700,"href":"https:\/\/neocatechumenaleiter.org\/fr\/wp-json\/wp\/v2\/pages\/17699\/revisions\/17700"}],"up":[{"embeddable":true,"href":"https:\/\/neocatechumenaleiter.org\/fr\/wp-json\/wp\/v2\/pages\/5064"}],"wp:attachment":[{"href":"https:\/\/neocatechumenaleiter.org\/fr\/wp-json\/wp\/v2\/media?parent=17699"}],"curies":[{"name":"wp","href":"https:\/\/api.w.org\/{rel}","templated":true}]}}