{"id":17701,"date":"2020-09-24T17:46:54","date_gmt":"2020-09-24T16:46:54","guid":{"rendered":"https:\/\/neocatechumenaleiter.org\/paroles-de-papes\/st-jean-paul-ii\/visite-a-la-paroisse-sainte-marie-mere-du-redempteur-10-avril-1988\/"},"modified":"2020-09-24T17:47:45","modified_gmt":"2020-09-24T16:47:45","slug":"visite-a-la-paroisse-sainte-marie-mere-du-redempteur-10-avril-1988","status":"publish","type":"page","link":"https:\/\/neocatechumenaleiter.org\/fr\/paroles-de-papes\/st-jean-paul-ii\/visite-a-la-paroisse-sainte-marie-mere-du-redempteur-10-avril-1988\/","title":{"rendered":"Visite \u00e0 la paroisse Sainte Marie M\u00e8re du R\u00e9dempteur 10 avril 1988"},"content":{"rendered":"\n<h1 class=\"has-text-align-center wp-block-heading\">Visite \u00e0 la paroisse Sainte Marie M\u00e8re du R\u00e9dempteur 10 avril 1988<\/h1>\n\n<div style=\"height:20px\" aria-hidden=\"true\" class=\"wp-block-spacer\"><\/div>\n\n<h4 class=\"has-text-align-center wp-block-heading\">Saint Jean-Paul II<\/h4>\n\n<div style=\"height:20px\" aria-hidden=\"true\" class=\"wp-block-spacer\"><\/div>\n\n<p><strong>Rome, 10 avril 1988 *<\/strong><\/p>\n\n<p><em>\u00ab  Nous avons entendu dans l\u2019\u00c9vangile d\u2019aujourd\u2019hui que Thomas cherchait des signes pour croire que J\u00e9sus \u00e9tait vraiment ressuscit\u00e9. Voil\u00e0, je crois que pour Tor Bella Monaca, un signe que J\u00e9sus soit ressuscit\u00e9 pourrait \u00eatre ces fr\u00e8res et s\u0153urs, leur foi et leur enthousiasme dans la foi \u00bb : a dit le cur\u00e9 pr\u00e9sentant au Saint P\u00e8re les deux Communaut\u00e9s N\u00e9ocat\u00e9chum\u00e9nales de la paroisse r\u00e9unies dans l\u2019\u00e9glise. <br \/><br \/>&#013;\n\u00ab Nous sommes pr\u00e9occup\u00e9s par la pastorale des adultes \u2013 a poursuivi le p\u00e8re Mario \u2013 Beaucoup se sont \u00e9loign\u00e9s de Dieu, de l\u2019\u00c9glise, mais nous voyons qu\u2019\u00e0 travers le Chemin N\u00e9ocat\u00e9chum\u00e9nal, un filet a \u00e9t\u00e9 jet\u00e9 au large et beaucoup de personnes sont prises dans ce filet et se mettent en chemin pour chercher le Seigneur \u00bb. <br \/><br \/>&#013;\nApr\u00e8s avoir \u00e9cout\u00e9 quelques t\u00e9moignages, le Pape s\u2019est adress\u00e9 aux personnes pr\u00e9sentes avec ces paroles : &#013;\n<\/em><\/p>\n\n<div class=\"wp-block-image\"><figure class=\"alignleft size-large\"><img loading=\"lazy\" decoding=\"async\" width=\"679\" height=\"557\" src=\"https:\/\/neocatechumenaleiter.org\/wp-content\/uploads\/2020\/03\/Camino_Neocatecumenal_Juan_Pablo_II_visita_parroquia_Santa_Maria_Madre_del_Redentor_1988.jpg\" alt=\"\" class=\"wp-image-2132\" srcset=\"https:\/\/neocatechumenaleiter.org\/wp-content\/uploads\/2020\/03\/Camino_Neocatecumenal_Juan_Pablo_II_visita_parroquia_Santa_Maria_Madre_del_Redentor_1988.jpg 679w, https:\/\/neocatechumenaleiter.org\/wp-content\/uploads\/2020\/03\/Camino_Neocatecumenal_Juan_Pablo_II_visita_parroquia_Santa_Maria_Madre_del_Redentor_1988-300x246.jpg 300w\" sizes=\"auto, (max-width: 679px) 100vw, 679px\" \/><\/figure><\/div>\n\n<p>Bien-aim\u00e9s, je vous salue tous. Je salue les parents, je salue les adultes, les jeunes et les enfants qui comme toujours dans vos communaut\u00e9s sont nombreux. Je remercie le Seigneur pour cette vie naissante. <br \/><br \/>&#013;\nJe vous rencontre souvent, je vous ai rencontr\u00e9 le dimanche des Rameaux, dans l\u2019apr\u00e8s-midi, j\u2019ai \u00e9cout\u00e9 beaucoup de t\u00e9moignages et ensuite j\u2019ai cherch\u00e9 \u00e0 parler un peu plus longuement. Aujourd\u2019hui je vous rencontre dans cette paroisse et je dois dire que je me r\u00e9jouis de cette rencontre et surtout pour cette paroisse que vous avez trouv\u00e9e. D\u00e9j\u00e0 vous cherchez \u00e0 manifester votre pr\u00e9sence, votre t\u00e9moignage, votre mission.  &#013;\n<\/p>\n\n<p>Aujourd\u2019hui nous avons \u00e9cout\u00e9 un extrait de l\u2019\u00c9vangile tr\u00e8s int\u00e9ressant sur le C\u00e9nacle, parce qu\u2019il y a la figure de Thomas, incr\u00e9dule, qui s\u2019est converti \u00e0 J\u00e9sus Christ Ressuscit\u00e9 au C\u00e9nacle. J\u2019ai pens\u00e9 \u00e0 vous, parce que vos communaut\u00e9s, comme beaucoup me le rapportent, sont aussi des lieux, des milieux dans lesquels les conversions des incr\u00e9dules &#8211; d\u2019un Thomas incr\u00e9dule qui devient un Thomas croyant et qui s\u2019\u00e9crie \u00ab Seigneur \u00bb &#8211;  se r\u00e9p\u00e8tent.<\/p>\n\n<p> Je pense que c\u2019est l\u00e0 la gr\u00e2ce du C\u00e9nacle. Vous devez toujours rester dans le C\u00e9nacle. <br \/><br \/><em>  (*) Cf. \u00ab L&rsquo;Osservatore Romano \u00bb, 11 avril 1988 <\/em><\/p>\n","protected":false},"excerpt":{"rendered":"<p>Visite \u00e0 la paroisse Sainte Marie M\u00e8re du R\u00e9dempteur 10 avril 1988 Saint Jean-Paul II Rome, 10 avril 1988 * \u00ab Nous avons entendu dans l\u2019\u00c9vangile d\u2019aujourd\u2019hui que Thomas cherchait des signes pour croire que J\u00e9sus \u00e9tait vraiment ressuscit\u00e9. Voil\u00e0, je crois que pour Tor Bella Monaca, un signe que J\u00e9sus soit ressuscit\u00e9 pourrait \u00eatre ces fr\u00e8res et s\u0153urs, leur foi et leur enthousiasme dans la foi \u00bb : a<\/p>\n<div class=\"read-more\"><a class=\"btn read-more-btn\" href=\"https:\/\/neocatechumenaleiter.org\/fr\/paroles-de-papes\/st-jean-paul-ii\/visite-a-la-paroisse-sainte-marie-mere-du-redempteur-10-avril-1988\/\">En savoir plus<\/a><\/div>\n","protected":false},"author":2,"featured_media":0,"parent":5064,"menu_order":51,"comment_status":"closed","ping_status":"closed","template":"","meta":{"footnotes":""},"class_list":["post-17701","page","type-page","status-publish","hentry"],"_links":{"self":[{"href":"https:\/\/neocatechumenaleiter.org\/fr\/wp-json\/wp\/v2\/pages\/17701","targetHints":{"allow":["GET"]}}],"collection":[{"href":"https:\/\/neocatechumenaleiter.org\/fr\/wp-json\/wp\/v2\/pages"}],"about":[{"href":"https:\/\/neocatechumenaleiter.org\/fr\/wp-json\/wp\/v2\/types\/page"}],"author":[{"embeddable":true,"href":"https:\/\/neocatechumenaleiter.org\/fr\/wp-json\/wp\/v2\/users\/2"}],"replies":[{"embeddable":true,"href":"https:\/\/neocatechumenaleiter.org\/fr\/wp-json\/wp\/v2\/comments?post=17701"}],"version-history":[{"count":3,"href":"https:\/\/neocatechumenaleiter.org\/fr\/wp-json\/wp\/v2\/pages\/17701\/revisions"}],"predecessor-version":[{"id":17704,"href":"https:\/\/neocatechumenaleiter.org\/fr\/wp-json\/wp\/v2\/pages\/17701\/revisions\/17704"}],"up":[{"embeddable":true,"href":"https:\/\/neocatechumenaleiter.org\/fr\/wp-json\/wp\/v2\/pages\/5064"}],"wp:attachment":[{"href":"https:\/\/neocatechumenaleiter.org\/fr\/wp-json\/wp\/v2\/media?parent=17701"}],"curies":[{"name":"wp","href":"https:\/\/api.w.org\/{rel}","templated":true}]}}