{"id":17705,"date":"2020-09-24T17:54:46","date_gmt":"2020-09-24T16:54:46","guid":{"rendered":"https:\/\/neocatechumenaleiter.org\/paroles-de-papes\/st-jean-paul-ii\/veillee-pascale-dans-la-basilique-saint-pierre-renovation-solennelle-des-promesses-baptismales-de-quelques-communautes-de-madrid-3-avril-1988\/"},"modified":"2020-09-24T17:54:46","modified_gmt":"2020-09-24T16:54:46","slug":"veillee-pascale-dans-la-basilique-saint-pierre-renovation-solennelle-des-promesses-baptismales-de-quelques-communautes-de-madrid-3-avril-1988","status":"publish","type":"page","link":"https:\/\/neocatechumenaleiter.org\/fr\/paroles-de-papes\/st-jean-paul-ii\/veillee-pascale-dans-la-basilique-saint-pierre-renovation-solennelle-des-promesses-baptismales-de-quelques-communautes-de-madrid-3-avril-1988\/","title":{"rendered":"Veill\u00e9e pascale dans la basilique Saint Pierre: r\u00e9novation solennelle des Promesses baptismales de quelques communaut\u00e9s de Madrid 3 avril 1988"},"content":{"rendered":"\n<h1 class=\"has-text-align-center wp-block-heading\">Veill\u00e9e pascale dans la basilique Saint Pierre: r\u00e9novation solennelle des Promesses baptismales de quelques communaut\u00e9s de Madrid 3 avril 1988<\/h1>\n\n<div style=\"height:20px\" aria-hidden=\"true\" class=\"wp-block-spacer\"><\/div>\n\n<h4 class=\"has-text-align-center wp-block-heading\">Saint Jean-Paul II<\/h4>\n\n<div style=\"height:20px\" aria-hidden=\"true\" class=\"wp-block-spacer\"><\/div>\n\n<p><strong>Cit\u00e9 du Vatican, 3 avril 1988<\/strong><\/p>\n\n<p><em>Les fr\u00e8res des Communaut\u00e9s N\u00e9ocat\u00e9chum\u00e9nales des paroisses de La Paloma, San Jos\u00e9 et San Sebastian de Madrid ont renouvel\u00e9 solennellement les promesses baptismales au terme de leur itin\u00e9raire n\u00e9ocat\u00e9chum\u00e9nal. <br \/><br \/>&#013;\nEndossant les tuniques blanches ils ont particip\u00e9 \u00e0 la Veill\u00e9e Pascale. Ils \u00e9taient accompagn\u00e9s de leurs cat\u00e9chistes et de la premi\u00e8re Communaut\u00e9 de la paroisse des Martyrs Canadiens de Rome. <\/em>&#013;\n<\/p>\n\n<div class=\"wp-block-image\"><figure class=\"aligncenter size-large\"><img loading=\"lazy\" decoding=\"async\" width=\"768\" height=\"516\" src=\"https:\/\/neocatechumenaleiter.org\/wp-content\/uploads\/2020\/03\/Camino_Neocatecumenal_Juan_Pablo_II_vigilia_pascual_hermanos_vestidura_blanca_comunidades_Madrid_1988.jpg\" alt=\"\" class=\"wp-image-2122\" srcset=\"https:\/\/neocatechumenaleiter.org\/wp-content\/uploads\/2020\/03\/Camino_Neocatecumenal_Juan_Pablo_II_vigilia_pascual_hermanos_vestidura_blanca_comunidades_Madrid_1988.jpg 768w, https:\/\/neocatechumenaleiter.org\/wp-content\/uploads\/2020\/03\/Camino_Neocatecumenal_Juan_Pablo_II_vigilia_pascual_hermanos_vestidura_blanca_comunidades_Madrid_1988-300x202.jpg 300w\" sizes=\"auto, (max-width: 768px) 100vw, 768px\" \/><\/figure><\/div>\n","protected":false},"excerpt":{"rendered":"<p>Veill\u00e9e pascale dans la basilique Saint Pierre: r\u00e9novation solennelle des Promesses baptismales de quelques communaut\u00e9s de Madrid 3 avril 1988 Saint Jean-Paul II Cit\u00e9 du Vatican, 3 avril 1988 Les fr\u00e8res des Communaut\u00e9s N\u00e9ocat\u00e9chum\u00e9nales des paroisses de La Paloma, San Jos\u00e9 et San Sebastian de Madrid ont renouvel\u00e9 solennellement les promesses baptismales au terme de leur itin\u00e9raire n\u00e9ocat\u00e9chum\u00e9nal. &#013; Endossant les tuniques blanches ils ont particip\u00e9 \u00e0 la Veill\u00e9e Pascale.<\/p>\n<div class=\"read-more\"><a class=\"btn read-more-btn\" href=\"https:\/\/neocatechumenaleiter.org\/fr\/paroles-de-papes\/st-jean-paul-ii\/veillee-pascale-dans-la-basilique-saint-pierre-renovation-solennelle-des-promesses-baptismales-de-quelques-communautes-de-madrid-3-avril-1988\/\">En savoir plus<\/a><\/div>\n","protected":false},"author":2,"featured_media":0,"parent":5064,"menu_order":51,"comment_status":"closed","ping_status":"closed","template":"","meta":{"footnotes":""},"class_list":["post-17705","page","type-page","status-publish","hentry"],"_links":{"self":[{"href":"https:\/\/neocatechumenaleiter.org\/fr\/wp-json\/wp\/v2\/pages\/17705","targetHints":{"allow":["GET"]}}],"collection":[{"href":"https:\/\/neocatechumenaleiter.org\/fr\/wp-json\/wp\/v2\/pages"}],"about":[{"href":"https:\/\/neocatechumenaleiter.org\/fr\/wp-json\/wp\/v2\/types\/page"}],"author":[{"embeddable":true,"href":"https:\/\/neocatechumenaleiter.org\/fr\/wp-json\/wp\/v2\/users\/2"}],"replies":[{"embeddable":true,"href":"https:\/\/neocatechumenaleiter.org\/fr\/wp-json\/wp\/v2\/comments?post=17705"}],"version-history":[{"count":1,"href":"https:\/\/neocatechumenaleiter.org\/fr\/wp-json\/wp\/v2\/pages\/17705\/revisions"}],"predecessor-version":[{"id":17706,"href":"https:\/\/neocatechumenaleiter.org\/fr\/wp-json\/wp\/v2\/pages\/17705\/revisions\/17706"}],"up":[{"embeddable":true,"href":"https:\/\/neocatechumenaleiter.org\/fr\/wp-json\/wp\/v2\/pages\/5064"}],"wp:attachment":[{"href":"https:\/\/neocatechumenaleiter.org\/fr\/wp-json\/wp\/v2\/media?parent=17705"}],"curies":[{"name":"wp","href":"https:\/\/api.w.org\/{rel}","templated":true}]}}