{"id":17707,"date":"2020-09-24T18:03:14","date_gmt":"2020-09-24T17:03:14","guid":{"rendered":"https:\/\/neocatechumenaleiter.org\/paroles-de-papes\/st-jean-paul-ii\/audience-a-quelques-communautes-apres-le-chant-du-credo-12-decembre-1987\/"},"modified":"2020-09-25T18:27:02","modified_gmt":"2020-09-25T17:27:02","slug":"audience-a-quelques-communautes-apres-le-chant-du-credo-12-decembre-1987","status":"publish","type":"page","link":"https:\/\/neocatechumenaleiter.org\/fr\/paroles-de-papes\/st-jean-paul-ii\/audience-a-quelques-communautes-apres-le-chant-du-credo-12-decembre-1987\/","title":{"rendered":"Audience \u00e0 quelques communaut\u00e9s apr\u00e8s le chant du \u00ab\u00a0Credo\u00a0\u00bb 12 d\u00e9cembre 1987"},"content":{"rendered":"\n<h1 class=\"has-text-align-center wp-block-heading\">Audience \u00e0 quelques communaut\u00e9s apr\u00e8s le chant du \u00ab\u00a0Credo\u00a0\u00bb 12 d\u00e9cembre 1987<\/h1>\n\n<div style=\"height:22px\" aria-hidden=\"true\" class=\"wp-block-spacer\"><\/div>\n\n<h4 class=\"has-text-align-center wp-block-heading\">Saint Jean-Paul II<\/h4>\n\n<div style=\"height:20px\" aria-hidden=\"true\" class=\"wp-block-spacer\"><\/div>\n\n<p><strong>Cit\u00e9 du Vatican &#8211; Salle Cl\u00e9mentine, 12 d\u00e9cembre 1987 *<\/strong><\/p>\n\n<p><em>Le Saint P\u00e8re a re\u00e7u ce matin en audience quelques membres des Communaut\u00e9s N\u00e9ocat\u00e9chum\u00e9nales de Palerme, Catane, P\u00e9rouse, Florence et Rome, lesquels entendaient renouveler devant le Pape leur acte de foi au successeur de Pierre.&#13;\n<br\/><br\/>&#13;\nNous rapportons le discours improvis\u00e9 par le Pape:<\/em><\/p>\n\n<p>Je veux dire, sans multiplier les mots, que la foi doit \u00eatre profess\u00e9e, doit \u00eatre chant\u00e9e, doit \u00eatre v\u00e9cue ; et c\u2019est l\u00e0 votre chemin, et aussi notre chemin, \u00e0 nous tous. <\/p>\n\n<p>Oui, c\u2019est avec la foi qu\u2019on doit venir \u00e0 Saint Pierre, sur sa tombe, sur le lieu o\u00f9 il a \u00e9t\u00e9 baptis\u00e9, o\u00f9 il a rendu t\u00e9moignage au Christ mort et ressuscit\u00e9. Et avec cette foi on doit aussi parfois susciter la surprise des touristes ; vous allez cr\u00e9er une surprise chez tous ceux qui pensent que dans cette ville on ne peut \u00eatre que touriste ; ils doivent comprendre qu\u2019ici on ne vient pas seulement en touriste, mais en  p\u00e8lerin.  <\/p>\n\n<p>Voil\u00e0 ! Vous trouverez un autre discours, beaucoup plus long, dans <em>L\u2019Osservatore Romano.&#13;\n<br\/><br\/>&#13;\n(*) De l\u2019enregistrement direct  <\/em><\/p>\n\n<div class=\"wp-block-image\"><figure class=\"aligncenter size-large\"><img loading=\"lazy\" decoding=\"async\" width=\"700\" height=\"562\" src=\"https:\/\/neocatechumenaleiter.org\/wp-content\/uploads\/2020\/03\/Camino_Neocatecumenal_Juan_Pablo_II_audiencia_sala_clementina_1987.jpg\" alt=\"\" class=\"wp-image-2052\" srcset=\"https:\/\/neocatechumenaleiter.org\/wp-content\/uploads\/2020\/03\/Camino_Neocatecumenal_Juan_Pablo_II_audiencia_sala_clementina_1987.jpg 700w, https:\/\/neocatechumenaleiter.org\/wp-content\/uploads\/2020\/03\/Camino_Neocatecumenal_Juan_Pablo_II_audiencia_sala_clementina_1987-300x241.jpg 300w\" sizes=\"auto, (max-width: 700px) 100vw, 700px\" \/><\/figure><\/div>\n","protected":false},"excerpt":{"rendered":"<p>Audience \u00e0 quelques communaut\u00e9s apr\u00e8s le chant du \u00ab\u00a0Credo\u00a0\u00bb 12 d\u00e9cembre 1987 Saint Jean-Paul II Cit\u00e9 du Vatican &#8211; Salle Cl\u00e9mentine, 12 d\u00e9cembre 1987 * Le Saint P\u00e8re a re\u00e7u ce matin en audience quelques membres des Communaut\u00e9s N\u00e9ocat\u00e9chum\u00e9nales de Palerme, Catane, P\u00e9rouse, Florence et Rome, lesquels entendaient renouveler devant le Pape leur acte de foi au successeur de Pierre.&#13; &#13; Nous rapportons le discours improvis\u00e9 par le Pape: Je<\/p>\n<div class=\"read-more\"><a class=\"btn read-more-btn\" href=\"https:\/\/neocatechumenaleiter.org\/fr\/paroles-de-papes\/st-jean-paul-ii\/audience-a-quelques-communautes-apres-le-chant-du-credo-12-decembre-1987\/\">En savoir plus<\/a><\/div>\n","protected":false},"author":2,"featured_media":0,"parent":5064,"menu_order":46,"comment_status":"closed","ping_status":"closed","template":"","meta":{"footnotes":""},"class_list":["post-17707","page","type-page","status-publish","hentry"],"_links":{"self":[{"href":"https:\/\/neocatechumenaleiter.org\/fr\/wp-json\/wp\/v2\/pages\/17707","targetHints":{"allow":["GET"]}}],"collection":[{"href":"https:\/\/neocatechumenaleiter.org\/fr\/wp-json\/wp\/v2\/pages"}],"about":[{"href":"https:\/\/neocatechumenaleiter.org\/fr\/wp-json\/wp\/v2\/types\/page"}],"author":[{"embeddable":true,"href":"https:\/\/neocatechumenaleiter.org\/fr\/wp-json\/wp\/v2\/users\/2"}],"replies":[{"embeddable":true,"href":"https:\/\/neocatechumenaleiter.org\/fr\/wp-json\/wp\/v2\/comments?post=17707"}],"version-history":[{"count":5,"href":"https:\/\/neocatechumenaleiter.org\/fr\/wp-json\/wp\/v2\/pages\/17707\/revisions"}],"predecessor-version":[{"id":17721,"href":"https:\/\/neocatechumenaleiter.org\/fr\/wp-json\/wp\/v2\/pages\/17707\/revisions\/17721"}],"up":[{"embeddable":true,"href":"https:\/\/neocatechumenaleiter.org\/fr\/wp-json\/wp\/v2\/pages\/5064"}],"wp:attachment":[{"href":"https:\/\/neocatechumenaleiter.org\/fr\/wp-json\/wp\/v2\/media?parent=17707"}],"curies":[{"name":"wp","href":"https:\/\/api.w.org\/{rel}","templated":true}]}}