{"id":17711,"date":"2020-09-24T18:20:16","date_gmt":"2020-09-24T17:20:16","guid":{"rendered":"https:\/\/neocatechumenaleiter.org\/paroles-de-papes\/st-jean-paul-ii\/audience-a-quelques-communautes-neocatechumenales-espagnoles-5-decembre-1987\/"},"modified":"2020-09-24T18:20:16","modified_gmt":"2020-09-24T17:20:16","slug":"audience-a-quelques-communautes-neocatechumenales-espagnoles-5-decembre-1987","status":"publish","type":"page","link":"https:\/\/neocatechumenaleiter.org\/fr\/paroles-de-papes\/st-jean-paul-ii\/audience-a-quelques-communautes-neocatechumenales-espagnoles-5-decembre-1987\/","title":{"rendered":"Audience \u00e0 quelques Communaut\u00e9s N\u00e9ocat\u00e9chum\u00e9nales espagnoles 5 d\u00e9cembre 1987"},"content":{"rendered":"\n<h1 class=\"has-text-align-center wp-block-heading\">Audience \u00e0 quelques Communaut\u00e9s N\u00e9ocat\u00e9chum\u00e9nales espagnoles 5 d\u00e9cembre 1987<\/h1>\n\n<div style=\"height:20px\" aria-hidden=\"true\" class=\"wp-block-spacer\"><\/div>\n\n<h4 class=\"has-text-align-center wp-block-heading\">Saint Jean-Paul II<\/h4>\n\n<div style=\"height:20px\" aria-hidden=\"true\" class=\"wp-block-spacer\"><\/div>\n\n<div class=\"wp-block-image\"><figure class=\"alignright size-medium\"><img loading=\"lazy\" decoding=\"async\" width=\"400\" height=\"330\" src=\"https:\/\/neocatechumenaleiter.org\/wp-content\/uploads\/2020\/03\/Camino_Neocatecumenal_Juan_Pablo_II_audiencia_comunidades_de_espa\u00f1a_1987.jpg\" alt=\"\" class=\"wp-image-2035\" srcset=\"https:\/\/neocatechumenaleiter.org\/wp-content\/uploads\/2020\/03\/Camino_Neocatecumenal_Juan_Pablo_II_audiencia_comunidades_de_espa\u00f1a_1987.jpg 400w, https:\/\/neocatechumenaleiter.org\/wp-content\/uploads\/2020\/03\/Camino_Neocatecumenal_Juan_Pablo_II_audiencia_comunidades_de_espa\u00f1a_1987-300x248.jpg 300w\" sizes=\"auto, (max-width: 400px) 100vw, 400px\" \/><\/figure><\/div>\n\n<p><strong>Cit\u00e9 du Vatican &#8211; Chapelle Mathilde, 5 d\u00e9cembre 1987 *<\/strong><\/p>\n\n<p><em>Peu apr\u00e8s midi, ce samedi 5 d\u00e9cembre, le Saint P\u00e8re a re\u00e7u en audience dans la Chapelle Mathilde les membres de quelques Communaut\u00e9s N\u00e9ocat\u00e9chum\u00e9nales de Madrid. <br \/><br \/>&#013;\nVoici le texte des paroles prononc\u00e9es par le Pape (notre traduction de l\u2019espagnol) : <\/em>&#013;\n<\/p>\n\n<p>Fr\u00e8res et s\u0153urs bien-aim\u00e9s : <br \/><br \/>&#013;\nC\u2019est pour moi un motif de grande joie de recevoir ce matin les Communaut\u00e9s N\u00e9ocat\u00e9chum\u00e9nales des paroisses de Madrid : Saint Roch, Sainte Catherine Labour\u00e9, Notre Dame de la Paloma et le groupe des cat\u00e9chistes itin\u00e9rants. &#013;\n<\/p>\n\n<p>\u00c0 tous et \u00e0 chacun de vous, je d\u00e9sire adresser un salut cordial de bienvenue. Je sais que vous \u00eates venus \u00e0 Rome avec l\u2019objectif principal de faire \u00e0 nouveau votre profession de foi devant la tombe de l\u2019Ap\u00f4tre. <\/p>\n\n<p>Le Chemin N\u00e9ocat\u00e9chum\u00e9nal vous am\u00e8ne \u00e0 la m\u00e9ditation et \u00e0 l\u2019exp\u00e9rience profonde des v\u00e9rit\u00e9s du Credo comme force vitale de votre \u00eatre chr\u00e9tien et comme exigence de t\u00e9moigner des richesses du Bapt\u00eame. <\/p>\n\n<div class=\"wp-block-image\"><figure class=\"alignleft size-medium\"><img loading=\"lazy\" decoding=\"async\" width=\"400\" height=\"329\" src=\"https:\/\/neocatechumenaleiter.org\/wp-content\/uploads\/2020\/03\/Camino_Neocatecumenal_Juan_Pablo_II_audiencia_comunidades_de_espa\u00f1a_19872.jpg\" alt=\"\" class=\"wp-image-2042\" srcset=\"https:\/\/neocatechumenaleiter.org\/wp-content\/uploads\/2020\/03\/Camino_Neocatecumenal_Juan_Pablo_II_audiencia_comunidades_de_espa\u00f1a_19872.jpg 400w, https:\/\/neocatechumenaleiter.org\/wp-content\/uploads\/2020\/03\/Camino_Neocatecumenal_Juan_Pablo_II_audiencia_comunidades_de_espa\u00f1a_19872-300x247.jpg 300w\" sizes=\"auto, (max-width: 400px) 100vw, 400px\" \/><\/figure><\/div>\n\n<p>Entendre les v\u00e9rit\u00e9s de notre foi et les faire devenir vie est un \u00e9l\u00e9ment essentiel pour  renforcer notre communion au sein de l\u2019\u00c9glise, notre m\u00e8re. <\/p>\n\n<p>Pour cela je demande \u00e0 Dieu que votre p\u00e8lerinage \u00e0 Rome, centre de la catholicit\u00e9, vous enracine dans l\u2019universalit\u00e9 de votre engagement chr\u00e9tien et vous encourage dans votre cheminement comme itin\u00e9rants au service de l\u2019\u00c9vangile. <\/p>\n\n<p>De retour dans vos communaut\u00e9s en Espagne et dans le monde, portez-leur le salut du Pape qui pense \u00e0 vous tous et prie pour tous avec grande affection et vive esp\u00e9rance. <br \/><br \/>&#013;\nJe vous confie, en cette Ann\u00e9e Mariale, \u00e0 la protection de la Tr\u00e8s Sainte Vierge, mod\u00e8le de saintet\u00e9, et docile \u00e0 l\u2019action de l\u2019Esprit.  Qu\u2019elle vous accompagne dans votre chemin. &#013;\n<\/p>\n\n<p>Je vous donne comme signe de bienveillance la b\u00e9n\u00e9diction apostolique. <br \/><br \/><em>  (*) Cf. \u00ab L&rsquo;Osservatore Romano \u00bb, 6 d\u00e9cembre 1987. <\/em><\/p>\n","protected":false},"excerpt":{"rendered":"<p>Audience \u00e0 quelques Communaut\u00e9s N\u00e9ocat\u00e9chum\u00e9nales espagnoles 5 d\u00e9cembre 1987 Saint Jean-Paul II Cit\u00e9 du Vatican &#8211; Chapelle Mathilde, 5 d\u00e9cembre 1987 * Peu apr\u00e8s midi, ce samedi 5 d\u00e9cembre, le Saint P\u00e8re a re\u00e7u en audience dans la Chapelle Mathilde les membres de quelques Communaut\u00e9s N\u00e9ocat\u00e9chum\u00e9nales de Madrid. &#013; Voici le texte des paroles prononc\u00e9es par le Pape (notre traduction de l\u2019espagnol) : &#013; Fr\u00e8res et s\u0153urs bien-aim\u00e9s : &#013;<\/p>\n<div class=\"read-more\"><a class=\"btn read-more-btn\" href=\"https:\/\/neocatechumenaleiter.org\/fr\/paroles-de-papes\/st-jean-paul-ii\/audience-a-quelques-communautes-neocatechumenales-espagnoles-5-decembre-1987\/\">En savoir plus<\/a><\/div>\n","protected":false},"author":2,"featured_media":0,"parent":5064,"menu_order":45,"comment_status":"closed","ping_status":"closed","template":"","meta":{"footnotes":""},"class_list":["post-17711","page","type-page","status-publish","hentry"],"_links":{"self":[{"href":"https:\/\/neocatechumenaleiter.org\/fr\/wp-json\/wp\/v2\/pages\/17711","targetHints":{"allow":["GET"]}}],"collection":[{"href":"https:\/\/neocatechumenaleiter.org\/fr\/wp-json\/wp\/v2\/pages"}],"about":[{"href":"https:\/\/neocatechumenaleiter.org\/fr\/wp-json\/wp\/v2\/types\/page"}],"author":[{"embeddable":true,"href":"https:\/\/neocatechumenaleiter.org\/fr\/wp-json\/wp\/v2\/users\/2"}],"replies":[{"embeddable":true,"href":"https:\/\/neocatechumenaleiter.org\/fr\/wp-json\/wp\/v2\/comments?post=17711"}],"version-history":[{"count":1,"href":"https:\/\/neocatechumenaleiter.org\/fr\/wp-json\/wp\/v2\/pages\/17711\/revisions"}],"predecessor-version":[{"id":17712,"href":"https:\/\/neocatechumenaleiter.org\/fr\/wp-json\/wp\/v2\/pages\/17711\/revisions\/17712"}],"up":[{"embeddable":true,"href":"https:\/\/neocatechumenaleiter.org\/fr\/wp-json\/wp\/v2\/pages\/5064"}],"wp:attachment":[{"href":"https:\/\/neocatechumenaleiter.org\/fr\/wp-json\/wp\/v2\/media?parent=17711"}],"curies":[{"name":"wp","href":"https:\/\/api.w.org\/{rel}","templated":true}]}}