{"id":17713,"date":"2020-09-25T10:58:38","date_gmt":"2020-09-25T09:58:38","guid":{"rendered":"https:\/\/neocatechumenaleiter.org\/paroles-de-papes\/st-jean-paul-ii\/paroles-du-pape-jean-paul-ii-pendant-lappel-de-jasna-gora-12-juin-1987\/"},"modified":"2020-09-25T10:58:39","modified_gmt":"2020-09-25T09:58:39","slug":"paroles-du-pape-jean-paul-ii-pendant-lappel-de-jasna-gora-12-juin-1987","status":"publish","type":"page","link":"https:\/\/neocatechumenaleiter.org\/fr\/paroles-de-papes\/st-jean-paul-ii\/paroles-du-pape-jean-paul-ii-pendant-lappel-de-jasna-gora-12-juin-1987\/","title":{"rendered":"Paroles du Pape Jean-Paul II pendant l&rsquo;appel de Jasna G\u00f3ra 12 juin 1987"},"content":{"rendered":"\n<h1 class=\"has-text-align-center wp-block-heading\">Paroles du Pape Jean-Paul II pendant l&rsquo;appel de Jasna G\u00f3ra 12 juin 1987<\/h1>\n\n<div style=\"height:20px\" aria-hidden=\"true\" class=\"wp-block-spacer\"><\/div>\n\n<h4 class=\"has-text-align-center wp-block-heading\">Saint Jean-Paul II<\/h4>\n\n<div style=\"height:20px\" aria-hidden=\"true\" class=\"wp-block-spacer\"><\/div>\n\n<div class=\"wp-block-image\"><figure class=\"alignright size-large\"><img loading=\"lazy\" decoding=\"async\" width=\"674\" height=\"538\" src=\"https:\/\/neocatechumenaleiter.org\/wp-content\/uploads\/2020\/03\/Camino_Neocatecumenal_Juan_Pablo_II_palabras_invocacion_jasna_gora_1987.jpg\" alt=\"\" class=\"wp-image-2018\" srcset=\"https:\/\/neocatechumenaleiter.org\/wp-content\/uploads\/2020\/03\/Camino_Neocatecumenal_Juan_Pablo_II_palabras_invocacion_jasna_gora_1987.jpg 674w, https:\/\/neocatechumenaleiter.org\/wp-content\/uploads\/2020\/03\/Camino_Neocatecumenal_Juan_Pablo_II_palabras_invocacion_jasna_gora_1987-300x239.jpg 300w\" sizes=\"auto, (max-width: 674px) 100vw, 674px\" \/><\/figure><\/div>\n\n<p><strong>Pologne &#8211; Sanctuaire de Cz\u0119stochowa, 12 juin 1987<\/strong><\/p>\n\n<p><em>Jean-Paul II a conclu la cinqui\u00e8me journ\u00e9e de son p\u00e8lerinage en Pologne avec l\u2019Appel de Jasna G\u00f3ra, prononc\u00e9 vendredi soir, 12 juin, depuis les tribunes du Sanctuaire de Cz\u0119stochowa. L\u2019appel de Jasna G\u00f3ra est une invocation \u00e0 Notre Dame qui se chante ou se r\u00e9cite chaque jour \u00e0 21h depuis 1957 dans toute la nation. <\/em><\/p>\n\n<p><em>Apr\u00e8s l\u2019invocation, le Saint P\u00e8re a prononc\u00e9 un discours dont nous rapportons une partie : (*)<\/em><\/p>\n\n<p>\u2026 Marie, Reine de la Pologne, je suis pr\u00e8s de toi, je me souviens de toi, je veille. <br \/><br \/>&#013;\n\u2026 En cette heure de l\u2019Appel de Jasna G\u00f3ra, je d\u00e9sire appeler ici, par la pens\u00e9e et avec le c\u0153ur, chaque homme, fr\u00e8re et s\u0153ur, de tous les coins du monde\u2026 <\/p>\n\n<p>\u2026 tous ceux qui n\u2019ont pas craint les dangers et les difficult\u00e9s, qui n\u2019ont pas perdu la foi dans les id\u00e9aux et les v\u00e9ritables valeurs, qui n\u2019ont pas perdu le sens de la vie ni celui du travail, qui n\u2019ont pas c\u00e9d\u00e9 aux faiblesses, mais, ressentant responsabilit\u00e9 solidaire et sollicitude, ils confortent leurs fr\u00e8res dans la foi et dans la conviction que, pour le chr\u00e9tien, il n\u2019existe pas de situation sans issue et que cela vaut la peine de vivre dans son propre pays et d\u2019entreprendre des initiatives cr\u00e9atives, d\u2019\u00e9difier la communaut\u00e9 des c\u0153urs et des esprits humains.<\/p>\n\n<div class=\"wp-block-image\"><figure class=\"alignleft size-large\"><img loading=\"lazy\" decoding=\"async\" width=\"706\" height=\"563\" src=\"https:\/\/neocatechumenaleiter.org\/wp-content\/uploads\/2020\/03\/Camino_Neocatecumenal_Juan_Pablo_II_palabras_invocacion_jasna_gora_19872.jpg\" alt=\"\" class=\"wp-image-2025\" srcset=\"https:\/\/neocatechumenaleiter.org\/wp-content\/uploads\/2020\/03\/Camino_Neocatecumenal_Juan_Pablo_II_palabras_invocacion_jasna_gora_19872.jpg 706w, https:\/\/neocatechumenaleiter.org\/wp-content\/uploads\/2020\/03\/Camino_Neocatecumenal_Juan_Pablo_II_palabras_invocacion_jasna_gora_19872-300x239.jpg 300w\" sizes=\"auto, (max-width: 706px) 100vw, 706px\" \/><\/figure><\/div>\n\n<p>Combien de personnes faudrait-il \u00e9num\u00e9rer ici qui se font r\u00e9ciproquement du bien, combien de communaut\u00e9s, combien de milieux, de mouvements ! Tout en disant cela, me viennent \u00e0 l\u2019esprit au moins deux qui durant mon p\u00e8lerinage se font entendre avec plus de force : ce sont nos \u00ab Oasis \u00bb du mouvement \u00ab Lumi\u00e8re et Vie \u00bb ; et ce sont aussi, venus \u00e0 nous depuis l\u2019Occident, les \u00ab <strong>N\u00e9ocat\u00e9chum\u00e8nes<\/strong> \u00bb : je les retrouve partout dans le monde, o\u00f9 que j\u2019aille. <br \/><br \/>&#013;\nJe pensais que peut \u00eatre en Pologne il n\u2019y en aurait pas, mais au contraire, depuis le premier jour, j\u2019aper\u00e7ois partout les m\u00eames banderoles que je vois dans d\u2019autres parties du monde, en diverses langues.<\/p>\n\n<p>Alors ils sont l\u00e0 ! Ils sont venus ! Ils sont venus et ils veulent que nous renouvelions en nous-m\u00eames la conscience du Bapt\u00eame, ce qui veut dire \u00eatre chr\u00e9tien depuis la racine. &#013;\n<\/p>\n\n<p>Que Dieu les b\u00e9nisse !&#8230;  <br \/><br \/><em>   (*) De la traduction italienne rapport\u00e9e dans \u00ab L\u2019Osservatore Romano \u00bb du 14 juin 1987, compl\u00e9t\u00e9e par notre traduction pour les phrases non traduites par le quotidien. <\/em><\/p>\n","protected":false},"excerpt":{"rendered":"<p>Paroles du Pape Jean-Paul II pendant l&rsquo;appel de Jasna G\u00f3ra 12 juin 1987 Saint Jean-Paul II Pologne &#8211; Sanctuaire de Cz\u0119stochowa, 12 juin 1987 Jean-Paul II a conclu la cinqui\u00e8me journ\u00e9e de son p\u00e8lerinage en Pologne avec l\u2019Appel de Jasna G\u00f3ra, prononc\u00e9 vendredi soir, 12 juin, depuis les tribunes du Sanctuaire de Cz\u0119stochowa. L\u2019appel de Jasna G\u00f3ra est une invocation \u00e0 Notre Dame qui se chante ou se r\u00e9cite chaque<\/p>\n<div class=\"read-more\"><a class=\"btn read-more-btn\" href=\"https:\/\/neocatechumenaleiter.org\/fr\/paroles-de-papes\/st-jean-paul-ii\/paroles-du-pape-jean-paul-ii-pendant-lappel-de-jasna-gora-12-juin-1987\/\">En savoir plus<\/a><\/div>\n","protected":false},"author":2,"featured_media":0,"parent":5064,"menu_order":44,"comment_status":"closed","ping_status":"closed","template":"","meta":{"footnotes":""},"class_list":["post-17713","page","type-page","status-publish","hentry"],"_links":{"self":[{"href":"https:\/\/neocatechumenaleiter.org\/fr\/wp-json\/wp\/v2\/pages\/17713","targetHints":{"allow":["GET"]}}],"collection":[{"href":"https:\/\/neocatechumenaleiter.org\/fr\/wp-json\/wp\/v2\/pages"}],"about":[{"href":"https:\/\/neocatechumenaleiter.org\/fr\/wp-json\/wp\/v2\/types\/page"}],"author":[{"embeddable":true,"href":"https:\/\/neocatechumenaleiter.org\/fr\/wp-json\/wp\/v2\/users\/2"}],"replies":[{"embeddable":true,"href":"https:\/\/neocatechumenaleiter.org\/fr\/wp-json\/wp\/v2\/comments?post=17713"}],"version-history":[{"count":1,"href":"https:\/\/neocatechumenaleiter.org\/fr\/wp-json\/wp\/v2\/pages\/17713\/revisions"}],"predecessor-version":[{"id":17714,"href":"https:\/\/neocatechumenaleiter.org\/fr\/wp-json\/wp\/v2\/pages\/17713\/revisions\/17714"}],"up":[{"embeddable":true,"href":"https:\/\/neocatechumenaleiter.org\/fr\/wp-json\/wp\/v2\/pages\/5064"}],"wp:attachment":[{"href":"https:\/\/neocatechumenaleiter.org\/fr\/wp-json\/wp\/v2\/media?parent=17713"}],"curies":[{"name":"wp","href":"https:\/\/api.w.org\/{rel}","templated":true}]}}