{"id":17900,"date":"2020-09-28T17:21:06","date_gmt":"2020-09-28T16:21:06","guid":{"rendered":"https:\/\/neocatechumenaleiter.org\/paroles-de-papes\/st-jean-paul-ii\/visite-a-la-paroisse-santeligio-26-avril-1987\/"},"modified":"2020-09-28T17:21:06","modified_gmt":"2020-09-28T16:21:06","slug":"visite-a-la-paroisse-santeligio-26-avril-1987","status":"publish","type":"page","link":"https:\/\/neocatechumenaleiter.org\/fr\/paroles-de-papes\/st-jean-paul-ii\/visite-a-la-paroisse-santeligio-26-avril-1987\/","title":{"rendered":"Visite \u00e0 la paroisse Sant&rsquo;Eligio 26 avril 1987"},"content":{"rendered":"\n<h1 class=\"has-text-align-center wp-block-heading\">Visite \u00e0 la paroisse Sant&rsquo;Eligio 26 avril 1987<\/h1>\n\n<div style=\"height:20px\" aria-hidden=\"true\" class=\"wp-block-spacer\"><\/div>\n\n<h4 class=\"has-text-align-center wp-block-heading\">Saint Jean-Paul II<\/h4>\n\n<div style=\"height:20px\" aria-hidden=\"true\" class=\"wp-block-spacer\"><\/div>\n\n<p><strong>Rome, 26 avril 1987<\/strong><\/p>\n\n<p><em>Un important t\u00e9moignage chr\u00e9tien est offert, dans la paroisse Sant\u2019Eligio, par des la\u00efcs r\u00e9unis dans la Communaut\u00e9 N\u00e9ocat\u00e9chum\u00e9nale. C\u2019est avant tout une communaut\u00e9 ouverte, non ferm\u00e9e sur elle-m\u00eame, bien int\u00e9gr\u00e9e dans la vie de la paroisse. Cette pr\u00e9sence a apport\u00e9 \u00e0 tous, particuli\u00e8rement aux familles un message significatif de libert\u00e9 et d\u2019amour gr\u00e2ce aussi \u00e0 la fa\u00e7on d\u2019\u00eatre des membres des communaut\u00e9s : directe, simple, humble. <br \/><br \/>&#013;\nJean-Paul II a rencontr\u00e9 les repr\u00e9sentants des Communaut\u00e9s N\u00e9ocat\u00e9chum\u00e9nales dans un autre local de la paroisse. \u00c0 son arriv\u00e9e, il a \u00e9t\u00e9 accueilli par les paroles, belles et toujours \u00e9mouvantes, du chant d\u00e9di\u00e9 \u00e0 Marie : \u00ab Marie, Bienheureuse Marie, toi tu as cru \u00e0 la Parole du Seigneur\u2026 \u00bb.<br \/><br \/> &#013;\nEnsuite un repr\u00e9sentant du groupe a retrac\u00e9 bri\u00e8vement l\u2019histoire de la Communaut\u00e9 N\u00e9ocat\u00e9chum\u00e9nale dans la paroisse de Sant\u2019Eligio. Il a racont\u00e9 les difficult\u00e9s du d\u00e9but, il a parl\u00e9 des moments forts qui se vivent en paroisse, et il a dit comment la Communaut\u00e9 s\u2019est ouverte \u00e0 la r\u00e9alit\u00e9 environnante. \u00ab De Votre visite &#8211; a-t-il conclu &#8211; nous chercherons \u00e0 puiser force et stimulation pour continuer avec un engagement renouvel\u00e9 sur notre chemin de foi \u00bb. &#013;\n<\/em><\/p>\n\n<p><em>R\u00e9pondant aux salutations qui lui \u00e9taient adress\u00e9es, le Pape a dit : <\/em><\/p>\n\n<p>Avant tout peut-\u00eatre, j\u2019aurais aussi le droit de vous saluer de la part de tant de Communaut\u00e9s N\u00e9ocat\u00e9chum\u00e9nales que j\u2019ai rencontr\u00e9es, tout au moins celles que j\u2019ai vues de mes propres yeux. J\u2019en ai rencontr\u00e9 en Am\u00e9rique Latine, en divers lieux de mon itin\u00e9raire : \u00e0 commencer par Montevideo, ensuite dans ce tr\u00e8s long pays qu\u2019est le Chili et aussi dans cet autre grand pays qu\u2019est l\u2019Argentine. <br \/><br \/>&#013;\nJ\u2019ai vu beaucoup de fois cette inscription \u00ab Communaut\u00e9s N\u00e9ocat\u00e9chum\u00e9nales \u00bb, naturellement en espagnol. Alors tous ceux qui saluaient le Pape, accueillaient le Pape, et d\u2019ailleurs ils l\u2019accueillaient avec le m\u00eame esprit comme les n\u00e9ocat\u00e9chum\u00e8nes des diff\u00e9rentes paroisses ici \u00e0 Rome l\u2019accueillent. Les m\u00eames chants, du moins avec les m\u00eames m\u00e9lodies qui sont chant\u00e9es ici, avec les m\u00eames th\u00e8mes. Je pense que je devais profiter de notre rencontre et au moins vous signaler cela, parce que vraiment votre mouvement est tr\u00e8s dynamique et va dans diff\u00e9rentes r\u00e9gions du monde. Il ressent la vocation, l\u2019appel du Seigneur \u00e0 \u00eatre pr\u00e9sent dans l\u2019\u00c9glise, l\u00e0 o\u00f9 l\u2019\u00c9glise est d\u00e9j\u00e0 constitu\u00e9e, o\u00f9 l\u2019\u00c9glise vit son chemin chr\u00e9tien, baptismal, mais aussi l\u00e0 o\u00f9 l\u2019\u00c9glise est parfois tr\u00e8s faible, tr\u00e8s r\u00e9duite, dans les pays \u00e0 majorit\u00e9 non catholique, comme par exemple dans les pays Scandinaves. &#013;\n<\/p>\n\n<p>Cela, c\u2019est la premi\u00e8re chose que je voulais vous dire. Ensuite je veux souligner la caract\u00e9ristique de cette rencontre d\u2019aujourd\u2019hui qui intervient le deuxi\u00e8me dimanche de P\u00e2ques, je veux dire \u00e0 la fin de l\u2019Octave de P\u00e2ques. Pour tous les chr\u00e9tiens, les catholiques, peut-\u00eatre plus encore pour les Orthodoxes, pour tous les chr\u00e9tiens, c\u2019est vraiment la plus grande solennit\u00e9 \u00ab sollemnitas sollemnitatum \u00bb. Mais non seulement solennit\u00e9 : <strong>c\u2019est le myst\u00e8re le plus grand<\/strong>. Myst\u00e8re dans lequel commence notre chemin spirituel, et avec lequel il se termine, vers lequel est orient\u00e9 notre chemin spirituel. <br \/><br \/>&#013;\nVous, comme N\u00e9ocat\u00e9chum\u00e8nes, vous \u00eates particuli\u00e8rement orient\u00e9s vers ce myst\u00e8re pascal, \u00e0 travers la r\u00e9alit\u00e9 sacramentelle du Bapt\u00eame. Et nous vivons encore le Bapt\u00eame avec la P\u00e2ques. Il suffit de voir la liturgie de la Vigile pascale, comment toute cette liturgie \u00e9tait c\u00e9l\u00e9br\u00e9e depuis des si\u00e8cles, particuli\u00e8rement dans les premi\u00e8res g\u00e9n\u00e9rations chr\u00e9tiennes et comment elle est c\u00e9l\u00e9br\u00e9e aussi aujourd\u2019hui \u00e0 Saint Pierre. Elle unit ces deux dimensions : <strong>la dimension pascale<\/strong> et <strong>la dimension baptismale<\/strong>.  <br \/><br \/>&#013;\nParce que ce qui correspond \u00e0 la r\u00e9alit\u00e9 pascale c\u2019est notre vie, c\u2019est surtout, je ne dirais pas surtout mais d\u2019abord, le Bapt\u00eame. Et votre vocation est de vivre plus profond\u00e9ment le Bapt\u00eame, d\u2019approfondir le myst\u00e8re baptismal qui constitue le point de d\u00e9part, le fondement de notre vie chr\u00e9tienne, de notre \u00eatre chr\u00e9tien. <br \/><br \/>&#013;\nAlors je vous souhaite de continuer dans votre chemin qui est Chemin N\u00e9ocat\u00e9chum\u00e9nal : cela signifie \u00e9galement chemin de l\u2019intensit\u00e9 de la Parole de Dieu. <strong>Sacrement, Bapt\u00eame et Parole de Dieu <\/strong>vont ensemble. &#013;\n<\/p>\n\n<p>Nous pouvons dire que le Mouvement N\u00e9ocat\u00e9chum\u00e9nal a re\u00e7u cet immense d\u00e9fi de la Parole de Dieu. Contempler cette Parole, approfondir &#8211; lire dans le sens profond de la parole \u00ab lire \u00bb &#8211; lire signifie justement approfondir, \u00e7a signifie aller jusqu\u2019au fond des significations, dans l\u2019essence des choses signifi\u00e9es. Voil\u00e0, <strong>votre vocation n\u00e9ocat\u00e9chum\u00e9nale est tr\u00e8s li\u00e9e, profond\u00e9ment li\u00e9e, \u00e0 la Parole de Dieu<\/strong>. Vivre la Parole de Dieu, c\u2019est faire vivre la Parole de Dieu aux autres.  <br \/><br \/> &#013;\nAinsi vous \u00eates souvent ensemble, cat\u00e9chum\u00e8nes et cat\u00e9chistes, et c\u2019est juste. On peut dire qu\u2019une bonne formation pour \u00eatre cat\u00e9chiste c\u2019est d\u2019\u00eatre aussi N\u00e9ocat\u00e9chum\u00e8ne, vivre ce Chemin N\u00e9ocat\u00e9chum\u00e9nal. Parce que les v\u00e9rit\u00e9s de la foi ne peuvent \u00eatre interpr\u00e9t\u00e9es seulement intellectuellement, avec des notions sp\u00e9culatives. Oui, aussi avec \u00e7a, <strong>mais surtout elles doivent \u00eatre v\u00e9cues avec la gr\u00e2ce de Dieu, avec la lumi\u00e8re de l\u2019Esprit Saint<\/strong>. <br \/><br \/>&#013;\nVoil\u00e0, \u00e7a suffit, pour ne pas entrer trop dans les mati\u00e8res qui sont propres \u00e0 vos r\u00e9unions sp\u00e9cifiques de N\u00e9ocat\u00e9chum\u00e8nes. <br \/><br \/>&#013;\nJe vous souhaite une bonne P\u00e2que, ce  \u00ab Christ\u00f3s An\u00e9sti \u00bb, comme on dit en grec, ou \u00ab <strong>Christ\u00f3s Vascr\u00e9s <\/strong>\u00bb, comme on dit en russe. Ceci exprime le centre, le c\u0153ur de notre christianisme. &#013;\n<\/p>\n\n<p>Je vous souhaite d\u2019\u00eatre toujours plus proches de ce c\u0153ur de notre christianisme et de faire se rapprocher les autres, \u00e9galement les plus lointains, \u00e0 ce noyau central de notre christianisme. <\/p>\n\n<p>Que le Seigneur vous b\u00e9nisse vous et vos familles : familles, \u00e9poux, jeunes, enfants, tous. &#013;\n<br \/><br \/><em>&#013;\n(*) Cf. \u00ab L&rsquo;Osservatore Romano \u00bb, 27-28 avril 1987, avec des ajouts de l\u2019enregistrement direct. <\/em>&#013;\n<\/p>\n","protected":false},"excerpt":{"rendered":"<p>Visite \u00e0 la paroisse Sant&rsquo;Eligio 26 avril 1987 Saint Jean-Paul II Rome, 26 avril 1987 Un important t\u00e9moignage chr\u00e9tien est offert, dans la paroisse Sant\u2019Eligio, par des la\u00efcs r\u00e9unis dans la Communaut\u00e9 N\u00e9ocat\u00e9chum\u00e9nale. C\u2019est avant tout une communaut\u00e9 ouverte, non ferm\u00e9e sur elle-m\u00eame, bien int\u00e9gr\u00e9e dans la vie de la paroisse. Cette pr\u00e9sence a apport\u00e9 \u00e0 tous, particuli\u00e8rement aux familles un message significatif de libert\u00e9 et d\u2019amour gr\u00e2ce aussi \u00e0<\/p>\n<div class=\"read-more\"><a class=\"btn read-more-btn\" href=\"https:\/\/neocatechumenaleiter.org\/fr\/paroles-de-papes\/st-jean-paul-ii\/visite-a-la-paroisse-santeligio-26-avril-1987\/\">En savoir plus<\/a><\/div>\n","protected":false},"author":2,"featured_media":0,"parent":5064,"menu_order":43,"comment_status":"closed","ping_status":"closed","template":"","meta":{"footnotes":""},"class_list":["post-17900","page","type-page","status-publish","hentry"],"_links":{"self":[{"href":"https:\/\/neocatechumenaleiter.org\/fr\/wp-json\/wp\/v2\/pages\/17900","targetHints":{"allow":["GET"]}}],"collection":[{"href":"https:\/\/neocatechumenaleiter.org\/fr\/wp-json\/wp\/v2\/pages"}],"about":[{"href":"https:\/\/neocatechumenaleiter.org\/fr\/wp-json\/wp\/v2\/types\/page"}],"author":[{"embeddable":true,"href":"https:\/\/neocatechumenaleiter.org\/fr\/wp-json\/wp\/v2\/users\/2"}],"replies":[{"embeddable":true,"href":"https:\/\/neocatechumenaleiter.org\/fr\/wp-json\/wp\/v2\/comments?post=17900"}],"version-history":[{"count":1,"href":"https:\/\/neocatechumenaleiter.org\/fr\/wp-json\/wp\/v2\/pages\/17900\/revisions"}],"predecessor-version":[{"id":17901,"href":"https:\/\/neocatechumenaleiter.org\/fr\/wp-json\/wp\/v2\/pages\/17900\/revisions\/17901"}],"up":[{"embeddable":true,"href":"https:\/\/neocatechumenaleiter.org\/fr\/wp-json\/wp\/v2\/pages\/5064"}],"wp:attachment":[{"href":"https:\/\/neocatechumenaleiter.org\/fr\/wp-json\/wp\/v2\/media?parent=17900"}],"curies":[{"name":"wp","href":"https:\/\/api.w.org\/{rel}","templated":true}]}}