{"id":17902,"date":"2020-09-28T17:28:14","date_gmt":"2020-09-28T16:28:14","guid":{"rendered":"https:\/\/neocatechumenaleiter.org\/paroles-de-papes\/st-jean-paul-ii\/audience-privee-envoi-de-trois-familles-en-amerique-latine-pour-la-nouvelle-evangelisation-26-avril-1987\/"},"modified":"2020-09-28T17:29:47","modified_gmt":"2020-09-28T16:29:47","slug":"audience-privee-envoi-de-trois-familles-en-amerique-latine-pour-la-nouvelle-evangelisation-26-avril-1987","status":"publish","type":"page","link":"https:\/\/neocatechumenaleiter.org\/fr\/paroles-de-papes\/st-jean-paul-ii\/audience-privee-envoi-de-trois-familles-en-amerique-latine-pour-la-nouvelle-evangelisation-26-avril-1987\/","title":{"rendered":"Audience priv\u00e9e envoi de trois familles en Am\u00e9rique latine pour la \u00ab\u00a0Nouvelle \u00c9vang\u00e9lisation\u00a0\u00bb 26 avril 1987"},"content":{"rendered":"\n<h1 class=\"has-text-align-center wp-block-heading\">Audience priv\u00e9e envoi de trois familles en Am\u00e9rique latine pour la \u00ab\u00a0Nouvelle \u00c9vang\u00e9lisation\u00a0\u00bb 26 avril 1987<\/h1>\n\n<div style=\"height:20px\" aria-hidden=\"true\" class=\"wp-block-spacer\"><\/div>\n\n<h4 class=\"has-text-align-center wp-block-heading\">Saint Jean-Paul II<\/h4>\n\n<div style=\"height:20px\" aria-hidden=\"true\" class=\"wp-block-spacer\"><\/div>\n\n<p><strong>Cit\u00e9 du Vatican, 26 avril 1987&#013;\n<\/strong><\/p>\n\n<p><em>Trois familles espagnoles qui ont termin\u00e9 l\u2019itin\u00e9raire n\u00e9ocat\u00e9chum\u00e9nal ont re\u00e7u du Saint P\u00e8re le crucifix comme signe d\u2019envoi, avant de partir pour les \u00ab pueblos jovenes \u00bb de la ville de Lima au P\u00e9rou. <br \/><br \/>&#013;\nLe Cardinal Land\u00e1zuri a confi\u00e9 \u00e0 ces familles des zones enti\u00e8res dans ces agglom\u00e9rations urbaines faites de cabanes en nattes dress\u00e9es \u00e0 m\u00eame le sable par les paysans qui affluent par milliers vers la ville priv\u00e9e de tout type de structure sociale. L\u00e0, la pr\u00e9sence de l\u2019\u00c9glise est quasi inexistante.&#013;\n<\/em><\/p>\n\n<div class=\"wp-block-image\"><figure class=\"aligncenter size-large\"><img loading=\"lazy\" decoding=\"async\" width=\"358\" height=\"293\" src=\"https:\/\/neocatechumenaleiter.org\/wp-content\/uploads\/2020\/03\/Camino_Neocatecumenal_Juan_Pablo_II_audiencia_privada_envio_familias_mision_1987.jpg\" alt=\"\" class=\"wp-image-2005\" srcset=\"https:\/\/neocatechumenaleiter.org\/wp-content\/uploads\/2020\/03\/Camino_Neocatecumenal_Juan_Pablo_II_audiencia_privada_envio_familias_mision_1987.jpg 358w, https:\/\/neocatechumenaleiter.org\/wp-content\/uploads\/2020\/03\/Camino_Neocatecumenal_Juan_Pablo_II_audiencia_privada_envio_familias_mision_1987-300x246.jpg 300w\" sizes=\"auto, (max-width: 358px) 100vw, 358px\" \/><\/figure><\/div>\n","protected":false},"excerpt":{"rendered":"<p>Audience priv\u00e9e envoi de trois familles en Am\u00e9rique latine pour la \u00ab\u00a0Nouvelle \u00c9vang\u00e9lisation\u00a0\u00bb 26 avril 1987 Saint Jean-Paul II Cit\u00e9 du Vatican, 26 avril 1987&#013; Trois familles espagnoles qui ont termin\u00e9 l\u2019itin\u00e9raire n\u00e9ocat\u00e9chum\u00e9nal ont re\u00e7u du Saint P\u00e8re le crucifix comme signe d\u2019envoi, avant de partir pour les \u00ab pueblos jovenes \u00bb de la ville de Lima au P\u00e9rou. &#013; Le Cardinal Land\u00e1zuri a confi\u00e9 \u00e0 ces familles des zones<\/p>\n<div class=\"read-more\"><a class=\"btn read-more-btn\" href=\"https:\/\/neocatechumenaleiter.org\/fr\/paroles-de-papes\/st-jean-paul-ii\/audience-privee-envoi-de-trois-familles-en-amerique-latine-pour-la-nouvelle-evangelisation-26-avril-1987\/\">En savoir plus<\/a><\/div>\n","protected":false},"author":2,"featured_media":0,"parent":5064,"menu_order":42,"comment_status":"closed","ping_status":"closed","template":"","meta":{"footnotes":""},"class_list":["post-17902","page","type-page","status-publish","hentry"],"_links":{"self":[{"href":"https:\/\/neocatechumenaleiter.org\/fr\/wp-json\/wp\/v2\/pages\/17902","targetHints":{"allow":["GET"]}}],"collection":[{"href":"https:\/\/neocatechumenaleiter.org\/fr\/wp-json\/wp\/v2\/pages"}],"about":[{"href":"https:\/\/neocatechumenaleiter.org\/fr\/wp-json\/wp\/v2\/types\/page"}],"author":[{"embeddable":true,"href":"https:\/\/neocatechumenaleiter.org\/fr\/wp-json\/wp\/v2\/users\/2"}],"replies":[{"embeddable":true,"href":"https:\/\/neocatechumenaleiter.org\/fr\/wp-json\/wp\/v2\/comments?post=17902"}],"version-history":[{"count":3,"href":"https:\/\/neocatechumenaleiter.org\/fr\/wp-json\/wp\/v2\/pages\/17902\/revisions"}],"predecessor-version":[{"id":17905,"href":"https:\/\/neocatechumenaleiter.org\/fr\/wp-json\/wp\/v2\/pages\/17902\/revisions\/17905"}],"up":[{"embeddable":true,"href":"https:\/\/neocatechumenaleiter.org\/fr\/wp-json\/wp\/v2\/pages\/5064"}],"wp:attachment":[{"href":"https:\/\/neocatechumenaleiter.org\/fr\/wp-json\/wp\/v2\/media?parent=17902"}],"curies":[{"name":"wp","href":"https:\/\/api.w.org\/{rel}","templated":true}]}}