{"id":17966,"date":"2020-09-29T10:41:46","date_gmt":"2020-09-29T09:41:46","guid":{"rendered":"https:\/\/neocatechumenaleiter.org\/paroles-de-papes\/st-jean-paul-ii\/visite-de-la-paroisse-sainte-marie-regina-mundi-a-torre-spaccata-14-decembre-1986\/"},"modified":"2020-09-29T10:43:55","modified_gmt":"2020-09-29T09:43:55","slug":"visite-de-la-paroisse-sainte-marie-regina-mundi-a-torre-spaccata-14-decembre-1986","status":"publish","type":"page","link":"https:\/\/neocatechumenaleiter.org\/fr\/paroles-de-papes\/st-jean-paul-ii\/visite-de-la-paroisse-sainte-marie-regina-mundi-a-torre-spaccata-14-decembre-1986\/","title":{"rendered":"Visite de la paroisse Sainte Marie Regina Mundi \u00e0 Torre Spaccata 14 d\u00e9cembre 1986"},"content":{"rendered":"\n<h1 class=\"has-text-align-center wp-block-heading\">Visite de la paroisse Sainte Marie Regina Mundi \u00e0 Torre Spaccata 14 d\u00e9cembre 1986<\/h1>\n\n<div style=\"height:20px\" aria-hidden=\"true\" class=\"wp-block-spacer\"><\/div>\n\n<h4 class=\"has-text-align-center wp-block-heading\">Saint Jean-Paul II<\/h4>\n\n<div style=\"height:20px\" aria-hidden=\"true\" class=\"wp-block-spacer\"><\/div>\n\n<p><strong>Rome, 14 d\u00e9cembre 1986 *<\/strong><\/p>\n\n<p><em>Une fois conclue la rencontre avec le Conseil pastoral, le Pape a rencontr\u00e9, dans une autre salle, les repr\u00e9sentants de tous les groupes et associations qui lui ont \u00e9t\u00e9 pr\u00e9sent\u00e9s par le cur\u00e9. Parmi les fid\u00e8les \u00e9taient aussi pr\u00e9sents quelques nomades. <br \/><br \/>&#013;\n\u00c0 tous, le Pape a adress\u00e9 ces paroles : <\/em>&#013;\n<\/p>\n\n<p>Je salue toutes les personnes pr\u00e9sentes, et, parmi vous, tous les groupes d\u2019apostolat des la\u00efcs, groupes divers, caract\u00e9ris\u00e9s par un programme sp\u00e9cifique, par une certaine spiritualit\u00e9. Par exemple, il y a la spiritualit\u00e9 carm\u00e9litaine qui a son signe visible dans le scapulaire carm\u00e9litain, que je porte depuis tant d\u2019ann\u00e9es. Ensuite, il y a la spiritualit\u00e9 N\u00e9ocat\u00e9chum\u00e9nale et celle d\u2019autres groupes. Autres programmes, autres spiritualit\u00e9s : tous contribuent au bien commun de l\u2019\u00c9glise. Ce que je dis correspond aux paroles de Saint Paul : l\u2019\u00c9glise Corps du Christ. De nombreux organes, de nombreux membres, de nombreuses cellules contribuent \u00e0 la vie du corps, \u00e0 la vie d\u2019un organisme. Nous sommes aussi un organisme spirituel, un organisme mystique, qui s\u2019appelle le Corps du Christ et tous nous recevons de cet organisme les diverses impulsions de l\u2019Esprit Saint, les diverses gr\u00e2ces, gr\u00e2ces sp\u00e9ciales, les divers charismes. Ensuite, avec ces impulsions, avec ces gr\u00e2ces nous cherchons \u00e0 contribuer au bien du corps, \u00e0 l\u2019ensemble du corps mystique du Christ, de la paroisse qui est, dans l\u2019analogie paulinienne, Corps du Christ. <br \/><br \/>&#013;\nJe veux exprimer ma grande joie pour la mani\u00e8re avec laquelle vous avez c\u00e9l\u00e9br\u00e9 aujourd\u2019hui le 25\u00e8me anniversaire de votre paroisse, tr\u00e8s digne, tr\u00e8s belle, avec beaucoup de participation, avec une c\u00e9l\u00e9bration durant laquelle on a bien pri\u00e9 et bien chant\u00e9. Et puis pour le couronnement de Notre Dame, Reine du Monde. <br \/><br \/>&#013;\nJe vous souhaite le meilleur \u00e0 chacun de vous, \u00e0 vos associations. Que celles-ci soient une source de bien pour les autres et pour vous-m\u00eames. Je vous souhaite aussi un joyeux No\u00ebl. &#013;\n<br \/><br \/><em>&#013;\n(*) Cf. \u00ab L&rsquo;Osservatore Romano \u00bb, 15-16 d\u00e9cembre 1986 <\/em>&#013;\n&#013;\n<\/p>\n","protected":false},"excerpt":{"rendered":"<p>Visite de la paroisse Sainte Marie Regina Mundi \u00e0 Torre Spaccata 14 d\u00e9cembre 1986 Saint Jean-Paul II Rome, 14 d\u00e9cembre 1986 * Une fois conclue la rencontre avec le Conseil pastoral, le Pape a rencontr\u00e9, dans une autre salle, les repr\u00e9sentants de tous les groupes et associations qui lui ont \u00e9t\u00e9 pr\u00e9sent\u00e9s par le cur\u00e9. Parmi les fid\u00e8les \u00e9taient aussi pr\u00e9sents quelques nomades. &#013; \u00c0 tous, le Pape a adress\u00e9<\/p>\n<div class=\"read-more\"><a class=\"btn read-more-btn\" href=\"https:\/\/neocatechumenaleiter.org\/fr\/paroles-de-papes\/st-jean-paul-ii\/visite-de-la-paroisse-sainte-marie-regina-mundi-a-torre-spaccata-14-decembre-1986\/\">En savoir plus<\/a><\/div>\n","protected":false},"author":2,"featured_media":0,"parent":5064,"menu_order":39,"comment_status":"closed","ping_status":"closed","template":"","meta":{"footnotes":""},"class_list":["post-17966","page","type-page","status-publish","hentry"],"_links":{"self":[{"href":"https:\/\/neocatechumenaleiter.org\/fr\/wp-json\/wp\/v2\/pages\/17966","targetHints":{"allow":["GET"]}}],"collection":[{"href":"https:\/\/neocatechumenaleiter.org\/fr\/wp-json\/wp\/v2\/pages"}],"about":[{"href":"https:\/\/neocatechumenaleiter.org\/fr\/wp-json\/wp\/v2\/types\/page"}],"author":[{"embeddable":true,"href":"https:\/\/neocatechumenaleiter.org\/fr\/wp-json\/wp\/v2\/users\/2"}],"replies":[{"embeddable":true,"href":"https:\/\/neocatechumenaleiter.org\/fr\/wp-json\/wp\/v2\/comments?post=17966"}],"version-history":[{"count":5,"href":"https:\/\/neocatechumenaleiter.org\/fr\/wp-json\/wp\/v2\/pages\/17966\/revisions"}],"predecessor-version":[{"id":17971,"href":"https:\/\/neocatechumenaleiter.org\/fr\/wp-json\/wp\/v2\/pages\/17966\/revisions\/17971"}],"up":[{"embeddable":true,"href":"https:\/\/neocatechumenaleiter.org\/fr\/wp-json\/wp\/v2\/pages\/5064"}],"wp:attachment":[{"href":"https:\/\/neocatechumenaleiter.org\/fr\/wp-json\/wp\/v2\/media?parent=17966"}],"curies":[{"name":"wp","href":"https:\/\/api.w.org\/{rel}","templated":true}]}}