{"id":17976,"date":"2020-09-29T10:53:23","date_gmt":"2020-09-29T09:53:23","guid":{"rendered":"https:\/\/neocatechumenaleiter.org\/paroles-de-papes\/st-jean-paul-ii\/veillee-pascale-a-la-basilique-saint-pierre-renovation-solennelle-des-promesses-baptismales-de-deux-communautes-de-madrid-a-la-fin-de-litineraire-neocatechumenal-29-mars-1986\/"},"modified":"2020-09-29T10:53:23","modified_gmt":"2020-09-29T09:53:23","slug":"veillee-pascale-a-la-basilique-saint-pierre-renovation-solennelle-des-promesses-baptismales-de-deux-communautes-de-madrid-a-la-fin-de-litineraire-neocatechumenal-29-mars-1986","status":"publish","type":"page","link":"https:\/\/neocatechumenaleiter.org\/fr\/paroles-de-papes\/st-jean-paul-ii\/veillee-pascale-a-la-basilique-saint-pierre-renovation-solennelle-des-promesses-baptismales-de-deux-communautes-de-madrid-a-la-fin-de-litineraire-neocatechumenal-29-mars-1986\/","title":{"rendered":"Veill\u00e9e pascale \u00e0 la Basilique Saint Pierre : r\u00e9novation solennelle des promesses baptismales de deux communaut\u00e9s de Madrid \u00e0 la fin de l&rsquo;itin\u00e9raire n\u00e9ocat\u00e9chum\u00e9nal 29 mars 1986"},"content":{"rendered":"\n<h1 class=\"has-text-align-center wp-block-heading\">Veill\u00e9e pascale \u00e0 la Basilique Saint Pierre : r\u00e9novation solennelle des promesses baptismales de deux communaut\u00e9s de Madrid \u00e0 la fin de l&rsquo;itin\u00e9raire n\u00e9ocat\u00e9chum\u00e9nal 29 mars 1986<\/h1>\n\n<div style=\"height:20px\" aria-hidden=\"true\" class=\"wp-block-spacer\"><\/div>\n\n<h4 class=\"has-text-align-center wp-block-heading\">Saint Jean-Paul II<\/h4>\n\n<div style=\"height:20px\" aria-hidden=\"true\" class=\"wp-block-spacer\"><\/div>\n\n<p><strong>Saint Pierre, 29 mars 1986<\/strong><\/p>\n\n<p><em>Pendant la c\u00e9l\u00e9bration de la Veill\u00e9e Pascale avec le Saint P\u00e8re, dans un secteur r\u00e9serv\u00e9 de la Basilique Vaticane, les 100 membres de la premi\u00e8re Communaut\u00e9 N\u00e9ocat\u00e9chum\u00e9nale de Notre Dame du Transit de Madrid et de la premi\u00e8re Communaut\u00e9 du Centre N\u00e9ocat\u00e9chum\u00e9nal Dioc\u00e9sain de Madrid ont renouvel\u00e9 solennellement les Promesses Baptismales au terme de leur itin\u00e9raire n\u00e9ocat\u00e9chum\u00e9nal. <\/em><\/p>\n\n<div class=\"wp-block-image\"><figure class=\"aligncenter size-large\"><img loading=\"lazy\" decoding=\"async\" width=\"480\" height=\"389\" src=\"https:\/\/neocatechumenaleiter.org\/wp-content\/uploads\/2020\/03\/Camino_Neocatecumenal_Juan_Pablo_II_vigilia_pascual_hermanos_vestidura_blanca_Transito_Madrid_1986.jpg\" alt=\"\" class=\"wp-image-1939\" srcset=\"https:\/\/neocatechumenaleiter.org\/wp-content\/uploads\/2020\/03\/Camino_Neocatecumenal_Juan_Pablo_II_vigilia_pascual_hermanos_vestidura_blanca_Transito_Madrid_1986.jpg 480w, https:\/\/neocatechumenaleiter.org\/wp-content\/uploads\/2020\/03\/Camino_Neocatecumenal_Juan_Pablo_II_vigilia_pascual_hermanos_vestidura_blanca_Transito_Madrid_1986-300x243.jpg 300w\" sizes=\"auto, (max-width: 480px) 100vw, 480px\" \/><\/figure><\/div>\n","protected":false},"excerpt":{"rendered":"<p>Veill\u00e9e pascale \u00e0 la Basilique Saint Pierre : r\u00e9novation solennelle des promesses baptismales de deux communaut\u00e9s de Madrid \u00e0 la fin de l&rsquo;itin\u00e9raire n\u00e9ocat\u00e9chum\u00e9nal 29 mars 1986 Saint Jean-Paul II Saint Pierre, 29 mars 1986 Pendant la c\u00e9l\u00e9bration de la Veill\u00e9e Pascale avec le Saint P\u00e8re, dans un secteur r\u00e9serv\u00e9 de la Basilique Vaticane, les 100 membres de la premi\u00e8re Communaut\u00e9 N\u00e9ocat\u00e9chum\u00e9nale de Notre Dame du Transit de Madrid et<\/p>\n<div class=\"read-more\"><a class=\"btn read-more-btn\" href=\"https:\/\/neocatechumenaleiter.org\/fr\/paroles-de-papes\/st-jean-paul-ii\/veillee-pascale-a-la-basilique-saint-pierre-renovation-solennelle-des-promesses-baptismales-de-deux-communautes-de-madrid-a-la-fin-de-litineraire-neocatechumenal-29-mars-1986\/\">En savoir plus<\/a><\/div>\n","protected":false},"author":2,"featured_media":0,"parent":5064,"menu_order":37,"comment_status":"closed","ping_status":"closed","template":"","meta":{"footnotes":""},"class_list":["post-17976","page","type-page","status-publish","hentry"],"_links":{"self":[{"href":"https:\/\/neocatechumenaleiter.org\/fr\/wp-json\/wp\/v2\/pages\/17976","targetHints":{"allow":["GET"]}}],"collection":[{"href":"https:\/\/neocatechumenaleiter.org\/fr\/wp-json\/wp\/v2\/pages"}],"about":[{"href":"https:\/\/neocatechumenaleiter.org\/fr\/wp-json\/wp\/v2\/types\/page"}],"author":[{"embeddable":true,"href":"https:\/\/neocatechumenaleiter.org\/fr\/wp-json\/wp\/v2\/users\/2"}],"replies":[{"embeddable":true,"href":"https:\/\/neocatechumenaleiter.org\/fr\/wp-json\/wp\/v2\/comments?post=17976"}],"version-history":[{"count":1,"href":"https:\/\/neocatechumenaleiter.org\/fr\/wp-json\/wp\/v2\/pages\/17976\/revisions"}],"predecessor-version":[{"id":17977,"href":"https:\/\/neocatechumenaleiter.org\/fr\/wp-json\/wp\/v2\/pages\/17976\/revisions\/17977"}],"up":[{"embeddable":true,"href":"https:\/\/neocatechumenaleiter.org\/fr\/wp-json\/wp\/v2\/pages\/5064"}],"wp:attachment":[{"href":"https:\/\/neocatechumenaleiter.org\/fr\/wp-json\/wp\/v2\/media?parent=17976"}],"curies":[{"name":"wp","href":"https:\/\/api.w.org\/{rel}","templated":true}]}}