{"id":17984,"date":"2020-03-03T05:05:52","date_gmt":"2020-03-03T04:05:52","guid":{"rendered":"https:\/\/neocatechumenaleiter.org\/paroles-de-papes\/st-jean-paul-ii\/visite-a-la-paroisse-saint-irenee-a-centocelle-9-mars-1986\/"},"modified":"2021-08-10T11:05:28","modified_gmt":"2021-08-10T10:05:28","slug":"visite-a-la-paroisse-saint-irenee-a-centocelle-9-mars-1986","status":"publish","type":"page","link":"https:\/\/neocatechumenaleiter.org\/fr\/paroles-de-papes\/st-jean-paul-ii\/visite-a-la-paroisse-saint-irenee-a-centocelle-9-mars-1986\/","title":{"rendered":"Visite \u00e0 la paroisse Saint Ir\u00e9n\u00e9e \u00e0 Centocelle 9 mars 1986"},"content":{"rendered":"\n<h1 class=\"has-text-align-center wp-block-heading\">Visite \u00e0 la paroisse Saint Ir\u00e9n\u00e9e \u00e0 Centocelle 9 mars 1986<\/h1>\n\n<div style=\"height:20px\" aria-hidden=\"true\" class=\"wp-block-spacer\"><\/div>\n\n<h4 class=\"has-text-align-center wp-block-heading\">Saint Jean-Paul II<\/h4>\n\n<div style=\"height:20px\" aria-hidden=\"true\" class=\"wp-block-spacer\"><\/div>\n\n<div class=\"wp-block-image\"><figure class=\"alignright size-large\"><img loading=\"lazy\" decoding=\"async\" width=\"700\" height=\"563\" src=\"https:\/\/neocatechumenaleiter.org\/wp-content\/uploads\/2020\/03\/Camino_Neocatecumenal_Juan_Pablo_II_visita_parroquia_San_Irineo_1986.jpg\" alt=\"\" class=\"wp-image-1929\" srcset=\"https:\/\/neocatechumenaleiter.org\/wp-content\/uploads\/2020\/03\/Camino_Neocatecumenal_Juan_Pablo_II_visita_parroquia_San_Irineo_1986.jpg 700w, https:\/\/neocatechumenaleiter.org\/wp-content\/uploads\/2020\/03\/Camino_Neocatecumenal_Juan_Pablo_II_visita_parroquia_San_Irineo_1986-300x241.jpg 300w\" sizes=\"auto, (max-width: 700px) 100vw, 700px\" \/><\/figure><\/div>\n\n<p><strong>Rome, 9 mars 1986 *<\/strong><\/p>\n\n<p><em>Il y a treize ans naissait \u00e0 Saint Ir\u00e9n\u00e9e la premi\u00e8re Communaut\u00e9 N\u00e9ocat\u00e9chum\u00e9nale. Depuis lors le Chemin s\u2019est d\u00e9velopp\u00e9, impliquant un nombre toujours plus grand de personnes, si bien qu\u2019aujourd\u2019hui les communaut\u00e9s pr\u00e9sentes dans la paroisse sont au nombre de cinq. Pour certains de ces fid\u00e8les est arriv\u00e9 le moment de la \u00ab Redditio \u00bb,  la profession publique de la foi,  apr\u00e8s plusieurs ann\u00e9es durant lesquelles ils \u00e9taient devenus missionnaires dans le quartier. <br\/>&#13;\nJean-Paul II a rencontr\u00e9  la r\u00e9alit\u00e9 dynamique des Communaut\u00e9s N\u00e9ocat\u00e9chum\u00e9nales dans l\u2019\u00e9glise paroissiale. Ce fut une rencontre longue et festive durant laquelle n\u2019ont cependant pas manqu\u00e9 les moments de profonde \u00e9motion, surtout lorsque deux jeunes ont proclam\u00e9 le \u00ab Credo \u00bb rappelant le chemin de leur conversion et de la d\u00e9couverte de l\u2019amour de Dieu.<br\/>&#13;\nAccueilli par le chant \u00ab Marie, toi tu as cru \u00e0 la Parole du Seigneur \u00bb, le Saint P\u00e8re s\u2019est attard\u00e9 longtemps pour saluer les participants et en particulier les nombreux enfants.<br\/>&#13;\nApr\u00e8s une br\u00e8ve pr\u00e9sentation faite par le cur\u00e9, le cat\u00e9chiste Edoardo Magri a adress\u00e9 au Pape un message d\u2019hommage, dans lequel il a expos\u00e9 l\u2019activit\u00e9 conduite par les communaut\u00e9s et les objectifs atteints. Il a expliqu\u00e9 le sens de l\u2019\u00e9tape de la \u00ab Traditio \u00bb durant laquelle les fr\u00e8res sont envoy\u00e9s de maison en maison pour annoncer l\u2019\u00c9vangile, et celle de la \u00ab Redditio \u00bb qui culmine avec la remise d\u2019une palme le Dimanche des Rameaux, symbole de l\u2019appel du chr\u00e9tien \u00e0 rendre t\u00e9moignage de sa foi jusqu\u2019au martyre.<br\/>&#13;\n\u00ab Apr\u00e8s la \u00ab Redditio \u00bb &#8211; a dit le cat\u00e9chiste Edoardo Magri \u2013 nous demandons aux fr\u00e8res de se mettre \u00e0 la disposition du cur\u00e9, pr\u00e9cis\u00e9ment parce que le Chemin N\u00e9ocat\u00e9chum\u00e9nal ne veut pas \u00eatre un mouvement qui soit pour lui m\u00eame, mais dans l\u2019\u00c9glise au service de l\u2019\u00c9glise. \u00bb<br\/><br\/>&#13;\n&#13;\nAux membres des Communaut\u00e9s N\u00e9ocat\u00e9chum\u00e9nales, Jean-Paul II a adress\u00e9 ces paroles :<\/em>&#13;\n<\/p>\n\n<p>Voil\u00e0, bien-aim\u00e9s, quand j\u2019entends ce chant, ce chant \u00e0 Marie : \u00ab Marie, toi tu as cru \u00e0 la parole du Seigneur \u00bb, imm\u00e9diatement je suis conscient qu\u2019il y a un groupe n\u00e9ocat\u00e9chum\u00e9nal. En n\u2019importe quel lieu, partout o\u00f9 j\u2019entends ce chant, je l\u2019entends dans diff\u00e9rents pays et en divers continents, comme r\u00e9cemment en Inde, j\u2019ai entendu ce chant, la m\u00eame tonalit\u00e9, la m\u00eame m\u00e9lodie, les m\u00eames paroles : cette invocation de Marie qui a cru, et ainsi est devenue la premi\u00e8re croyante, nous pouvons dire reine de tous les croyants. Elle a cru, dans le sens le plus plein et le plus fructueux. \u00ab Marie, tu as cru \u00e0 la Parole du Seigneur \u00bb : c\u2019est ainsi que sa parente Elisabeth l\u2019a b\u00e9nie, sa cousine a b\u00e9ni Marie avec ces paroles. Et avec ces paroles nous la b\u00e9nissons, l\u2019\u00c9glise la b\u00e9nit, toute l\u2019\u00c9glise, et vous la b\u00e9nissez sp\u00e9cialement vous les N\u00e9ocat\u00e9chum\u00e8nes. Parce que pour vous le chemin de la foi est la chose essentielle, le chemin de la foi, ce chemin qui a son d\u00e9but sacramentel dans le Bapt\u00eame, ce chemin qui a sa dimension tout au long de la vie de l\u2019homme, de chacun d\u2019entre nous. <br\/><br\/>&#13;\nCe chemin, comme vous l\u2019avez bien dit surtout dans la premi\u00e8re relation, ce chemin a aussi son rythme. Ce rythme s\u2019exprime avec ces deux paroles : Traditio et Redditio. La foi doit \u00eatre \u00ab tra-dite \u00bb, transmise, remise, et reprise, re\u00e7ue et ceci se fait avec le Bapt\u00eame et ensuite dans l\u2019\u00e9ducation chr\u00e9tienne. Ceci s\u2019op\u00e8re \u00e0  travers diff\u00e9rentes personnes, diff\u00e9rents messagers de Dieu, comme pour Marie \u00e7a s\u2019est fait \u00e0 travers le messager ang\u00e9lique : l\u2019Ange Gabriel. Cela s\u2019est fait par J\u00e9sus Christ qui est le premier, l\u2019absolu messager de Dieu pour l\u2019humanit\u00e9 toute enti\u00e8re. Cela s\u2019est fait par le biais des ap\u00f4tres et par l\u2019\u00c9glise. Ce premier rythme, cette premi\u00e8re \u00e9tape, est recevoir la Traditio, est tradition : la foi est tradita \u00ab remise \u00bb et, elle est re\u00e7ue ; puis doit s\u2019ensuivre une autre \u00e9tape : celle de la Redditio : la foi une fois re\u00e7ue doit \u00eatre transmise, parce que elle est un bien, un tr\u00e9sor, c\u2019est un tr\u00e9sor gratuit qui nous est offert par Dieu, pas seulement pour le cacher \u00e0 l\u2019int\u00e9rieur de nous et le vivre dans un sens intimiste, priv\u00e9, mais il nous est donn\u00e9, il nous est \u00ab remis \u00bb pour \u00eatre transmis aux autres. Mais il s\u2019agit d\u2019avoir un grand enthousiasme, une grande conviction de foi pour la porter aux autres, pour la transmettre aux autres.<br\/><br\/>&#13;\nC\u2019est ainsi que les N\u00e9ocat\u00e9chum\u00e8nes se font cat\u00e9chistes itin\u00e9rants, ils portent l\u2019\u00c9vangile du Christ, ils portent le t\u00e9moignage de la foi ; pas seulement de saintes paroles au sens abstrait, mais des paroles v\u00e9cues, la Parole de Dieu t\u00e9moign\u00e9e par la foi de chacun. \u00c7a c\u2019est une force.<br\/><br\/>&#13;\nVoil\u00e0, bien-aim\u00e9s, je vous souhaite que ce double rythme de la foi : Traditio et Redditio, constitue toujours le rythme de votre vie, quand vous \u00eates en chemin et \u00e9galement quand, le Chemin termin\u00e9, vous revenez, mais vous revenez comme chr\u00e9tiens particuli\u00e8rement m\u00fbrs, dans la communaut\u00e9 de l\u2019\u00c9glise, dans la communaut\u00e9 de la paroisse.&#13;\n<\/p>\n\n<p>C\u2019est toujours bien volontiers que je vous vois ; les rencontres avec vous sont tr\u00e8s joyeuses pour deux choses : d\u2019une part le chant, un chant tr\u00e8s \u00e9nergique, qui r\u00e9sonne, qui r\u00e9sonne ; d\u2019autre part ce sont les enfants, les petits qui font, nous pouvons dire, leur Chemin N\u00e9ocat\u00e9chum\u00e9nal gr\u00e2ce \u00e0 Dieu ! Et ils nous apportent tant de joie, toujours, \u00e0 nous tous, et c\u2019est pour moi une grande joie quand je les vois. Je voudrais vous embrasser tous avec cette b\u00e9n\u00e9diction et vous souhaiter aussi une bonne P\u00e2que dans votre Chemin N\u00e9ocat\u00e9chum\u00e9nal.<br\/><br\/>&#13;\nQue Dieu tout puissant vous b\u00e9nisse, P\u00e8re, Fils et Saint Esprit. &#13;\n<\/p>\n\n<p>Bonne P\u00e2que ! <br\/><br\/><em> (*) Cf. \u00ab L&rsquo;Osservatore Romano \u00bb, 10-11 mars 1986, avec des ajouts de l\u2019enregistrement. <\/em><\/p>\n","protected":false},"excerpt":{"rendered":"<p>Visite \u00e0 la paroisse Saint Ir\u00e9n\u00e9e \u00e0 Centocelle 9 mars 1986 Saint Jean-Paul II Rome, 9 mars 1986 * Il y a treize ans naissait \u00e0 Saint Ir\u00e9n\u00e9e la premi\u00e8re Communaut\u00e9 N\u00e9ocat\u00e9chum\u00e9nale. Depuis lors le Chemin s\u2019est d\u00e9velopp\u00e9, impliquant un nombre toujours plus grand de personnes, si bien qu\u2019aujourd\u2019hui les communaut\u00e9s pr\u00e9sentes dans la paroisse sont au nombre de cinq. Pour certains de ces fid\u00e8les est arriv\u00e9 le moment de<\/p>\n<div class=\"read-more\"><a class=\"btn read-more-btn\" href=\"https:\/\/neocatechumenaleiter.org\/fr\/paroles-de-papes\/st-jean-paul-ii\/visite-a-la-paroisse-saint-irenee-a-centocelle-9-mars-1986\/\">En savoir plus<\/a><\/div>\n","protected":false},"author":2,"featured_media":0,"parent":5064,"menu_order":35,"comment_status":"closed","ping_status":"closed","template":"","meta":{"footnotes":""},"class_list":["post-17984","page","type-page","status-publish","hentry"],"_links":{"self":[{"href":"https:\/\/neocatechumenaleiter.org\/fr\/wp-json\/wp\/v2\/pages\/17984","targetHints":{"allow":["GET"]}}],"collection":[{"href":"https:\/\/neocatechumenaleiter.org\/fr\/wp-json\/wp\/v2\/pages"}],"about":[{"href":"https:\/\/neocatechumenaleiter.org\/fr\/wp-json\/wp\/v2\/types\/page"}],"author":[{"embeddable":true,"href":"https:\/\/neocatechumenaleiter.org\/fr\/wp-json\/wp\/v2\/users\/2"}],"replies":[{"embeddable":true,"href":"https:\/\/neocatechumenaleiter.org\/fr\/wp-json\/wp\/v2\/comments?post=17984"}],"version-history":[{"count":4,"href":"https:\/\/neocatechumenaleiter.org\/fr\/wp-json\/wp\/v2\/pages\/17984\/revisions"}],"predecessor-version":[{"id":24301,"href":"https:\/\/neocatechumenaleiter.org\/fr\/wp-json\/wp\/v2\/pages\/17984\/revisions\/24301"}],"up":[{"embeddable":true,"href":"https:\/\/neocatechumenaleiter.org\/fr\/wp-json\/wp\/v2\/pages\/5064"}],"wp:attachment":[{"href":"https:\/\/neocatechumenaleiter.org\/fr\/wp-json\/wp\/v2\/media?parent=17984"}],"curies":[{"name":"wp","href":"https:\/\/api.w.org\/{rel}","templated":true}]}}