{"id":17992,"date":"2020-09-29T11:16:54","date_gmt":"2020-09-29T10:16:54","guid":{"rendered":"https:\/\/neocatechumenaleiter.org\/paroles-de-papes\/st-jean-paul-ii\/audience-privee-pour-lenvoi-des-premieres-familles-pour-la-nouvelle-evangelisation-15-janvier-1986\/"},"modified":"2020-09-29T11:16:55","modified_gmt":"2020-09-29T10:16:55","slug":"audience-privee-pour-lenvoi-des-premieres-familles-pour-la-nouvelle-evangelisation-15-janvier-1986","status":"publish","type":"page","link":"https:\/\/neocatechumenaleiter.org\/fr\/paroles-de-papes\/st-jean-paul-ii\/audience-privee-pour-lenvoi-des-premieres-familles-pour-la-nouvelle-evangelisation-15-janvier-1986\/","title":{"rendered":"Audience priv\u00e9e pour l&rsquo;envoi des premi\u00e8res familles pour la \u00ab\u00a0Nouvelle Evang\u00e9lisation\u00a0\u00bb 15 janvier 1986"},"content":{"rendered":"\n<h1 class=\"has-text-align-center wp-block-heading\">Audience priv\u00e9e pour l&rsquo;envoi des premi\u00e8res familles pour la \u00ab\u00a0Nouvelle Evang\u00e9lisation\u00a0\u00bb 15 janvier 1986<\/h1>\n\n<div style=\"height:20px\" aria-hidden=\"true\" class=\"wp-block-spacer\"><\/div>\n\n<h4 class=\"has-text-align-center wp-block-heading\">Saint Jean-Paul II<\/h4>\n\n<div style=\"height:20px\" aria-hidden=\"true\" class=\"wp-block-spacer\"><\/div>\n\n<p><strong>Cit\u00e9 du Vatican, 15 janvier 1986<\/strong><\/p>\n\n<p><em>Au cours d\u2019une audience priv\u00e9e, le Saint P\u00e8re a envoy\u00e9 aux villes de Oulu (Finlande), Hambourg et Strasbourg, les premi\u00e8res familles destin\u00e9es \u00e0 ouvrir la route \u00e0 une nouvelle forme d\u2019\u00e9vang\u00e9lisation des lointains. <br \/><br \/>&#013;\nCes familles partent avec leurs enfants et rejoignent les quartiers o\u00f9 elles sont destin\u00e9es, y cherchant logement, travail, \u00e9cole. Partageant ainsi les conditions de vie de ceux qui y habitent, elles donneront un t\u00e9moignage de J\u00e9sus Christ qu\u2019elles ont rencontr\u00e9, d\u00e9couvrant en Lui l\u2019unique capable de donner un sens et une pl\u00e9nitude \u00e0 leur vie. Elles partent accompagn\u00e9es d\u2019un pr\u00eatre et d\u2019un gar\u00e7on qui collaborent avec elles en vue d\u2019une v\u00e9ritable \u00ab implantatio Ecclesiae \u00bb. &#013;\n<\/em><\/p>\n\n<div class=\"wp-block-image\"><figure class=\"aligncenter size-large\"><img loading=\"lazy\" decoding=\"async\" width=\"494\" height=\"345\" src=\"https:\/\/neocatechumenaleiter.org\/wp-content\/uploads\/2020\/03\/Camino_Neocatecumenal_Juan_Pablo_II_audiencia_privada_famlias_en_mision_1986.jpg\" alt=\"\" class=\"wp-image-1919\" srcset=\"https:\/\/neocatechumenaleiter.org\/wp-content\/uploads\/2020\/03\/Camino_Neocatecumenal_Juan_Pablo_II_audiencia_privada_famlias_en_mision_1986.jpg 494w, https:\/\/neocatechumenaleiter.org\/wp-content\/uploads\/2020\/03\/Camino_Neocatecumenal_Juan_Pablo_II_audiencia_privada_famlias_en_mision_1986-300x210.jpg 300w\" sizes=\"auto, (max-width: 494px) 100vw, 494px\" \/><\/figure><\/div>\n","protected":false},"excerpt":{"rendered":"<p>Audience priv\u00e9e pour l&rsquo;envoi des premi\u00e8res familles pour la \u00ab\u00a0Nouvelle Evang\u00e9lisation\u00a0\u00bb 15 janvier 1986 Saint Jean-Paul II Cit\u00e9 du Vatican, 15 janvier 1986 Au cours d\u2019une audience priv\u00e9e, le Saint P\u00e8re a envoy\u00e9 aux villes de Oulu (Finlande), Hambourg et Strasbourg, les premi\u00e8res familles destin\u00e9es \u00e0 ouvrir la route \u00e0 une nouvelle forme d\u2019\u00e9vang\u00e9lisation des lointains. &#013; Ces familles partent avec leurs enfants et rejoignent les quartiers o\u00f9 elles sont<\/p>\n<div class=\"read-more\"><a class=\"btn read-more-btn\" href=\"https:\/\/neocatechumenaleiter.org\/fr\/paroles-de-papes\/st-jean-paul-ii\/audience-privee-pour-lenvoi-des-premieres-familles-pour-la-nouvelle-evangelisation-15-janvier-1986\/\">En savoir plus<\/a><\/div>\n","protected":false},"author":2,"featured_media":0,"parent":5064,"menu_order":34,"comment_status":"closed","ping_status":"closed","template":"","meta":{"footnotes":""},"class_list":["post-17992","page","type-page","status-publish","hentry"],"_links":{"self":[{"href":"https:\/\/neocatechumenaleiter.org\/fr\/wp-json\/wp\/v2\/pages\/17992","targetHints":{"allow":["GET"]}}],"collection":[{"href":"https:\/\/neocatechumenaleiter.org\/fr\/wp-json\/wp\/v2\/pages"}],"about":[{"href":"https:\/\/neocatechumenaleiter.org\/fr\/wp-json\/wp\/v2\/types\/page"}],"author":[{"embeddable":true,"href":"https:\/\/neocatechumenaleiter.org\/fr\/wp-json\/wp\/v2\/users\/2"}],"replies":[{"embeddable":true,"href":"https:\/\/neocatechumenaleiter.org\/fr\/wp-json\/wp\/v2\/comments?post=17992"}],"version-history":[{"count":1,"href":"https:\/\/neocatechumenaleiter.org\/fr\/wp-json\/wp\/v2\/pages\/17992\/revisions"}],"predecessor-version":[{"id":17993,"href":"https:\/\/neocatechumenaleiter.org\/fr\/wp-json\/wp\/v2\/pages\/17992\/revisions\/17993"}],"up":[{"embeddable":true,"href":"https:\/\/neocatechumenaleiter.org\/fr\/wp-json\/wp\/v2\/pages\/5064"}],"wp:attachment":[{"href":"https:\/\/neocatechumenaleiter.org\/fr\/wp-json\/wp\/v2\/media?parent=17992"}],"curies":[{"name":"wp","href":"https:\/\/api.w.org\/{rel}","templated":true}]}}