{"id":18193,"date":"2020-10-06T17:10:39","date_gmt":"2020-10-06T16:10:39","guid":{"rendered":"https:\/\/neocatechumenaleiter.org\/paroles-de-papes\/st-jean-paul-ii\/visite-a-la-paroisse-sainte-anne-a-casal-morena-2-decembre-1984\/"},"modified":"2020-10-06T17:10:39","modified_gmt":"2020-10-06T16:10:39","slug":"visite-a-la-paroisse-sainte-anne-a-casal-morena-2-decembre-1984","status":"publish","type":"page","link":"https:\/\/neocatechumenaleiter.org\/fr\/paroles-de-papes\/st-jean-paul-ii\/visite-a-la-paroisse-sainte-anne-a-casal-morena-2-decembre-1984\/","title":{"rendered":"Visite \u00e0 la paroisse Sainte Anne \u00e0 Casal Morena 2 d\u00e9cembre 1984"},"content":{"rendered":"\n<h1 class=\"has-text-align-center wp-block-heading\">Visite \u00e0 la paroisse Sainte Anne \u00e0 Casal Morena 2 d\u00e9cembre 1984<\/h1>\n\n<div style=\"height:20px\" aria-hidden=\"true\" class=\"wp-block-spacer\"><\/div>\n\n<h4 class=\"has-text-align-center wp-block-heading\">Saint Jean-Paul II<\/h4>\n\n<div style=\"height:20px\" aria-hidden=\"true\" class=\"wp-block-spacer\"><\/div>\n\n<p><strong>Rome, 2 d\u00e9cembre 1984 *<\/strong><\/p>\n\n<p><em>Les N\u00e9ocat\u00e9chum\u00e8nes, au nombre de cent dix, pr\u00e9sents avec toutes leurs familles, ont \u00e9t\u00e9 les premiers \u00e0 rencontrer Jean Paul II. Ils l\u2019ont accueilli dans la salle qui normalement sert pour c\u00e9l\u00e9brer la Messe, avec leur style joyeux, chantant, et rythmant leur chant en tapant des mains.<br \/><br \/>&#013;\nUne v\u00e9ritable gr\u00e2ce pour notre paroisse, a dit d\u2019eux Don Amedeo et il l\u2019a r\u00e9p\u00e9t\u00e9 au Pape en lui pr\u00e9sentant ceux qui sont en communaut\u00e9 depuis le premier moment, \u00e0 l\u2019\u00e9poque o\u00f9 il n\u2019y avait encore qu\u2019une petite chapelle o\u00f9 entraient \u00e0 peine cent personnes. Ils ont su transmettre, tout particuli\u00e8rement aux jeunes qui se pr\u00e9paraient aux sacrements de l\u2019initiation chr\u00e9tienne, leur esprit d\u2019\u00e9coute et de confrontation avec la Parole de Dieu. <br \/><br \/>&#013;\nAvec eux, a dit Don Amedeo, nous avons v\u00e9cu la premi\u00e8re pauvret\u00e9 : celle de n\u2019avoir, \u00e0 l\u2019\u00e9poque, pas d\u2019endroit pour nous rassembler. Avec eux, nous avons v\u00e9cu la deuxi\u00e8me pauvret\u00e9 : celle de notre c\u0153ur si peu nourri de l\u2019esprit du Christ comme nous l\u2019avons d\u00e9couvert \u00e0 travers sa Parole. Avec eux, nous vivons cette troisi\u00e8me pauvret\u00e9 : celle qui est devenue notre attitude face \u00e0 la Gr\u00e2ce qui nous est prodigu\u00e9e chaque jour et que nous voulons conserver comme la vraie  richesse du c\u0153ur. <br \/><br \/>&#013;\nLe Pape, apr\u00e8s qu\u2019un repr\u00e9sentant des trois communaut\u00e9s lui eut bri\u00e8vement expos\u00e9 les \u00e9tapes du Chemin d\u00e9j\u00e0 parcourues, a adress\u00e9 \u00e0 ceux qui \u00e9taient pr\u00e9sents les paroles suivantes : <\/em>&#013;\n<\/p>\n\n<div class=\"wp-block-image\"><figure class=\"alignleft size-medium\"><img loading=\"lazy\" decoding=\"async\" width=\"300\" height=\"242\" src=\"https:\/\/neocatechumenaleiter.org\/wp-content\/uploads\/2020\/03\/Camino_Neocatecumenal_Juan_Pablo_II_visita_parroquia_Santa_Ana_1984-300x242.jpg\" alt=\"\" class=\"wp-image-1854\" srcset=\"https:\/\/neocatechumenaleiter.org\/wp-content\/uploads\/2020\/03\/Camino_Neocatecumenal_Juan_Pablo_II_visita_parroquia_Santa_Ana_1984-300x242.jpg 300w, https:\/\/neocatechumenaleiter.org\/wp-content\/uploads\/2020\/03\/Camino_Neocatecumenal_Juan_Pablo_II_visita_parroquia_Santa_Ana_1984.jpg 697w\" sizes=\"auto, (max-width: 300px) 100vw, 300px\" \/><\/figure><\/div>\n\n<p>Vous avez tr\u00e8s bien pr\u00e9sent\u00e9 ce qu\u2019est votre communaut\u00e9 dans cette paroisse. En premier lieu le cur\u00e9, puis vous, par l\u2019interm\u00e9diaire de votre repr\u00e9sentant. Je vois que cette paroisse est en train de \u00ab se construire \u00bb dans le sens d\u2019un \u00e9difice, d\u2019un ensemble mat\u00e9riel, mais nous savons bien que <strong>la paroisse se construit surtout sur la foi, sur le Bapt\u00eame qui nous pr\u00e9pare \u00e0 l\u2019Eucharistie<\/strong> : c\u2019est cela la construction spirituelle. Le Bapt\u00eame veut dire aussi Cat\u00e9chum\u00e9nat et N\u00e9ocat\u00e9chum\u00e9nat signifie qu\u2019on doit toujours retourner \u00e0 ce Chemin qui autrefois pr\u00e9parait nos anc\u00eatres, les premiers chr\u00e9tiens, au Bapt\u00eame, pour devenir enfants de Dieu, pour devenir coh\u00e9ritiers du Christ. <br \/><br \/>&#013;\nVoil\u00e0, le n\u00e9ocat\u00e9chum\u00e9nat comme r\u00e9alit\u00e9 temporelle, est une communaut\u00e9 qui retrouve dans la paroisse la nouveaut\u00e9 de la vie chr\u00e9tienne, sa <strong>fra\u00eecheur<\/strong>, son <strong>originalit\u00e9<\/strong>, parce que c\u2019est la vie dans son sens plein, la vie divine. C\u2019est la vie qui se projette devant nous pour toute l\u2019\u00e9ternit\u00e9, et non pas seulement la vie de ces ann\u00e9es ici sur la terre. Vie avec Dieu, vie comme enfants de Dieu, anim\u00e9s par le Fils unique de Dieu qui est la Parole, le Verbe, incarn\u00e9 et n\u00e9 de la Vierge Marie : J\u00e9sus Christ.  <br \/><br \/>&#013;\nJe vous souhaite d\u2019\u00eatre du bon levain de la nouvelle vie chr\u00e9tienne dans cette communaut\u00e9 de Sainte Anne.&#013;\n<\/p>\n\n<p>Je vous b\u00e9nis de tout c\u0153ur. &#013;\n<br \/><br \/><em>&#013;\n(*) Cf. \u00ab L&rsquo;Osservatore Romano \u00bb, 3-4 d\u00e9cembre 1984<\/em>&#013;\n<\/p>\n","protected":false},"excerpt":{"rendered":"<p>Visite \u00e0 la paroisse Sainte Anne \u00e0 Casal Morena 2 d\u00e9cembre 1984 Saint Jean-Paul II Rome, 2 d\u00e9cembre 1984 * Les N\u00e9ocat\u00e9chum\u00e8nes, au nombre de cent dix, pr\u00e9sents avec toutes leurs familles, ont \u00e9t\u00e9 les premiers \u00e0 rencontrer Jean Paul II. Ils l\u2019ont accueilli dans la salle qui normalement sert pour c\u00e9l\u00e9brer la Messe, avec leur style joyeux, chantant, et rythmant leur chant en tapant des mains. &#013; Une v\u00e9ritable<\/p>\n<div class=\"read-more\"><a class=\"btn read-more-btn\" href=\"https:\/\/neocatechumenaleiter.org\/fr\/paroles-de-papes\/st-jean-paul-ii\/visite-a-la-paroisse-sainte-anne-a-casal-morena-2-decembre-1984\/\">En savoir plus<\/a><\/div>\n","protected":false},"author":2,"featured_media":0,"parent":5064,"menu_order":30,"comment_status":"closed","ping_status":"closed","template":"","meta":{"footnotes":""},"class_list":["post-18193","page","type-page","status-publish","hentry"],"_links":{"self":[{"href":"https:\/\/neocatechumenaleiter.org\/fr\/wp-json\/wp\/v2\/pages\/18193","targetHints":{"allow":["GET"]}}],"collection":[{"href":"https:\/\/neocatechumenaleiter.org\/fr\/wp-json\/wp\/v2\/pages"}],"about":[{"href":"https:\/\/neocatechumenaleiter.org\/fr\/wp-json\/wp\/v2\/types\/page"}],"author":[{"embeddable":true,"href":"https:\/\/neocatechumenaleiter.org\/fr\/wp-json\/wp\/v2\/users\/2"}],"replies":[{"embeddable":true,"href":"https:\/\/neocatechumenaleiter.org\/fr\/wp-json\/wp\/v2\/comments?post=18193"}],"version-history":[{"count":1,"href":"https:\/\/neocatechumenaleiter.org\/fr\/wp-json\/wp\/v2\/pages\/18193\/revisions"}],"predecessor-version":[{"id":18194,"href":"https:\/\/neocatechumenaleiter.org\/fr\/wp-json\/wp\/v2\/pages\/18193\/revisions\/18194"}],"up":[{"embeddable":true,"href":"https:\/\/neocatechumenaleiter.org\/fr\/wp-json\/wp\/v2\/pages\/5064"}],"wp:attachment":[{"href":"https:\/\/neocatechumenaleiter.org\/fr\/wp-json\/wp\/v2\/media?parent=18193"}],"curies":[{"name":"wp","href":"https:\/\/api.w.org\/{rel}","templated":true}]}}