{"id":18195,"date":"2020-10-06T17:17:43","date_gmt":"2020-10-06T16:17:43","guid":{"rendered":"https:\/\/neocatechumenaleiter.org\/paroles-de-papes\/st-jean-paul-ii\/visite-a-la-paroisse-de-la-gran-madre-di-dio-11-novembre-1984\/"},"modified":"2020-10-06T17:17:44","modified_gmt":"2020-10-06T16:17:44","slug":"visite-a-la-paroisse-de-la-gran-madre-di-dio-11-novembre-1984","status":"publish","type":"page","link":"https:\/\/neocatechumenaleiter.org\/fr\/paroles-de-papes\/st-jean-paul-ii\/visite-a-la-paroisse-de-la-gran-madre-di-dio-11-novembre-1984\/","title":{"rendered":"Visite \u00e0 la paroisse de la Gran Madre di Dio 11 novembre 1984"},"content":{"rendered":"\n<h1 class=\"has-text-align-center wp-block-heading\">Visite \u00e0 la paroisse de la Gran Madre di Dio 11 novembre 1984<\/h1>\n\n<div style=\"height:20px\" aria-hidden=\"true\" class=\"wp-block-spacer\"><\/div>\n\n<h4 class=\"has-text-align-center wp-block-heading\">Saint Jean-Paul II<\/h4>\n\n<div style=\"height:20px\" aria-hidden=\"true\" class=\"wp-block-spacer\"><\/div>\n\n<p><strong>Rome, 11 novembre 1984 *<\/strong><\/p>\n\n<p><em>Dans l\u2019\u00e9glise paroissiale, le Saint P\u00e8re a rencontr\u00e9 les membres des quatre Communaut\u00e9s N\u00e9ocat\u00e9chum\u00e9nales \u2013 au total environ cent trente personnes \u2013 qui se trouvent dans la paroisse. \u00c0 ceux qui \u00e9taient pr\u00e9sents, ainsi qu\u2019\u00e0 leurs familles r\u00e9unies au complet, Jean-Paul II a adress\u00e9 ces paroles : <\/em><\/p>\n\n<p>Dans votre itin\u00e9raire de foi, vous avez fait deux d\u00e9couvertes : la premi\u00e8re est celle du Bapt\u00eame, car le mot \u00ab N\u00e9ocat\u00e9chum\u00e9nal \u00bb se r\u00e9f\u00e8re \u00e0 ce sacrement dans lequel se cache la profondeur de la vie divine que nous offre le P\u00e8re avec le Christ dans l\u2019Esprit Saint. La deuxi\u00e8me d\u00e9couverte est celle du courage de la vie. <br \/><br \/>&#013;\nLa foi doit \u00eatre confess\u00e9e, manifest\u00e9e, elle doit \u00eatre port\u00e9e aux autres, port\u00e9e au monde. Vous avez ce courage de la foi qui, tr\u00e8s souvent,  manque aux chr\u00e9tiens, ainsi qu\u2019aux baptis\u00e9s. C\u2019est vraiment une carence de la vie chr\u00e9tienne d\u2019aujourd\u2019hui. Vous avez ce <strong>charisme du courage de la manifestation de la foi<\/strong>. &#013;\n<br \/><br \/>&#013;\nJe vous souhaite de faire un bon travail dans l&rsquo;approfondissement de ce charisme et un bon travail apostolique dans la paroisse de la Gran Madre di Dio. Je vous souhaite de trouver beaucoup de joie dans cette vocation, beaucoup de joie dans vos familles, beaucoup de joie dans vos enfants que vous aimez particuli\u00e8rement et auxquels vous donnez toute la vie. Puissiez-vous recevoir un grand r\u00e9confort de la part de ces enfants : ils sont l\u2019esp\u00e9rance de la g\u00e9n\u00e9ration qui les pr\u00e9c\u00e8de. <br \/><br \/>&#013;\nAvec ce souhait, je vous b\u00e9nis de tout c\u0153ur ainsi que ceux qui vous sont proches et toutes les personnes auxquelles vous conduira votre apostolat itin\u00e9rant. &#013;\n<br \/><br \/><em>&#013;\n(*) Cf. \u00ab L&rsquo;Osservatore Romano \u00bb, 12-13 avril 1984<\/em>&#013;\n<\/p>\n","protected":false},"excerpt":{"rendered":"<p>Visite \u00e0 la paroisse de la Gran Madre di Dio 11 novembre 1984 Saint Jean-Paul II Rome, 11 novembre 1984 * Dans l\u2019\u00e9glise paroissiale, le Saint P\u00e8re a rencontr\u00e9 les membres des quatre Communaut\u00e9s N\u00e9ocat\u00e9chum\u00e9nales \u2013 au total environ cent trente personnes \u2013 qui se trouvent dans la paroisse. \u00c0 ceux qui \u00e9taient pr\u00e9sents, ainsi qu\u2019\u00e0 leurs familles r\u00e9unies au complet, Jean-Paul II a adress\u00e9 ces paroles : Dans votre<\/p>\n<div class=\"read-more\"><a class=\"btn read-more-btn\" href=\"https:\/\/neocatechumenaleiter.org\/fr\/paroles-de-papes\/st-jean-paul-ii\/visite-a-la-paroisse-de-la-gran-madre-di-dio-11-novembre-1984\/\">En savoir plus<\/a><\/div>\n","protected":false},"author":2,"featured_media":0,"parent":5064,"menu_order":29,"comment_status":"closed","ping_status":"closed","template":"","meta":{"footnotes":""},"class_list":["post-18195","page","type-page","status-publish","hentry"],"_links":{"self":[{"href":"https:\/\/neocatechumenaleiter.org\/fr\/wp-json\/wp\/v2\/pages\/18195","targetHints":{"allow":["GET"]}}],"collection":[{"href":"https:\/\/neocatechumenaleiter.org\/fr\/wp-json\/wp\/v2\/pages"}],"about":[{"href":"https:\/\/neocatechumenaleiter.org\/fr\/wp-json\/wp\/v2\/types\/page"}],"author":[{"embeddable":true,"href":"https:\/\/neocatechumenaleiter.org\/fr\/wp-json\/wp\/v2\/users\/2"}],"replies":[{"embeddable":true,"href":"https:\/\/neocatechumenaleiter.org\/fr\/wp-json\/wp\/v2\/comments?post=18195"}],"version-history":[{"count":1,"href":"https:\/\/neocatechumenaleiter.org\/fr\/wp-json\/wp\/v2\/pages\/18195\/revisions"}],"predecessor-version":[{"id":18196,"href":"https:\/\/neocatechumenaleiter.org\/fr\/wp-json\/wp\/v2\/pages\/18195\/revisions\/18196"}],"up":[{"embeddable":true,"href":"https:\/\/neocatechumenaleiter.org\/fr\/wp-json\/wp\/v2\/pages\/5064"}],"wp:attachment":[{"href":"https:\/\/neocatechumenaleiter.org\/fr\/wp-json\/wp\/v2\/media?parent=18195"}],"curies":[{"name":"wp","href":"https:\/\/api.w.org\/{rel}","templated":true}]}}