{"id":18212,"date":"2020-10-07T14:40:51","date_gmt":"2020-10-07T13:40:51","guid":{"rendered":""},"modified":"2020-10-07T14:42:27","modified_gmt":"2020-10-07T13:42:27","slug":"veillee-pascale-place-saint-pierre-renovation-solennelle-des-promesses-baptismales-de-la-premiere-communaute-de-sainte-francoise-cabrini-a-la-fin-de-litineraire-neocatechumenal-21-avril-1984","status":"publish","type":"page","link":"https:\/\/neocatechumenaleiter.org\/fr\/paroles-de-papes\/st-jean-paul-ii\/veillee-pascale-place-saint-pierre-renovation-solennelle-des-promesses-baptismales-de-la-premiere-communaute-de-sainte-francoise-cabrini-a-la-fin-de-litineraire-neocatechumenal-21-avril-1984\/","title":{"rendered":"Veill\u00e9e pascale place Saint-Pierre : R\u00e9novation solennelle des promesses baptismales de la premi\u00e8re Communaut\u00e9 de Sainte Fran\u00e7oise Cabrini \u00e0 la fin de l&rsquo;itin\u00e9raire n\u00e9ocat\u00e9chum\u00e9nal 21 avril 1984"},"content":{"rendered":"\n<h1 class=\"has-text-align-center wp-block-heading\">Veill\u00e9e pascale place Saint-Pierre : R\u00e9novation solennelle des promesses baptismales de la premi\u00e8re Communaut\u00e9 de Sainte Fran\u00e7oise Cabrini \u00e0 la fin de l&rsquo;itin\u00e9raire n\u00e9ocat\u00e9chum\u00e9nal 21 avril 1984<\/h1>\n\n<div style=\"height:20px\" aria-hidden=\"true\" class=\"wp-block-spacer\"><\/div>\n\n<h4 class=\"has-text-align-center wp-block-heading\">Saint Jean-Paul II<\/h4>\n\n<div style=\"height:20px\" aria-hidden=\"true\" class=\"wp-block-spacer\"><\/div>\n\n<p><strong>Place Saint Pierre, 21 avril 1984 *<\/strong><\/p>\n\n<p><em>Apr\u00e8s les lectures et l\u2019hom\u00e9lie prononc\u00e9e par le Pape, a eu lieu le rite de la b\u00e9n\u00e9diction de l\u2019eau et celui du Bapt\u00eame pour 29 cat\u00e9chum\u00e8nes de diff\u00e9rents pays.     L\u2019enti\u00e8re communaut\u00e9 des fid\u00e8les a \u00e9t\u00e9 appel\u00e9e \u00e0 renouveler et reconfirmer, elle aussi, sa propre foi, au moment o\u00f9 ces nouveaux fr\u00e8res s\u2019avan\u00e7aient vers l\u2019autel pour recevoir les sacrements de l\u2019initiation chr\u00e9tienne. &#013;\n<br \/><br \/>&#013;\nAu premier rang du ch\u0153ur, se trouvaient \u00e9galement, pour renouveler les promesses de leur bapt\u00eame, 100 membres des Communaut\u00e9s N\u00e9ocat\u00e9chum\u00e9nales de la paroisse Sainte Fran\u00e7oise Cabrini, v\u00eatus de tuniques blanches, accompagn\u00e9s de Kiko Arg\u00fcello et Carmen Hern\u00e1ndez. &#013;\n<br \/><br \/>&#013;\n(*) Cf. \u00ab L&rsquo;Osservatore Romano \u00bb, 24-25 avril 1984.<\/em>&#013;\n<\/p>\n\n<figure class=\"wp-block-gallery aligncenter columns-2 is-cropped wp-block-gallery-1 is-layout-flex wp-block-gallery-is-layout-flex\"><ul class=\"blocks-gallery-grid\"><li class=\"blocks-gallery-item\"><figure><img loading=\"lazy\" decoding=\"async\" width=\"366\" height=\"157\" src=\"https:\/\/neocatechumenaleiter.org\/wp-content\/uploads\/2020\/03\/Camino_Neocatecumenal_Juan_Pablo_II_vigilia_pascual_hermanos_vestidura_blanca_19842.jpg\" alt=\"\" data-id=\"1815\" data-full-url=\"https:\/\/neocatechumenaleiter.org\/wp-content\/uploads\/2020\/03\/Camino_Neocatecumenal_Juan_Pablo_II_vigilia_pascual_hermanos_vestidura_blanca_19842.jpg\" data-link=\"https:\/\/neocatechumenaleiter.org\/?attachment_id=1815\" class=\"wp-image-1817\" srcset=\"https:\/\/neocatechumenaleiter.org\/wp-content\/uploads\/2020\/03\/Camino_Neocatecumenal_Juan_Pablo_II_vigilia_pascual_hermanos_vestidura_blanca_19842.jpg 366w, https:\/\/neocatechumenaleiter.org\/wp-content\/uploads\/2020\/03\/Camino_Neocatecumenal_Juan_Pablo_II_vigilia_pascual_hermanos_vestidura_blanca_19842-300x129.jpg 300w\" sizes=\"auto, (max-width: 366px) 100vw, 366px\" \/><\/figure><\/li><li class=\"blocks-gallery-item\"><figure><img loading=\"lazy\" decoding=\"async\" width=\"362\" height=\"158\" src=\"https:\/\/neocatechumenaleiter.org\/wp-content\/uploads\/2020\/03\/Camino_Neocatecumenal_Juan_Pablo_II_vigilia_pascual_hermanos_vestidura_blanca_1984.jpg\" alt=\"\" data-id=\"1822\" data-full-url=\"https:\/\/neocatechumenaleiter.org\/wp-content\/uploads\/2020\/03\/Camino_Neocatecumenal_Juan_Pablo_II_vigilia_pascual_hermanos_vestidura_blanca_1984.jpg\" data-link=\"https:\/\/neocatechumenaleiter.org\/?attachment_id=1822\" class=\"wp-image-1824\" srcset=\"https:\/\/neocatechumenaleiter.org\/wp-content\/uploads\/2020\/03\/Camino_Neocatecumenal_Juan_Pablo_II_vigilia_pascual_hermanos_vestidura_blanca_1984.jpg 362w, https:\/\/neocatechumenaleiter.org\/wp-content\/uploads\/2020\/03\/Camino_Neocatecumenal_Juan_Pablo_II_vigilia_pascual_hermanos_vestidura_blanca_1984-300x131.jpg 300w\" sizes=\"auto, (max-width: 362px) 100vw, 362px\" \/><\/figure><\/li><\/ul><\/figure>","protected":false},"excerpt":{"rendered":"<p>Veill\u00e9e pascale place Saint-Pierre : R\u00e9novation solennelle des promesses baptismales de la premi\u00e8re Communaut\u00e9 de Sainte Fran\u00e7oise Cabrini \u00e0 la fin de l&rsquo;itin\u00e9raire n\u00e9ocat\u00e9chum\u00e9nal 21 avril 1984 Saint Jean-Paul II Place Saint Pierre, 21 avril 1984 * Apr\u00e8s les lectures et l\u2019hom\u00e9lie prononc\u00e9e par le Pape, a eu lieu le rite de la b\u00e9n\u00e9diction de l\u2019eau et celui du Bapt\u00eame pour 29 cat\u00e9chum\u00e8nes de diff\u00e9rents pays. L\u2019enti\u00e8re communaut\u00e9 des fid\u00e8les<\/p>\n<div class=\"read-more\"><a class=\"btn read-more-btn\" href=\"https:\/\/neocatechumenaleiter.org\/fr\/paroles-de-papes\/st-jean-paul-ii\/veillee-pascale-place-saint-pierre-renovation-solennelle-des-promesses-baptismales-de-la-premiere-communaute-de-sainte-francoise-cabrini-a-la-fin-de-litineraire-neocatechumenal-21-avril-1984\/\">En savoir plus<\/a><\/div>\n","protected":false},"author":2,"featured_media":0,"parent":5064,"menu_order":27,"comment_status":"closed","ping_status":"closed","template":"","meta":{"footnotes":""},"class_list":["post-18212","page","type-page","status-publish","hentry"],"_links":{"self":[{"href":"https:\/\/neocatechumenaleiter.org\/fr\/wp-json\/wp\/v2\/pages\/18212","targetHints":{"allow":["GET"]}}],"collection":[{"href":"https:\/\/neocatechumenaleiter.org\/fr\/wp-json\/wp\/v2\/pages"}],"about":[{"href":"https:\/\/neocatechumenaleiter.org\/fr\/wp-json\/wp\/v2\/types\/page"}],"author":[{"embeddable":true,"href":"https:\/\/neocatechumenaleiter.org\/fr\/wp-json\/wp\/v2\/users\/2"}],"replies":[{"embeddable":true,"href":"https:\/\/neocatechumenaleiter.org\/fr\/wp-json\/wp\/v2\/comments?post=18212"}],"version-history":[{"count":5,"href":"https:\/\/neocatechumenaleiter.org\/fr\/wp-json\/wp\/v2\/pages\/18212\/revisions"}],"predecessor-version":[{"id":18217,"href":"https:\/\/neocatechumenaleiter.org\/fr\/wp-json\/wp\/v2\/pages\/18212\/revisions\/18217"}],"up":[{"embeddable":true,"href":"https:\/\/neocatechumenaleiter.org\/fr\/wp-json\/wp\/v2\/pages\/5064"}],"wp:attachment":[{"href":"https:\/\/neocatechumenaleiter.org\/fr\/wp-json\/wp\/v2\/media?parent=18212"}],"curies":[{"name":"wp","href":"https:\/\/api.w.org\/{rel}","templated":true}]}}