{"id":18218,"date":"2020-10-07T14:55:01","date_gmt":"2020-10-07T13:55:01","guid":{"rendered":"https:\/\/neocatechumenaleiter.org\/paroles-de-papes\/st-jean-paul-ii\/visite-a-la-paroisse-sainte-rita-a-tor-bella-monica-22-janvier-1984\/"},"modified":"2020-11-30T10:18:45","modified_gmt":"2020-11-30T09:18:45","slug":"visite-a-la-paroisse-sainte-rita-a-tor-bella-monica-22-janvier-1984","status":"publish","type":"page","link":"https:\/\/neocatechumenaleiter.org\/fr\/paroles-de-papes\/st-jean-paul-ii\/visite-a-la-paroisse-sainte-rita-a-tor-bella-monica-22-janvier-1984\/","title":{"rendered":"Visite \u00e0 la paroisse Sainte Rita \u00e0 Tor Bella Monica 22 janvier 1984"},"content":{"rendered":"\n<h1 class=\"has-text-align-center wp-block-heading\">Visite \u00e0 la paroisse Sainte Rita \u00e0 Tor Bella Monica 22 janvier 1984<\/h1>\n\n<div style=\"height:20px\" aria-hidden=\"true\" class=\"wp-block-spacer\"><\/div>\n\n<h4 class=\"has-text-align-center wp-block-heading\">Saint Jean-Paul II<\/h4>\n\n<div style=\"height:20px\" aria-hidden=\"true\" class=\"wp-block-spacer\"><\/div>\n\n<div class=\"wp-block-image\"><figure class=\"alignleft size-large\"><img loading=\"lazy\" decoding=\"async\" width=\"700\" height=\"558\" src=\"https:\/\/neocatechumenaleiter.org\/wp-content\/uploads\/2020\/03\/Camino_Neocatecumenal_Juan_Pablo_II_visita_parroquia_Santa_Rita_1984.jpg\" alt=\"\" class=\"wp-image-1785\" srcset=\"https:\/\/neocatechumenaleiter.org\/wp-content\/uploads\/2020\/03\/Camino_Neocatecumenal_Juan_Pablo_II_visita_parroquia_Santa_Rita_1984.jpg 700w, https:\/\/neocatechumenaleiter.org\/wp-content\/uploads\/2020\/03\/Camino_Neocatecumenal_Juan_Pablo_II_visita_parroquia_Santa_Rita_1984-300x239.jpg 300w\" sizes=\"auto, (max-width: 700px) 100vw, 700px\" \/><\/figure><\/div>\n\n<p><strong>Rome, 22 janvier 1984 *<\/strong><\/p>\n\n<p><em>Le P\u00e8re Giuseppe a pr\u00e9sent\u00e9 au Saint P\u00e8re l\u2019histoire de la Communaut\u00e9 : une vie de pri\u00e8re, de cat\u00e9ch\u00e8se, d\u2019approfondissement de l\u2019\u00c9criture, pour une meilleure pr\u00e9paration \u00e0 la mission d\u2019\u00e9vang\u00e9lisation. <br \/><br \/>&#013;\nUn jeune repr\u00e9sentant de la Communaut\u00e9 N\u00e9ocat\u00e9chum\u00e9nale, mari\u00e9 et p\u00e8re de trois enfants, a voulu ensuite t\u00e9moigner et dire combien la d\u00e9couverte de l\u2019\u00c9glise-M\u00e8re avait co\u00efncid\u00e9 avec sa conversion personnelle. \u00ab Avant, a-t-il ajout\u00e9, je vivais dans une profonde indiff\u00e9rence religieuse et dans un grand relativisme moral. Mais le Seigneur a eu mis\u00e9ricorde de moi. \u00bb   &#013;\n<br \/><br \/>&#013;\nJean-Paul II a voulu souligner dans son discours comment : &#013;\n<\/em><\/p>\n\n<p>\u2026 le chemin de la foi ne peut jamais s\u2019arr\u00eater. Il ne peut pas s\u2019arr\u00eater avec le Bapt\u00eame, ni avec la Premi\u00e8re Communion, il ne peut pas s\u2019arr\u00eater avec la Confirmation, ni avec le Sacrement du Mariage. <strong>La foi doit toujours \u00eatre un chemin<\/strong>. Elle doit toujours \u00eatre une red\u00e9couverte. \u00c0 travers elle et ses merveilles, nous puisons, en un certain sens, \u00e0 la r\u00e9alit\u00e9 de Dieu. Les N\u00e9ocat\u00e9chum\u00e8nes sont guid\u00e9s par cette id\u00e9e et s\u2019efforcent de cheminer, plus honn\u00eatement, dans la foi personnelle, dans la foi communautaire, dans la foi de l\u2019\u00c9glise.&#013;\n<br \/><br \/><em>&#013;\n(*) Cf. \u00ab L&rsquo;Osservatore Romano \u00bb, 23-24 janvier 1984. <\/em>&#013;\n<\/p>\n","protected":false},"excerpt":{"rendered":"<p>Visite \u00e0 la paroisse Sainte Rita \u00e0 Tor Bella Monica 22 janvier 1984 Saint Jean-Paul II Rome, 22 janvier 1984 * Le P\u00e8re Giuseppe a pr\u00e9sent\u00e9 au Saint P\u00e8re l\u2019histoire de la Communaut\u00e9 : une vie de pri\u00e8re, de cat\u00e9ch\u00e8se, d\u2019approfondissement de l\u2019\u00c9criture, pour une meilleure pr\u00e9paration \u00e0 la mission d\u2019\u00e9vang\u00e9lisation. &#013; Un jeune repr\u00e9sentant de la Communaut\u00e9 N\u00e9ocat\u00e9chum\u00e9nale, mari\u00e9 et p\u00e8re de trois enfants, a voulu ensuite t\u00e9moigner et<\/p>\n<div class=\"read-more\"><a class=\"btn read-more-btn\" href=\"https:\/\/neocatechumenaleiter.org\/fr\/paroles-de-papes\/st-jean-paul-ii\/visite-a-la-paroisse-sainte-rita-a-tor-bella-monica-22-janvier-1984\/\">En savoir plus<\/a><\/div>\n","protected":false},"author":2,"featured_media":0,"parent":5064,"menu_order":24,"comment_status":"closed","ping_status":"closed","template":"","meta":{"footnotes":""},"class_list":["post-18218","page","type-page","status-publish","hentry"],"_links":{"self":[{"href":"https:\/\/neocatechumenaleiter.org\/fr\/wp-json\/wp\/v2\/pages\/18218","targetHints":{"allow":["GET"]}}],"collection":[{"href":"https:\/\/neocatechumenaleiter.org\/fr\/wp-json\/wp\/v2\/pages"}],"about":[{"href":"https:\/\/neocatechumenaleiter.org\/fr\/wp-json\/wp\/v2\/types\/page"}],"author":[{"embeddable":true,"href":"https:\/\/neocatechumenaleiter.org\/fr\/wp-json\/wp\/v2\/users\/2"}],"replies":[{"embeddable":true,"href":"https:\/\/neocatechumenaleiter.org\/fr\/wp-json\/wp\/v2\/comments?post=18218"}],"version-history":[{"count":3,"href":"https:\/\/neocatechumenaleiter.org\/fr\/wp-json\/wp\/v2\/pages\/18218\/revisions"}],"predecessor-version":[{"id":19864,"href":"https:\/\/neocatechumenaleiter.org\/fr\/wp-json\/wp\/v2\/pages\/18218\/revisions\/19864"}],"up":[{"embeddable":true,"href":"https:\/\/neocatechumenaleiter.org\/fr\/wp-json\/wp\/v2\/pages\/5064"}],"wp:attachment":[{"href":"https:\/\/neocatechumenaleiter.org\/fr\/wp-json\/wp\/v2\/media?parent=18218"}],"curies":[{"name":"wp","href":"https:\/\/api.w.org\/{rel}","templated":true}]}}