{"id":18220,"date":"2020-10-07T15:07:24","date_gmt":"2020-10-07T14:07:24","guid":{"rendered":"https:\/\/neocatechumenaleiter.org\/paroles-de-papes\/st-jean-paul-ii\/visite-a-la-paroisse-de-sainte-marie-de-la-misericorde-1er-mai-1983\/"},"modified":"2020-10-07T15:08:12","modified_gmt":"2020-10-07T14:08:12","slug":"visite-a-la-paroisse-de-sainte-marie-de-la-misericorde-1er-mai-1983","status":"publish","type":"page","link":"https:\/\/neocatechumenaleiter.org\/fr\/paroles-de-papes\/st-jean-paul-ii\/visite-a-la-paroisse-de-sainte-marie-de-la-misericorde-1er-mai-1983\/","title":{"rendered":"Visite \u00e0 la paroisse de Sainte Marie de la Mis\u00e9ricorde 1er mai 1983"},"content":{"rendered":"\n<h1 class=\"has-text-align-center wp-block-heading\">Visite \u00e0 la paroisse de Sainte Marie de la Mis\u00e9ricorde 1er mai 1983<\/h1>\n\n<div style=\"height:20px\" aria-hidden=\"true\" class=\"wp-block-spacer\"><\/div>\n\n<h4 class=\"has-text-align-center wp-block-heading\">Saint Jean-Paul II<\/h4>\n\n<div style=\"height:20px\" aria-hidden=\"true\" class=\"wp-block-spacer\"><\/div>\n\n<p><strong>Rome, 1er mai 1983 *<\/strong><\/p>\n\n<p><em>Sortant de la salle du conseil pastoral, passant par l\u2019\u00c9glise et traversant la cour int\u00e9rieure, l\u00e0 o\u00f9 aurait d\u00fb se d\u00e9rouler la c\u00e9l\u00e9bration si les conditions m\u00e9t\u00e9orologiques l\u2019avaient permis, le Saint P\u00e8re a rejoint la petite \u00e9cole paroissiale o\u00f9 r\u00e9unis dans le r\u00e9fectoire l\u2019attendaient les membres des Communaut\u00e9s N\u00e9ocat\u00e9chum\u00e9nales de la paroisse. Jean-Paul II a \u00e9t\u00e9 accueilli, \u00e0 son entr\u00e9e dans le local, par l\u2019hymne \u00e0 la Vierge Marie, qui la premi\u00e8re a cru au Seigneur, un chant typique des Communaut\u00e9s N\u00e9ocat\u00e9chum\u00e9nales. <br \/><br \/>&#013;\nApr\u00e8s une br\u00e8ve pr\u00e9sentation \u00ab personnelle \u00bb de chacun au Saint-P\u00e8re, un des anciens de la communaut\u00e9 a adress\u00e9 au Pape le discours suivant :&#013;\n<\/em><\/p>\n\n<p>Tr\u00e8s Saint P\u00e8re, il y a quatre ans, a commenc\u00e9 dans cette paroisse le chemin de foi des Communaut\u00e9s N\u00e9ocat\u00e9chum\u00e9nales, pour red\u00e9couvrir la richesse du Bapt\u00eame que nous avons re\u00e7u tout petits. <br \/><br \/>&#013;\nLe Seigneur nous a envoy\u00e9 des personnes semblables \u00e0 nous, nos cat\u00e9chistes, pour nous porter l\u2019annonce de J\u00e9sus Christ Ressuscit\u00e9. C\u2019est elle qui nous a mis en chemin et fait, qu\u2019aujourd\u2019hui encore, nous sommes ensemble : pauvres et riches, ouvriers et cadres, jeunes et vieux, mari\u00e9s et c\u00e9libataires, des familles au complet\u2026 Nous avons vu qu\u2019il est possible de vivre unis, en communion et dans la joie, nous nourrissant de la Parole de Dieu et de l\u2019Eucharistie. <br \/><br \/>&#013;\nNous voyons aussi comment le Seigneur est en train de changer notre vie et nous donne la paix et l\u2019all\u00e9gresse chaque jour, en toute situation. Il remplit de dons notre communaut\u00e9 paroissiale : votre pr\u00e9sence au milieu de nous aujourd\u2019hui, pr\u00e9sence qui nous met en f\u00eate, est le premier de ces dons. Un autre don fut la formation d\u2019une communaut\u00e9 de 40 fr\u00e8res il y a un mois, qui nous a permis de voir comment l\u2019Esprit Saint peut agir \u00e0 travers des personnes aussi pauvres que nous. Ces fr\u00e8res sont en train de faire les premiers pas dans cette m\u00eame exp\u00e9rience que nous avons commenc\u00e9e nous il y a quatre ans. Personnellement, apr\u00e8s avoir \u00e9t\u00e9 durant quinze ans loin de l\u2019\u00c9glise, je m\u2019en suis rapproch\u00e9 ; j\u2019\u00e9tais \u00e0 la recherche d\u2019un sens pour ma vie. Dans ce chemin j\u2019ai d\u00e9couvert que seul J\u00e9sus Christ peut me donner ce sens. &#013;\n<\/p>\n\n<p><em>Puis un des cat\u00e9chistes adressa ces paroles au Pape :<\/em>&#013;\n<br \/><br \/>&#013;\nTr\u00e8s Saint P\u00e8re, c\u2019est avec grande joie que je vous pr\u00e9sente le groupe des cat\u00e9chistes de cette paroisse. <br \/><br \/>&#013;\nDepuis plusieurs ann\u00e9es, ob\u00e9issant aux enseignements de la Conf\u00e9rence \u00c9piscopale Italienne et suivant ses indications, nous mettons en \u0153uvre un itin\u00e9raire cat\u00e9ch\u00e9tique permanent  qui s\u2019articule sur les cat\u00e9ch\u00e8ses sacramentelles de la Communion et de la Confirmation et celles interm\u00e9diaires de l\u2019apr\u00e8s-Communion et de la post-Confirmation.<br \/><br \/>&#013;\nLes difficult\u00e9s dues \u00e0 la faible participation des familles et des jeunes, et au nombre r\u00e9duit de la\u00efcs engag\u00e9s dans la cat\u00e9ch\u00e8se, tendent parfois \u00e0 nous d\u00e9courager. Mais c\u2019est justement alors que nous exp\u00e9rimentons combien grand est l\u2019amour de Dieu pour nous, et combien tout ceci nous aide \u00e0 cheminer avec nos jeunes. &#013;\n<br \/><br \/>&#013;\nLa joie de vous avoir aujourd\u2019hui au milieu de nous est tr\u00e8s grande et l\u2019est d\u2019autant plus que nous sommes s\u00fbrs de recevoir une parole qui nous aidera \u00e0 poursuivre notre service aupr\u00e8s des jeunes. &#013;\n<\/p>\n\n<p><em>Apr\u00e8s avoir \u00e9cout\u00e9 les paroles de ses h\u00f4tes le Saint-P\u00e8re s\u2019est exprim\u00e9 de la mani\u00e8re suivante : <\/em><\/p>\n\n<p>Je vous remercie de tout ce que vous avez dit. <br \/><br \/>&#013;\nLa r\u00e9alit\u00e9 cat\u00e9chum\u00e9nale, n\u00e9ocat\u00e9chum\u00e9nale et la cat\u00e9ch\u00e8se vont ensemble. On doit d\u2019abord recevoir  la cat\u00e9ch\u00e8se, on doit devenir un cat\u00e9chum\u00e8ne pour se pr\u00e9parer au Bapt\u00eame et, ensuite, une fois baptis\u00e9, une fois confirm\u00e9, on re\u00e7oit la force de l\u2019Esprit Saint pour transmettre la foi dans laquelle on a \u00e9t\u00e9 baptis\u00e9. Ceci veut dire faire la cat\u00e9ch\u00e8se. Le premier intervenant a justement soulign\u00e9 le caract\u00e8re n\u00e9ocat\u00e9chum\u00e9nal du groupe, parce que la r\u00e9alit\u00e9 cat\u00e9chum\u00e9nale traditionnelle, dans les premiers temps de l\u2019\u00c9glise, a \u00e9t\u00e9 par la suite remplac\u00e9e par le Bapt\u00eame des enfants ; ces enfants ne peuvent pas faire le Chemin N\u00e9ocat\u00e9chum\u00e9nal ; ils sont trop petits. Ils n\u2019ont pas la conscience, l\u2019intelligence, la connaissance. Plus tard, une fois jeunes, ou devenus adultes, ils peuvent commencer le chemin pour d\u00e9couvrir <strong>les tr\u00e9sors de notre Bapt\u00eame<\/strong>. C\u2019est ce que vous faites, vous, les N\u00e9ocat\u00e9chum\u00e8nes. Vous le faites avec un grand \u00e9lan, un grand enthousiasme, dans beaucoup de paroisses de Rome, et non seulement \u00e0 Rome, mais dans toutes les paroisses du monde. <br \/><br \/>&#013;\nJe vous souhaite de continuer sur ce chemin, d\u2019\u00eatre fid\u00e8les \u00e0 l\u2019Esprit Saint, d\u2019\u00eatre porteurs de ses dons et de ses lumi\u00e8res pour les autres. <br \/><br \/>&#013;\nAux cat\u00e9chistes je veux dire qu\u2019ils ont entrepris une t\u00e2che qui d\u00e9coule de notre <strong>Bapt\u00eame<\/strong> et de notre <strong>Confirmation<\/strong>. Quand nous devenons des chr\u00e9tiens adultes nous devons porter des fruits. Et <strong>ces fruits de la foi consistent \u00e0 donner la foi aux autres<\/strong>, \u00e0 illuminer la foi des autres. <br \/><br \/>&#013;\nIl est clair que c\u2019est la t\u00e2che principale des parents, de la famille. <strong>La transmission de la foi dans la famille <\/strong>est toujours fondamentale. On dit que la famille est l\u2019\u00e9glise domestique, parce que l\u00e0 se transmet la foi des parents aux enfants, aux jeunes. C\u2019est aussi, bien s\u00fbr, la charge des cat\u00e9chistes dans l\u2019\u00c9glise, pas uniquement celle des parents et de la famille. La paroisse doit avoir ses cat\u00e9chistes. Les pr\u00eatres sont cat\u00e9chistes dans la paroisse, les religieuses le sont si elles ont \u00e9t\u00e9 pr\u00e9par\u00e9es \u00e0 cette t\u00e2che, mais le sont aussi nombre de la\u00efcs qui se sont auparavant pr\u00e9par\u00e9s puis s\u2019engagent dans cette forme d\u2019apostolat : l\u2019apostolat de la Parole de Dieu. <br \/><br \/>&#013;\nVous avez si bien chant\u00e9 la foi de Marie qui a cru \u00e0 la Parole du Seigneur. Marie, en v\u00e9rit\u00e9, est <strong>l\u2019exemple le plus accompli de la foi<\/strong> ; elle est la pl\u00e9nitude de la foi et <strong>Marie est aussi la premi\u00e8re cat\u00e9chiste<\/strong>. Si nous consid\u00e9rons son \u0153uvre cat\u00e9ch\u00e9tique dans le monde d\u2019aujourd\u2019hui, et de toutes les \u00e9poques, nous nous rendons compte qu\u2019elle est immense. <br \/><br \/>&#013;\nJe vous souhaite de porter vos regards sur la M\u00e8re du Christ, la premi\u00e8re cat\u00e9chiste, pour l\u2019imiter en accomplissant votre t\u00e2che de cat\u00e9chiste. &#013;\n<br \/><br \/><em>&#013;\n (*) Cf. \u00abL&rsquo;Osservatore Romano\u00bb, 2-3 mai 1983.&#013;\n<\/em><\/p>\n","protected":false},"excerpt":{"rendered":"<p>Visite \u00e0 la paroisse de Sainte Marie de la Mis\u00e9ricorde 1er mai 1983 Saint Jean-Paul II Rome, 1er mai 1983 * Sortant de la salle du conseil pastoral, passant par l\u2019\u00c9glise et traversant la cour int\u00e9rieure, l\u00e0 o\u00f9 aurait d\u00fb se d\u00e9rouler la c\u00e9l\u00e9bration si les conditions m\u00e9t\u00e9orologiques l\u2019avaient permis, le Saint P\u00e8re a rejoint la petite \u00e9cole paroissiale o\u00f9 r\u00e9unis dans le r\u00e9fectoire l\u2019attendaient les membres des Communaut\u00e9s N\u00e9ocat\u00e9chum\u00e9nales<\/p>\n<div class=\"read-more\"><a class=\"btn read-more-btn\" href=\"https:\/\/neocatechumenaleiter.org\/fr\/paroles-de-papes\/st-jean-paul-ii\/visite-a-la-paroisse-de-sainte-marie-de-la-misericorde-1er-mai-1983\/\">En savoir plus<\/a><\/div>\n","protected":false},"author":2,"featured_media":0,"parent":5064,"menu_order":21,"comment_status":"closed","ping_status":"closed","template":"","meta":{"footnotes":""},"class_list":["post-18220","page","type-page","status-publish","hentry"],"_links":{"self":[{"href":"https:\/\/neocatechumenaleiter.org\/fr\/wp-json\/wp\/v2\/pages\/18220","targetHints":{"allow":["GET"]}}],"collection":[{"href":"https:\/\/neocatechumenaleiter.org\/fr\/wp-json\/wp\/v2\/pages"}],"about":[{"href":"https:\/\/neocatechumenaleiter.org\/fr\/wp-json\/wp\/v2\/types\/page"}],"author":[{"embeddable":true,"href":"https:\/\/neocatechumenaleiter.org\/fr\/wp-json\/wp\/v2\/users\/2"}],"replies":[{"embeddable":true,"href":"https:\/\/neocatechumenaleiter.org\/fr\/wp-json\/wp\/v2\/comments?post=18220"}],"version-history":[{"count":3,"href":"https:\/\/neocatechumenaleiter.org\/fr\/wp-json\/wp\/v2\/pages\/18220\/revisions"}],"predecessor-version":[{"id":18223,"href":"https:\/\/neocatechumenaleiter.org\/fr\/wp-json\/wp\/v2\/pages\/18220\/revisions\/18223"}],"up":[{"embeddable":true,"href":"https:\/\/neocatechumenaleiter.org\/fr\/wp-json\/wp\/v2\/pages\/5064"}],"wp:attachment":[{"href":"https:\/\/neocatechumenaleiter.org\/fr\/wp-json\/wp\/v2\/media?parent=18220"}],"curies":[{"name":"wp","href":"https:\/\/api.w.org\/{rel}","templated":true}]}}