{"id":18224,"date":"2020-10-07T15:16:28","date_gmt":"2020-10-07T14:16:28","guid":{"rendered":""},"modified":"2020-10-07T15:16:28","modified_gmt":"2020-10-07T14:16:28","slug":"veillee-pascale-dans-la-basilique-saint-pierre-renovation-solennelle-des-promesses-baptismales-de-la-premiere-communaute-des-martyrs-canadiens-a-la-fin-de-litineraire-neocatechumenal-3-avril-1983","status":"publish","type":"page","link":"https:\/\/neocatechumenaleiter.org\/fr\/paroles-de-papes\/st-jean-paul-ii\/veillee-pascale-dans-la-basilique-saint-pierre-renovation-solennelle-des-promesses-baptismales-de-la-premiere-communaute-des-martyrs-canadiens-a-la-fin-de-litineraire-neocatechumenal-3-avril-1983\/","title":{"rendered":"Veill\u00e9e pascale dans la basilique Saint Pierre: r\u00e9novation solennelle des Promesses baptismales de la  premi\u00e8re communaut\u00e9 des Martyrs Canadiens \u00e0 la fin de l&rsquo;itin\u00e9raire n\u00e9ocat\u00e9chum\u00e9nal 3 avril 1983"},"content":{"rendered":"\n<h1 class=\"has-text-align-center wp-block-heading\">Veill\u00e9e pascale dans la basilique Saint Pierre: r\u00e9novation solennelle des Promesses baptismales de la  premi\u00e8re communaut\u00e9 des Martyrs Canadiens \u00e0 la fin de l&rsquo;itin\u00e9raire n\u00e9ocat\u00e9chum\u00e9nal 3 avril 1983<\/h1>\n\n<div style=\"height:20px\" aria-hidden=\"true\" class=\"wp-block-spacer\"><\/div>\n\n<h4 class=\"has-text-align-center wp-block-heading\">Saint Jean-Paul II<\/h4>\n\n<div style=\"height:20px\" aria-hidden=\"true\" class=\"wp-block-spacer\"><\/div>\n\n<p><strong>Cit\u00e9 du Vatican, 3 avril 1983<\/strong><\/p>\n\n<p><em>Dans la nuit de samedi, r\u00e9gnait cette atmosph\u00e8re unique dans la Basilique Vaticane : celle qui accompagne l\u2019attente de voir se r\u00e9p\u00e9ter cet \u00ab \u00e9v\u00e9nement nouveau \u00bb que la R\u00e9surrection du Christ apporte avec elle dans la vie de chacun des fid\u00e8les\u2026 <br \/><br \/>&#013;\nLa liturgie de la Parole fut suivie du rite du Bapt\u00eame pour 22 cat\u00e9chum\u00e8nes de diverses nationalit\u00e9s\u2026<br \/><br \/>&#013;\nToute la communaut\u00e9 des fid\u00e8les pr\u00e9sents fut invit\u00e9e, elle aussi, \u00e0 renouveler et \u00e0 confirmer sa foi, au moment o\u00f9 elle accompagnait d\u2019autres fr\u00e8res en marche vers l\u2019autel pour y recevoir les Sacrements de l\u2019initiation chr\u00e9tienne.  &#013;\n<\/em><\/p>\n\n<figure class=\"wp-block-gallery aligncenter columns-2 is-cropped wp-block-gallery-1 is-layout-flex wp-block-gallery-is-layout-flex\"><ul class=\"blocks-gallery-grid\"><li class=\"blocks-gallery-item\"><figure><img loading=\"lazy\" decoding=\"async\" width=\"366\" height=\"312\" src=\"https:\/\/neocatechumenaleiter.org\/wp-content\/uploads\/2020\/03\/Camino_Neocatecumenal_Juan_Pablo_II_vigilia_pascual_hermanos_vestidura_blanca2.jpg\" alt=\"\" data-id=\"1734\" data-full-url=\"https:\/\/neocatechumenaleiter.org\/wp-content\/uploads\/2020\/03\/Camino_Neocatecumenal_Juan_Pablo_II_vigilia_pascual_hermanos_vestidura_blanca2.jpg\" data-link=\"https:\/\/neocatechumenaleiter.org\/?attachment_id=1734\" class=\"wp-image-1736\" srcset=\"https:\/\/neocatechumenaleiter.org\/wp-content\/uploads\/2020\/03\/Camino_Neocatecumenal_Juan_Pablo_II_vigilia_pascual_hermanos_vestidura_blanca2.jpg 366w, https:\/\/neocatechumenaleiter.org\/wp-content\/uploads\/2020\/03\/Camino_Neocatecumenal_Juan_Pablo_II_vigilia_pascual_hermanos_vestidura_blanca2-300x256.jpg 300w\" sizes=\"auto, (max-width: 366px) 100vw, 366px\" \/><\/figure><\/li><li class=\"blocks-gallery-item\"><figure><img loading=\"lazy\" decoding=\"async\" width=\"363\" height=\"330\" src=\"https:\/\/neocatechumenaleiter.org\/wp-content\/uploads\/2020\/03\/Camino_Neocatecumenal_Juan_Pablo_II_vigilia_pascual_hermanos_vestidura_blanca.jpg\" alt=\"\" data-id=\"1741\" data-full-url=\"https:\/\/neocatechumenaleiter.org\/wp-content\/uploads\/2020\/03\/Camino_Neocatecumenal_Juan_Pablo_II_vigilia_pascual_hermanos_vestidura_blanca.jpg\" data-link=\"https:\/\/neocatechumenaleiter.org\/?attachment_id=1741\" class=\"wp-image-1743\" srcset=\"https:\/\/neocatechumenaleiter.org\/wp-content\/uploads\/2020\/03\/Camino_Neocatecumenal_Juan_Pablo_II_vigilia_pascual_hermanos_vestidura_blanca.jpg 363w, https:\/\/neocatechumenaleiter.org\/wp-content\/uploads\/2020\/03\/Camino_Neocatecumenal_Juan_Pablo_II_vigilia_pascual_hermanos_vestidura_blanca-300x273.jpg 300w\" sizes=\"auto, (max-width: 363px) 100vw, 363px\" \/><\/figure><\/li><\/ul><\/figure>","protected":false},"excerpt":{"rendered":"<p>Veill\u00e9e pascale dans la basilique Saint Pierre: r\u00e9novation solennelle des Promesses baptismales de la premi\u00e8re communaut\u00e9 des Martyrs Canadiens \u00e0 la fin de l&rsquo;itin\u00e9raire n\u00e9ocat\u00e9chum\u00e9nal 3 avril 1983 Saint Jean-Paul II Cit\u00e9 du Vatican, 3 avril 1983 Dans la nuit de samedi, r\u00e9gnait cette atmosph\u00e8re unique dans la Basilique Vaticane : celle qui accompagne l\u2019attente de voir se r\u00e9p\u00e9ter cet \u00ab \u00e9v\u00e9nement nouveau \u00bb que la R\u00e9surrection du Christ apporte<\/p>\n<div class=\"read-more\"><a class=\"btn read-more-btn\" href=\"https:\/\/neocatechumenaleiter.org\/fr\/paroles-de-papes\/st-jean-paul-ii\/veillee-pascale-dans-la-basilique-saint-pierre-renovation-solennelle-des-promesses-baptismales-de-la-premiere-communaute-des-martyrs-canadiens-a-la-fin-de-litineraire-neocatechumenal-3-avril-1983\/\">En savoir plus<\/a><\/div>\n","protected":false},"author":2,"featured_media":0,"parent":5064,"menu_order":20,"comment_status":"closed","ping_status":"closed","template":"","meta":{"footnotes":""},"class_list":["post-18224","page","type-page","status-publish","hentry"],"_links":{"self":[{"href":"https:\/\/neocatechumenaleiter.org\/fr\/wp-json\/wp\/v2\/pages\/18224","targetHints":{"allow":["GET"]}}],"collection":[{"href":"https:\/\/neocatechumenaleiter.org\/fr\/wp-json\/wp\/v2\/pages"}],"about":[{"href":"https:\/\/neocatechumenaleiter.org\/fr\/wp-json\/wp\/v2\/types\/page"}],"author":[{"embeddable":true,"href":"https:\/\/neocatechumenaleiter.org\/fr\/wp-json\/wp\/v2\/users\/2"}],"replies":[{"embeddable":true,"href":"https:\/\/neocatechumenaleiter.org\/fr\/wp-json\/wp\/v2\/comments?post=18224"}],"version-history":[{"count":1,"href":"https:\/\/neocatechumenaleiter.org\/fr\/wp-json\/wp\/v2\/pages\/18224\/revisions"}],"predecessor-version":[{"id":18225,"href":"https:\/\/neocatechumenaleiter.org\/fr\/wp-json\/wp\/v2\/pages\/18224\/revisions\/18225"}],"up":[{"embeddable":true,"href":"https:\/\/neocatechumenaleiter.org\/fr\/wp-json\/wp\/v2\/pages\/5064"}],"wp:attachment":[{"href":"https:\/\/neocatechumenaleiter.org\/fr\/wp-json\/wp\/v2\/media?parent=18224"}],"curies":[{"name":"wp","href":"https:\/\/api.w.org\/{rel}","templated":true}]}}