{"id":18226,"date":"2020-10-07T16:10:00","date_gmt":"2020-10-07T15:10:00","guid":{"rendered":"https:\/\/neocatechumenaleiter.org\/paroles-de-papes\/st-jean-paul-ii\/visite-a-la-paroisse-notre-dame-de-lourdes-a-tor-marancia-13-fevrier-1983\/"},"modified":"2020-10-07T16:10:00","modified_gmt":"2020-10-07T15:10:00","slug":"visite-a-la-paroisse-notre-dame-de-lourdes-a-tor-marancia-13-fevrier-1983","status":"publish","type":"page","link":"https:\/\/neocatechumenaleiter.org\/fr\/paroles-de-papes\/st-jean-paul-ii\/visite-a-la-paroisse-notre-dame-de-lourdes-a-tor-marancia-13-fevrier-1983\/","title":{"rendered":"Visite \u00e0 la paroisse Notre Dame de Lourdes \u00e0 Tor Marancia 13 f\u00e9vrier 1983"},"content":{"rendered":"\n<h1 class=\"has-text-align-center wp-block-heading\">Visite \u00e0 la paroisse Notre Dame de Lourdes \u00e0 Tor Marancia 13 f\u00e9vrier 1983<\/h1>\n\n<div style=\"height:20px\" aria-hidden=\"true\" class=\"wp-block-spacer\"><\/div>\n\n<h4 class=\"has-text-align-center wp-block-heading\">Saint Jean-Paul II<\/h4>\n\n<div style=\"height:20px\" aria-hidden=\"true\" class=\"wp-block-spacer\"><\/div>\n\n<p><strong>Rome, 13 f\u00e9vrier 1983<\/strong><\/p>\n\n<p><em>Apr\u00e8s s\u2019\u00eatre entretenu encore quelques moments avec les jeunes, le Saint P\u00e8re est revenu dans l\u2019\u00e9glise o\u00f9 l\u2019attendaient les membres des quatre Communaut\u00e9s N\u00e9ocat\u00e9chum\u00e9nales de cette paroisse. Le cur\u00e9 les a pr\u00e9sent\u00e9es. Giampiero Donnini, cat\u00e9chiste de la premi\u00e8re communaut\u00e9, a expliqu\u00e9 comment ces communaut\u00e9s sont n\u00e9es dans la paroisse Notre-Dame-de-Lourdes. Il a pr\u00e9sent\u00e9 au Pape quelques pr\u00eatres itin\u00e9rants qui, envoy\u00e9s par la paroisse, ont port\u00e9 la Parole du Seigneur dans diff\u00e9rentes nations du monde. <br \/><br \/>&#013;\nChacun de ces pr\u00eatres a racont\u00e9 bri\u00e8vement son exp\u00e9rience au Pape, commen\u00e7ant par le d\u00e9but de leur Chemin en Communaut\u00e9 et t\u00e9moignant de leur bonheur d\u2019\u00eatre des cat\u00e9chistes itin\u00e9rants. <br \/><br \/>&#013;\nLe Saint P\u00e8re, r\u00e9pondant aux paroles de salutations et souhaitant laisser aux n\u00e9ocat\u00e9chum\u00e8nes une parole, apr\u00e8s avoir \u00e9voqu\u00e9 sa rencontre d\u2019il y a quelques jours avec des pr\u00eatres des Communaut\u00e9s N\u00e9ocat\u00e9chum\u00e9nales, a dit : <\/em>&#013;\n<\/p>\n\n<div class=\"wp-block-image\"><figure class=\"alignleft size-large\"><img loading=\"lazy\" decoding=\"async\" width=\"708\" height=\"558\" src=\"https:\/\/neocatechumenaleiter.org\/wp-content\/uploads\/2020\/03\/Camino_Neocatecumenal_Juan_Pablo_II_visita_parroquia_Lourdes_1983.jpg\" alt=\"\" class=\"wp-image-1723\" srcset=\"https:\/\/neocatechumenaleiter.org\/wp-content\/uploads\/2020\/03\/Camino_Neocatecumenal_Juan_Pablo_II_visita_parroquia_Lourdes_1983.jpg 708w, https:\/\/neocatechumenaleiter.org\/wp-content\/uploads\/2020\/03\/Camino_Neocatecumenal_Juan_Pablo_II_visita_parroquia_Lourdes_1983-300x236.jpg 300w\" sizes=\"auto, (max-width: 708px) 100vw, 708px\" \/><\/figure><\/div>\n\n<p>Je souhaite maintenant attirer votre attention sur les paroles du chant que vous avez chant\u00e9 en m\u2019accueillant. Paroles \u00e9mouvantes : \u00ab\u2026Marie, toi qui as cru \u00e0 la Parole du Seigneur ! \u00bb. Il s\u2019agit de paroles centrales, par lesquelles s\u2019exprime tout le myst\u00e8re de Marie. Ce Myst\u00e8re de Marie, dans ces paroles dites par sa cousine Elisabeth. Dans ces paroles il y a vraiment Marie, celle qui a cru \u00e0 la Parole du Seigneur avec une foi unique. Le Myst\u00e8re qui lui \u00e9tait r\u00e9v\u00e9l\u00e9 \u00e9tait tout aussi unique : il fallait une foi tr\u00e8s grande, une fois mariale pour accepter ces paroles, pour croire en ces paroles et pour les accepter. Je pense que Marie, celle qui a cru \u00e0 la parole du Seigneur, est celle qui offre un mod\u00e8le, qui montre une route \u00e0 nous tous, et sp\u00e9cialement \u00e0 vous tous. Car que signifie \u00eatre membre d\u2019une Communaut\u00e9 N\u00e9ocat\u00e9chum\u00e9nale, que signifie \u00eatre cat\u00e9chiste ? \u00eatre cat\u00e9chiste signifie \u00eatre celui qui a cru \u00e0 la Parole du Seigneur, celui qui a fait de cette Parole le contenu, la chair m\u00eame de sa vie, la substance de sa vie et ainsi a profond\u00e9ment assimil\u00e9 cette Parole du Seigneur. Nous pouvons dire que la Parole travaille en lui et veut \u00eatre exprim\u00e9e comme un enfant qui d\u00e9sire na\u00eetre. C\u2019est ainsi que cette Parole veut \u00eatre exprim\u00e9e, donn\u00e9e, transmise. Donc, comme le faisaient les Ap\u00f4tres, ces Cat\u00e9chistes itin\u00e9rants et les autres ap\u00f4tres de notre temps laissent leur maison, leur pays, leur patrie, leurs paroisses et vont \u00e0 la rencontre d\u2019autres mondes, d\u2019autres pays, d\u2019autres peuples. Ils apprennent d\u2019autres langues pour se rapprocher des personnes, pour cr\u00e9er d\u2019autres communaut\u00e9s \u00e0 l\u2019\u00e9coute de la Parole du Seigneur, pour communiquer ce \u00e0 quoi ils ont personnellement cru. Je vous souhaite, mes bien-aim\u00e9s, de bien cheminer sur ce Chemin, dans les paroisses, et aussi dans la paroisse de Notre-Dame-de-Lourdes. Ce que j\u2019ai dit aux jeunes, je veux le redire pour vous : vous confier \u00e0 cette M\u00e8re du Christ et de l\u2019\u00c9glise.  <\/p>\n\n<p>Je lui confie sp\u00e9cialement vos personnes, vos familles, vos communaut\u00e9s et puis votre mission de cat\u00e9chiste, votre engagement cat\u00e9ch\u00e9tique.  &#013;\nJe vous confie \u00e0 Marie, Celle qui a cru \u00e0 la Parole du Seigneur : qu\u2019Elle porte sa foi \u00e0 votre foi ainsi que ses fruits abondants. <br \/><br \/><em>&#013;\n (*) Cf. \u00abL&rsquo;Osservatore Romano\u00bb, 14-15 f\u00e9vrier 1983. &#013;\n<\/em><\/p>\n","protected":false},"excerpt":{"rendered":"<p>Visite \u00e0 la paroisse Notre Dame de Lourdes \u00e0 Tor Marancia 13 f\u00e9vrier 1983 Saint Jean-Paul II Rome, 13 f\u00e9vrier 1983 Apr\u00e8s s\u2019\u00eatre entretenu encore quelques moments avec les jeunes, le Saint P\u00e8re est revenu dans l\u2019\u00e9glise o\u00f9 l\u2019attendaient les membres des quatre Communaut\u00e9s N\u00e9ocat\u00e9chum\u00e9nales de cette paroisse. Le cur\u00e9 les a pr\u00e9sent\u00e9es. Giampiero Donnini, cat\u00e9chiste de la premi\u00e8re communaut\u00e9, a expliqu\u00e9 comment ces communaut\u00e9s sont n\u00e9es dans la paroisse<\/p>\n<div class=\"read-more\"><a class=\"btn read-more-btn\" href=\"https:\/\/neocatechumenaleiter.org\/fr\/paroles-de-papes\/st-jean-paul-ii\/visite-a-la-paroisse-notre-dame-de-lourdes-a-tor-marancia-13-fevrier-1983\/\">En savoir plus<\/a><\/div>\n","protected":false},"author":2,"featured_media":0,"parent":5064,"menu_order":18,"comment_status":"closed","ping_status":"closed","template":"","meta":{"footnotes":""},"class_list":["post-18226","page","type-page","status-publish","hentry"],"_links":{"self":[{"href":"https:\/\/neocatechumenaleiter.org\/fr\/wp-json\/wp\/v2\/pages\/18226","targetHints":{"allow":["GET"]}}],"collection":[{"href":"https:\/\/neocatechumenaleiter.org\/fr\/wp-json\/wp\/v2\/pages"}],"about":[{"href":"https:\/\/neocatechumenaleiter.org\/fr\/wp-json\/wp\/v2\/types\/page"}],"author":[{"embeddable":true,"href":"https:\/\/neocatechumenaleiter.org\/fr\/wp-json\/wp\/v2\/users\/2"}],"replies":[{"embeddable":true,"href":"https:\/\/neocatechumenaleiter.org\/fr\/wp-json\/wp\/v2\/comments?post=18226"}],"version-history":[{"count":1,"href":"https:\/\/neocatechumenaleiter.org\/fr\/wp-json\/wp\/v2\/pages\/18226\/revisions"}],"predecessor-version":[{"id":18227,"href":"https:\/\/neocatechumenaleiter.org\/fr\/wp-json\/wp\/v2\/pages\/18226\/revisions\/18227"}],"up":[{"embeddable":true,"href":"https:\/\/neocatechumenaleiter.org\/fr\/wp-json\/wp\/v2\/pages\/5064"}],"wp:attachment":[{"href":"https:\/\/neocatechumenaleiter.org\/fr\/wp-json\/wp\/v2\/media?parent=18226"}],"curies":[{"name":"wp","href":"https:\/\/api.w.org\/{rel}","templated":true}]}}