{"id":18228,"date":"2020-10-07T16:13:48","date_gmt":"2020-10-07T15:13:48","guid":{"rendered":"https:\/\/neocatechumenaleiter.org\/paroles-de-papes\/st-jean-paul-ii\/salut-aux-participants-au-congres-sur-penitence-et-reconciliation-pendant-langelus-dominical-13-fevrier-1983\/"},"modified":"2020-10-07T16:13:48","modified_gmt":"2020-10-07T15:13:48","slug":"salut-aux-participants-au-congres-sur-penitence-et-reconciliation-pendant-langelus-dominical-13-fevrier-1983","status":"publish","type":"page","link":"https:\/\/neocatechumenaleiter.org\/fr\/paroles-de-papes\/st-jean-paul-ii\/salut-aux-participants-au-congres-sur-penitence-et-reconciliation-pendant-langelus-dominical-13-fevrier-1983\/","title":{"rendered":"Salut aux participants au congr\u00e8s sur \u00ab\u00a0P\u00e9nitence et R\u00e9conciliation\u00a0\u00bb pendant l&rsquo;Angelus dominical 13 f\u00e9vrier 1983"},"content":{"rendered":"\n<h1 class=\"has-text-align-center wp-block-heading\">Salut aux participants au congr\u00e8s sur \u00ab\u00a0P\u00e9nitence et R\u00e9conciliation\u00a0\u00bb pendant l&rsquo;Angelus dominical 13 f\u00e9vrier 1983<\/h1>\n\n<div style=\"height:20px\" aria-hidden=\"true\" class=\"wp-block-spacer\"><\/div>\n\n<h4 class=\"has-text-align-center wp-block-heading\">Saint Jean-Paul II<\/h4>\n\n<div style=\"height:20px\" aria-hidden=\"true\" class=\"wp-block-spacer\"><\/div>\n\n<p><strong>Place Saint Pierre, 13 f\u00e9vrier 1983 *<\/strong><\/p>\n\n<p><em>Le Saint P\u00e8re, apr\u00e8s avoir conduit la traditionnelle pri\u00e8re de \u00ab l\u2019Angelus Domini \u00bb a salu\u00e9 particuli\u00e8rement quelques groupes qui \u00e9taient sur la place Saint Pierre.<\/em><\/p>\n\n<p>Je d\u00e9sire adresser un salut chaleureux au grand groupe ici pr\u00e9sent qui a particip\u00e9, ces derniers jours \u00e0 Rome, \u00e0 la R\u00e9union qui avait pour th\u00e8me \u00ab P\u00e9nitence et R\u00e9conciliation \u00bb, organis\u00e9 par les Communaut\u00e9s N\u00e9ocat\u00e9chum\u00e9nales. <br \/><br \/>&#013;\nJe veux vous exprimer encore une fois, fr\u00e8res tr\u00e8s chers, ma joie pour cette r\u00e9union, qui a rassembl\u00e9 pr\u00e8s de soixante \u00c9v\u00eaques et deux mille cur\u00e9s et pr\u00eatres, venus des cinq continents, pour r\u00e9fl\u00e9chir sur le th\u00e8me du prochain Synode des \u00c9v\u00eaques. <br \/><br \/>&#013;\nLors de la rencontre que j\u2019ai eue avec vous jeudi dernier, j\u2019ai appr\u00e9ci\u00e9 une fois encore, l\u2019enthousiasme qui vous anime. <br \/><br \/>&#013;\nContinuez avec une g\u00e9n\u00e9rosit\u00e9 inlassable et toujours renouvel\u00e9e votre engagement d\u2019apostolat et de t\u00e9moignage chr\u00e9tien, en particulier dans le domaine de la cat\u00e9ch\u00e8se, o\u00f9 vous avez r\u00e9colt\u00e9 tant de bons fruits depuis des ann\u00e9es. Que ma B\u00e9n\u00e9diction Apostolique vous accompagne, vous et tous les membres des Communaut\u00e9s N\u00e9ocat\u00e9chum\u00e9nales du monde.  <br \/><br \/><em>&#013;\n(*) Cf. \u00ab L&rsquo;Osservatore Romano \u00bb, 14-15 f\u00e9vrier 1983&#013;\n<\/em><\/p>\n","protected":false},"excerpt":{"rendered":"<p>Salut aux participants au congr\u00e8s sur \u00ab\u00a0P\u00e9nitence et R\u00e9conciliation\u00a0\u00bb pendant l&rsquo;Angelus dominical 13 f\u00e9vrier 1983 Saint Jean-Paul II Place Saint Pierre, 13 f\u00e9vrier 1983 * Le Saint P\u00e8re, apr\u00e8s avoir conduit la traditionnelle pri\u00e8re de \u00ab l\u2019Angelus Domini \u00bb a salu\u00e9 particuli\u00e8rement quelques groupes qui \u00e9taient sur la place Saint Pierre. Je d\u00e9sire adresser un salut chaleureux au grand groupe ici pr\u00e9sent qui a particip\u00e9, ces derniers jours \u00e0 Rome,<\/p>\n<div class=\"read-more\"><a class=\"btn read-more-btn\" href=\"https:\/\/neocatechumenaleiter.org\/fr\/paroles-de-papes\/st-jean-paul-ii\/salut-aux-participants-au-congres-sur-penitence-et-reconciliation-pendant-langelus-dominical-13-fevrier-1983\/\">En savoir plus<\/a><\/div>\n","protected":false},"author":2,"featured_media":0,"parent":5064,"menu_order":17,"comment_status":"closed","ping_status":"closed","template":"","meta":{"footnotes":""},"class_list":["post-18228","page","type-page","status-publish","hentry"],"_links":{"self":[{"href":"https:\/\/neocatechumenaleiter.org\/fr\/wp-json\/wp\/v2\/pages\/18228","targetHints":{"allow":["GET"]}}],"collection":[{"href":"https:\/\/neocatechumenaleiter.org\/fr\/wp-json\/wp\/v2\/pages"}],"about":[{"href":"https:\/\/neocatechumenaleiter.org\/fr\/wp-json\/wp\/v2\/types\/page"}],"author":[{"embeddable":true,"href":"https:\/\/neocatechumenaleiter.org\/fr\/wp-json\/wp\/v2\/users\/2"}],"replies":[{"embeddable":true,"href":"https:\/\/neocatechumenaleiter.org\/fr\/wp-json\/wp\/v2\/comments?post=18228"}],"version-history":[{"count":1,"href":"https:\/\/neocatechumenaleiter.org\/fr\/wp-json\/wp\/v2\/pages\/18228\/revisions"}],"predecessor-version":[{"id":18229,"href":"https:\/\/neocatechumenaleiter.org\/fr\/wp-json\/wp\/v2\/pages\/18228\/revisions\/18229"}],"up":[{"embeddable":true,"href":"https:\/\/neocatechumenaleiter.org\/fr\/wp-json\/wp\/v2\/pages\/5064"}],"wp:attachment":[{"href":"https:\/\/neocatechumenaleiter.org\/fr\/wp-json\/wp\/v2\/media?parent=18228"}],"curies":[{"name":"wp","href":"https:\/\/api.w.org\/{rel}","templated":true}]}}