{"id":18232,"date":"2020-03-02T19:53:13","date_gmt":"2020-03-02T18:53:13","guid":{"rendered":"https:\/\/neocatechumenaleiter.org\/paroles-de-papes\/st-jean-paul-ii\/visite-a-la-paroisse-san-mauro-abate-9-mai-1982\/"},"modified":"2021-08-10T11:01:39","modified_gmt":"2021-08-10T10:01:39","slug":"visite-a-la-paroisse-san-mauro-abate-9-mai-1982","status":"publish","type":"page","link":"https:\/\/neocatechumenaleiter.org\/fr\/paroles-de-papes\/st-jean-paul-ii\/visite-a-la-paroisse-san-mauro-abate-9-mai-1982\/","title":{"rendered":"Visite \u00e0 la paroisse San Mauro Abate 9 mai 1982"},"content":{"rendered":"\n<h1 class=\"has-text-align-center wp-block-heading\">Visite \u00e0 la paroisse San Mauro Abate 9 mai 1982<\/h1>\n\n<div style=\"height:20px\" aria-hidden=\"true\" class=\"wp-block-spacer\"><\/div>\n\n<h4 class=\"has-text-align-center wp-block-heading\">Saint Jean-Paul II<\/h4>\n\n<div style=\"height:20px\" aria-hidden=\"true\" class=\"wp-block-spacer\"><\/div>\n\n<p><strong>Rome, 9 maggio 1982<\/strong><\/p>\n\n<p><em>\u00c0 la fin de la Messe, le Saint P\u00e8re a commenc\u00e9 une s\u00e9rie de rencontres avec les groupes de la paroisse : tous manifestement tr\u00e8s jeunes et au d\u00e9but de leur cheminement. Avec cette jeunesse, le Pape a pu aussi constater le grand enthousiasme qui anime tous les fid\u00e8les d\u00e9cid\u00e9s \u00e0 assister le cur\u00e9 ainsi que ses plus proches collaborateurs dans l\u2019animation de la communaut\u00e9.<br\/><br\/>&#13;\nDans la chapelle, le Pape a tout d\u2019abord rencontr\u00e9 les cat\u00e9chistes et la Communaut\u00e9 N\u00e9ocat\u00e9chum\u00e9nale que le cur\u00e9 a pr\u00e9sent\u00e9s en ces termes : &#13;\n<\/em><\/p>\n\n<p>Tr\u00e8s Saint P\u00e8re, j\u2019ai le plaisir de vous pr\u00e9senter les groupes de cette paroisse : les cat\u00e9chistes en charge de la premi\u00e8re Communion, de l\u2019apr\u00e8s Communion, de la Confirmation, des adolescents. <br\/><br\/>&#13;\nEn d\u00e9cembre s\u2019est form\u00e9e la Communaut\u00e9 N\u00e9ocat\u00e9chum\u00e9nale. Les cat\u00e9chistes sont des adultes : quelques couples de la paroisse Saint Timoth\u00e9e \u00e0 Casal Palocco, qui fait aussi partie de notre secteur sud. <br\/><br\/>&#13;\nIl s\u2019agit d\u2019une communaut\u00e9 h\u00e9t\u00e9rog\u00e8ne, des gens de provenance diff\u00e9rente, aussi bien de milieu que de culture,  des riches et des pauvres,  mais tous riches dans le Seigneur. <br\/><br\/>&#13;\nLe responsable de la communaut\u00e9 s\u2019appelle Daniel ; il est aussi chanteur et avec sa femme Anna et les autres coresponsables, ils ont ouvert le Chemin dans cette paroisse. Les autres cat\u00e9chistes sont venus, r\u00e9pondant \u00e0 l\u2019appel que j\u2019avais fait : ce sont des mamans, des s\u00e9minaristes, des jeunes et aussi des p\u00e8res de familles et des religieuses. Les religieuses sont de la Providence et il y a une religieuse Pallottine qui collabore dans la cat\u00e9ch\u00e8se. <br\/><br\/>&#13;\nBeaucoup de ces personnes viennent de loin, en ce sens qu\u2019elles n\u2019\u00e9taient pas dans l\u2019\u00c9glise. Ce sont des personnes qui avaient compl\u00e8tement abandonn\u00e9 toute relation avec le Seigneur J\u00e9sus. &#13;\n<\/p>\n\n<p><em>Domenico, cat\u00e9chiste de la Communaut\u00e9 N\u00e9ocat\u00e9chum\u00e9nale, a alors pris la parole disant comment lui et son ami Carlo \u00e9taient arriv\u00e9s \u00e0 Saint Maur avec l\u2019esp\u00e9rance que se r\u00e9p\u00e8te la belle exp\u00e9rience qu\u2019ils vivaient d\u00e9j\u00e0 depuis sept ans \u00e0 Saint Timoth\u00e9e : une exp\u00e9rience de foi qui a modifi\u00e9 radicalement leurs vies et celles de tant d\u2019autres compagnons dans le Chemin. <\/em><\/p>\n\n<p><em>Le Pape alors a  r\u00e9pondu :<\/em><\/p>\n\n<p>Merci pour vos t\u00e9moignages. Un tel t\u00e9moignage peut tr\u00e8s bien illustrer ce que  nous avons m\u00e9dit\u00e9 aujourd\u2019hui sur la vigne et les sarments, et comment le Christ donne la vie \u00e0 chacun de nous, au c\u0153ur de l\u2019homme, au \u00ab moi int\u00e9rieur \u00bb, et aussi \u00e0 la dimension sociale de notre existence. Nous nous trouvons ici dans une chapelle qui remplace l\u2019\u00e9glise paroissiale. En visitant la paroisse, le besoin d\u2019une \u00e9glise me vient spontan\u00e9ment \u00e0 l\u2019esprit. L\u2019\u00e9glise n\u2019existe pas encore, l\u2019\u00e9glise comme \u00e9difice. Mais d\u00e9j\u00e0 on construit l\u2019\u00c9glise. <strong>L\u2019\u00c9glise spirituelle se construit, elle se construit par la Parole de Dieu et les Sacrements<\/strong>. Elle se construit gr\u00e2ce \u00e0 la Parole de Dieu dont vous \u00eates, vous, cat\u00e9chistes, les ministres, les serviteurs, les ap\u00f4tres. <\/p>\n\n<p>Elle se construit aussi par les Sacrements en commen\u00e7ant par le Bapt\u00eame et vous \u00eates, vous, groupe N\u00e9ocat\u00e9chum\u00e9nal, les t\u00e9moins de la force du Sacrement parce qu\u2019il ne s\u2019agit pas d\u2019une id\u00e9e, mais d\u2019une personne qui vit et qui vivifie : voil\u00e0 le Sacrement. Le Sacrement nous donne la vie. La Parole de Dieu nous apporte la lumi\u00e8re et le Sacrement nous apporte la vie divine : lumi\u00e8re divine, vie divine. Ainsi l\u2019\u00c9glise se construit-elle gr\u00e2ce \u00e0 votre apostolat. Je vous souhaite d\u2019\u00eatre le levain de cette construction de l\u2019\u00c9glise vivante de Saint Maur et je vous b\u00e9nis de tout mon c\u0153ur. &#13;\n<br\/><br\/><em>&#13;\n(*) Cf. \u00ab L&rsquo;Osservatore Romano \u00bb, 10-11 mai 1982. &#13;\n<\/em><\/p>\n","protected":false},"excerpt":{"rendered":"<p>Visite \u00e0 la paroisse San Mauro Abate 9 mai 1982 Saint Jean-Paul II Rome, 9 maggio 1982 \u00c0 la fin de la Messe, le Saint P\u00e8re a commenc\u00e9 une s\u00e9rie de rencontres avec les groupes de la paroisse : tous manifestement tr\u00e8s jeunes et au d\u00e9but de leur cheminement. Avec cette jeunesse, le Pape a pu aussi constater le grand enthousiasme qui anime tous les fid\u00e8les d\u00e9cid\u00e9s \u00e0 assister le<\/p>\n<div class=\"read-more\"><a class=\"btn read-more-btn\" href=\"https:\/\/neocatechumenaleiter.org\/fr\/paroles-de-papes\/st-jean-paul-ii\/visite-a-la-paroisse-san-mauro-abate-9-mai-1982\/\">En savoir plus<\/a><\/div>\n","protected":false},"author":2,"featured_media":0,"parent":5064,"menu_order":16,"comment_status":"closed","ping_status":"closed","template":"","meta":{"footnotes":""},"class_list":["post-18232","page","type-page","status-publish","hentry"],"_links":{"self":[{"href":"https:\/\/neocatechumenaleiter.org\/fr\/wp-json\/wp\/v2\/pages\/18232","targetHints":{"allow":["GET"]}}],"collection":[{"href":"https:\/\/neocatechumenaleiter.org\/fr\/wp-json\/wp\/v2\/pages"}],"about":[{"href":"https:\/\/neocatechumenaleiter.org\/fr\/wp-json\/wp\/v2\/types\/page"}],"author":[{"embeddable":true,"href":"https:\/\/neocatechumenaleiter.org\/fr\/wp-json\/wp\/v2\/users\/2"}],"replies":[{"embeddable":true,"href":"https:\/\/neocatechumenaleiter.org\/fr\/wp-json\/wp\/v2\/comments?post=18232"}],"version-history":[{"count":2,"href":"https:\/\/neocatechumenaleiter.org\/fr\/wp-json\/wp\/v2\/pages\/18232\/revisions"}],"predecessor-version":[{"id":24075,"href":"https:\/\/neocatechumenaleiter.org\/fr\/wp-json\/wp\/v2\/pages\/18232\/revisions\/24075"}],"up":[{"embeddable":true,"href":"https:\/\/neocatechumenaleiter.org\/fr\/wp-json\/wp\/v2\/pages\/5064"}],"wp:attachment":[{"href":"https:\/\/neocatechumenaleiter.org\/fr\/wp-json\/wp\/v2\/media?parent=18232"}],"curies":[{"name":"wp","href":"https:\/\/api.w.org\/{rel}","templated":true}]}}